{"id":5381,"date":"2018-02-03T00:53:46","date_gmt":"2018-02-03T00:53:46","guid":{"rendered":"https:\/\/shiptracker.live\/marinetraffic\/"},"modified":"2024-01-13T18:14:31","modified_gmt":"2024-01-13T17:14:31","slug":"marinetraffic","status":"publish","type":"page","link":"https:\/\/shiptracker.live\/tr\/","title":{"rendered":"MarineTraffic"},"content":{"rendered":"\r\n<link rel=\"preconnect\" href=\"https:\/\/ads.themoneytizer.com\">\r\n<script src=\"\/js\/youtubelazyload.js\"><\/script>\r\n<style>\r\n    @media only screen and (min-width: 769px) {\r\n        .shiptracker-mapsize {\r\n            margin-left: calc(50% - 50vw) !important;\r\n            margin-right: calc(50% - 50vw) !important;\r\n            max-width: unset !important;\r\n        }\r\n    }\r\n\r\n    .shiptracker.container {\r\n        position: relative;\r\n        width: 100%;\r\n    }\r\n\r\n    .shiptracker.container .shiptracker.btn {\r\n        position: absolute;\r\n        top: 50%;\r\n        left: 50%;\r\n        transform: translate(-50%, -50%);\r\n        -ms-transform: translate(-50%, -50%);\r\n        background-color: #e6d250;\r\n        color: #000;\r\n        font-weight: 700;\r\n        font-size: 18px;\r\n        padding: 24px 48px;\r\n        border: none;\r\n        cursor: pointer;\r\n        border-radius: 5px\r\n    }\r\n\r\n    .shiptracker.container .shiptracker.btn:hover {\r\n        background-color: #b5a21a\r\n    }\r\n\r\n    .shiptracker.draw-white {\r\n        background-image: linear-gradient(rgb(255, 255, 255, 0.01),\r\n                rgb(255, 255, 255, 0.4),\r\n                rgb(255, 255, 255, 0.6),\r\n                rgb(255, 255, 255, 0.4),\r\n                rgb(255, 255, 255, 0.01));\r\n        height: 120px;\r\n        width: 100%;\r\n        position: absolute;\r\n    }\r\n\r\n    .shiptracker-backgroundimage {\r\n        overflow: hidden !important;\r\n        height: 350px !important;\r\n        width: 100%;\r\n        background-image: url(\/wp-content\/uploads\/2023\/08\/shiptracker-placeholder_org.webp);\r\n        background-position: center center;\r\n        background-repeat: no-repeat;\r\n        display: flex;\r\n        justify-content: center;\r\n        align-items: center;\r\n        background-size: cover;\r\n        border-radius: 1rem;\r\n        box-shadow: rgba(0, 0, 0, 0.24) 0px 4px 8px;\r\n    }\r\n\r\n    .shiptracker-backgroundimage::before {\r\n        content: \"\";\r\n        position: absolute;\r\n        top: 0;\r\n        left: 0;\r\n        width: 100%;\r\n        height: 100%;\r\n        border-radius: 1rem;\r\n        background-color: rgba(0, 0, 0, 0.3);\r\n        \/* Half-transparent black layer *\/\r\n    }\r\n\r\n    .youtube-player {\r\n        position: relative;\r\n        padding-bottom: 56.25%;\r\n        height: 0;\r\n        overflow: hidden;\r\n        max-width: 100%;\r\n        background: #000;\r\n        margin: 0px;\r\n        border-radius: 25px;\r\n    }\r\n\r\n    .youtube-player iframe {\r\n        position: absolute;\r\n        top: 0;\r\n        left: 0;\r\n        width: 100%;\r\n        height: 100%;\r\n        z-index: 100;\r\n        background: transparent;\r\n    }\r\n\r\n    .youtube-player img {\r\n        object-fit: cover;\r\n        display: block;\r\n        left: 0;\r\n        bottom: 0;\r\n        margin: auto;\r\n        max-width: 100%;\r\n        width: 100%;\r\n        position: absolute;\r\n        right: 0;\r\n        top: 0;\r\n        border: none;\r\n        height: auto;\r\n        cursor: pointer;\r\n        -webkit-transition: 0.4s all;\r\n        -moz-transition: 0.4s all;\r\n        transition: 0.4s all;\r\n    }\r\n\r\n    .youtube-player img:hover {\r\n        -webkit-filter: brightness(75%);\r\n        -moz-filter: brightness(75%);\r\n        filter: brightness(75%);\r\n    }\r\n\r\n    .youtube-player .play {\r\n        height: 72px;\r\n        width: 72px;\r\n        left: 50%;\r\n        top: 50%;\r\n        margin-left: -36px;\r\n        margin-top: -36px;\r\n        position: absolute;\r\n        background: url(\"https:\/\/upload.wikimedia.org\/wikipedia\/commons\/b\/b8\/YouTube_play_button_icon_(2013%E2%80%932017).svg\") no-repeat;\r\n        cursor: pointer;\r\n    }\r\n\r\n    .video-container-wrapper {\r\n        display: block;\r\n        margin: 25px auto;\r\n        box-shadow: 0 4px 8px 0 rgb(0 0 0 \/ 20%), 0 6px 20px 0 rgb(0 0 0 \/ 19%);\r\n        border-radius: 25px;\r\n        max-width: 640px;\r\n    }\r\n<\/style>\r\n\r\n<div id=\"shiptracker-wrapper\">\r\n    <div class=\"shiptracker container\" id=\"framesize-shiptracker\" style=\"height:350px;\">\r\n        <div id=\"showhere-shiptracker\"><\/div>\r\n        <div class=\"shiptracker-backgroundimage\" id=\"framesize\">\r\n            <div class=\"shiptracker draw-white\"><\/div>\r\n            <div class=\"shiptracker btn\" id=\"showradar-shiptracker\" rel=\"nofollow\">S T A R T<\/div>\r\n        <\/div>\r\n    <\/div>\r\n<\/div>\r\n\r\n<div class='code-block code-block-5' style='margin: 8px auto; text-align: center; display: block; clear: both;'>\n<div class=\"themoneytizer\" style=\"min-height: 150px;display:block;\">\n<div id=\"99140-1\">\n<script async src=\"https:\/\/ads.themoneytizer.com\/s\/gen.js?type=1\"><\/script>\n<script async src=\"https:\/\/ads.themoneytizer.com\/s\/requestform.js?siteId=99140&formatId=1\"><\/script>\n<\/div>\n<\/div><\/div>\n\r\n\r\n\r\n<div>\r\n    <h1>Daima g\u00fcncel &#8211; MarineTraffic ile gemi takibi<\/h1>\r\n    <p style=\"text-align: justify;\"><strong>MarineTraffic<\/strong>, 2007 y\u0131l\u0131nda Dimitris Lekkas taraf\u0131ndan kurulan bir gemi takibi ve denizcilik bilgi hizmetidir. Geni\u015f \u00e7apta d\u00fcnyan\u0131n en anla\u015f\u0131l\u0131r denizcilik veri taban\u0131 olarak kabul edilmektedir ve bu hizmet, hem <strong>alt\u0131 milyon e\u015fsiz ayl\u0131k kullan\u0131c\u0131<\/strong> hem de bir milyondan fazla kay\u0131tl\u0131 hesap sahibi ile \u00f6v\u00fcnemektedir. Esasen bu hizmet Lekkas taraf\u0131ndan onun bilgisayarlar ve gemi g\u00f6zetlemeye ili\u015fkin mevcut ilgisi ve sonras\u0131nda AIS deniz arac\u0131 takibi teknolojisinin pratik kullan\u0131m\u0131na ilgi duymaya ba\u015flamas\u0131yla olu\u015fturuldu. Ancak onun, <strong>d\u00fcnyan\u0131n en \u00f6nemli ta\u015f\u0131ma veri tabanlar\u0131ndan birini<\/strong> olu\u015fturmak \u00fczere oldu\u011fundan haberi yoktu. MarineTraffic hizmeti, <strong>\u00fccretsiz olarak kullan\u0131labilir<\/strong>, ancak daha geli\u015fmi\u015f \u00f6zelliklere sahip olan \u00fccretli bir versiyonu da bulunmaktad\u0131r. MarineTraffic, her ay 800 milyondan fazla deniz arac\u0131n\u0131n konumunu kaydetmek i\u00e7in AIS deniz arac\u0131 takibi teknolojisini kullanmaktad\u0131r. Veri taban\u0131 ayr\u0131ca gemilerin ne zaman ve nerede in\u015fa edildikleri gibi bilgileri de i\u00e7ermektedir.<\/p>\r\n\r\n    <div class=\"video-container-wrapper\">\r\n        <div class=\"youtube-player\" data-id=\"7aGlcFENOrs\" itemprop=\"video\" itemscope itemtype=\"http:\/\/schema.org\/VideoObject\">\r\n            <meta itemprop=\"name\" content=\"MarineTraffic\" \/>\r\n            <meta itemprop=\"description\" content=\"MarineTraffic is the world\u2019s leading provider of ship tracking and maritime intelligence.\" \/>\r\n            <meta itemprop=\"thumbnailUrl\" content=\"https:\/\/i.ytimg.com\/vi_webp\/7aGlcFENOrs\/hqdefault.webp\" \/>\r\n            <meta itemprop=\"uploadDate\" content=\"2013-10-15T18:43:52Z\" \/>\r\n            <meta itemprop=\"duration\" content=\"PT1M54S\" \/>\r\n            <meta itemprop=\"embedUrl\" content=\"https:\/\/www.youtube.com\/embed\/7aGlcFENOrs\" \/>\r\n        <\/div>\r\n    <\/div>\r\n\r\n    <h2>MarineTraffic nas\u0131l \u00e7al\u0131\u015f\u0131r?<\/h2>\r\n    <p style=\"text-align: justify;\">MarineTraffic hizmeti, deniz ara\u00e7lar\u0131 hakk\u0131nda kimlik, y\u00f6n, h\u0131z ve g\u00fcncel konum gibi bilgiler sunmak \u00fczere <strong>AIS takip teknolojisini<\/strong> kullanmaktad\u0131r. Konumlar, oradan <strong>Google Haritalara<\/strong> aktar\u0131labilir ve kullan\u0131c\u0131lar da neticesinde bu hizmeti, gemilerin ve di\u011fer deniz ara\u00e7lar\u0131n hareketlerini ger\u00e7ek zamanl\u0131 olarak takip edebilirler.<\/p>\r\n    <p style=\"text-align: justify;\">Buna ilaveten, gemide bulunanlar sayesinde <strong>gemi konumlar\u0131na ili\u015fkin kendili\u011finden sa\u011flanan<\/strong> baz\u0131 bilgiler de vard\u0131r. Bu bilgiler sonras\u0131nda deniz arac\u0131 konumlar\u0131na ili\u015fkin daha do\u011fru g\u00fcncel canl\u0131 haritalar sunmak i\u00e7in kullan\u0131lmaktad\u0131r.<\/p>\r\n    <p style=\"text-align: justify;\"><a href=\"https:\/\/shiptracker.live\/tr\/marinetraffic\/\" target=\"_blank\" rel=\"noopener\">MarineTraffic<\/a>, deniz ara\u00e7lar\u0131n\u0131n konumlar\u0131n\u0131 takip etmenin yan\u0131 s\u0131ra \u00f6rne\u011fin nerede in\u015fa edildikleri, ne zaman in\u015fa edildikleri, IMO (Uluslararas\u0131 Denizcilik \u00d6rg\u00fct\u00fc) numaralar\u0131, a\u011f\u0131rl\u0131klar\u0131 ve hatta foto\u011fraflar\u0131 gibi arka plan bilgilerini de sunmaktad\u0131r. Bu bilgilerin \u00e7o\u011funlu\u011fu, \u00fcye toplulu\u011fu taraf\u0131ndan g\u00f6n\u00fcll\u00fc olarak sa\u011flanmaktad\u0131r.<\/p>\r\n\r\n    <div class='code-block code-block-14' style='margin: 8px auto; text-align: center; display: block; clear: both;'>\n    <!-- Begin themoneytizer BOTTOM MEDIUM RECTANGLE code -->\n    <div class=\"themoneytizer\" style=\"min-height: 250px; margin: 20px auto;\">\n        <div id=\"99140-19\">\n            <script src=\"\/\/ads.themoneytizer.com\/s\/gen.js?type=19\"><\/script>\n            <script src=\"\/\/ads.themoneytizer.com\/s\/requestform.js?siteId=99140&formatId=19\"><\/script>\n        <\/div>\n    <\/div>\n    <!-- End themoneytizer BOTTOM MEDIUM RECTANGLE code --><\/div>\n\r\n\r\n    <h3>AIS teknolojisi nedir?<\/h3>\r\n    <p style=\"text-align: justify;\">AIS, <strong>&#8216;otomatik tan\u0131mlama sistemi<\/strong>&#8216; anlam\u0131na gelmektedir ve gemiler ve deniz ara\u00e7lar\u0131 i\u00e7in kullan\u0131lan bir takip sistemine de\u011finmektedir. 2004 y\u0131l\u0131ndan beri herhangi bir boyuttaki b\u00fct\u00fcn yolcu gemilerinin ve br\u00fct tonaj\u0131 300 veya \u00fczerinde olan t\u00fcm uluslararas\u0131 seyahat gemilerinin AIS verileri g\u00f6nderebilen ve alabilen bir AIS sinyal ileticisi bulundurmas\u0131 zorunlu hale getirildi.<\/p>\r\n    <div itemscope itemtype=\"https:\/\/schema.org\/ImageObject\">\r\n        <img decoding=\"async\" loading=\"lazy\" class=\"\" style=\"display: block; margin: 20px auto;\" src=\"\/wp-content\/uploads\/2020\/06\/body-of-water-3122008_430.jpg.webp\" alt=\"Voge Master vessel in full drive on the ocean - MMSI no. 256089000\" width=\"430\" height=\"290\" itemprop=\"contentUrl\" \/>\r\n        <meta itemprop=\"name\" content=\"Voge Master vessel\" \/>\r\n        <meta itemprop=\"description\" content=\"Voge Master vessel in full drive on the ocean - MMSI no. 256089000\" \/>\r\n    <\/div>\r\n    <p style=\"text-align: justify;\"><strong>AIS sinyal ileticileri, GPS bilgilerini<\/strong> g\u00f6ndermekle birlikte, sonras\u0131nda AIS al\u0131c\u0131 istasyonlar\u0131nca toplanan ilave verileri de sunmaktad\u0131r. MarineTraffic hizmeti, hizmet konumlar\u0131n\u0131n takip edilmesi, deniz ara\u00e7lar\u0131n\u0131n tan\u0131mlanmas\u0131, rotalar\u0131n g\u00f6zetlenmesi ve hatta h\u0131zlar\u0131n\u0131n izlenmesini sa\u011flayan, d\u00fcnya \u00e7ap\u0131nda konumland\u0131r\u0131lm\u0131\u015f bu istasyonlar\u0131n 3.000&#8217;den fazlas\u0131n\u0131 kullanmaktad\u0131r.<\/p>\r\n    <p style=\"text-align: justify;\">MarineTraffic AIS teknolojisi bir\u00e7ok y\u00f6nden <a href=\"https:\/\/flightradar.live\/en\/\">Flightradar24<\/a> gibi hizmetlerin u\u00e7ak takibi i\u00e7in kulland\u0131klar\u0131 <strong>u\u00e7u\u015f radar teknolojisine benzemektedir<\/strong>. Bu \u00f6zel durumda AIS teknolojisinin yerini ADS-B teknolojisi al\u0131r. Bu teknoloji, benzer bir \u015fekilde \u00e7al\u0131\u015fmaktad\u0131r ve yine g\u00f6n\u00fcll\u00fcler sayesinde geli\u015ftirilmektedir. Bilgiler de AIS al\u0131c\u0131lar\u0131n yerine ADS-B al\u0131c\u0131lar\u0131 veya al\u0131c\u0131 istasyonlar taraf\u0131ndan toplan\u0131r.<\/p>\r\n\r\n    \r\n\r\n    <h3>Yerinde di\u011fer bilgiler<\/h3>\r\n    <p style=\"text-align: justify;\">Yerindeki bilgiler \u00e7o\u011funlukla takip amac\u0131yla AIS sinyallerini toplamakla ilgiliyken, buna ayr\u0131ca <strong>deniz ara\u00e7lar\u0131n\u0131n arka plan bilgileri, gemilerin foto\u011fraflar\u0131 ve bir tak\u0131m di\u011fer bilgiler<\/strong> de eklenmektedir ve t\u00fcm bunlar MarineTraffic toplulu\u011funun \u00e7ekirde\u011fini olu\u015fturan g\u00f6n\u00fcll\u00fcler taraf\u0131ndan idare edilmektedir.<\/p>\r\n    <p style=\"text-align: justify;\">Bu arada AIS teknolojisinin kullan\u0131m\u0131 ile sa\u011flanan otomatik konum takibine ilave olarak deniz arac\u0131 konumlar\u0131 da MarineTraffic&#8217;e s\u0131kl\u0131kla kendili\u011finden bildirilmektedir. B\u00f6ylelikle takibin do\u011frulu\u011funun art\u0131r\u0131lmas\u0131na yard\u0131mc\u0131 olunur ve veri taban\u0131nda ge\u00e7mi\u015f veriler olarak depolan\u0131r. Depolanan veriler sonras\u0131nda istatistiksel analizler, acil durum komutlar\u0131, kaza ara\u015ft\u0131rmas\u0131 ve hatta havan\u0131n h\u0131za olan etkisini de\u011ferlendirmek i\u00e7in kullan\u0131labilir.<\/p>\r\n\r\n\r\n    <h2>Kimler MarineTraffic kullan\u0131r?<\/h2>\r\n    <p style=\"text-align: justify;\">An online <a href=\"https:\/\/shiptracker.live\/\" target=\"_blank\" rel=\"noopener\">gemi takip<\/a> hizmeti sadece kendini buna tamam\u0131yla adam\u0131\u015f <strong>gemi g\u00f6zetleyicileri<\/strong> i\u00e7in bir platform olarak g\u00f6r\u00fcnebilir ve bunun kurucusu olan Lekkas&#8217;\u0131n da kendisini bu kategoriye koymas\u0131 sizi \u015fa\u015f\u0131rtmayabilir. Ancak bu hizmetin ger\u00e7ekte \u00e7ok daha geni\u015f bir izleyici kitlesi bulunmaktad\u0131r.<\/p>\r\n    <div itemscope itemtype=\"https:\/\/schema.org\/ImageObject\">\r\n        <img decoding=\"async\" loading=\"lazy\" class=\"\" style=\"display: block; margin: 20px auto;\" src=\"\/wp-content\/uploads\/2023\/12\/ship_tracking_map.webp\" alt=\"Real-time Ship Tracking Map\" width=\"640\" height=\"366\" itemprop=\"contentUrl\" \/>\r\n        <meta itemprop=\"name\" content=\"Real-time Ship Tracking Map\" \/>\r\n        <meta itemprop=\"description\" content=\"Real-time Ship Tracking Map\" \/>\r\n    <\/div>\r\n    <p style=\"text-align: justify;\">Hatta MarineTraffic, piyasaya ilk defa s\u00fcr\u00fclmesinden bu yana <strong>hem i\u015f hem de ara\u015ft\u0131rma i\u00e7in \u00f6nemli bir ara\u00e7<\/strong> haline geldi \u00e7\u00fcnk\u00fc bu platform, h\u00fck\u00fcmetler, ticaret \u00f6rg\u00fctleri ve acil hizmetler taraf\u0131ndan da kullan\u0131l\u0131yor. Tabii <strong>ayn\u0131 zamanda profesyonel denizciler ve hobi sahipleri i\u00e7in de de\u011ferli bir ara\u00e7 olma \u00f6zelli\u011fini<\/strong> korumaya devam ediyor.<\/p>\r\n\r\n    \r\n\r\n    <h3>Kilit Kullan\u0131c\u0131lar<\/h3>\r\n    <p style=\"text-align: justify;\">\u00c7ekirdek kullan\u0131c\u0131 grubu, <strong>profesyonel denizcileri, gemi g\u00f6zetleyicilerini ve di\u011fer hobi sahiplerini<\/strong> kapsamaktad\u0131r. Bu gruptaki \u00e7o\u011fu ki\u015fi, hizmetin \u00fccretli versiyonuna abone oluyor ve bo\u015f zamanlar\u0131nda sayfaya g\u00f6n\u00fcll\u00fc olarak foto\u011fraflar ve normal i\u00e7erikler y\u00fckleyip, toplulu\u011fa yard\u0131mc\u0131 olarak ge\u00e7iriyor.<\/p>\r\n\r\n    <h3>\u0130\u015f ve Ticaret<\/h3>\r\n    <p style=\"text-align: justify;\">MarineTraffic hizmetinin di\u011fer bir kilit kullan\u0131m\u0131 da i\u015f ve ticaretle ilgilidir. Buradaki birincil kullan\u0131m, deniza\u015f\u0131r\u0131 ta\u015f\u0131nan <strong>kargolar\u0131n ilerleyi\u015fini takip etmektir<\/strong>. Dahas\u0131, internet sayfas\u0131nda al\u0131c\u0131lar\u0131n ve tedarik\u00e7ilerin birbirileriyle ileti\u015fiminin sa\u011flanmas\u0131 i\u00e7in bir i\u015f rehberi de bulunmaktad\u0131r.<\/p>\r\n\r\n    <h3>Ara\u015ft\u0131rma<\/h3>\r\n    <p style=\"text-align: justify;\">MarineTraffic denizcilik ara\u015ft\u0131rmac\u0131lar\u0131 ve AIS teknolojisine ilgi duyanlar aras\u0131nda da olduk\u00e7a pop\u00fclerdir. Asl\u0131nda bu <strong>servis akademik kurumlara, ara\u015ft\u0131rma vak\u0131flar\u0131na ve bireysel denizcilik ara\u015ft\u0131rmac\u0131lar\u0131na yard\u0131mc\u0131 olan<\/strong> MarineTraffic Ara\u015ft\u0131rma A\u011f\u0131n\u0131 kurmu\u015ftur. \u0130lgilenen taraflar \u00f6zel bir akademik hesap i\u00e7in bile ba\u015fvurabilirler.<\/p>\r\n\r\n    <h3>G\u00fcvenlik ve Acil Durum Hizmetleri<\/h3>\r\n    <p style=\"text-align: justify;\">MarineTraffic&#8217;in olduk\u00e7a \u015fa\u015f\u0131rt\u0131c\u0131 kullan\u0131m \u015fekillerinden biri, bu hizmetin <strong>durum bilin\u00e7li ve kaza ara\u015ft\u0131rmal\u0131 acil hizmetlere<\/strong> yard\u0131m ama\u00e7l\u0131 bir ara\u00e7 olarak kullan\u0131lmas\u0131d\u0131r. Platform, ayr\u0131ca baz\u0131 ulusal h\u00fck\u00fcmetler taraf\u0131ndan g\u00fcvenlik ama\u00e7l\u0131yla da kullan\u0131lmaktad\u0131r \u00e7\u00fcnk\u00fc onlara sahil b\u00f6lgelerindeki faaliyetleri g\u00f6zetleme imk\u00e2n\u0131 sunmaktad\u0131r.<\/p>\r\n\r\n    \r\n\r\n    <h3>Di\u011fer Kullan\u0131c\u0131lar<\/h3>\r\n    <p style=\"text-align: justify;\">MarineTraffic, belirtilen gruplar\u0131n d\u0131\u015f\u0131nda ayr\u0131ca onu \u0130\u015e\u0130D ve m\u00fclteci krizi hakk\u0131nda raporlar i\u00e7in kullanan gazeteciler ve medya \u00f6rg\u00fctleri i\u00e7in de \u00f6nemli bir kaynak haline gelmi\u015ftir. Buna ilave olarak MarineTraffic&#8217;i yurt d\u0131\u015f\u0131nda bir gemi veya deniz arac\u0131nda bulunan arkada\u015flar\u0131n\u0131 veya ailelerini takip etmek i\u00e7in kullanan g\u00fcnl\u00fck kullan\u0131c\u0131lar da bulunmaktad\u0131r.<\/p>\r\n\r\n\r\n    <h2>MarineTraffic&#8217;i nas\u0131l kullan\u0131rs\u0131n\u0131z?<\/h2>\r\n    <p style=\"text-align: justify;\">T\u00fcm bahsedilenler \u015fimdiye kadar karma\u015f\u0131k ve a\u015f\u0131r\u0131 teknik gibi g\u00f6r\u00fcnse de size iyi haberlerimiz var. MarineTraffic hizmeti, AIS teknolojisi hakk\u0131nda teknik bilgiye sahip olmayanlar taraf\u0131ndan bile <strong>olduk\u00e7a kolay kullan\u0131l\u0131r<\/strong>. \u0130laveten, \u00e7ekirdek \u00f6zelliklerini <strong>\u00e7ok say\u0131da farkl\u0131 platformdan<\/strong> de\u011ferlendirmek m\u00fcmk\u00fcnd\u00fcr. Internet sayfas\u0131 bizzat hizmetin internet platformu olarak kullan\u0131l\u0131r ve kullan\u0131c\u0131lar orada deniz ara\u00e7lar\u0131n\u0131 arayabilir, tan\u0131mlayabilir ve takip edebilirler. Ancak buna ilave olarak iki farkl\u0131 internet uygulamas\u0131 da bulunmaktad\u0131r. \u0130lki, internet platformunda g\u00f6r\u00fclen hizmetlerle entegre olmaktad\u0131r, di\u011feri ise tekneciler ve hobi sahipleri i\u00e7in tasarlanm\u0131\u015ft\u0131r.<\/p>\r\n\r\n    <h3>\u0130nternet Platformu<\/h3>\r\n    <p style=\"text-align: justify;\">Ana MarineTraffic internet platformunda, deniz ara\u00e7lar\u0131n\u0131n konumlar\u0131n\u0131 g\u00f6steren <strong>canl\u0131 bir harita<\/strong> bulunur. Kullan\u0131c\u0131lar d\u00fcnya etraf\u0131nda d\u00f6nmek i\u00e7in haritaya t\u0131klay\u0131p s\u00fcr\u00fckleyebilirler, daha fazla bilgi i\u00e7in deniz ara\u00e7lar\u0131n\u0131 ayd\u0131nlatabilir veya b\u00fcy\u00fctmek ve k\u00fc\u00e7\u00fcltmek i\u00e7in &#8216;+&#8217; ve &#8216;-&#8216; sembollerini kullanabilirler, ekran\u0131n sol taraf\u0131nda da \u00e7ok say\u0131da geli\u015fmi\u015f se\u00e7enekler mevcuttur.<\/p>\r\n    <div itemscope itemtype=\"https:\/\/schema.org\/ImageObject\">\r\n        <img decoding=\"async\" loading=\"lazy\" class=\"\" style=\"display: block; margin: 20px auto;\" src=\"\/wp-content\/uploads\/2023\/12\/marinetraffic_map_interface.webp\" alt=\"Interactive MarineTraffic Map: Live Vessel Tracking, Advanced Features &#038; User Options\" width=\"640\" height=\"366\" itemprop=\"contentUrl\" \/>\r\n        <meta itemprop=\"name\" content=\"Interactive MarineTraffic Map\" \/>\r\n        <meta itemprop=\"description\" content=\"Live Vessel Tracking, Advanced Features &#038; User Options\" \/>\r\n    <\/div>\r\n    <p style=\"text-align: justify;\">\u00dcstteki <strong>b\u00fcy\u00fcte\u00e7 sembol\u00fc<\/strong>, arama fonksiyonunu a\u00e7ar. Kullan\u0131c\u0131lar bununla bir deniz arac\u0131n\u0131 veya liman\u0131 veya belirli bir harita konumunu aratabilirler. Ayn\u0131 zamanda <strong>filtre sembol\u00fc<\/strong> haritada g\u00f6sterilen deniz ara\u00e7lar\u0131n\u0131n gemi t\u00fcr\u00fcne, kapasiteye, g\u00fcncel duruma ve daha fazlas\u0131na g\u00f6re filtrelenmesini sa\u011flar.<\/p>\r\n    <p style=\"text-align: justify;\">Son olarak, \u00fc\u00e7 tekneyi g\u00f6steren sembol &#8216;Benim Filolar\u0131m&#8217; se\u00e7ene\u011fidir. Kullan\u0131c\u0131lar bu men\u00fcye eri\u015ferek bir filo olu\u015fturma ve ona gemi ekleme imk\u00e2n\u0131na sahiptir. B\u00f6ylece birden fazla deniz arac\u0131n\u0131n e\u015f zamanl\u0131 takibi kolayla\u015f\u0131r.<\/p>\r\n    <p style=\"text-align: justify;\"><strong>Temel MarineTraffic hesab\u0131 \u00fccretsizdir<\/strong> ve s\u0131n\u0131rs\u0131z s\u00fcre i\u00e7inde kullan\u0131labilir. Ancak MarineTraffic bir <strong>&#8216;freemium&#8217; hizmeti<\/strong> olarak kategorize edilmi\u015ftir \u00e7\u00fcnk\u00fc \u00f6demeli premium hesap \u00e7ok say\u0131da ekstra \u00f6zellik sunmaktad\u0131r. Bunlar\u0131n aras\u0131nda daha b\u00fcy\u00fck filolar\u0131 yaratabilme, ki\u015fiselle\u015ftirilmi\u015f filo simgelerini kullanma, r\u00fczgar tahminlerine eri\u015fim ve 30 g\u00fcnl\u00fck seyahat ge\u00e7mi\u015fini izleme \u00f6zellikleri bulunmaktad\u0131r.<\/p>\r\n\r\n    \r\n\r\n    <h3>Mobil Uygulamalar<\/h3>\r\n    <p style=\"text-align: justify;\">MarineTraffic hizmetinin, ana internet platformun yan\u0131 s\u0131ra Android ve iOS cihazlar\u0131 i\u00e7in mevcut olan <strong>iki ayr\u0131 mobil uygulamas\u0131<\/strong> bulunur. Bunlar\u0131n ilki <strong>MarineTraffic Gemi Konumlar\u0131<\/strong> olarak ge\u00e7er, internet platformuna benzese de, internet sayfas\u0131n\u0131 bir mobil taray\u0131c\u0131da kullanmaya k\u0131yasla daha mobil dostudur.<\/p>\r\n    <p style=\"text-align: justify;\">Temel \u00fccretsiz hesap, \u00f6demeli premium hesap veya \u00f6zel ara\u015ft\u0131rma veya akademik hesap da d\u00e2hil olmak \u00fczere t\u00fcm hesap sahipleri uygulamay\u0131 kullanabilirler ancak uygulaman\u0131n kendisi \u00fccretsiz de\u011fildir ve indirilmesi i\u00e7in c\u00fczi bir \u00fccret gereklidir. Uygulamada mevcut olan \u00f6zellikler, kullan\u0131c\u0131n\u0131n sahip oldu\u011fu hesap t\u00fcr\u00fcne ba\u011fl\u0131d\u0131r.<\/p>\r\n    <p style=\"text-align: justify;\">MarineTraffic mobil uygulamaya ilave olarak, platformda ad\u0131 MarineTraffic OnCourse olan ayr\u0131 bir uygulama bulunmaktad\u0131r. Bu uygulama, yelkenlere veya yatlara ilgi duyanlar veya daha b\u00fcy\u00fck deniz ara\u00e7lar\u0131ndan sorumlu olanlar i\u00e7in tasarlanm\u0131\u015ft\u0131r ve \u00e7ok say\u0131da geli\u015fmi\u015f \u00f6zellik sunmaktad\u0131r. \u00d6rne\u011fin tekneciler konumlar\u0131n\u0131 bu uygulamayla kendileri bildirebilir ve foto\u011fraf ya da deniz ara\u00e7lar\u0131 hakk\u0131ndaki di\u011fer bilgileri kolayl\u0131kla y\u00fckleyebilir.<\/p>\r\n\r\n    <script async>\r\n        jQuery(document).ready(function ($) {\r\n            $(\"#showradar-shiptracker\").click(function () {\r\n                $(\"#showhere-shiptracker\").html('<iframe loading=\"lazy\" id=\"marinetraffic\" name=\"marinetraffic\" scrolling=\"no\" class=\"shiptracker-mapsize\" width=\"100%\" height=\"600\" src=\"https:\/\/www.marinetraffic.com\/tr\/ais\/embed\/zoom:4\/centery:42\/centerx:6.7\/maptype:1\/shownames:false\/mmsi:0\/shipid:0\/fleet:\/fleet_id:\/vtypes:\/showmenu:\/remember:false\"><\/iframe>');\r\n                $(\"#framesize-shiptracker\").css(\"height\", \"600px\");\r\n                $(\"#shiptracker-wrapper\").addClass(\"shiptracker-mapsize\");\r\n                $(\"#showradar-shiptracker\").hide();\r\n                $(\".shiptracker-backgroundimage\").hide();\r\n                $(\".shiptracker.draw-white\").hide();\r\n            });\r\n        });\r\n    <\/script>\r\n\r\n<\/div>\r\n","protected":false},"excerpt":{"rendered":"<p>S T A R T Daima g\u00fcncel &#8211; MarineTraffic ile gemi takibi MarineTraffic, 2007 y\u0131l\u0131nda Dimitris Lekkas taraf\u0131ndan kurulan bir<\/p>\n","protected":false},"author":1,"featured_media":0,"parent":0,"menu_order":1,"comment_status":"closed","ping_status":"closed","template":"","meta":{"colormag_page_container_layout":"default_layout","colormag_page_sidebar_layout":"default_layout","footnotes":""},"class_list":["post-5381","page","type-page","status-publish","hentry"],"_links":{"self":[{"href":"https:\/\/shiptracker.live\/tr\/wp-json\/wp\/v2\/pages\/5381","targetHints":{"allow":["GET"]}}],"collection":[{"href":"https:\/\/shiptracker.live\/tr\/wp-json\/wp\/v2\/pages"}],"about":[{"href":"https:\/\/shiptracker.live\/tr\/wp-json\/wp\/v2\/types\/page"}],"author":[{"embeddable":true,"href":"https:\/\/shiptracker.live\/tr\/wp-json\/wp\/v2\/users\/1"}],"replies":[{"embeddable":true,"href":"https:\/\/shiptracker.live\/tr\/wp-json\/wp\/v2\/comments?post=5381"}],"version-history":[{"count":5,"href":"https:\/\/shiptracker.live\/tr\/wp-json\/wp\/v2\/pages\/5381\/revisions"}],"predecessor-version":[{"id":24124,"href":"https:\/\/shiptracker.live\/tr\/wp-json\/wp\/v2\/pages\/5381\/revisions\/24124"}],"wp:attachment":[{"href":"https:\/\/shiptracker.live\/tr\/wp-json\/wp\/v2\/media?parent=5381"}],"curies":[{"name":"wp","href":"https:\/\/api.w.org\/{rel}","templated":true}]}}