{"id":24142,"date":"2018-02-03T00:53:46","date_gmt":"2018-02-03T00:53:46","guid":{"rendered":"https:\/\/shiptracker.live\/marinetraffic\/"},"modified":"2024-01-16T00:43:41","modified_gmt":"2024-01-15T23:43:41","slug":"marinetraffic","status":"publish","type":"page","link":"https:\/\/shiptracker.live\/sv\/","title":{"rendered":"MarineTraffic"},"content":{"rendered":"\r\n<!-- META\r\n\t<title>Alltid uppdaterad \u2013 sp\u00e5rning av fartyg med MarineTraffic<\/title>\r\n\t<meta name=\"description\" content=\"MarineTraffic - F\u00f6r sp\u00e5rning av fartyg och yachter med livekartor baserat p\u00e5 global AIS-n\u00e4tverksdata \u2705 Fartygstyper, rutter, status och mer.\" \/>\r\n-->\r\n<link rel=\"preconnect\" href=\"https:\/\/ads.themoneytizer.com\">\r\n<link rel=\"preconnect\" href=\"https:\/\/www.marinetraffic.com\">\r\n<script src=\"\/js\/youtubelazyload.js\"><\/script>\r\n<style>\r\n    @media only screen and (min-width: 769px) {\r\n        .shiptracker-mapsize {\r\n            margin-left: calc(50% - 50vw) !important;\r\n            margin-right: calc(50% - 50vw) !important;\r\n            max-width: unset !important;\r\n        }\r\n    }\r\n\r\n    .shiptracker.container {\r\n        position: relative;\r\n        width: 100%;\r\n    }\r\n\r\n    .shiptracker.container .shiptracker.btn {\r\n        position: absolute;\r\n        top: 50%;\r\n        left: 50%;\r\n        transform: translate(-50%, -50%);\r\n        -ms-transform: translate(-50%, -50%);\r\n        background-color: #e6d250;\r\n        color: #000;\r\n        font-weight: 700;\r\n        font-size: 18px;\r\n        padding: 24px 48px;\r\n        border: none;\r\n        cursor: pointer;\r\n        border-radius: 5px\r\n    }\r\n\r\n    .shiptracker.container .shiptracker.btn:hover {\r\n        background-color: #b5a21a\r\n    }\r\n\r\n    .shiptracker.draw-white {\r\n        background-image: linear-gradient(rgb(255, 255, 255, 0.01),\r\n                rgb(255, 255, 255, 0.4),\r\n                rgb(255, 255, 255, 0.6),\r\n                rgb(255, 255, 255, 0.4),\r\n                rgb(255, 255, 255, 0.01));\r\n        height: 120px;\r\n        width: 100%;\r\n        position: absolute;\r\n    }\r\n\r\n    .shiptracker-backgroundimage {\r\n        overflow: hidden !important;\r\n        height: 350px !important;\r\n        width: 100%;\r\n        background-image: url(\/wp-content\/uploads\/2023\/08\/shiptracker-placeholder_org.webp);\r\n        background-position: center center;\r\n        background-repeat: no-repeat;\r\n        display: flex;\r\n        justify-content: center;\r\n        align-items: center;\r\n        background-size: cover;\r\n        border-radius: 1rem;\r\n        box-shadow: rgba(0, 0, 0, 0.24) 0px 4px 8px;\r\n    }\r\n\r\n    .shiptracker-backgroundimage::before {\r\n        content: \"\";\r\n        position: absolute;\r\n        top: 0;\r\n        left: 0;\r\n        width: 100%;\r\n        height: 100%;\r\n        border-radius: 1rem;\r\n        background-color: rgba(0, 0, 0, 0.3);\r\n        \/* Half-transparent black layer *\/\r\n    }\r\n\r\n    .youtube-player {\r\n        position: relative;\r\n        padding-bottom: 56.25%;\r\n        height: 0;\r\n        overflow: hidden;\r\n        max-width: 100%;\r\n        background: #000;\r\n        margin: 0px;\r\n        border-radius: 25px;\r\n    }\r\n\r\n    .youtube-player iframe {\r\n        position: absolute;\r\n        top: 0;\r\n        left: 0;\r\n        width: 100%;\r\n        height: 100%;\r\n        z-index: 100;\r\n        background: transparent;\r\n    }\r\n\r\n    .youtube-player img {\r\n        object-fit: cover;\r\n        display: block;\r\n        left: 0;\r\n        bottom: 0;\r\n        margin: auto;\r\n        max-width: 100%;\r\n        width: 100%;\r\n        position: absolute;\r\n        right: 0;\r\n        top: 0;\r\n        border: none;\r\n        height: auto;\r\n        cursor: pointer;\r\n        -webkit-transition: 0.4s all;\r\n        -moz-transition: 0.4s all;\r\n        transition: 0.4s all;\r\n    }\r\n\r\n    .youtube-player img:hover {\r\n        -webkit-filter: brightness(75%);\r\n        -moz-filter: brightness(75%);\r\n        filter: brightness(75%);\r\n    }\r\n\r\n    .youtube-player .play {\r\n        height: 72px;\r\n        width: 72px;\r\n        left: 50%;\r\n        top: 50%;\r\n        margin-left: -36px;\r\n        margin-top: -36px;\r\n        position: absolute;\r\n        background: url(\"https:\/\/upload.wikimedia.org\/wikipedia\/commons\/b\/b8\/YouTube_play_button_icon_(2013%E2%80%932017).svg\") no-repeat;\r\n        cursor: pointer;\r\n    }\r\n\r\n    .video-container-wrapper {\r\n        display: block;\r\n        margin: 25px auto;\r\n        box-shadow: 0 4px 8px 0 rgb(0 0 0 \/ 20%), 0 6px 20px 0 rgb(0 0 0 \/ 19%);\r\n        border-radius: 25px;\r\n        max-width: 640px;\r\n    }\r\n<\/style>\r\n\r\n<div id=\"shiptracker-wrapper\">\r\n    <div class=\"shiptracker container\" id=\"framesize-shiptracker\" style=\"height:350px;\">\r\n        <div id=\"showhere-shiptracker\"><\/div>\r\n        <div class=\"shiptracker-backgroundimage\" id=\"framesize\">\r\n            <div class=\"shiptracker draw-white\"><\/div>\r\n            <div class=\"shiptracker btn\" id=\"showradar-shiptracker\" rel=\"nofollow\">S T A R T<\/div>\r\n        <\/div>\r\n    <\/div>\r\n<\/div>\r\n\r\n<div class='code-block code-block-5' style='margin: 8px auto; text-align: center; display: block; clear: both;'>\n<div class=\"themoneytizer\" style=\"min-height: 150px;display:block;\">\n<div id=\"99140-1\">\n<script async src=\"https:\/\/ads.themoneytizer.com\/s\/gen.js?type=1\"><\/script>\n<script async src=\"https:\/\/ads.themoneytizer.com\/s\/requestform.js?siteId=99140&formatId=1\"><\/script>\n<\/div>\n<\/div><\/div>\n\r\n\r\n\r\n<div>\r\n    <h1>Alltid uppdaterad \u2013 sp\u00e5rning av fartyg med MarineTraffic<\/h1>\r\n    <p style=\"text-align: justify;\"><strong>MarineTraffic<\/strong> \u00e4r en fartygssp\u00e5rnings- och sj\u00f6informationstj\u00e4nst som grundades 2007 av Dimitris Lekkas. Den \u00e4r allm\u00e4nt erk\u00e4nd som v\u00e4rldens mest omfattande maritima databas och tj\u00e4nsten kan <strong>skryta med mer \u00e4n sex miljoner anv\u00e4ndare varje m\u00e5nad<\/strong> samt mer \u00e4n en miljon registrerade kontoinnehavare. I huvudsak inr\u00e4ttades tj\u00e4nsten av Lekkas f\u00f6r att han intresserade sig f\u00f6r datorer och fartygsregistrering och dessutom hade blivit intresserad av de praktiska anv\u00e4ndningsm\u00f6jligheterna f\u00f6r AIS-fartygssp\u00e5rningsteknik. Vad han inte visste var att han var p\u00e5 v\u00e4g att skapa <strong>en av v\u00e4rldens viktigaste transportdatabaser<\/strong>. Tj\u00e4nsten MarineTraffic \u00e4r <strong>tillg\u00e4nglig f\u00f6r gratis anv\u00e4ndning<\/strong>. Det finns dock \u00e4ven en avgiftsbelagd version som har mer avancerade funktioner. MarineTraffic anv\u00e4nder sig av AIS-teknik f\u00f6r fartygssp\u00e5rning f\u00f6r att registrera 800 miljoner fartygsplatser varje m\u00e5nad, medan dess databas \u00e4ven inneh\u00e5ller information om fartyg, till exempel n\u00e4r och var de byggdes.<\/p>\r\n\r\n    <div class=\"video-container-wrapper\">\r\n        <div class=\"youtube-player\" data-id=\"7aGlcFENOrs\" itemprop=\"video\" itemscope itemtype=\"http:\/\/schema.org\/VideoObject\">\r\n            <meta itemprop=\"name\" content=\"MarineTraffic\" \/>\r\n            <meta itemprop=\"description\" content=\"MarineTraffic is the world\u2019s leading provider of ship tracking and maritime intelligence.\" \/>\r\n            <meta itemprop=\"thumbnailUrl\" content=\"https:\/\/i.ytimg.com\/vi_webp\/7aGlcFENOrs\/hqdefault.webp\" \/>\r\n            <meta itemprop=\"uploadDate\" content=\"2013-10-15T18:43:52Z\" \/>\r\n            <meta itemprop=\"duration\" content=\"PT1M54S\" \/>\r\n            <meta itemprop=\"embedUrl\" content=\"https:\/\/www.youtube.com\/embed\/7aGlcFENOrs\" \/>\r\n        <\/div>\r\n    <\/div>\r\n\r\n    <h2>Hur fungerar MarineTraffic?<\/h2>\r\n    <p style=\"text-align: justify;\">Tj\u00e4nsten MarineTraffic anv\u00e4nder sig av <strong>AIS-sp\u00e5rningsteknik<\/strong> f\u00f6r att tillhandah\u00e5lla information om identifiering av fartyg, deras kurs, hastighet och aktuella plats. D\u00e4rifr\u00e5n kan platser l\u00e4ggas \u00f6ver p\u00e5 <strong>Google Maps<\/strong>, och som ett resultat kan anv\u00e4ndare sedan anv\u00e4nda tj\u00e4nsten f\u00f6r att sp\u00e5ra respektive fartygs r\u00f6relser i realtid.<\/p>\r\n    <p style=\"text-align: justify;\">D\u00e4rut\u00f6ver \u00e4r viss information om <strong>fartygets platser sj\u00e4lvrapporterad<\/strong> av personerna ombord. Denna information anv\u00e4nds sedan f\u00f6r att tillhandah\u00e5lla en mer exakt och uppdaterad livekarta \u00f6ver fartygspositioner.<\/p>\r\n    <p style=\"text-align: justify;\">F\u00f6rutom att sp\u00e5ra fartygspositioner tillhandah\u00e5ller <a href=\"\/sv\/marinetraffic\/\">MarineTraffic<\/a> ocks\u00e5 bakgrundsinformation om fartyg, som var de byggdes, n\u00e4r de byggdes, deras IMO-nummer (International Maritime Organisation), hur mycket de v\u00e4ger och till och med foton av dem. Mycket av denna information l\u00e4mnas frivilligt av gemenskapens medlemmar.<\/p>\r\n\r\n    <div class='code-block code-block-14' style='margin: 8px auto; text-align: center; display: block; clear: both;'>\n    <!-- Begin themoneytizer BOTTOM MEDIUM RECTANGLE code -->\n    <div class=\"themoneytizer\" style=\"min-height: 250px; margin: 20px auto;\">\n        <div id=\"99140-19\">\n            <script src=\"\/\/ads.themoneytizer.com\/s\/gen.js?type=19\"><\/script>\n            <script src=\"\/\/ads.themoneytizer.com\/s\/requestform.js?siteId=99140&formatId=19\"><\/script>\n        <\/div>\n    <\/div>\n    <!-- End themoneytizer BOTTOM MEDIUM RECTANGLE code --><\/div>\n\r\n\r\n    <h3>Vad \u00e4r AIS-teknik?<\/h3>\r\n    <p style=\"text-align: justify;\">AIS st\u00e5r f\u00f6r <strong>\u201dautomatiskt identifieringssystem\u201d<\/strong> och h\u00e4nvisar till ett sp\u00e5rningssystem som anv\u00e4nds p\u00e5 fartyg och <a href=\"\/vesselfinder\/\">Fartygss\u00f6kare<\/a>. Sedan 2004 har det varit obligatoriskt f\u00f6r alla passagerarfartyg oavsett storlek och alla internationella kryssningsfartyg med ett bruttotonnage p\u00e5 300 eller mer att utrustas med en AIS-transponder, som kan s\u00e4nda och ta emot AIS-data.<\/p>\r\n    <div itemscope itemtype=\"https:\/\/schema.org\/ImageObject\">\r\n        <img decoding=\"async\" loading=\"lazy\" class=\"\" style=\"display: block; margin: 20px auto;\" src=\"\/wp-content\/uploads\/2020\/06\/body-of-water-3122008_430.jpg.webp\" alt=\"Voge Master vessel in full drive on the ocean - MMSI no. 256089000\" width=\"430\" height=\"290\" itemprop=\"contentUrl\" \/>\r\n        <meta itemprop=\"name\" content=\"Voge Master vessel\" \/>\r\n        <meta itemprop=\"description\" content=\"Voge Master vessel in full drive on the ocean - MMSI no. 256089000\" \/>\r\n    <\/div>\r\n    <p style=\"text-align: justify;\">N\u00e4mnda <strong>AIS-transponder \u00f6verf\u00f6r GPS-information<\/strong> s\u00e5v\u00e4l som en m\u00e4ngd ytterligare uppgifter, som sedan tas emot av AIS-mottagningsstationer. Tj\u00e4nsten MarineTraffic anv\u00e4nder <strong>mer \u00e4n 3 000 av dessa stationer<\/strong> placerade \u00f6ver hela v\u00e4rlden. D\u00e4rmed kan tj\u00e4nsten sp\u00e5ra positioner, identifiera fartyg, plotta kurser och till och med \u00f6vervaka hastigheten.<\/p>\r\n    <p style=\"text-align: justify;\">I m\u00e5nga h\u00e4nseenden liknar MarineTraffics AIS-teknik <strong>flygradartekniken<\/strong> som anv\u00e4nds av tj\u00e4nster s\u00e5som <a href=\"https:\/\/flightradar.live\/en\/\">Flightradar24<\/a> f\u00f6r att sp\u00e5ra flygplan. I det speciella fallet ers\u00e4tts AIS-tekniken av ADS-B-tekniken, som fungerar p\u00e5 liknande s\u00e4tt och \u00e5terigen assisteras av frivilliga, med information som plockas upp av ADS-B-mottagare eller mottagningsstationer i st\u00e4llet f\u00f6r AIS-mottagare.<\/p>\r\n\r\n    \r\n\r\n    <h3>\u00d6vrig information p\u00e5 webbplatsen<\/h3>\r\n    <p style=\"text-align: justify;\">Medan informationen p\u00e5 webbplatsen till stor del kretsar kring att plocka upp dessa AIS-signaler f\u00f6r sp\u00e5rnings\u00e4ndam\u00e5l, <strong>kommer \u00e4ven bakgrundsinformation om fartygen, foton av fartygen och ett \u00f6verfl\u00f6d av andra upplysningar<\/strong> att l\u00e4ggas till och modereras av frivilliga, som utg\u00f6r k\u00e4rnan i MarineTraffic-gemenskapen.<\/p>\r\n    <p style=\"text-align: justify;\">F\u00f6rutom den automatiska positionssp\u00e5rningen som tillhandah\u00e5lls genom anv\u00e4ndning av AIS-teknik rapporteras samtidigt ofta fartygspositioner till MarineTraffic. Detta kan bidra till att g\u00f6ra sp\u00e5rningen \u00e4nnu mer exakt och <strong>lagras som historiska uppgifter i databasen<\/strong>. Dessa kan sedan anv\u00e4ndas f\u00f6r statistiska analyser, n\u00f6dsituationer, olycksutredningar och till och med f\u00f6r att bed\u00f6ma v\u00e4drets effekter p\u00e5 hastigheten.<\/p>\r\n\r\n\r\n    <h2>Vem anv\u00e4nder MarineTraffic?<\/h2>\r\n    <p style=\"text-align: justify;\">En onlinetj\u00e4nst f\u00f6r <a href=\"\/ship-tracker\/\">fartygssp\u00e5rning<\/a> kan tyckas vara den sortens plattform som bara skulle tilltala de mest h\u00e4ngivna <strong>fartygs\u00f6vervakarna<\/strong> och det kanske inte f\u00f6rv\u00e5nar dig att h\u00f6ra att webbplatsens grundare, Dimitris Lekkas, placerar sig sj\u00e4lv i just denna kategori. Men i verkligheten har denna tj\u00e4nst en mycket bredare publik \u00e4n s\u00e5.<\/p>\r\n    <div itemscope itemtype=\"https:\/\/schema.org\/ImageObject\">\r\n        <img decoding=\"async\" loading=\"lazy\" class=\"\" style=\"display: block; margin: 20px auto;\" src=\"\/wp-content\/uploads\/2023\/12\/ship_tracking_map.webp\" alt=\"Real-time Ship Tracking Map\" width=\"640\" height=\"366\" itemprop=\"contentUrl\" \/>\r\n        <meta itemprop=\"name\" content=\"Real-time Ship Tracking Map\" \/>\r\n        <meta itemprop=\"description\" content=\"Real-time Ship Tracking Map\" \/>\r\n    <\/div>\r\n    <p style=\"text-align: justify;\">Faktum \u00e4r att under \u00e5ren sedan den f\u00f6rsta lanseringen har MarineTraffic vuxit till ett <strong>viktigt verktyg f\u00f6r b\u00e5de aff\u00e4rs- och forsknings\u00e4ndam\u00e5l<\/strong>, samtidigt som plattformen \u00e4ven anv\u00e4nds av regeringar, branschorganisationer och r\u00e4ddningstj\u00e4nster. Men naturligtvis f\u00f6rblir det \u00e4ven <strong>ett v\u00e4rdefullt verktyg f\u00f6r maritima proffs och hobbyister<\/strong>.<\/p>\r\n\r\n    \r\n\r\n    <h3>K\u00e4rnanv\u00e4ndare<\/h3>\r\n    <p style=\"text-align: justify;\">Gruppen k\u00e4rnanv\u00e4ndare inkluderar <strong>maritima proffs, fartygs\u00f6vervakare och andra hobbyister<\/strong>. M\u00e5nga av medlemmarna i denna grupp prenumererar p\u00e5 tj\u00e4nstens avgiftsbelagda version och \u00e4gnar sin fritid \u00e5t att frivilligt hj\u00e4lpa gemenskapen, ladda upp fotografier och moderera inneh\u00e5ll som laddats upp till webbplatsen.<\/p>\r\n\r\n    <h3>N\u00e4ringsliv och handel<\/h3>\r\n    <p style=\"text-align: justify;\">En annan viktig anv\u00e4ndning f\u00f6r MarineTraffic-tj\u00e4nsten \u00e4r relaterad till aff\u00e4rsverksamhet och handel. Dess prim\u00e4ra anv\u00e4ndning h\u00e4r \u00e4r att <strong>sp\u00e5ra last<\/strong> som skickas till utlandet. D\u00e4rut\u00f6ver inneh\u00e5ller webbplatsen en egen f\u00f6retagskatalog som hj\u00e4lper k\u00f6pare och leverant\u00f6rer att komma i kontakt med varandra.<\/p>\r\n\r\n    <h3>Forskning<\/h3>\r\n    <p style=\"text-align: justify;\">MarineTraffic \u00e4r ocks\u00e5 popul\u00e4rt bland maritima forskare och alla som \u00e4r intresserade av AIS-teknik. Tj\u00e4nsten har faktiskt skapat MarineTraffic Research Network, som \u00e4r utformat f\u00f6r att <strong>hj\u00e4lpa akademiska institutioner, forskningsstiftelser och individuella maritima forskare<\/strong>. Intresserade kan till och med ans\u00f6ka om s\u00e4rskilda akademiska konton.<\/p>\r\n\r\n    <h3>S\u00e4kerhet och r\u00e4ddningstj\u00e4nst<\/h3>\r\n    <p style=\"text-align: justify;\">Ett av de mer \u00f6verraskande s\u00e4tten som MarineTraffic anv\u00e4nds p\u00e5 \u00e4r som ett verktyg f\u00f6r att hj\u00e4lpa <strong>r\u00e4ddningstj\u00e4nster med situationsmedvetenhet och olycksutredning<\/strong>. Dessutom har plattformen ocks\u00e5 anv\u00e4nts av vissa nationella regeringar f\u00f6r s\u00e4kerhets\u00e4ndam\u00e5l eftersom den m\u00f6jligg\u00f6r \u00f6vervakning av aktivitet i och runt sina kustomr\u00e5den.<\/p>\r\n\r\n    \r\n\r\n    <h3>Andra anv\u00e4ndare<\/h3>\r\n    <p style=\"text-align: justify;\">F\u00f6rutom de n\u00e4mnda grupperna har MarineTraffic ocks\u00e5 utvecklats till en viktig resurs f\u00f6r <strong>journalister och medieorganisationer<\/strong>, som har anv\u00e4nt den f\u00f6r att rapportera om ISIS och migrantkrisen. D\u00e4rut\u00f6ver finns det ocks\u00e5 tillf\u00e4lliga anv\u00e4ndare som kan anv\u00e4nda MarineTraffic f\u00f6r att sp\u00e5ra v\u00e4nner eller familjemedlemmar ombord p\u00e5 ett fartyg.<\/p>\r\n\r\n\r\n    <h2>Hur anv\u00e4nder du MarineTraffic?<\/h2>\r\n    <p style=\"text-align: justify;\">\u00c4ven om allt detta verkar komplicerat och \u00f6verdrivet tekniskt \u00e4n s\u00e5 l\u00e4nge, \u00e4r den goda nyheten att sj\u00e4lva MarineTraffic-tj\u00e4nsten i sig \u00e4r <strong>mycket enkel att anv\u00e4nda<\/strong>, till och med f\u00f6r personer som inte har n\u00e5gon som helst teknisk kunskap om AIS-teknik. D\u00e4rut\u00f6ver kan k\u00e4rnfunktionerna n\u00e5s <strong>fr\u00e5n en rad olika plattformar<\/strong>. Huvudwebbplatsen \u00e4r i sig tj\u00e4nstens webbplattform och d\u00e4rifr\u00e5n har anv\u00e4ndare m\u00f6jlighet att s\u00f6ka efter, identifiera och sp\u00e5ra fartyg. Men ut\u00f6ver detta finns det dock tv\u00e5 separata webbappar. Den f\u00f6rsta av dessa integreras med tj\u00e4nsterna som visas p\u00e5 webbplattformen, medan den andra \u00e4r designad f\u00f6r b\u00e5t\u00e4gare och hobbyister.<\/p>\r\n\r\n    <h3>Webbplatform<\/h3>\r\n    <p style=\"text-align: justify;\">MarineTraffics huvudsakliga webbplattform <strong>tillhandah\u00e5ller en livekarta<\/strong> som visar fartygens positioner. Anv\u00e4ndare kan klicka och dra kartan f\u00f6r att flytta runt jordklotet, markera fartyg p\u00e5 kartan f\u00f6r att ta reda p\u00e5 mer information, eller anv\u00e4nda symbolerna \u201d+\u201d och \u201d-\u201d f\u00f6r att f\u00f6rstora eller f\u00f6rminska, medan den v\u00e4nstra sidan av sk\u00e4rmen har en rad mer avancerade alternativ.<\/p>\r\n    <div itemscope itemtype=\"https:\/\/schema.org\/ImageObject\">\r\n        <img decoding=\"async\" loading=\"lazy\" class=\"\" style=\"display: block; margin: 20px auto;\" src=\"\/wp-content\/uploads\/2023\/12\/marinetraffic_map_interface.webp\" alt=\"Interactive MarineTraffic Map: Live Vessel Tracking, Advanced Features &#038; User Options\" width=\"640\" height=\"366\" itemprop=\"contentUrl\" \/>\r\n        <meta itemprop=\"name\" content=\"Interactive MarineTraffic Map\" \/>\r\n        <meta itemprop=\"description\" content=\"Live Vessel Tracking, Advanced Features &#038; User Options\" \/>\r\n    <\/div>\r\n    <p style=\"text-align: justify;\">L\u00e4ngst upp \u00f6ppnar <strong>f\u00f6rstoringsglassymbolen<\/strong> s\u00f6kfunktionen s\u00e5 att anv\u00e4ndare kan s\u00f6ka efter antingen ett fartyg eller en <a href=\"\/sea-ports-of-the-world\/\">hamn<\/a>, eller s\u00f6ka efter en specifik plats p\u00e5 kartan. Samtidigt l\u00e5ter <strong>filtersymbolen<\/strong> anv\u00e4ndare filtrera de fartyg som visas p\u00e5 kartan baserat p\u00e5 fartygstyp, kapacitet, aktuell status och mer.<\/p>\r\n    <p style=\"text-align: justify;\">Symbolen som visar tre b\u00e5tar \u00e4r alternativet \u201dMina flottor\u201d. Genom att \u00e5tkomst till den h\u00e4r menyn f\u00e5r anv\u00e4ndarna m\u00f6jlighet att skapa en flotta och l\u00e4gga till fartyg till den, vilket g\u00f6r det l\u00e4ttare att sp\u00e5ra flera fartyg samtidigt.<\/p>\r\n    <p style=\"text-align: justify;\">Ett <strong>MarineTraffic baskonto \u00e4r gratisa<\/strong> och kan anv\u00e4ndas p\u00e5 obest\u00e4md tid. MarineTraffic kategoriseras dock som en <strong>\u201dfreemium\u201d-tj\u00e4nst<\/strong> eftersom ett avgiftsbelagt premiumkonto \u00f6ppnar upp en rad extra funktioner. Till dessa h\u00f6r m\u00f6jligheten att skapa st\u00f6rre flottor, anv\u00e4nda anpassade ikoner f\u00f6r flottor, f\u00e5 tillg\u00e5ng till vindprognoser och se en 30-dagars resehistorik.<\/p>\r\n\r\n    \r\n\r\n    <h3>Mobilappar<\/h3>\r\n    <p style=\"text-align: justify;\">F\u00f6rutom den huvudsakliga webbplattformen har MarineTraffic service ocks\u00e5 <strong>tv\u00e5 separata mobilappar<\/strong>, som \u00e4r tillg\u00e4ngliga f\u00f6r <a target=\"_blank\" rel=\"noopener nofollow\" href=\"https:\/\/play.google.com\/\">Android<\/a> och <a target=\"_blank\" rel=\"noopener nofollow\" href=\"https:\/\/www.apple.com\/app-store\/\">iOS<\/a> enheter. Den f\u00f6rsta av dessa, <strong>MarineTraffic Ship Positions<\/strong>, liknar webbplattformen men \u00e4r mer mobilv\u00e4nlig \u00e4n anv\u00e4ndningen av webbplatsen i en mobil webbl\u00e4sare.<\/p>\r\n    <p style=\"text-align: justify;\">Alla kontoinnehavare kan anv\u00e4nda appen, inklusive de med ett grundl\u00e4ggande gratiskonto, de med ett betalt premiumkonto eller de med ett speciellt forskningskonto eller akademiskt konto. Sj\u00e4lva appen \u00e4r dock inte gratis och det kr\u00e4vs en liten avgift f\u00f6r att ladda ner det. Funktionerna som \u00e4r tillg\u00e4ngliga i appen beror p\u00e5 anv\u00e4ndarens kontotyp.<\/p>\r\n    <p style=\"text-align: justify;\">Ut\u00f6ver den huvudsakliga MarineTraffic-mobilappen har plattformen \u00e4ven en separat mobilapp som heter <strong>MarineTraffic OnCourse<\/strong>. Denna app \u00e4r avsedd f\u00f6r alla som \u00e4r intresserade av segling eller b\u00e5tsport eller f\u00f6r personer som ansvarar f\u00f6r st\u00f6rre fartyg, och tillhandah\u00e5ller ett mer avancerad utbud av funktioner. Till exempel till\u00e5ter appen b\u00e5t\u00e4gare att sj\u00e4lv rapportera sin plats fr\u00e5n appen och enkelt ladda upp foton och annan information om deras fartyg.<\/p>\r\n\r\n    <script async>\r\n        jQuery(document).ready(function ($) {\r\n            $(\"#showradar-shiptracker\").click(function () {\r\n                $(\"#showhere-shiptracker\").html('<iframe loading=\"lazy\" id=\"marinetraffic\" name=\"marinetraffic\" scrolling=\"no\" class=\"shiptracker-mapsize\" width=\"100%\" height=\"600\" src=\"https:\/\/www.marinetraffic.com\/sv\/ais\/embed\/zoom:4\/centery:42\/centerx:6.7\/maptype:1\/shownames:false\/mmsi:0\/shipid:0\/fleet:\/fleet_id:\/vtypes:\/showmenu:\/remember:false\"><\/iframe>');\r\n                $(\"#framesize-shiptracker\").css(\"height\", \"600px\");\r\n                $(\"#shiptracker-wrapper\").addClass(\"shiptracker-mapsize\");\r\n                $(\"#showradar-shiptracker\").hide();\r\n                $(\".shiptracker-backgroundimage\").hide();\r\n                $(\".shiptracker.draw-white\").hide();\r\n            });\r\n        });\r\n    <\/script>\r\n\r\n<\/div>\r\n","protected":false},"excerpt":{"rendered":"<p>S T A R T Alltid uppdaterad \u2013 sp\u00e5rning av fartyg med MarineTraffic MarineTraffic \u00e4r en fartygssp\u00e5rnings- och sj\u00f6informationstj\u00e4nst som<\/p>\n","protected":false},"author":1,"featured_media":0,"parent":0,"menu_order":1,"comment_status":"closed","ping_status":"closed","template":"","meta":{"colormag_page_container_layout":"default_layout","colormag_page_sidebar_layout":"default_layout","footnotes":""},"class_list":["post-24142","page","type-page","status-publish","hentry"],"_links":{"self":[{"href":"https:\/\/shiptracker.live\/sv\/wp-json\/wp\/v2\/pages\/24142","targetHints":{"allow":["GET"]}}],"collection":[{"href":"https:\/\/shiptracker.live\/sv\/wp-json\/wp\/v2\/pages"}],"about":[{"href":"https:\/\/shiptracker.live\/sv\/wp-json\/wp\/v2\/types\/page"}],"author":[{"embeddable":true,"href":"https:\/\/shiptracker.live\/sv\/wp-json\/wp\/v2\/users\/1"}],"replies":[{"embeddable":true,"href":"https:\/\/shiptracker.live\/sv\/wp-json\/wp\/v2\/comments?post=24142"}],"version-history":[{"count":3,"href":"https:\/\/shiptracker.live\/sv\/wp-json\/wp\/v2\/pages\/24142\/revisions"}],"predecessor-version":[{"id":24149,"href":"https:\/\/shiptracker.live\/sv\/wp-json\/wp\/v2\/pages\/24142\/revisions\/24149"}],"wp:attachment":[{"href":"https:\/\/shiptracker.live\/sv\/wp-json\/wp\/v2\/media?parent=24142"}],"curies":[{"name":"wp","href":"https:\/\/api.w.org\/{rel}","templated":true}]}}