{"id":24151,"date":"2018-02-03T00:53:46","date_gmt":"2018-02-03T00:53:46","guid":{"rendered":"https:\/\/shiptracker.live\/marinetraffic\/"},"modified":"2024-01-28T23:11:08","modified_gmt":"2024-01-28T22:11:08","slug":"marinetraffic","status":"publish","type":"page","link":"https:\/\/shiptracker.live\/ro\/","title":{"rendered":"MarineTraffic"},"content":{"rendered":"\r\n<!-- META\r\n\t<title>\u00centotdeauna actualizat \u2013 urm\u0103rirea navelor cu serviciul MarineTraffic<\/title>\r\n\t<meta name=\"description\" content=\"MarineTraffic - Urm\u0103rire nave, iahturi cu h\u0103r\u021bi live, date AIS Globale \u2705 Tipuri vase, rute, stare nav\u0103.\" \/>\r\n-->\r\n<link rel=\"preconnect\" href=\"https:\/\/ads.themoneytizer.com\">\r\n<link rel=\"preconnect\" href=\"https:\/\/www.marinetraffic.com\">\r\n<script src=\"\/js\/youtubelazyload.js\"><\/script>\r\n<style>\r\n    @media only screen and (min-width: 769px) {\r\n        .shiptracker-mapsize {\r\n            margin-left: calc(50% - 50vw) !important;\r\n            margin-right: calc(50% - 50vw) !important;\r\n            max-width: unset !important;\r\n        }\r\n    }\r\n\r\n    .shiptracker.container {\r\n        position: relative;\r\n        width: 100%;\r\n    }\r\n\r\n    .shiptracker.container .shiptracker.btn {\r\n        position: absolute;\r\n        top: 50%;\r\n        left: 50%;\r\n        transform: translate(-50%, -50%);\r\n        -ms-transform: translate(-50%, -50%);\r\n        background-color: #e6d250;\r\n        color: #000;\r\n        font-weight: 700;\r\n        font-size: 18px;\r\n        padding: 24px 48px;\r\n        border: none;\r\n        cursor: pointer;\r\n        border-radius: 5px\r\n    }\r\n\r\n    .shiptracker.container .shiptracker.btn:hover {\r\n        background-color: #b5a21a\r\n    }\r\n\r\n    .shiptracker.draw-white {\r\n        background-image: linear-gradient(rgb(255, 255, 255, 0.01),\r\n                rgb(255, 255, 255, 0.4),\r\n                rgb(255, 255, 255, 0.6),\r\n                rgb(255, 255, 255, 0.4),\r\n                rgb(255, 255, 255, 0.01));\r\n        height: 120px;\r\n        width: 100%;\r\n        position: absolute;\r\n    }\r\n\r\n    .shiptracker-backgroundimage {\r\n        overflow: hidden !important;\r\n        height: 350px !important;\r\n        width: 100%;\r\n        background-image: url(\/wp-content\/uploads\/2023\/08\/shiptracker-placeholder_org.webp);\r\n        background-position: center center;\r\n        background-repeat: no-repeat;\r\n        display: flex;\r\n        justify-content: center;\r\n        align-items: center;\r\n        background-size: cover;\r\n        border-radius: 1rem;\r\n        box-shadow: rgba(0, 0, 0, 0.24) 0px 4px 8px;\r\n    }\r\n\r\n    .shiptracker-backgroundimage::before {\r\n        content: \"\";\r\n        position: absolute;\r\n        top: 0;\r\n        left: 0;\r\n        width: 100%;\r\n        height: 100%;\r\n        border-radius: 1rem;\r\n        background-color: rgba(0, 0, 0, 0.3);\r\n        \/* Half-transparent black layer *\/\r\n    }\r\n\r\n    .youtube-player {\r\n        position: relative;\r\n        padding-bottom: 56.25%;\r\n        height: 0;\r\n        overflow: hidden;\r\n        max-width: 100%;\r\n        background: #000;\r\n        margin: 0px;\r\n        border-radius: 25px;\r\n    }\r\n\r\n    .youtube-player iframe {\r\n        position: absolute;\r\n        top: 0;\r\n        left: 0;\r\n        width: 100%;\r\n        height: 100%;\r\n        z-index: 100;\r\n        background: transparent;\r\n    }\r\n\r\n    .youtube-player img {\r\n        object-fit: cover;\r\n        display: block;\r\n        left: 0;\r\n        bottom: 0;\r\n        margin: auto;\r\n        max-width: 100%;\r\n        width: 100%;\r\n        position: absolute;\r\n        right: 0;\r\n        top: 0;\r\n        border: none;\r\n        height: auto;\r\n        cursor: pointer;\r\n        -webkit-transition: 0.4s all;\r\n        -moz-transition: 0.4s all;\r\n        transition: 0.4s all;\r\n    }\r\n\r\n    .youtube-player img:hover {\r\n        -webkit-filter: brightness(75%);\r\n        -moz-filter: brightness(75%);\r\n        filter: brightness(75%);\r\n    }\r\n\r\n    .youtube-player .play {\r\n        height: 72px;\r\n        width: 72px;\r\n        left: 50%;\r\n        top: 50%;\r\n        margin-left: -36px;\r\n        margin-top: -36px;\r\n        position: absolute;\r\n        background: url(\"https:\/\/upload.wikimedia.org\/wikipedia\/commons\/b\/b8\/YouTube_play_button_icon_(2013%E2%80%932017).svg\") no-repeat;\r\n        cursor: pointer;\r\n    }\r\n\r\n    .video-container-wrapper {\r\n        display: block;\r\n        margin: 25px auto;\r\n        box-shadow: 0 4px 8px 0 rgb(0 0 0 \/ 20%), 0 6px 20px 0 rgb(0 0 0 \/ 19%);\r\n        border-radius: 25px;\r\n        max-width: 640px;\r\n    }\r\n<\/style>\r\n\r\n<div id=\"shiptracker-wrapper\">\r\n    <div class=\"shiptracker container\" id=\"framesize-shiptracker\" style=\"height:350px;\">\r\n        <div id=\"showhere-shiptracker\"><\/div>\r\n        <div class=\"shiptracker-backgroundimage\" id=\"framesize\">\r\n            <div class=\"shiptracker draw-white\"><\/div>\r\n            <div class=\"shiptracker btn\" id=\"showradar-shiptracker\" rel=\"nofollow\">S T A R T<\/div>\r\n        <\/div>\r\n    <\/div>\r\n<\/div>\r\n\r\n<div class='code-block code-block-5' style='margin: 8px auto; text-align: center; display: block; clear: both;'>\n<div class=\"themoneytizer\" style=\"min-height: 150px;display:block;\">\n<div id=\"99140-1\">\n<script async src=\"https:\/\/ads.themoneytizer.com\/s\/gen.js?type=1\"><\/script>\n<script async src=\"https:\/\/ads.themoneytizer.com\/s\/requestform.js?siteId=99140&formatId=1\"><\/script>\n<\/div>\n<\/div><\/div>\n\r\n\r\n\r\n<div>\r\n    <h1>Always up-to-date &#8211; ship tracking with MarineTraffic<\/h1>\r\n    <p style=\"text-align: justify;\"><strong>MarineTraffic<\/strong> este un serviciu de urm\u0103rire a navelor \u0219i de informa\u021bii maritime, care a fost creat de Dimitris Lekkas \u00een 2007. Acesta este recunoscut ca fiind cea mai cuprinz\u0103toare baz\u0103 de date maritim\u0103 din lume, iar serviciul <strong>se poate l\u0103uda cu peste \u0219ase milioane de utilizatori pe lun\u0103, unici<\/strong>, precum \u0219i cu peste un milion de titulari de conturi \u00eenregistra\u021bi. \u00cen principiu, serviciul a fost \u00eenfiin\u021bat de c\u0103tre Lekkas, deoarece aceasta era interesat de calculatoare \u0219i observarea navelor \u0219i a \u00eenceput s\u0103 se intereseze \u0219i de utiliz\u0103rile practice ale tehnologiei de urm\u0103rire a navelor AIS. Dar acesta nu \u015ftia c\u0103 era pe cale s\u0103 creeze <strong>una dintre cele mai importante baze de date de transport din lume<\/strong>. Serviciul MarineTraffic este <strong>disponibil pentru utilizare gratuit<\/strong>, dar exist\u0103 \u0219i o versiune cu plat\u0103, ad\u0103ug\u00e2nd func\u021bii mai avansate. Serviciul MarineTraffic folose\u0219te tehnologia de urm\u0103rire a navelor AIS, pentru a \u00eenregistra 800 de milioane de loca\u021bii de nave lunar, iar baza sa de date include \u0219i informa\u021bii despre nave, cum ar fi anul de construc\u0163ie \u015fi locul.<\/p>\r\n\r\n    <div class=\"video-container-wrapper\">\r\n        <div class=\"youtube-player\" data-id=\"7aGlcFENOrs\" itemprop=\"video\" itemscope itemtype=\"http:\/\/schema.org\/VideoObject\">\r\n            <meta itemprop=\"name\" content=\"MarineTraffic\" \/>\r\n            <meta itemprop=\"description\" content=\"MarineTraffic is the world\u2019s leading provider of ship tracking and maritime intelligence.\" \/>\r\n            <meta itemprop=\"thumbnailUrl\" content=\"https:\/\/i.ytimg.com\/vi_webp\/7aGlcFENOrs\/hqdefault.webp\" \/>\r\n            <meta itemprop=\"uploadDate\" content=\"2013-10-15T18:43:52Z\" \/>\r\n            <meta itemprop=\"duration\" content=\"PT1M54S\" \/>\r\n            <meta itemprop=\"embedUrl\" content=\"https:\/\/www.youtube.com\/embed\/7aGlcFENOrs\" \/>\r\n        <\/div>\r\n    <\/div>\r\n\r\n    <h2>Cum func\u021bioneaz\u0103 serviciul MarineTraffic?<\/h2>\r\n    <p style=\"text-align: justify;\">Serviciul MarineTraffic folose\u0219te <strong>tehnologia de urm\u0103rire AIS<\/strong> pentru a furniza informa\u021bii despre identificarea, cursul, viteza \u0219i loca\u021bia curent\u0103 a navelor. De acolo, loca\u021biile pot fi suprapuse pe <strong>Google Maps<\/strong>, \u0219i, ca rezultat, utilizatorii pot folosi serviciul pentru a urm\u0103ri mi\u0219c\u0103rile navelor \u0219i ale altor ambarca\u021biuni \u00een timp real.<\/p>\r\n    <p style=\"text-align: justify;\">\u00cen plus, unele informa\u021bii despre <strong>loca\u021biile navelor sunt raportate<\/strong> de c\u0103tre personalul de la bord. Aceste informa\u021bii sunt folosite ulterior pentru a oferi o hart\u0103 mai precis\u0103 \u0219i mai actualizat\u0103 a loca\u021biilor navelor.<\/p>\r\n    <p style=\"text-align: justify;\">Pe l\u00e2ng\u0103 urm\u0103rirea pozi\u021biilor navelor, serviciul <a href=\"\/marinetraffic\/\">MarineTraffic<\/a> ofer\u0103 \u0219i informa\u021bii de baz\u0103 despre nave, cum ar fi locul unde au fost construite, c\u00e2nd au fost construite, num\u0103rul IMO (Organiza\u021bia Maritim\u0103 Interna\u021bional\u0103), c\u00e2t c\u00e2nt\u0103resc \u0219i chiar fotografii ale acestora. O mare parte din aceste informa\u021bii sunt transmise voluntar de c\u0103tre membrii comunit\u0103\u021bii.<\/p>\r\n\r\n    <div class='code-block code-block-14' style='margin: 8px auto; text-align: center; display: block; clear: both;'>\n    <!-- Begin themoneytizer BOTTOM MEDIUM RECTANGLE code -->\n    <div class=\"themoneytizer\" style=\"min-height: 250px; margin: 20px auto;\">\n        <div id=\"99140-19\">\n            <script src=\"\/\/ads.themoneytizer.com\/s\/gen.js?type=19\"><\/script>\n            <script src=\"\/\/ads.themoneytizer.com\/s\/requestform.js?siteId=99140&formatId=19\"><\/script>\n        <\/div>\n    <\/div>\n    <!-- End themoneytizer BOTTOM MEDIUM RECTANGLE code --><\/div>\n\r\n\r\n    <h3>Ce este tehnologia AIS?<\/h3>\r\n    <p style=\"text-align: justify;\">AIS \u00eenseamn\u0103 \u2018<strong>sistem de identificare automat\u0103<\/strong>\u2018 \u0219i se refer\u0103 la un sistem de urm\u0103rire care este utilizat pe nave \u0219i c\u0103ut\u0103torul de nave <a href=\"\/vesselfinder\/\">VesselFinder<\/a>. \u00cencep\u00e2nd cu 2004, toate navele de pasageri de orice dimensiune \u0219i toate navele de croazier\u0103 interna\u021bional\u0103 cu un tonaj brut de cel pu\u021bin 300 de tone, trebuie echipate cu un transponder AIS, care poate transmite \u0219i recep\u021biona date AIS.<\/p>\r\n    <div itemscope itemtype=\"https:\/\/schema.org\/ImageObject\">\r\n        <img decoding=\"async\" loading=\"lazy\" class=\"\" style=\"display: block; margin: 20px auto;\" src=\"\/wp-content\/uploads\/2020\/06\/body-of-water-3122008_430.jpg.webp\" alt=\"Voge Master vessel in full drive on the ocean - MMSI no. 256089000\" width=\"430\" height=\"290\" itemprop=\"contentUrl\" \/>\r\n        <meta itemprop=\"name\" content=\"Voge Master vessel\" \/>\r\n        <meta itemprop=\"description\" content=\"Voge Master vessel in full drive on the ocean - MMSI no. 256089000\" \/>\r\n    <\/div>\r\n    <p style=\"text-align: justify;\"><strong>Transponderul AIS transmite informa\u021bii GPS<\/strong>, precum \u0219i o serie de date suplimentare, care sunt primite de sta\u021biile de recep\u021bie AIS. Serviciul MarineTraffic folose\u0219te <strong>peste 3.000 de astfel de sta\u021bii<\/strong>, pozi\u021bionate \u00een \u00eentreaga lume, permi\u021b\u00e2nd serviciului s\u0103 urm\u0103reasc\u0103 pozi\u021biile, s\u0103 identifice navele, s\u0103 traseze cursurile \u0219i chiar s\u0103 monitorizeze viteza.<\/p>\r\n    <p style=\"text-align: justify;\">\u00cen multe privin\u021be, tehnologia MarineTraffic AIS poate fi considerat\u0103 <strong>similar\u0103 cu tehnologia radar de zbor<\/strong> folosit\u0103 de servicii precum <a href=\"https:\/\/flightradar.live\/ro\/\">Flightradar24<\/a>, pentru a urm\u0103ri aeronave. \u00cen acest caz special, tehnologia AIS este \u00eenlocuit\u0103 cu tehnologia ADS-B, care func\u021bioneaz\u0103 \u00eentr-un mod similar \u0219i este asistat\u0103 din nou de voluntari, informa\u021biile fiind preluate de receptorii ADS-B sau de sta\u021biile de recep\u021bie, \u00een loc de receptoarele AIS.<\/p>\r\n\r\n    \r\n\r\n    <h3>Alte informa\u021bii despre site<\/h3>\r\n    <p style=\"text-align: justify;\">Dac\u0103 informa\u021biile de pe site se refer\u0103 \u00een mare parte \u00een jurul prelu\u0103rii acestor semnale AIS \u00een scopuri de urm\u0103rire, \u00een schimb <strong>informa\u021biile de baz\u0103 despre nave, fotografii ale navelor \u0219i o abunden\u021b\u0103 de alte informa\u021bii<\/strong> sunt ad\u0103ugate \u0219i moderate de voluntari, care formeaz\u0103 nucleul comunit\u0103\u021bii serviciului MarineTraffic.<\/p>\r\n    <p style=\"text-align: justify;\">\u00centre timp, pe l\u00e2ng\u0103 urm\u0103rirea automat\u0103 a loca\u021biei, care este asigurat\u0103 prin utilizarea tehnologiei AIS, pozi\u021biile navelor sunt adesea raportate c\u0103tre serviciul MarineTraffic. Acest lucru poate ajuta ca urm\u0103rirea s\u0103 fie \u0219i mai precis\u0103 \u0219i este <strong>stocat\u0103 ca date istorice \u00een baza de date<\/strong>. Aceasta poate fi utilizat\u0103 ulterior pentru analize statistice, pentru interven\u021bii \u00een caz de urgen\u021b\u0103, pentru investigarea accidentelor \u0219i chiar pentru a evalua efectele vremii asupra vitezei.<\/p>\r\n\r\n\r\n    <h2>Cine folose\u0219te serviciul MarineTraffic?<\/h2>\r\n    <p style=\"text-align: justify;\">Un serviciu online de <a href=\"\/ship-tracker\/\">urm\u0103rire a navelor<\/a> poate p\u0103rea genul de platform\u0103, care i-ar atrage doar pe cei mai pasiona\u021bi <strong>observatori de nave<\/strong> \u0219i s-ar putea s\u0103 nu v\u0103 surprind\u0103 s\u0103 afla\u021bi, c\u0103 fondatorul site-ului, Dimitris Lekkas, face parte din aceast\u0103 categorie. Cu toate acestea, \u00een realitate, serviciul are un public mult mai larg dec\u00e2t acesta.<\/p>\r\n    <div itemscope itemtype=\"https:\/\/schema.org\/ImageObject\">\r\n        <img decoding=\"async\" loading=\"lazy\" class=\"\" style=\"display: block; margin: 20px auto;\" src=\"\/wp-content\/uploads\/2023\/12\/ship_tracking_map.webp\" alt=\"Real-time Ship Tracking Map\" width=\"640\" height=\"366\" itemprop=\"contentUrl\" \/>\r\n        <meta itemprop=\"name\" content=\"Real-time Ship Tracking Map\" \/>\r\n        <meta itemprop=\"description\" content=\"Real-time Ship Tracking Map\" \/>\r\n    <\/div>\r\n    <p style=\"text-align: justify;\">De fapt, \u00een anii de la lansarea sa ini\u021bial\u0103, serviciul MarineTraffic a devenit un <strong>instrument important at\u00e2t pentru afaceri, c\u00e2t \u0219i pentru cercetare<\/strong>, iar platforma este folosit\u0103 \u0219i de guverne, organiza\u021bii comerciale \u0219i servicii de urgen\u021b\u0103. Desigur, acesta r\u0103m\u00e2ne <strong>un instrument valoros at\u00e2t pentru profesioni\u0219tii maritimi c\u00e2t \u0219i pentru amatori<\/strong>.<\/p>\r\n\r\n    \r\n\r\n    <h3>Utilizatorii de baz\u0103<\/h3>\r\n    <p style=\"text-align: justify;\">Grupul principal de utilizatori include <strong>profesioni\u0219ti maritimi, observatori de nave \u0219i al\u021bi pasiona\u021bi<\/strong>. Mul\u021bi dintre utilizatorii din acest grup se aboneaz\u0103 la versiunea pl\u0103tit\u0103 a serviciului \u0219i \u00ee\u0219i dedic\u0103 timpul liber pentru a ajuta comunitatea \u00een mod voluntar, pentru a \u00eenc\u0103rca fotografii \u0219i modera con\u021binutul \u00eenc\u0103rcat pe site.<\/p>\r\n\r\n    <h3>Afaceri \u0219i comer\u021b<\/h3>\r\n    <p style=\"text-align: justify;\">O alt\u0103 utilizare cheie a serviciului MarineTraffic este legat\u0103 de afaceri \u0219i comer\u021b. Utilizarea sa principal\u0103 aici este de a <strong>urm\u0103ri progresul m\u0103rfurilor<\/strong>, care sunt expediate peste ocean. Mai mult dec\u00e2t at\u00e2t, site-ul are un director de afaceri propriu, care ajut\u0103 la stabilirea contactului \u00eentre cump\u0103r\u0103tori \u0219i furnizori.<\/p>\r\n\r\n    <h3>Cercetarea<\/h3>\r\n    <p style=\"text-align: justify;\">Serviciul MarineTraffic se bucur\u0103 de asemenea, de popularitate printre cercet\u0103torii marittimi \u0219i cei interesa\u021bi de tehnologia AIS. \u00centr-adev\u0103r, serviciul a \u00eenfiin\u021bat Re\u021beaua de cercetare a traficului maritim, care a fost conceput\u0103 pentru a <strong>ajuta institu\u021biile academice, funda\u021biile de cercetare \u0219i cercet\u0103torii maritimi individuali. P\u0103r\u021bile interesate pot aplica chiar \u0219i pentru conturi academice speciale<\/strong>.<\/p>\r\n\r\n    <h3>Servicii de securitate \u0219i urgen\u021b\u0103<\/h3>\r\n    <p style=\"text-align: justify;\">Unul dintre cele mai surprinz\u0103toare moduri \u00een care este folosit serviciul MarineTraffic este acela ca instrument pentru a asista <strong>serviciile de urgen\u0163\u0103 la con\u015ftientizarea situa\u0163iei \u015fi investigarea accidentelor<\/strong>. Mai mult, platforma a fost folosit\u0103 \u0219i de unele guverne na\u021bionale \u00een scopuri de securitate, deoarece le permite s\u0103 monitorizeze activitatea \u00een zonele de coast\u0103 \u0219i \u00een jurul acestora.<\/p>\r\n\r\n    \r\n\r\n    <h3>Al\u0163i utilizatori<\/h3>\r\n    <p style=\"text-align: justify;\">Pe l\u00e2ng\u0103 grupurile men\u021bionate, serviciul MarineTraffic a devenit o resurs\u0103 important\u0103 pentru <strong>jurnali\u0219ti \u0219i organiza\u021biile mass-media<\/strong>, care l-au folosit pentru a informa rapoartele despre ISIS \u0219i criza migran\u021bilor. \u00cen plus, exist\u0103 \u0219i utilizatori ocazionali care pot utiliza serviciul MarineTraffic, pentru a urm\u0103ri prietenii sau membrii familiei de la bordul unei nave sau ambarca\u021biuni.<\/p>\r\n\r\n\r\n    <h2>Cum folosi\u021bi serviciul MarineTraffic?<\/h2>\r\n    <p style=\"text-align: justify;\">Dac\u0103 toate acestea par p\u00e2n\u0103 acum, complicate \u0219i excesiv de tehnice, vestea bun\u0103 este c\u0103, serviciul MarineTraffic este <strong>foarte u\u0219or de utilizat<\/strong> \u00een sine, chiar \u0219i de aceia care nu au cuno\u0219tin\u021be tehnice despre tehnologia AIS. \u00cen plus, func\u021biile de baz\u0103 pot fi accesate <strong>de pe o serie de platforme diferite<\/strong>. Site-ul principal este, \u00een sine, platforma web a serviciului \u0219i de acolo, utilizatorii vor putea c\u0103uta, identifica \u0219i urm\u0103ri navele. Cu toate acestea, pe l\u00e2ng\u0103 acesta, exist\u0103 dou\u0103 aplica\u021bii web separate. Prima dintre acestea se integreaz\u0103 cu serviciile prezentate pe platforma web, \u00een timp ce cealalt\u0103 este conceput\u0103 pentru navigatori \u0219i pasiona\u021bi.<\/p>\r\n\r\n    <h3>Platforma web<\/h3>\r\n    <p style=\"text-align: justify;\">Platforma web principal\u0103 a serviciului MarineTraffic <strong>prezint\u0103 o hart\u0103 \u00een direct<\/strong> care arat\u0103 pozi\u021biile navelor. Utilizatorii pot face clic \u0219i mi\u0219ca harta, pentru a se deplasa pe tot globul, pot eviden\u021bia navele pe hart\u0103 pentru a afla mai multe informa\u021bii sau pot folosi simbolurile \u201e+\u201d \u0219i \u201e-\u201d pentru a m\u0103ri sau mic\u0219ora, \u00een timp ce partea st\u00e2ng\u0103 a ecranului are o serie de op\u021biuni mai avansate.<\/p>\r\n    <div itemscope itemtype=\"https:\/\/schema.org\/ImageObject\">\r\n        <img decoding=\"async\" loading=\"lazy\" class=\"\" style=\"display: block; margin: 20px auto;\" src=\"\/wp-content\/uploads\/2023\/12\/marinetraffic_map_interface.webp\" alt=\"Interactive MarineTraffic Map: Live Vessel Tracking, Advanced Features &#038; User Options\" width=\"640\" height=\"366\" itemprop=\"contentUrl\" \/>\r\n        <meta itemprop=\"name\" content=\"Interactive MarineTraffic Map\" \/>\r\n        <meta itemprop=\"description\" content=\"Live Vessel Tracking, Advanced Features &#038; User Options\" \/>\r\n    <\/div>\r\n    <p style=\"text-align: justify;\">\u00cen partea de sus, <strong>simbolul de lup\u0103<\/strong> deschide func\u021bia de c\u0103utare, permi\u021b\u00e2nd utilizatorilor s\u0103 caute o nav\u0103 sau <a href=\"\/sea-ports-of-the-world\/\">un port maritim<\/a>, sau s\u0103 caute o anumit\u0103 loca\u021bie pe hart\u0103. \u00cen timp ce <strong>simbolul de filtru<\/strong> permite utilizatorilor s\u0103 filtreze navele prezentate pe hart\u0103 \u00een func\u021bie de tipul navei, capacitatea, starea curent\u0103 \u0219i multe altele.<\/p>\r\n    <p style=\"text-align: justify;\">Simbolul care prezint\u0103 trei ambarca\u021biuni este op\u021biunea \u2018Flotele mele\u2019. Prin accesarea acestui meniu, utilizatorii au op\u021biunea de a crea o flot\u0103 \u0219i de a ad\u0103uga nave la aceasta, ceea ce face mai u\u0219or urm\u0103rirea mai multor nave \u00een acela\u0219i timp.<\/p>\r\n    <p style=\"text-align: justify;\">Un <strong>cont de baz\u0103 MarineTraffic este gratuit<\/strong> \u0219i poate fi utilizat pentru o perioad\u0103 nedeterminat\u0103. Cu toate acestea, serviciul MarineTraffic este clasificat ca un <strong>serviciul \u2018freemium\u2019<\/strong> deoarece un cont premium pl\u0103tit deschide o serie de func\u021bii suplimentare. Printre acestea se num\u0103r\u0103 capacitatea de a crea flote mai mari, de a folosi pictograme personalizate pentru flot\u0103, de a accesa prognozele de v\u00e2nt \u0219i de a vizualiza un istoric de c\u0103l\u0103torie de 30 de zile.<\/p>\r\n\r\n    \r\n\r\n    <h3>Aplica\u021bii mobile<\/h3>\r\n    <p style=\"text-align: justify;\">Pe l\u00e2ng\u0103 platforma web principal\u0103, serviciul MarineTraffic are \u0219i <strong>dou\u0103 aplica\u021bii mobile separate<\/strong>, care sunt disponibile pentru dispozitivele <a target=\"_blank\" rel=\"noopener nofollow\" href=\"https:\/\/play.google.com\/\">Android<\/a> \u0219i <a target=\"_blank\" rel=\"noopener nofollow\" href=\"https:\/\/www.apple.com\/app-store\/\">iOS<\/a>. Prima dintre acestea, <strong>Pozi\u021biile navelor MarineTraffic<\/strong>, este similar\u0103 cu platforma web, dar este mai prietenoas\u0103 cu dispozitivele mobile dec\u00e2t utilizarea site-ului web pe un browser mobil.<\/p>\r\n    <p style=\"text-align: justify;\">To\u021bi de\u021bin\u0103torii de cont pot folosi aplica\u021bia, inclusiv cei cu un cont de baz\u0103 gratuit, cei cu un cont premium pl\u0103tit sau cei cu un cont special de cercetare sau academic, dar aplica\u021bia \u00een sine nu este gratuit\u0103 \u0219i este necesar\u0103 o mic\u0103 tax\u0103 pentru o desc\u0103rca. Caracteristicile disponibile \u00een cadrul aplica\u021biei depind de tipul de cont de\u021binut de utilizator.<\/p>\r\n    <p style=\"text-align: justify;\">Pe l\u00e2ng\u0103 aplica\u021bia mobil\u0103 principal\u0103 MarineTraffic, platforma are \u0219i o aplica\u021bie mobil\u0103 separat\u0103, cunoscut\u0103 sub numele de <strong>MarineTraffic OnCourse<\/strong>. Aceast\u0103 aplica\u021bie este destinat\u0103 celor interesa\u021bi de naviga\u021bie sau yachting sau celor care se ocup\u0103 de nave mai mari \u0219i ofer\u0103 o gam\u0103 mai avansat\u0103 de func\u021bii. De exemplu, aplica\u021bia permite navigatorilor s\u0103-\u0219i raporteze singuri loca\u021bia \u00een cadrul aplica\u021biei \u0219i s\u0103 \u00eencarce cu u\u0219urin\u021b\u0103 fotografii \u0219i alte informa\u021bii despre nava lor.<\/p>\r\n\r\n    <script async>\r\n        jQuery(document).ready(function ($) {\r\n            $(\"#showradar-shiptracker\").click(function () {\r\n                $(\"#showhere-shiptracker\").html('<iframe loading=\"lazy\" id=\"marinetraffic\" name=\"marinetraffic\" scrolling=\"no\" class=\"shiptracker-mapsize\" width=\"100%\" height=\"600\" src=\"https:\/\/www.marinetraffic.com\/ro\/ais\/embed\/zoom:4\/centery:42\/centerx:6.7\/maptype:1\/shownames:false\/mmsi:0\/shipid:0\/fleet:\/fleet_id:\/vtypes:\/showmenu:\/remember:false\"><\/iframe>');\r\n                $(\"#framesize-shiptracker\").css(\"height\", \"600px\");\r\n                $(\"#shiptracker-wrapper\").addClass(\"shiptracker-mapsize\");\r\n                $(\"#showradar-shiptracker\").hide();\r\n                $(\".shiptracker-backgroundimage\").hide();\r\n                $(\".shiptracker.draw-white\").hide();\r\n            });\r\n        });\r\n    <\/script>\r\n\r\n<\/div>\r\n","protected":false},"excerpt":{"rendered":"<p>S T A R T Always up-to-date &#8211; ship tracking with MarineTraffic MarineTraffic este un serviciu de urm\u0103rire a navelor<\/p>\n","protected":false},"author":1,"featured_media":0,"parent":0,"menu_order":1,"comment_status":"closed","ping_status":"closed","template":"","meta":{"colormag_page_container_layout":"default_layout","colormag_page_sidebar_layout":"default_layout","footnotes":""},"class_list":["post-24151","page","type-page","status-publish","hentry"],"_links":{"self":[{"href":"https:\/\/shiptracker.live\/ro\/wp-json\/wp\/v2\/pages\/24151","targetHints":{"allow":["GET"]}}],"collection":[{"href":"https:\/\/shiptracker.live\/ro\/wp-json\/wp\/v2\/pages"}],"about":[{"href":"https:\/\/shiptracker.live\/ro\/wp-json\/wp\/v2\/types\/page"}],"author":[{"embeddable":true,"href":"https:\/\/shiptracker.live\/ro\/wp-json\/wp\/v2\/users\/1"}],"replies":[{"embeddable":true,"href":"https:\/\/shiptracker.live\/ro\/wp-json\/wp\/v2\/comments?post=24151"}],"version-history":[{"count":3,"href":"https:\/\/shiptracker.live\/ro\/wp-json\/wp\/v2\/pages\/24151\/revisions"}],"predecessor-version":[{"id":24158,"href":"https:\/\/shiptracker.live\/ro\/wp-json\/wp\/v2\/pages\/24151\/revisions\/24158"}],"wp:attachment":[{"href":"https:\/\/shiptracker.live\/ro\/wp-json\/wp\/v2\/media?parent=24151"}],"curies":[{"name":"wp","href":"https:\/\/api.w.org\/{rel}","templated":true}]}}