{"id":24117,"date":"2018-02-03T00:53:46","date_gmt":"2018-02-03T00:53:46","guid":{"rendered":"https:\/\/shiptracker.live\/marinetraffic\/"},"modified":"2024-01-13T18:31:07","modified_gmt":"2024-01-13T17:31:07","slug":"marinetraffic","status":"publish","type":"page","link":"https:\/\/shiptracker.live\/pl\/","title":{"rendered":"MarineTraffic"},"content":{"rendered":"\r\n<!-- META\r\n\t<title>Zawsze na bie\u017c\u0105co - \u015bledzenie statk\u00f3w z MarineTraffic<\/title>\r\n\t<meta name=\"description\" content=\"MarineTraffic - \u015aledzenie statk\u00f3w i jacht\u00f3w na \u017cywo z wykorzystaniem map AIS. \u2705 Typy statk\u00f3w, trasy \u2705 Status statku i wi\u0119cej.\" \/>\r\n-->\r\n<link rel=\"preconnect\" href=\"https:\/\/ads.themoneytizer.com\">\r\n<link rel=\"preconnect\" href=\"https:\/\/www.marinetraffic.com\">\r\n<script src=\"\/js\/youtubelazyload.js\"><\/script>\r\n<style>\r\n    @media only screen and (min-width: 769px) {\r\n        .shiptracker-mapsize {\r\n            margin-left: calc(50% - 50vw) !important;\r\n            margin-right: calc(50% - 50vw) !important;\r\n            max-width: unset !important;\r\n        }\r\n    }\r\n\r\n    .shiptracker.container {\r\n        position: relative;\r\n        width: 100%;\r\n    }\r\n\r\n    .shiptracker.container .shiptracker.btn {\r\n        position: absolute;\r\n        top: 50%;\r\n        left: 50%;\r\n        transform: translate(-50%, -50%);\r\n        -ms-transform: translate(-50%, -50%);\r\n        background-color: #e6d250;\r\n        color: #000;\r\n        font-weight: 700;\r\n        font-size: 18px;\r\n        padding: 24px 48px;\r\n        border: none;\r\n        cursor: pointer;\r\n        border-radius: 5px\r\n    }\r\n\r\n    .shiptracker.container .shiptracker.btn:hover {\r\n        background-color: #b5a21a\r\n    }\r\n\r\n    .shiptracker.draw-white {\r\n        background-image: linear-gradient(rgb(255, 255, 255, 0.01),\r\n                rgb(255, 255, 255, 0.4),\r\n                rgb(255, 255, 255, 0.6),\r\n                rgb(255, 255, 255, 0.4),\r\n                rgb(255, 255, 255, 0.01));\r\n        height: 120px;\r\n        width: 100%;\r\n        position: absolute;\r\n    }\r\n\r\n    .shiptracker-backgroundimage {\r\n        overflow: hidden !important;\r\n        height: 350px !important;\r\n        width: 100%;\r\n        background-image: url(\/wp-content\/uploads\/2023\/08\/shiptracker-placeholder_org.webp);\r\n        background-position: center center;\r\n        background-repeat: no-repeat;\r\n        display: flex;\r\n        justify-content: center;\r\n        align-items: center;\r\n        background-size: cover;\r\n        border-radius: 1rem;\r\n        box-shadow: rgba(0, 0, 0, 0.24) 0px 4px 8px;\r\n    }\r\n\r\n    .shiptracker-backgroundimage::before {\r\n        content: \"\";\r\n        position: absolute;\r\n        top: 0;\r\n        left: 0;\r\n        width: 100%;\r\n        height: 100%;\r\n        border-radius: 1rem;\r\n        background-color: rgba(0, 0, 0, 0.3);\r\n        \/* Half-transparent black layer *\/\r\n    }\r\n\r\n    .youtube-player {\r\n        position: relative;\r\n        padding-bottom: 56.25%;\r\n        height: 0;\r\n        overflow: hidden;\r\n        max-width: 100%;\r\n        background: #000;\r\n        margin: 0px;\r\n        border-radius: 25px;\r\n    }\r\n\r\n    .youtube-player iframe {\r\n        position: absolute;\r\n        top: 0;\r\n        left: 0;\r\n        width: 100%;\r\n        height: 100%;\r\n        z-index: 100;\r\n        background: transparent;\r\n    }\r\n\r\n    .youtube-player img {\r\n        object-fit: cover;\r\n        display: block;\r\n        left: 0;\r\n        bottom: 0;\r\n        margin: auto;\r\n        max-width: 100%;\r\n        width: 100%;\r\n        position: absolute;\r\n        right: 0;\r\n        top: 0;\r\n        border: none;\r\n        height: auto;\r\n        cursor: pointer;\r\n        -webkit-transition: 0.4s all;\r\n        -moz-transition: 0.4s all;\r\n        transition: 0.4s all;\r\n    }\r\n\r\n    .youtube-player img:hover {\r\n        -webkit-filter: brightness(75%);\r\n        -moz-filter: brightness(75%);\r\n        filter: brightness(75%);\r\n    }\r\n\r\n    .youtube-player .play {\r\n        height: 72px;\r\n        width: 72px;\r\n        left: 50%;\r\n        top: 50%;\r\n        margin-left: -36px;\r\n        margin-top: -36px;\r\n        position: absolute;\r\n        background: url(\"https:\/\/upload.wikimedia.org\/wikipedia\/commons\/b\/b8\/YouTube_play_button_icon_(2013%E2%80%932017).svg\") no-repeat;\r\n        cursor: pointer;\r\n    }\r\n\r\n    .video-container-wrapper {\r\n        display: block;\r\n        margin: 25px auto;\r\n        box-shadow: 0 4px 8px 0 rgb(0 0 0 \/ 20%), 0 6px 20px 0 rgb(0 0 0 \/ 19%);\r\n        border-radius: 25px;\r\n        max-width: 640px;\r\n    }\r\n<\/style>\r\n\r\n<div id=\"shiptracker-wrapper\">\r\n    <div class=\"shiptracker container\" id=\"framesize-shiptracker\" style=\"height:350px;\">\r\n        <div id=\"showhere-shiptracker\"><\/div>\r\n        <div class=\"shiptracker-backgroundimage\" id=\"framesize\">\r\n            <div class=\"shiptracker draw-white\"><\/div>\r\n            <div class=\"shiptracker btn\" id=\"showradar-shiptracker\" rel=\"nofollow\">S T A R T<\/div>\r\n        <\/div>\r\n    <\/div>\r\n<\/div>\r\n\r\n<div class='code-block code-block-5' style='margin: 8px auto; text-align: center; display: block; clear: both;'>\n<div class=\"themoneytizer\" style=\"min-height: 150px;display:block;\">\n<div id=\"99140-1\">\n<script async src=\"https:\/\/ads.themoneytizer.com\/s\/gen.js?type=1\"><\/script>\n<script async src=\"https:\/\/ads.themoneytizer.com\/s\/requestform.js?siteId=99140&formatId=1\"><\/script>\n<\/div>\n<\/div><\/div>\n\r\n\r\n\r\n<div>\r\n    <h1>Zawsze na bie\u017c\u0105co &#8211; \u015bledzenie statk\u00f3w z MarineTraffic<\/h1>\r\n    <p style=\"text-align: justify;\"><strong>MarineTraffic<\/strong> to us\u0142uga \u015bledzenia statk\u00f3w i informacji morskich za\u0142o\u017cona przez Dimitrisa Lekkasa w 2007 roku. Us\u0142uga ta jest powszechnie uznawana za najbardziej kompleksow\u0105 morsk\u0105 baz\u0119 danych na \u015bwiecie i mo\u017ce <strong>pochwali\u0107 si\u0119 ponad sze\u015bcioma milionami unikalnych u\u017cytkownik\u00f3w miesi\u0119cznie<\/strong>, a tak\u017ce ponad milionem zarejestrowanych posiadaczy kont. Zasadniczo us\u0142uga zosta\u0142a za\u0142o\u017cona przez Lekkasa, poniewa\u017c ju\u017c wcze\u015bniej interesowa\u0142 si\u0119 komputerami i wykrywaniem statk\u00f3w i zainteresowa\u0142 si\u0119 praktycznymi zastosowaniami technologii \u015bledzenia statk\u00f3w AIS. Nie wiedzia\u0142, \u017ce wkr\u00f3tce stworzy <strong>jedn\u0105 z najwa\u017cniejszych baz danych transportowych na \u015bwiecie<\/strong>. Us\u0142uga MarineTraffic jest <strong>dost\u0119pna do u\u017cytku za darmo<\/strong>, cho\u0107 istnieje r\u00f3wnie\u017c wersja p\u0142atna, dodaj\u0105ca bardziej zaawansowane funkcje. MarineTraffic wykorzystuje technologi\u0119 \u015bledzenia statk\u00f3w AIS do rejestrowania 800 milion\u00f3w lokalizacji statk\u00f3w ka\u017cdego miesi\u0105ca, a jego baza danych zawiera r\u00f3wnie\u017c informacje o statkach, takie jak czas i miejsce ich budowy.<\/p>\r\n\r\n    <div class=\"video-container-wrapper\">\r\n        <div class=\"youtube-player\" data-id=\"7aGlcFENOrs\" itemprop=\"video\" itemscope itemtype=\"http:\/\/schema.org\/VideoObject\">\r\n            <meta itemprop=\"name\" content=\"MarineTraffic\" \/>\r\n            <meta itemprop=\"description\" content=\"MarineTraffic is the world\u2019s leading provider of ship tracking and maritime intelligence.\" \/>\r\n            <meta itemprop=\"thumbnailUrl\" content=\"https:\/\/i.ytimg.com\/vi_webp\/7aGlcFENOrs\/hqdefault.webp\" \/>\r\n            <meta itemprop=\"uploadDate\" content=\"2013-10-15T18:43:52Z\" \/>\r\n            <meta itemprop=\"duration\" content=\"PT1M54S\" \/>\r\n            <meta itemprop=\"embedUrl\" content=\"https:\/\/www.youtube.com\/embed\/7aGlcFENOrs\" \/>\r\n        <\/div>\r\n    <\/div>\r\n\r\n    <h2>Jak dzia\u0142a MarineTraffic?<\/h2>\r\n    <p style=\"text-align: justify;\">Us\u0142uga MarineTraffic wykorzystuje <strong>technologi\u0119 \u015bledzenia AIS<\/strong> w celu dostarczania informacji o identyfikacji, kursie, pr\u0119dko\u015bci i bie\u017c\u0105cej lokalizacji statk\u00f3w. Stamt\u0105d lokalizacje mog\u0105 by\u0107 nak\u0142adane na <strong>Mapy Google<\/strong>, w wyniku czego u\u017cytkownicy mog\u0105 korzysta\u0107 z us\u0142ugi do \u015bledzenia ruch\u00f3w statk\u00f3w i innych jednostek p\u0142ywaj\u0105cych w czasie rzeczywistym.<\/p>\r\n    <p style=\"text-align: justify;\">Ponadto niekt\u00f3re informacje dotycz\u0105ce <strong>lokalizacji statk\u00f3w s\u0105 zg\u0142aszane samodzielnie<\/strong> przez osoby znajduj\u0105ce si\u0119 na pok\u0142adzie. Informacje te s\u0105 nast\u0119pnie wykorzystywane do zapewnienia dok\u0142adniejszej i bardziej aktualnej mapy lokalizacji statk\u00f3w.<\/p>\r\n    <p style=\"text-align: justify;\">Opr\u00f3cz \u015bledzenia pozycji statk\u00f3w, <a href=\"\/pl\/marinetraffic\/\">MarineTraffic<\/a> zapewnia r\u00f3wnie\u017c podstawowe informacje o statkach, takie jak miejsce ich budowy, kiedy zosta\u0142y zbudowane, ich numer IMO (Mi\u0119dzynarodowa Organizacja Morska), ile wa\u017c\u0105, a nawet ich zdj\u0119cia. Wiele z tych informacji jest przekazywanych dobrowolnie przez cz\u0142onk\u00f3w spo\u0142eczno\u015bci.<\/p>\r\n\r\n    <div class='code-block code-block-14' style='margin: 8px auto; text-align: center; display: block; clear: both;'>\n    <!-- Begin themoneytizer BOTTOM MEDIUM RECTANGLE code -->\n    <div class=\"themoneytizer\" style=\"min-height: 250px; margin: 20px auto;\">\n        <div id=\"99140-19\">\n            <script src=\"\/\/ads.themoneytizer.com\/s\/gen.js?type=19\"><\/script>\n            <script src=\"\/\/ads.themoneytizer.com\/s\/requestform.js?siteId=99140&formatId=19\"><\/script>\n        <\/div>\n    <\/div>\n    <!-- End themoneytizer BOTTOM MEDIUM RECTANGLE code --><\/div>\n\r\n\r\n    <h3>Czym jest technologia AIS?<\/h3>\r\n    <p style=\"text-align: justify;\">AIS oznacza \u201esystem automatycznej identyfikacji\u201d i odnosi si\u0119 do systemu \u015bledzenia u\u017cywanego na statkach i <a href=\"\/pl\/vesselfinder\/\">VesselFinder<\/a>. Od 2004 r. wszystkie statki pasa\u017cerskie dowolnej wielko\u015bci i wszystkie statki \u017ceglugi mi\u0119dzynarodowej o pojemno\u015bci brutto 300 lub wi\u0119kszej musz\u0105 by\u0107 wyposa\u017cone w transponder AIS, kt\u00f3ry jest w stanie przesy\u0142a\u0107 i odbiera\u0107 dane AIS.<\/p>\r\n    <div itemscope itemtype=\"https:\/\/schema.org\/ImageObject\">\r\n        <img decoding=\"async\" loading=\"lazy\" class=\"\" style=\"display: block; margin: 20px auto;\" src=\"\/wp-content\/uploads\/2020\/06\/body-of-water-3122008_430.jpg.webp\" alt=\"Voge Master vessel in full drive on the ocean - MMSI no. 256089000\" width=\"430\" height=\"290\" itemprop=\"contentUrl\" \/>\r\n        <meta itemprop=\"name\" content=\"Voge Master vessel\" \/>\r\n        <meta itemprop=\"description\" content=\"Voge Master vessel in full drive on the ocean - MMSI no. 256089000\" \/>\r\n    <\/div>\r\n    <p style=\"text-align: justify;\"><strong>Transponder AIS przesy\u0142a informacje GPS<\/strong>, a tak\u017ce szereg dodatkowych danych, kt\u00f3re s\u0105 nast\u0119pnie odbierane przez stacje odbiorcze AIS. Us\u0142uga MarineTraffic korzysta z <strong>ponad 3000 takich stacji<\/strong> rozmieszczonych na ca\u0142ym \u015bwiecie, umo\u017cliwiaj\u0105c \u015bledzenie pozycji, identyfikacj\u0119 statk\u00f3w, wyznaczanie kurs\u00f3w, a nawet monitorowanie pr\u0119dko\u015bci.<\/p>\r\n    <p style=\"text-align: justify;\">Pod wieloma wzgl\u0119dami technologi\u0119 MarineTraffic AIS mo\u017cna uzna\u0107 za podobn\u0105 do technologii radaru lotniczego wykorzystywanej przez us\u0142ugi takie jak <a href=\"https:\/\/flightradar.live\/pl\/\">Flightradar24<\/a> do \u015bledzenia samolot\u00f3w. W tym konkretnym przypadku technologia AIS jest zast\u0119powana przez technologi\u0119 ADS-B, kt\u00f3ra dzia\u0142a w podobny spos\u00f3b i ponownie jest wspomagana przez wolontariuszy, a informacje s\u0105 odbierane przez odbiorniki ADS-B lub stacje odbiorcze zamiast odbiornik\u00f3w AIS.<\/p>\r\n\r\n    \r\n\r\n    <h3>Pozosta\u0142e informacje na stronie<\/h3>\r\n    <p style=\"text-align: justify;\">Podczas gdy informacje na stronie w du\u017cej mierze obracaj\u0105 si\u0119 wok\u00f3\u0142 odbierania sygna\u0142\u00f3w AIS do cel\u00f3w \u015bledzenia, <strong>podstawowe informacje o statkach, zdj\u0119cia statk\u00f3w i mn\u00f3stwo innych informacji<\/strong> s\u0105 r\u00f3wnie\u017c dodawane i moderowane przez wolontariuszy, kt\u00f3rzy stanowi\u0105 rdze\u0144 spo\u0142eczno\u015bci MarineTraffic.<\/p>\r\n    <p style=\"text-align: justify;\">W mi\u0119dzyczasie, opr\u00f3cz automatycznego \u015bledzenia lokalizacji, kt\u00f3re jest zapewniane dzi\u0119ki wykorzystaniu technologii AIS, pozycje statk\u00f3w s\u0105 r\u00f3wnie\u017c cz\u0119sto samodzielnie zg\u0142aszane do MarineTraffic. Mo\u017ce to pom\u00f3c w jeszcze dok\u0142adniejszym \u015bledzeniu i jest <strong>przechowywane jako dane historyczne w bazie danych<\/strong>. Nast\u0119pnie mo\u017cna si\u0119 do niego odwo\u0142a\u0107 w celu analizy statystycznej, reagowania w sytuacjach awaryjnych, badania wypadk\u00f3w, a nawet oceny wp\u0142ywu pogody na pr\u0119dko\u015b\u0107.<\/p>\r\n\r\n\r\n    <h2>Kto korzysta z MarineTraffic?<\/h2>\r\n    <p style=\"text-align: justify;\">Us\u0142uga <a href=\"\/ship-tracker\/\">\u015bledzenia statk\u00f3w<\/a> online mo\u017ce wydawa\u0107 si\u0119 rodzajem platformy, kt\u00f3ra spodoba\u0142aby si\u0119 tylko najbardziej oddanym obserwatorom statk\u00f3w i nie jest zaskoczeniem, \u017ce za\u0142o\u017cyciel strony, Dimitris Lekkas, sam zalicza si\u0119 do tej kategorii. W rzeczywisto\u015bci jednak us\u0142uga ma znacznie szersze grono odbiorc\u00f3w.<\/p>\r\n    <div itemscope itemtype=\"https:\/\/schema.org\/ImageObject\">\r\n        <img decoding=\"async\" loading=\"lazy\" class=\"\" style=\"display: block; margin: 20px auto;\" src=\"\/wp-content\/uploads\/2023\/12\/ship_tracking_map.webp\" alt=\"Real-time Ship Tracking Map\" width=\"640\" height=\"366\" itemprop=\"contentUrl\" \/>\r\n        <meta itemprop=\"name\" content=\"Real-time Ship Tracking Map\" \/>\r\n        <meta itemprop=\"description\" content=\"Real-time Ship Tracking Map\" \/>\r\n    <\/div>\r\n    <p style=\"text-align: justify;\">W rzeczywisto\u015bci, w ci\u0105gu kilku lat od pierwszego uruchomienia, us\u0142uga MarineTraffic sta\u0142a si\u0119 <strong>wa\u017cnym narz\u0119dziem zar\u00f3wno dla cel\u00f3w biznesowych, jak i badawczych<\/strong>, a platforma jest r\u00f3wnie\u017c wykorzystywana przez rz\u0105dy, organizacje handlowe i s\u0142u\u017cby ratunkowe. Oczywi\u015bcie pozostaje <strong>cennym narz\u0119dziem zar\u00f3wno dla profesjonalist\u00f3w morskich, jak i hobbyst\u00f3w<\/strong>.<\/p>\r\n\r\n    \r\n\r\n    <h3>G\u0142\u00f3wni u\u017cytkownicy<\/h3>\r\n    <p style=\"text-align: justify;\">G\u0142\u00f3wna grupa u\u017cytkownik\u00f3w obejmuje <strong>profesjonalist\u00f3w z bran\u017cy morskiej, obserwator\u00f3w statk\u00f3w i innych hobbyst\u00f3w<\/strong>. Wiele os\u00f3b z tej grupy subskrybuje p\u0142atn\u0105 wersj\u0119 us\u0142ugi i po\u015bwi\u0119ca sw\u00f3j wolny czas na dobrowoln\u0105 pomoc spo\u0142eczno\u015bci, przesy\u0142anie zdj\u0119\u0107 i moderowanie tre\u015bci przesy\u0142anych do serwisu.<\/p>\r\n\r\n    <h3>Biznes i handel<\/h3>\r\n    <p style=\"text-align: justify;\">Inne kluczowe zastosowanie us\u0142ugi MarineTraffic jest zwi\u0105zane z biznesem i handlem. Jego g\u0142\u00f3wnym zastosowaniem jest <strong>\u015bledzenie post\u0119pu \u0142adunku<\/strong> wysy\u0142anego za granic\u0119. Co wi\u0119cej, witryna zawiera w\u0142asny katalog firm, pomagaj\u0105c w nawi\u0105zywaniu kontakt\u00f3w mi\u0119dzy kupuj\u0105cymi i dostawcami.<\/p>\r\n\r\n    <h3>Badania<\/h3>\r\n    <p style=\"text-align: justify;\">MarineTraffic cieszy si\u0119 r\u00f3wnie\u017c popularno\u015bci\u0105 w\u015br\u00f3d badaczy morskich i os\u00f3b zainteresowanych technologi\u0105 AIS. Rzeczywi\u015bcie, serwis utworzy\u0142 MarineTraffic Research Network, kt\u00f3ra ma na celu <strong>pomoc instytucjom akademickim, fundacjom badawczym i indywidualnym badaczom morskim<\/strong>. Zainteresowane strony mog\u0105 nawet ubiega\u0107 si\u0119 o specjalne konta akademickie.<\/p>\r\n\r\n    <h3>Bezpiecze\u0144stwo i s\u0142u\u017cby ratunkowe<\/h3>\r\n    <p style=\"text-align: justify;\">Jednym z bardziej zaskakuj\u0105cych sposob\u00f3w wykorzystania MarineTraffic jest pomoc <strong>s\u0142u\u017cbom ratunkowym w zakresie \u015bwiadomo\u015bci sytuacyjnej i badania wypadk\u00f3w<\/strong>. Co wi\u0119cej, platforma by\u0142a r\u00f3wnie\u017c wykorzystywana przez niekt\u00f3re rz\u0105dy krajowe do cel\u00f3w bezpiecze\u0144stwa, poniewa\u017c pozwala im monitorowa\u0107 aktywno\u015b\u0107 w ich obszarach przybrze\u017cnych i wok\u00f3\u0142 nich.<\/p>\r\n\r\n    \r\n\r\n    <h3>Inni u\u017cytkownicy<\/h3>\r\n    <p style=\"text-align: justify;\">Opr\u00f3cz wspomnianych grup, MarineTraffic sta\u0142 si\u0119 r\u00f3wnie\u017c wa\u017cnym \u017ar\u00f3d\u0142em informacji dla <strong>dziennikarzy i organizacji medialnych<\/strong>, kt\u00f3re wykorzysta\u0142y go do informowania o ISIS i kryzysie migracyjnym. Ponadto istniej\u0105 r\u00f3wnie\u017c przypadkowi u\u017cytkownicy, kt\u00f3rzy mog\u0105 wykorzystywa\u0107 MarineTraffic do \u015bledzenia znajomych lub cz\u0142onk\u00f3w rodziny na pok\u0142adzie statku lub okr\u0119tu.<\/p>\r\n\r\n\r\n    <h2>Jak korzysta\u0107 z MarineTraffic?<\/h2>\r\n    <p style=\"text-align: justify;\">Je\u015bli do tej pory wszystko to wydaje si\u0119 skomplikowane i zbyt techniczne, dobr\u0105 wiadomo\u015bci\u0105 jest to, \u017ce sama us\u0142uga MarineTraffic jest <strong>bardzo \u0142atwa w u\u017cyciu<\/strong>, nawet dla os\u00f3b bez wiedzy technicznej na temat technologii AIS. Dodatkowo, podstawowe funkcje s\u0105 dost\u0119pne <strong>z wielu r\u00f3\u017cnych platform<\/strong>. G\u0142\u00f3wna strona internetowa jest sama w sobie platform\u0105 internetow\u0105 us\u0142ugi, z kt\u00f3rej u\u017cytkownicy b\u0119d\u0105 mogli wyszukiwa\u0107, identyfikowa\u0107 i \u015bledzi\u0107 statki. Opr\u00f3cz tego istniej\u0105 jednak dwie oddzielne aplikacje internetowe. Pierwsza z nich integruje si\u0119 z us\u0142ugami widocznymi na platformie internetowej, podczas gdy druga jest przeznaczona dla \u017ceglarzy i hobbyst\u00f3w.<\/p>\r\n\r\n    <h3>Platforma internetowa<\/h3>\r\n    <p style=\"text-align: justify;\">G\u0142\u00f3wna platforma internetowa MarineTraffic <strong>zawiera map\u0119 na \u017cywo<\/strong> pokazuj\u0105c\u0105 pozycje statk\u00f3w. U\u017cytkownicy mog\u0105 klika\u0107 i przeci\u0105ga\u0107 map\u0119, aby porusza\u0107 si\u0119 po ca\u0142ym \u015bwiecie, pod\u015bwietla\u0107 statki na mapie, aby uzyska\u0107 wi\u0119cej informacji, lub u\u017cywa\u0107 symboli \u201e+\u201d i \u201e-\u201d, aby powi\u0119ksza\u0107 lub pomniejsza\u0107, podczas gdy po lewej stronie ekranu znajduje si\u0119 szereg bardziej zaawansowanych opcji.<\/p>\r\n    <div itemscope itemtype=\"https:\/\/schema.org\/ImageObject\">\r\n        <img decoding=\"async\" loading=\"lazy\" class=\"\" style=\"display: block; margin: 20px auto;\" src=\"\/wp-content\/uploads\/2023\/12\/marinetraffic_map_interface.webp\" alt=\"Interactive MarineTraffic Map: Live Vessel Tracking, Advanced Features &#038; User Options\" width=\"640\" height=\"366\" itemprop=\"contentUrl\" \/>\r\n        <meta itemprop=\"name\" content=\"Interactive MarineTraffic Map\" \/>\r\n        <meta itemprop=\"description\" content=\"Live Vessel Tracking, Advanced Features &#038; User Options\" \/>\r\n    <\/div>\r\n    <p style=\"text-align: justify;\">U g\u00f3ry, symbol szk\u0142a powi\u0119kszaj\u0105cego otwiera funkcj\u0119 wyszukiwania, umo\u017cliwiaj\u0105c u\u017cytkownikom wyszukiwanie statku lub <a href=\"\/sea-ports-of-the-world\/\">portu morskiegolub<\/a> wyszukiwanie okre\u015blonej lokalizacji na mapie. Tymczasem symbol filtra pozwala u\u017cytkownikom filtrowa\u0107 statki wy\u015bwietlane na mapie w oparciu o typ statku, pojemno\u015b\u0107, aktualny status i inne.<\/p>\r\n    <p style=\"text-align: justify;\">Wreszcie, symbol przedstawiaj\u0105cy trzy \u0142odzie to opcja \u201eMy Fleets\u201d. Uzyskuj\u0105c dost\u0119p do tego menu, u\u017cytkownicy maj\u0105 mo\u017cliwo\u015b\u0107 utworzenia floty i dodania do niej statk\u00f3w, co u\u0142atwia \u015bledzenie wielu statk\u00f3w w tym samym czasie.<\/p>\r\n    <p style=\"text-align: justify;\"><strong>Podstawowe konto MarineTraffic<\/strong> jest bezp\u0142atne i mo\u017ce by\u0107 u\u017cywane przez czas nieokre\u015blony. MarineTraffic jest jednak klasyfikowany jako <strong>us\u0142uga \u201efreemium\u201d<\/strong>, poniewa\u017c p\u0142atne konto premium otwiera szereg dodatkowych funkcji. W\u015br\u00f3d nich jest mo\u017cliwo\u015b\u0107 tworzenia wi\u0119kszych flot, korzystania z niestandardowych ikon flot, uzyskiwania dost\u0119pu do prognoz wiatru i przegl\u0105dania 30-dniowej historii rejs\u00f3w.<\/p>\r\n\r\n    \r\n\r\n    <h3>Aplikacje mobilne<\/h3>\r\n    <p style=\"text-align: justify;\">Opr\u00f3cz g\u0142\u00f3wnej platformy internetowej, us\u0142uga MarineTraffic posiada r\u00f3wnie\u017c <strong>dwie oddzielne aplikacje mobilne<\/strong>, kt\u00f3re s\u0105 dost\u0119pne dla urz\u0105dze\u0144 z systemem <a target=\"_blank\" rel=\"noopener nofollow\" href=\"https:\/\/play.google.com\/\">Android<\/a> i <a target=\"_blank\" rel=\"noopener nofollow\" href=\"https:\/\/www.apple.com\/app-store\/\">iOS<\/a>. Pierwsza z nich, <strong>MarineTraffic Ship Positions<\/strong>, jest podobna do platformy internetowej, ale jest bardziej przyjazna dla urz\u0105dze\u0144 mobilnych ni\u017c korzystanie ze strony internetowej w przegl\u0105darce mobilnej.<\/p>\r\n    <p style=\"text-align: justify;\">Z aplikacji mog\u0105 korzysta\u0107 wszyscy posiadacze kont, w tym ci z podstawowym darmowym kontem, ci z p\u0142atnym kontem premium lub ci ze specjalnym kontem badawczym lub akademickim, ale sama aplikacja nie jest darmowa, a do jej pobrania wymagana jest niewielka op\u0142ata. Funkcje dost\u0119pne w aplikacji b\u0119d\u0105 zale\u017ce\u0107 od typu konta posiadanego przez u\u017cytkownika.<\/p>\r\n    <p style=\"text-align: justify;\">Opr\u00f3cz g\u0142\u00f3wnej aplikacji mobilnej MarineTraffic, platforma posiada r\u00f3wnie\u017c oddzieln\u0105 aplikacj\u0119 mobiln\u0105 znan\u0105 jako <strong>MarineTraffic OnCourse<\/strong>. Ta aplikacja jest przeznaczona dla os\u00f3b zainteresowanych \u017ceglarstwem lub jachtingiem lub tych, kt\u00f3rzy s\u0105 odpowiedzialni za wi\u0119ksze statki i zapewnia bardziej zaawansowany zakres funkcji. Na przyk\u0142ad, aplikacja umo\u017cliwia \u017ceglarzom samodzielne zg\u0142aszanie swojej lokalizacji z poziomu aplikacji oraz \u0142atwe przesy\u0142anie zdj\u0119\u0107 i innych informacji o swojej \u0142odzi.<\/p>\r\n\r\n    <script async>\r\n        jQuery(document).ready(function ($) {\r\n            $(\"#showradar-shiptracker\").click(function () {\r\n                $(\"#showhere-shiptracker\").html('<iframe loading=\"lazy\" id=\"marinetraffic\" name=\"marinetraffic\" scrolling=\"no\" class=\"shiptracker-mapsize\" width=\"100%\" height=\"600\" src=\"https:\/\/www.marinetraffic.com\/pl\/ais\/embed\/zoom:4\/centery:42\/centerx:6.7\/maptype:1\/shownames:false\/mmsi:0\/shipid:0\/fleet:\/fleet_id:\/vtypes:\/showmenu:\/remember:false\"><\/iframe>');\r\n                $(\"#framesize-shiptracker\").css(\"height\", \"600px\");\r\n                $(\"#shiptracker-wrapper\").addClass(\"shiptracker-mapsize\");\r\n                $(\"#showradar-shiptracker\").hide();\r\n                $(\".shiptracker-backgroundimage\").hide();\r\n                $(\".shiptracker.draw-white\").hide();\r\n            });\r\n        });\r\n    <\/script>\r\n\r\n<\/div>\r\n","protected":false},"excerpt":{"rendered":"<p>S T A R T Zawsze na bie\u017c\u0105co &#8211; \u015bledzenie statk\u00f3w z MarineTraffic MarineTraffic to us\u0142uga \u015bledzenia statk\u00f3w i informacji<\/p>\n","protected":false},"author":1,"featured_media":0,"parent":0,"menu_order":1,"comment_status":"closed","ping_status":"closed","template":"","meta":{"colormag_page_container_layout":"default_layout","colormag_page_sidebar_layout":"default_layout","footnotes":""},"class_list":["post-24117","page","type-page","status-publish","hentry"],"_links":{"self":[{"href":"https:\/\/shiptracker.live\/pl\/wp-json\/wp\/v2\/pages\/24117","targetHints":{"allow":["GET"]}}],"collection":[{"href":"https:\/\/shiptracker.live\/pl\/wp-json\/wp\/v2\/pages"}],"about":[{"href":"https:\/\/shiptracker.live\/pl\/wp-json\/wp\/v2\/types\/page"}],"author":[{"embeddable":true,"href":"https:\/\/shiptracker.live\/pl\/wp-json\/wp\/v2\/users\/1"}],"replies":[{"embeddable":true,"href":"https:\/\/shiptracker.live\/pl\/wp-json\/wp\/v2\/comments?post=24117"}],"version-history":[{"count":2,"href":"https:\/\/shiptracker.live\/pl\/wp-json\/wp\/v2\/pages\/24117\/revisions"}],"predecessor-version":[{"id":24125,"href":"https:\/\/shiptracker.live\/pl\/wp-json\/wp\/v2\/pages\/24117\/revisions\/24125"}],"wp:attachment":[{"href":"https:\/\/shiptracker.live\/pl\/wp-json\/wp\/v2\/media?parent=24117"}],"curies":[{"name":"wp","href":"https:\/\/api.w.org\/{rel}","templated":true}]}}