{"id":23130,"date":"2021-06-21T00:46:21","date_gmt":"2021-06-20T22:46:21","guid":{"rendered":"https:\/\/shiptracker.live\/vesselfinder\/"},"modified":"2023-12-08T00:07:40","modified_gmt":"2023-12-07T22:07:40","slug":"vesselfinder","status":"publish","type":"page","link":"https:\/\/shiptracker.live\/pl\/vesselfinder\/","title":{"rendered":"VesselFinder"},"content":{"rendered":"\r\n<!-- META\r\n\t<title>VesselFinder - \u015awiatowe \u015aledzenie Statk\u00f3w i Jacht\u00f3w w Czasie Rzeczywistym<\/title>\r\n\t<meta name=\"description\" content=\"VesselFinder \u2705 do \u015bledzenia statk\u00f3w i jacht\u00f3w na \u017cywo na mapach, dane z globalnej sieci AIS \u2705 Informacje o typach statk\u00f3w i trasach.\" \/>\r\n-->\r\n<link rel=\"preconnect\" href=\"https:\/\/ads.themoneytizer.com\">\r\n<script src=\"\/js\/youtubelazyload.js\"><\/script>\r\n<style>\r\n    .google-ad {\r\n        margin: 30px 0px;\r\n    }\r\n\r\n    .full-width {\r\n        margin-left: calc(50% - 50vw);\r\n        margin-right: calc(50% - 50vw);\r\n        margin-top: 15px;\r\n        margin-bottom: 15px;\r\n        max-width: unset;\r\n    }\r\n\r\n    .container {\r\n        position: relative;\r\n        width: 100%\r\n    }\r\n\r\n    .container .btn {\r\n        position: absolute;\r\n        top: 50%;\r\n        left: 50%;\r\n        transform: translate(-50%, -50%);\r\n        -ms-transform: translate(-50%, -50%);\r\n        background-color: #e6d250;\r\n        color: #000;\r\n        font-weight: 700;\r\n        font-size: 18px;\r\n        padding: 24px 48px;\r\n        border: none;\r\n        cursor: pointer;\r\n        border-radius: 5px\r\n    }\r\n\r\n    .container .btn:hover {\r\n        background-color: #b5a21a\r\n    }\r\n\r\n    @media only screen and (max-width: 768px) {\r\n        .show-on-desktop {\r\n            display: none;\r\n\r\n        }\r\n    }\r\n\r\n    @media only screen and (min-width: 768px) {\r\n        .show-on-mobile {\r\n            display: none;\r\n\r\n        }\r\n    }\r\n\r\n    .youtube-player {\r\n        position: relative;\r\n        padding-bottom: 56.25%;\r\n        height: 0;\r\n        overflow: hidden;\r\n        max-width: 100%;\r\n        background: #000;\r\n        margin: 0px;\r\n        border-radius: 25px;\r\n    }\r\n\r\n    .youtube-player iframe {\r\n        position: absolute;\r\n        top: 0;\r\n        left: 0;\r\n        width: 100%;\r\n        height: 100%;\r\n        z-index: 100;\r\n        background: transparent;\r\n    }\r\n\r\n    .youtube-player img {\r\n        object-fit: cover;\r\n        display: block;\r\n        left: 0;\r\n        bottom: 0;\r\n        margin: auto;\r\n        max-width: 100%;\r\n        width: 100%;\r\n        position: absolute;\r\n        right: 0;\r\n        top: 0;\r\n        border: none;\r\n        height: auto;\r\n        cursor: pointer;\r\n        -webkit-transition: 0.4s all;\r\n        -moz-transition: 0.4s all;\r\n        transition: 0.4s all;\r\n    }\r\n\r\n    .youtube-player img:hover {\r\n        -webkit-filter: brightness(75%);\r\n        -moz-filter: brightness(75%);\r\n        filter: brightness(75%);\r\n    }\r\n\r\n    .youtube-player .play {\r\n        height: 72px;\r\n        width: 72px;\r\n        left: 50%;\r\n        top: 50%;\r\n        margin-left: -36px;\r\n        margin-top: -36px;\r\n        position: absolute;\r\n        background: url(\"https:\/\/upload.wikimedia.org\/wikipedia\/commons\/b\/b8\/YouTube_play_button_icon_(2013%E2%80%932017).svg\") no-repeat;\r\n        cursor: pointer;\r\n    }\r\n\r\n    .video-container-wrapper {\r\n        display: block;\r\n        margin: 25px auto;\r\n        box-shadow: 0 4px 8px 0 rgb(0 0 0 \/ 20%), 0 6px 20px 0 rgb(0 0 0 \/ 19%);\r\n        border-radius: 25px;\r\n        max-width: 640px;\r\n    }\r\n<\/style>\r\n\r\n<div class=\"show-on-desktop\">\r\n    <script>\r\n        jQuery(document).ready(function ($) {\r\n            $(\"#showradar\").click(function () {\r\n\r\n                $(\"#showhere\").html('<iframe loading=\"lazy\" class=\"iframe-class\" src=\"https:\/\/shiptracker.live\/vesselfinder-iframe.html\" width=\"100%\" height=\"600\" frameborder=\"0\" scrolling=\"no\"><\/iframe>');\r\n                $(\"#framesize\").css(\"height\", \"600px\");\r\n                $(\"#showradar\").hide();\r\n                $(\"#img\").hide();\r\n\r\n            });\r\n        });\r\n    <\/script>\r\n    <div class=\"full-width\">\r\n        <div class=\"container\" id=\"framesize\">\r\n            <div id=\"img\" style=\"overflow: hidden!important; height: 350px; background: #fff url(https:\/\/shiptracker.live\/wp-content\/uploads\/2020\/06\/shiptracker-placeholder-min.jpg.webp) center center no-repeat;\"><\/div>\r\n            <div id=\"showhere\"><\/div>\r\n            <div style=\"margin:0 auto;width:241px;margin-top:110px;\"><span class=\"btn\" id=\"showradar\" rel=\"nofollow\">S T A R T<\/span><\/div>\r\n        <\/div>\r\n    <\/div>\r\n<\/div>\r\n\r\n<div class=\"show-on-mobile\">\r\n    <script>\r\n        jQuery(document).ready(function ($) {\r\n            $(\"#showradar-mob\").click(function () {\r\n\r\n                $(\"#showhere-mob\").html('<iframe loading=\"lazy\" class=\"iframe-class\" src=\"https:\/\/shiptracker.live\/vesselfinder-iframe.html\" width=\"100%\" height=\"600\" frameborder=\"0\" scrolling=\"no\"><\/iframe>');\r\n                $(\"#framesize-mob\").css(\"height\", \"600px\");\r\n                $(\"#showradar-mob\").hide();\r\n                $(\"#img-mob\").hide();\r\n\r\n            });\r\n        });\r\n    <\/script>\r\n    <div style=\"margin:15px 0;\">\r\n        <div class=\"container\" id=\"framesize-mob\">\r\n            <div id=\"img-mob\" style=\"overflow: hidden!important; height: 350px; background: #fff url(https:\/\/shiptracker.live\/wp-content\/uploads\/2020\/06\/shiptracker-placeholder-min.jpg.webp) center center no-repeat;\"><\/div>\r\n            <div id=\"showhere-mob\"><\/div>\r\n            <div style=\"margin:0 auto;width:241px;margin-top:110px;\"><span class=\"btn\" id=\"showradar-mob\" rel=\"nofollow\">S T A R T<\/span><\/div>\r\n        <\/div>\r\n    <\/div>\r\n<\/div>\r\n\r\n<div class='code-block code-block-5' style='margin: 8px auto; text-align: center; display: block; clear: both;'>\n<div class=\"themoneytizer\" style=\"min-height: 150px;display:block;\">\n<div id=\"99140-1\">\n<script async src=\"https:\/\/ads.themoneytizer.com\/s\/gen.js?type=1\"><\/script>\n<script async src=\"https:\/\/ads.themoneytizer.com\/s\/requestform.js?siteId=99140&formatId=1\"><\/script>\n<\/div>\n<\/div><\/div>\n\r\n\r\n\r\n<div>\r\n    <h1>Jaka historia kryje si\u0119 za VesselFinder?<\/h1>\r\n    <h2>W czym tkwi\u0142 problem?<\/h2>\r\n    <p style=\"text-align: justify;\">Dawno, dawno temu, przed wiekami &#8211; no dobra, przed 2011 rokiem &#8211; nie by\u0142o VesselFinder. Wyobra\u017a to sobie! <strong>Ludzie, kt\u00f3rzy potrzebowali znale\u017a\u0107 statki w dowolnym miejscu na \u015bwiecie<\/strong>, nie mieli oczywistego miejsca, do kt\u00f3rego mogliby si\u0119 zwr\u00f3ci\u0107 lub musieli p\u0142aci\u0107 wysokie op\u0142aty za nieelastyczne us\u0142ugi. Mogli albo spr\u00f3bowa\u0107 swoich si\u0142 z dost\u0119pnymi zasobami, albo si\u0119 podda\u0107. \u017badna z tych opcji nie by\u0142a dobrym wyborem. Tak wi\u0119c grupa zdeterminowanych ludzi postanowi\u0142a co\u015b z tym zrobi\u0107.<\/p>\r\n    <img decoding=\"async\" loading=\"lazy\" class=\"\" style=\"display: block; margin: 20px auto;\" src=\"https:\/\/shiptracker.live\/wp-content\/uploads\/2023\/12\/cargo-ship-on-the-ocean.webp\" alt=\"Fully loaded cargo ship on the ocean\" max-width=\"640\" \/>\r\n\r\n    <h3>Narodziny VesselFinder<\/h3>\r\n    <p style=\"text-align: justify;\">Byli to ludzie, kt\u00f3rzy mieli wizj\u0119 zrobienia czego\u015b wielkiego. Co\u015b, co rozwi\u0105za\u0142oby problem. I zrobili co\u015b niesamowitego: zebrali si\u0119 i stworzyli aplikacj\u0119 VesselFinder. Od samego pocz\u0105tku ludzie ci wiedzieli kilka rzeczy. Wiedzieli, \u017ce us\u0142uga musi by\u0107 wyj\u0105tkowej jako\u015bci. Wiedzieli, \u017ce musi oferowa\u0107 co\u015b, czego nie mo\u017ce zaoferowa\u0107 \u017cadna istniej\u0105ca us\u0142uga. Wiedzieli, \u017ce musi by\u0107 prosta i intuicyjna w u\u017cyciu. No i musi by\u0107 niezawodna. Nie ma wi\u0119c presji.<\/p>\r\n\r\n    <div class='code-block code-block-14' style='margin: 8px auto; text-align: center; display: block; clear: both;'>\n    <!-- Begin themoneytizer BOTTOM MEDIUM RECTANGLE code -->\n    <div class=\"themoneytizer\" style=\"min-height: 250px; margin: 20px auto;\">\n        <div id=\"99140-19\">\n            <script src=\"\/\/ads.themoneytizer.com\/s\/gen.js?type=19\"><\/script>\n            <script src=\"\/\/ads.themoneytizer.com\/s\/requestform.js?siteId=99140&formatId=19\"><\/script>\n        <\/div>\n    <\/div>\n    <!-- End themoneytizer BOTTOM MEDIUM RECTANGLE code --><\/div>\n\r\n\r\n    <h3>Kto stoi za t\u0105 us\u0142ug\u0105?<\/h3>\r\n    <p style=\"text-align: justify;\">Od samego pocz\u0105tku ludzie w VesselFinder zdawali sobie spraw\u0119, \u017ce pr\u00f3ba zrobienia wszystkiego samemu jest recept\u0105 na ca\u0142kowite wypalenie. Post\u0105pili wi\u0119c rozs\u0105dnie. Opowiedzieli o tym, co robi\u0105, ludziom, kt\u00f3rzy podzielali ich pasj\u0119 do doskona\u0142o\u015bci i us\u0142ug. Wkr\u00f3tce mieli <strong>du\u017cy zesp\u00f3\u0142 ludzi specjalizuj\u0105cych si\u0119 we wszystkim<\/strong>, od in\u017cynierii oprogramowania po projektowanie morskie. Eksperci pracowali nad ka\u017cdym aspektem VesselFinder.<\/p>\r\n\r\n    <h2>Jak dzia\u0142a VesselFinder?<\/h2>\r\n    <p style=\"text-align: justify;\">Prawdopodobnie zerkn\u0105\u0142e\u015b na VesselFinder i pomy\u015bla\u0142e\u015b&#8230; c\u00f3\u017c, by\u0107 mo\u017ce twoj\u0105 pierwsz\u0105 my\u015bl\u0105 by\u0142o \u201eWow!\u201d. Rozumiemy, jest wiele do poj\u0119cia. Ale po tym, jak otrz\u0105sn\u0105\u0142e\u015b si\u0119 z niesamowitego widoku tych wszystkich ma\u0142ych kolorowych k\u00f3\u0142ek i strza\u0142ek rozsianych po mapie \u015bwiata, by\u0107 mo\u017ce zacz\u0105\u0142e\u015b zastanawia\u0107 si\u0119 nad innym pytaniem. A jest nim: \u201eJak oni to robi\u0105?\u201d.<\/p>\r\n\r\n    <div class=\"video-container-wrapper\">\r\n        <div class=\"youtube-player\" data-id=\"m1b58yelh_c\" itemprop=\"video\" itemscope itemtype=\"http:\/\/schema.org\/VideoObject\">\r\n            <meta itemprop=\"name\" content=\"Movements of Container Ship ACX CRYSTAL involved in a Collision with USS Fitzgerald\" \/>\r\n            <meta itemprop=\"description\" content=\"Movements of Philippine-flagged Container ship ACX CRYSTAL, which collided with US Destroyer USS Fitzgerald south of Tokyo Bay in Japan in a rare incident on busy waterway. USS Fitzgerald (DDG 62) was involved in a collision with the container ship ACX Crystal, while operating about 56 nautical miles southwest of Yokosuka, Japan. The US Navy has identified seven sailors who were killed when their destroyer collided with the container ship. The coastguard said none of the 20 crew members on board the container ship ACX Crystal were injured. Full story of the collision: https:\/\/www.vesselfinder.com\/news\/9510-USS-Fitzgerald-in-collision-with-containership-ACX-CRYSTAL-off-Yokosuka-Japan-Seven-US-sailors-missing-Video ACX CRYSTAL ship details: https:\/\/www.vesselfinder.com\/vessels\/ACX-CRYSTAL-IMO-9360611-MMSI-548789000 Current position of ACX CRYSTAL: https:\/\/www.vesselfinder.com\/?imo=9360611 Place of the collision: https:\/\/www.vesselfinder.com\/?lat=34.52366&#038;lon=139.06950&#038;zoom=9 Video copyrighted by: https:\/\/www.vesselfinder.com\/ and can not be distributed without an appropriate accreditation to www.vesselfinder.com For AIS position data inquiries: https:\/\/www.vesselfinder.com\/historical-ais-data Connect with VesselFinder Web: https:\/\/www.vesselfinder.com\/ Email: info@vesselfinder.com Facebook: https:\/\/www.facebook.com\/VesselFinder Twitter: https:\/\/twitter.com\/VesselFinder\" \/>\r\n            <meta itemprop=\"thumbnailUrl\" content=\"https:\/\/i.ytimg.com\/vi_webp\/m1b58yelh_c\/hq1.webp\" \/>\r\n            <meta itemprop=\"uploadDate\" content=\"2017-06-19T13:30:40Z\" \/>\r\n            <meta itemprop=\"duration\" content=\"PT4M30S\" \/>\r\n            <meta itemprop=\"embedUrl\" content=\"https:\/\/www.youtube.com\/embed\/m1b58yelh_c\" \/>\r\n        <\/div>\r\n    <\/div>\r\n\r\n    <h3>Wi\u0119c, jak to robisz?<\/h3>\r\n    <p style=\"text-align: justify;\">Zaskakuj\u0105ce mo\u017ce by\u0107 to, \u017ce odpowied\u017a na to pytanie nie wymaga posiadania milion\u00f3w ludzi p\u0142ywaj\u0105cych po statkach i zapisuj\u0105cych lokalizacje na wodoodpornym iPadzie. To by\u0142oby \u015bwietne, ale potrzebowa\u0142oby wielu ludzi. W rzeczywisto\u015bci wszystko sprowadza si\u0119 do naprawd\u0119 fajnej technologii. Dla swoich przyjaci\u00f3\u0142, Vesselfinder.com <strong>opiera si\u0119 na Systemie Automatycznej Identyfikacji (AIS)<\/strong>. Tak, zaliczasz si\u0119 do przyjaci\u00f3\u0142! Ogromna sie\u0107 odbiornik\u00f3w na ca\u0142ym \u015bwiecie nieustannie przesy\u0142a sygna\u0142y, kt\u00f3re us\u0142uga VesselFinder dekoduje i przekszta\u0142ca w materia\u0142y widoczne na stronie.<\/p>\r\n\r\n    \r\n\r\n    <h2>Do czego ludzie u\u017cywaj\u0105 VesselFinder?<\/h2>\r\n    <p style=\"text-align: justify;\">Teraz pojawia si\u0119 pytanie, kt\u00f3re jest d\u0142ugie jak kawa\u0142ek sznurka. Naprawd\u0119, naprawd\u0119 d\u0142ugi kawa\u0142ek sznurka. Ale kr\u00f3tka odpowied\u017a brzmi \u201ew\u0142a\u015bciwie cokolwiek\u201d. W miar\u0119 up\u0142ywu czasu zesp\u00f3\u0142 VessselFinder dodawa\u0142 coraz wi\u0119cej us\u0142ug i opcji, dzi\u0119ki czemu obecnie jest to miejsce dla ka\u017cdego, kto potrzebuje szybkich i wiarygodnych informacji. Niezale\u017cnie od tego, czy korzystaj\u0105 ze strony internetowej, medi\u00f3w spo\u0142eczno\u015bciowych czy aplikacji, d\u0105\u017cenie do zapewnienia tego, co najlepsze, jest takie samo.<\/p>\r\n    <img decoding=\"async\" loading=\"lazy\" class=\"\" style=\"display: block; margin: 20px auto;\" src=\"https:\/\/shiptracker.live\/wp-content\/uploads\/2023\/12\/sea-dream-yacht-club.webp\" alt=\"Sea Dream Yacht Club on the ocean and surrounded by jet skies\" max-width=\"640\" \/>\r\n\r\n    <h3>Jakie us\u0142ugi s\u0105 dost\u0119pne?<\/h3>\r\n    <p style=\"text-align: justify;\">Vesselfinder.com <strong>\u015bledzi ponad 100 000 statk\u00f3w<\/strong>. Mog\u0105 znajdowa\u0107 si\u0119 w dowolnym miejscu na \u015bwiecie, od Oceanu Indyjskiego po Wielkie Jeziora Kanadyjskie. <strong>Pozycje te s\u0105 aktualizowane regularnie<\/strong>, ka\u017cdego dnia. Mo\u017cesz sprawdzi\u0107, do kt\u00f3rych port\u00f3w zawija\u0142 dany statek oraz szczeg\u00f3\u0142y jego rejsu. Dzi\u0119ki precyzyjnym i dok\u0142adnym informacjom o kursie i pr\u0119dko\u015bci mo\u017cna sprawdzi\u0107, gdzie statek by\u0142 i dok\u0105d zmierza.<\/p>\r\n\r\n    \r\n\r\n    <h3>Czy VesselFinder naprawd\u0119 oferuje tak wiele?<\/h3>\r\n    <p style=\"text-align: justify;\">Tak, ale to jeszcze nie wszystko! Funkcja My Fleet w VesselFinder Premium umo\u017cliwia u\u017cytkownikom <strong>b\u0142yskawiczny dost\u0119p do spersonalizowanych danych z wybranych statk\u00f3w<\/strong>. Znajduj\u0105 si\u0119 tam wyra\u017ane, kolorowe <strong>zdj\u0119cia dziesi\u0105tek tysi\u0119cy statk\u00f3w<\/strong>, a tak\u017ce przydatne obrazy przedstawiaj\u0105ce <strong>infrastruktur\u0119 portow\u0105<\/strong>. W bran\u017cy morskiej czas to pieni\u0105dz, wi\u0119c zdolno\u015b\u0107 do analizowania nat\u0119\u017cenia ruchu jest kluczowa &#8211; VesselFinder r\u00f3wnie\u017c to oferuje. Nie wspominaj\u0105c o kompleksowym serwisie wiadomo\u015bci morskich.<\/p>\r\n\r\n\r\n    <h2>Jak ludzie korzystaj\u0105 z VesselFinder?<\/h2>\r\n    <p style=\"text-align: justify;\">Jakkolwiek chc\u0105! <strong>Filozofi\u0105 VesselFinder nie jest m\u00f3wienie u\u017cytkownikom, co maj\u0105 robi\u0107 z danymi<\/strong>, ale zapewnienie im wszystkich narz\u0119dzi, kt\u00f3rych potrzebuj\u0105, aby wybra\u0107 spos\u00f3b ich wykorzystania. Niekt\u00f3re osoby chc\u0105 mie\u0107 wgl\u0105d na niewielk\u0105 liczb\u0119 statk\u00f3w, podczas gdy inne osoby potrzebuj\u0105 szerszej perspektywy. W wielu przypadkach u\u017cytkownicy b\u0119d\u0105 chcieli uzyska\u0107 dost\u0119p do us\u0142ugi w ruchu, dlatego VesselFinder oferuje przejrzyste, szybkie aplikacje dla system\u00f3w iOS i Android.<\/p>\r\n\r\n    <h3>Elastyczne opcje wyszukiwania<\/h3>\r\n    <p style=\"text-align: justify;\">Podobnie, znalezienie statku jest czasami prostsze, je\u015bli <strong>wyszukuje si\u0119 go po nazwie<\/strong>, ale czasami nie. By\u0107 mo\u017ce posiadasz tylko jego <strong><a href=\"https:\/\/de.wikipedia.org\/wiki\/Maritime_Mobile_Service_Identity\" target=\"_blank\" rel=\"noopener\">identyfikator MMSI (Maritime Mobile Service Identity)<\/a> lub numer ISO<\/strong>. Wiesz co? Mo\u017cesz to zrobi\u0107 za pomoc\u0105 VesselFinder. Mo\u017cesz r\u00f3wnie\u017c sprawdzi\u0107 szczeg\u00f3\u0142y statku, aby upewni\u0107 si\u0119, \u017ce masz w\u0142a\u015bciwy. Bandera, tona\u017c, rok budowy, zanurzenie, dok\u0105d p\u0142ynie, jak szybko p\u0142ynie, liczba za\u0142ogi o imieniu Bob&#8230; no dobra, mo\u017ce nie to ostatnie. Ale hej, je\u015bli jest wystarczaj\u0105ce zapotrzebowanie, mo\u017ce nad tym popracuj\u0105!<\/p>\r\n\r\n    <h3>\u015aledzenie w czasie rzeczywistym i alerty<\/h3>\r\n    <p style=\"text-align: justify;\">B\u0105d\u017a na bie\u017c\u0105co i bezpiecznie dzi\u0119ki funkcji \u015bledzenia w czasie rzeczywistym VesselFinder. Niezale\u017cnie od tego, czy chodzi o interesy osobiste, biznes morski czy wzgl\u0119dy bezpiecze\u0144stwa, u\u017cytkownicy mog\u0105 \u015bledzi\u0107 statki w czasie rzeczywistym, widz\u0105c ich dok\u0142adn\u0105 lokalizacj\u0119 na mapie. Funkcja ta jest przydatna dla firm logistycznych monitoruj\u0105cych \u0142adunki, rodzin \u015bledz\u0105cych podr\u00f3\u017c \u017ceglarza lub entuzjast\u00f3w \u015bledz\u0105cych kultowe statki. Dodatkowo, <strong>mo\u017cesz ustawi\u0107 alerty, aby otrzymywa\u0107 powiadomienia o okre\u015blonych ruchach statk\u00f3w<\/strong>, dzi\u0119ki czemu nigdy nie przegapisz wa\u017cnej aktualizacji.<\/p>\r\n\r\n    \r\n\r\n    <h3>Dane historyczne i analiza rejsu<\/h3>\r\n    <p style=\"text-align: justify;\">Zanurz si\u0119 w przesz\u0142o\u015b\u0107 dzi\u0119ki kompleksowym danym historycznym VesselFinder. Ta funkcja jest kopalni\u0105 z\u0142ota dla badaczy, historyk\u00f3w morskich lub ka\u017cdego, kto jest ciekawy poprzednich rejs\u00f3w statku. <strong>Analizuj trasy, pr\u0119dko\u015bci, zawini\u0119cia do port\u00f3w i r\u00f3\u017cne ramy czasowe<\/strong>. Firmy mog\u0105 wykorzystywa\u0107 te dane do analizy rynku lub poprawy wydajno\u015bci operacyjnej.<\/p>\r\n\r\n    <h3>Informacje o portach<\/h3>\r\n    <p style=\"text-align: justify;\">Uzyskaj wgl\u0105d w globaln\u0105 aktywno\u015b\u0107 portow\u0105 dzi\u0119ki szczeg\u00f3\u0142owym informacjom o portach VesselFinder. To nieocenione narz\u0119dzie jest niezb\u0119dne dla mened\u017cer\u00f3w logistyki, firm \u017ceglugowych i entuzjast\u00f3w \u017ceglugi morskiej. <strong>U\u017cytkownicy mog\u0105 uzyska\u0107 dost\u0119p do aktualnych informacji na temat przylot\u00f3w i odlot\u00f3w z port\u00f3w, szacowanego czasu przybycia i aktualnego statusu portu<\/strong>. Funkcja ta zapewnia r\u00f3wnie\u017c dane historyczne, oferuj\u0105c wgl\u0105d w trendy ruchu portowego i wahania sezonowe. Niezale\u017cnie od tego, czy planujesz wysy\u0142k\u0119, analizujesz trendy rynkowe, czy po prostu jeste\u015b ciekawy operacji portowych, sekcja informacji o portach VesselFinder jest wszechstronnym \u017ar\u00f3d\u0142em zrozumienia dynamiki handlu morskiego i logistyki.<\/p>\r\n\r\n    <h2>Dla kogo VesselFinder mo\u017ce by\u0107 interesuj\u0105cy?<\/h2>\r\n    <p style=\"text-align: justify;\">Kr\u00f3tka odpowied\u017a na to pytanie brzmi: <strong>dla ka\u017cdego<\/strong>! Wielu u\u017cytkownik\u00f3w cz\u0119sto pyta: \u201eCzy VesselFinder jest bezp\u0142atny?\u201d, a odpowied\u017a brzmi: tak, poniewa\u017c strona oferuje wiele istotnych funkcji bez \u017cadnych koszt\u00f3w, zapewniaj\u0105c bezp\u0142atny dost\u0119p do cennych us\u0142ug \u015bledzenia statk\u00f3w. VesselFinder oferuje tak wiele, \u017ce prawie na pewno znajdziesz wszystko, czego potrzebujesz od us\u0142ugi \u015bledzenia statk\u00f3w i informacji o nich. Na przyk\u0142ad:<\/p>\r\n    <img decoding=\"async\" loading=\"lazy\" class=\"\" style=\"display: block; margin: 20px auto;\" src=\"https:\/\/shiptracker.live\/wp-content\/uploads\/2023\/12\/cruise-ship-seven-seas-mariner.webp\" alt=\"Cruise Ship Seven Seas Mariner in a harbour with some fishing boats in the foreground\" max-width=\"640\" \/>\r\n\r\n    <h3>Obserwatorzy statk\u00f3w<\/h3>\r\n    <p style=\"text-align: justify;\">Vesselfinder.com to <strong>ogromne \u017ar\u00f3d\u0142o informacji dla ludzi, kt\u00f3rzy kochaj\u0105 statki i morze<\/strong>. Niezale\u017cnie od tego, czy chcesz \u015bledzi\u0107 gigantyczne kontenerowce na ca\u0142ym \u015bwiecie, \u015bledzi\u0107 drog\u0119 supertankowc\u00f3w, poniewa\u017c ich dostawy ropy naftowej utrzymuj\u0105 \u015bwiatowy przemys\u0142 w ruchu, czy po prostu odkrywa\u0107 statki, o kt\u00f3rych istnieniu nigdy nie wiedzia\u0142e\u015b, mo\u017cesz to zrobi\u0107 dzi\u0119ki VesselFinder, a wszystko to w mgnieniu oka.<\/p>\r\n\r\n    \r\n\r\n    <h3>Podr\u00f3\u017cni<\/h3>\r\n    <p style=\"text-align: justify;\">Je\u015bli uwielbiasz podr\u00f3\u017cowa\u0107 po \u015bwiecie, VesselFinder jest r\u00f3wnie\u017c dla Ciebie. My\u015blisz o wyruszeniu w sk\u0105pany s\u0142o\u0144cem rejs? Zobacz, dok\u0105d zabierze Ci\u0119 Tw\u00f3j rejs i poznaj nazwy egzotycznych port\u00f3w, do kt\u00f3rych zawiniesz. Zastanawiasz si\u0119, co zobaczysz, p\u0142yn\u0105c kana\u0142em La Manche lub drog\u0105 \u015bw. Wawrzy\u0144ca? Mo\u017cna to sprawdzi\u0107 za pomoc\u0105 Vessel Finder.<\/p>\r\n\r\n    <h3>W\u0142a\u015bciciele statk\u00f3w<\/h3>\r\n    <p style=\"text-align: justify;\">VesselFinder to najprostszy spos\u00f3b na <strong>\u015bledzenie swoich statk\u00f3w<\/strong> &#8211; i nie tylko swoich. Dowiedz si\u0119 od razu, czy Twoi konkurenci korzystaj\u0105 z bardziej wydajnych tras lub zawijaj\u0105 do nowych port\u00f3w, aby usprawni\u0107 swoje trasy. Por\u00f3wnaj swoje statki pod wzgl\u0119dem wielko\u015bci, tona\u017cu i wieku z innymi statkami w danym sektorze rynku. Skorzystaj z biblioteki zdj\u0119\u0107, aby zobaczy\u0107, jak twoja flota przypomina lub r\u00f3\u017cni si\u0119 od firm, z kt\u00f3rymi konkurujesz.<\/p>\r\n\r\n    <h3>Mened\u017cerowie firm<\/h3>\r\n    <p style=\"text-align: justify;\">Nie musisz pracowa\u0107 w bran\u017cy morskiej, aby VesselFinder by\u0142 dla ciebie. Tak wiele towar\u00f3w podr\u00f3\u017cuje drog\u0105 morsk\u0105, \u017ce ka\u017cdy, kto prowadzi <strong>mi\u0119dzynarodowy handel<\/strong>, skorzysta z mo\u017cliwo\u015bci \u015bledzenia tych danych. B\u0119dziesz w stanie oceni\u0107, jak d\u0142ugo potrwaj\u0105 dostawy, czy twoi rywale otrzymaj\u0105 je szybciej i czy powiniene\u015b pomy\u015ble\u0107 o zmianie portu wysy\u0142ki i miejsca docelowego.<\/p>\r\n\r\n\r\n    <h2>Gdzie jeszcze stosowana jest por\u00f3wnywalna technologia?<\/h2>\r\n    <p style=\"text-align: justify;\">Vesselfinder.com to ca\u0142kiem imponuj\u0105ca us\u0142uga. Jest to r\u00f3wnie\u017c co\u015b, co zauwa\u017ca coraz wi\u0119cej os\u00f3b w innych sektorach na ca\u0142ym \u015bwiecie. Nic wi\u0119c dziwnego, \u017ce istnieje du\u017ce zainteresowanie wykorzystaniem podobnej technologii w innych obszarach. Na przyk\u0142ad:<\/p>\r\n\r\n    <h3>Flightradar24<\/h3>\r\n    <p style=\"text-align: justify;\">Ta <strong>doskona\u0142a witryna do \u015bledzenia lot\u00f3w<\/strong> jest prawie lotniczym odpowiednikiem VesselFinder. Dzia\u0142a od 2006 roku i od tego czasu rozwin\u0105\u0142 si\u0119 z zabawnego hobby do jednej z najcz\u0119\u015bciej u\u017cywanych witryn \u015bledz\u0105cych na \u015bwiecie. Technologia <strong>ADS-B (Automatic Detection Surveillance &#8211; Broadcast)<\/strong>, z kt\u00f3rej korzysta strona, wykonuje bardzo podobn\u0105 prac\u0119 do tej, kt\u00f3r\u0105 AIS wykonuje dla VesselFinder, co oznacza, \u017ce mo\u017ce r\u00f3wnie\u017c oferowa\u0107 ogromn\u0105 dok\u0142adno\u015b\u0107 i niezawodno\u015b\u0107. <a href=\"https:\/\/flightradar.live\/pl\/\" target=\"_blank\" rel=\"noopener\">Flightradar24<\/a> jest tak dobry, \u017ce korzystaj\u0105 z niego najwi\u0119ksi gracze w bran\u017cy lotniczej.<\/p>\r\n\r\n    <h3>Radar poci\u0105g\u00f3w<\/h3>\r\n    <p style=\"text-align: justify;\">Technologia \u015bledzenia mo\u017ce pom\u00f3c r\u00f3wnie\u017c na l\u0105dzie, a <a href=\"https:\/\/zugradar.info\/\" target=\"_blank\" rel=\"noopener\">Radar poci\u0105g\u00f3w<\/a> stosuje j\u0105 w brytyjskiej sieci kolejowej. Us\u0142uga oferuje <strong>doskona\u0142y przegl\u0105d poci\u0105g\u00f3w<\/strong> w ca\u0142ym kraju. Przejrzysta mapa pozwala zobaczy\u0107 nie tylko, gdzie znajduj\u0105 si\u0119 poci\u0105gi, ale tak\u017ce kto je obs\u0142uguje. Prosty interfejs umo\u017cliwia natychmiastowy dost\u0119p do informacji o kursowaniu, w tym do sekundowych czas\u00f3w postoj\u00f3w na stacjach, a tak\u017ce wszelkich op\u00f3\u017anie\u0144.<\/p>\r\n\r\n<\/div>\r\n\r\n","protected":false},"excerpt":{"rendered":"<p>S T A R T S T A R T Jaka historia kryje si\u0119 za VesselFinder? W czym tkwi\u0142 problem?<\/p>\n","protected":false},"author":1,"featured_media":0,"parent":0,"menu_order":2,"comment_status":"closed","ping_status":"closed","template":"","meta":{"colormag_page_container_layout":"default_layout","colormag_page_sidebar_layout":"default_layout","footnotes":""},"class_list":["post-23130","page","type-page","status-publish","hentry"],"_links":{"self":[{"href":"https:\/\/shiptracker.live\/pl\/wp-json\/wp\/v2\/pages\/23130","targetHints":{"allow":["GET"]}}],"collection":[{"href":"https:\/\/shiptracker.live\/pl\/wp-json\/wp\/v2\/pages"}],"about":[{"href":"https:\/\/shiptracker.live\/pl\/wp-json\/wp\/v2\/types\/page"}],"author":[{"embeddable":true,"href":"https:\/\/shiptracker.live\/pl\/wp-json\/wp\/v2\/users\/1"}],"replies":[{"embeddable":true,"href":"https:\/\/shiptracker.live\/pl\/wp-json\/wp\/v2\/comments?post=23130"}],"version-history":[{"count":0,"href":"https:\/\/shiptracker.live\/pl\/wp-json\/wp\/v2\/pages\/23130\/revisions"}],"wp:attachment":[{"href":"https:\/\/shiptracker.live\/pl\/wp-json\/wp\/v2\/media?parent=23130"}],"curies":[{"name":"wp","href":"https:\/\/api.w.org\/{rel}","templated":true}]}}