{"id":5365,"date":"2018-02-03T00:53:46","date_gmt":"2018-02-03T00:53:46","guid":{"rendered":"https:\/\/shiptracker.live\/marinetraffic\/"},"modified":"2024-01-13T18:13:11","modified_gmt":"2024-01-13T17:13:11","slug":"marinetraffic","status":"publish","type":"page","link":"https:\/\/shiptracker.live\/it\/","title":{"rendered":"MarineTraffic"},"content":{"rendered":"\r\n<link rel=\"preconnect\" href=\"https:\/\/ads.themoneytizer.com\">\r\n<script src=\"\/js\/youtubelazyload.js\"><\/script>\r\n<style>\r\n    @media only screen and (min-width: 769px) {\r\n        .shiptracker-mapsize {\r\n            margin-left: calc(50% - 50vw) !important;\r\n            margin-right: calc(50% - 50vw) !important;\r\n            max-width: unset !important;\r\n        }\r\n    }\r\n\r\n    .shiptracker.container {\r\n        position: relative;\r\n        width: 100%;\r\n    }\r\n\r\n    .shiptracker.container .shiptracker.btn {\r\n        position: absolute;\r\n        top: 50%;\r\n        left: 50%;\r\n        transform: translate(-50%, -50%);\r\n        -ms-transform: translate(-50%, -50%);\r\n        background-color: #e6d250;\r\n        color: #000;\r\n        font-weight: 700;\r\n        font-size: 18px;\r\n        padding: 24px 48px;\r\n        border: none;\r\n        cursor: pointer;\r\n        border-radius: 5px\r\n    }\r\n\r\n    .shiptracker.container .shiptracker.btn:hover {\r\n        background-color: #b5a21a\r\n    }\r\n\r\n    .shiptracker.draw-white {\r\n        background-image: linear-gradient(rgb(255, 255, 255, 0.01),\r\n                rgb(255, 255, 255, 0.4),\r\n                rgb(255, 255, 255, 0.6),\r\n                rgb(255, 255, 255, 0.4),\r\n                rgb(255, 255, 255, 0.01));\r\n        height: 120px;\r\n        width: 100%;\r\n        position: absolute;\r\n    }\r\n\r\n    .shiptracker-backgroundimage {\r\n        overflow: hidden !important;\r\n        height: 350px !important;\r\n        width: 100%;\r\n        background-image: url(\/wp-content\/uploads\/2023\/08\/shiptracker-placeholder_org.webp);\r\n        background-position: center center;\r\n        background-repeat: no-repeat;\r\n        display: flex;\r\n        justify-content: center;\r\n        align-items: center;\r\n        background-size: cover;\r\n        border-radius: 1rem;\r\n        box-shadow: rgba(0, 0, 0, 0.24) 0px 4px 8px;\r\n    }\r\n\r\n    .shiptracker-backgroundimage::before {\r\n        content: \"\";\r\n        position: absolute;\r\n        top: 0;\r\n        left: 0;\r\n        width: 100%;\r\n        height: 100%;\r\n        border-radius: 1rem;\r\n        background-color: rgba(0, 0, 0, 0.3);\r\n        \/* Half-transparent black layer *\/\r\n    }\r\n\r\n    .youtube-player {\r\n        position: relative;\r\n        padding-bottom: 56.25%;\r\n        height: 0;\r\n        overflow: hidden;\r\n        max-width: 100%;\r\n        background: #000;\r\n        margin: 0px;\r\n        border-radius: 25px;\r\n    }\r\n\r\n    .youtube-player iframe {\r\n        position: absolute;\r\n        top: 0;\r\n        left: 0;\r\n        width: 100%;\r\n        height: 100%;\r\n        z-index: 100;\r\n        background: transparent;\r\n    }\r\n\r\n    .youtube-player img {\r\n        object-fit: cover;\r\n        display: block;\r\n        left: 0;\r\n        bottom: 0;\r\n        margin: auto;\r\n        max-width: 100%;\r\n        width: 100%;\r\n        position: absolute;\r\n        right: 0;\r\n        top: 0;\r\n        border: none;\r\n        height: auto;\r\n        cursor: pointer;\r\n        -webkit-transition: 0.4s all;\r\n        -moz-transition: 0.4s all;\r\n        transition: 0.4s all;\r\n    }\r\n\r\n    .youtube-player img:hover {\r\n        -webkit-filter: brightness(75%);\r\n        -moz-filter: brightness(75%);\r\n        filter: brightness(75%);\r\n    }\r\n\r\n    .youtube-player .play {\r\n        height: 72px;\r\n        width: 72px;\r\n        left: 50%;\r\n        top: 50%;\r\n        margin-left: -36px;\r\n        margin-top: -36px;\r\n        position: absolute;\r\n        background: url(\"https:\/\/upload.wikimedia.org\/wikipedia\/commons\/b\/b8\/YouTube_play_button_icon_(2013%E2%80%932017).svg\") no-repeat;\r\n        cursor: pointer;\r\n    }\r\n\r\n    .video-container-wrapper {\r\n        display: block;\r\n        margin: 25px auto;\r\n        box-shadow: 0 4px 8px 0 rgb(0 0 0 \/ 20%), 0 6px 20px 0 rgb(0 0 0 \/ 19%);\r\n        border-radius: 25px;\r\n        max-width: 640px;\r\n    }\r\n<\/style>\r\n\r\n<div id=\"shiptracker-wrapper\">\r\n    <div class=\"shiptracker container\" id=\"framesize-shiptracker\" style=\"height:350px;\">\r\n        <div id=\"showhere-shiptracker\"><\/div>\r\n        <div class=\"shiptracker-backgroundimage\" id=\"framesize\">\r\n            <div class=\"shiptracker draw-white\"><\/div>\r\n            <div class=\"shiptracker btn\" id=\"showradar-shiptracker\" rel=\"nofollow\">S T A R T<\/div>\r\n        <\/div>\r\n    <\/div>\r\n<\/div>\r\n\r\n<div class='code-block code-block-5' style='margin: 8px auto; text-align: center; display: block; clear: both;'>\n<div class=\"themoneytizer\" style=\"min-height: 150px;display:block;\">\n<div id=\"99140-1\">\n<script async src=\"https:\/\/ads.themoneytizer.com\/s\/gen.js?type=1\"><\/script>\n<script async src=\"https:\/\/ads.themoneytizer.com\/s\/requestform.js?siteId=99140&formatId=1\"><\/script>\n<\/div>\n<\/div><\/div>\n\r\n\r\n\r\n<div>\r\n    <h1>Sempre aggiornato: localizzazione navale con MarineTraffic<\/h1>\r\n    <p style=\"text-align: justify;\"><strong>MarineTraffic<\/strong> \u00e8 un servizio informativo nautico per la localizzazione navale, fondato da Dimitris Lekkas nel 2007. \u00c8 ampiamente riconosciuto come il database nautico pi\u00f9 completo ed \u00e8 un servizio che <strong>vanta oltre sei milioni di singoli utenti al mese<\/strong>, nonch\u00e9 oltre un milione di utenti registrati che possiedono un account. Sostanzialmente, il servizio venne creato da Lekkas, in quanto era gi\u00e0 appassionato di computer e avvistamento navale e si era interessato all\u2019uso pratico della tecnologia AIS per la localizzazione delle imbarcazioni. Non sapeva ancora per\u00f2 che avrebbe creato <strong>uno dei pi\u00f9 importanti database di trasporto a livello mondiale<\/strong>. L\u2019uso del servizio MarineTraffic \u00e8 <strong>disponibile gratuitamente<\/strong>, tuttavia esiste anche una versione a pagamento dotata di funzioni avanzate. MarineTraffic usa la tecnologia AIS per la localizzazione delle imbarcazioni, registrando 800 milioni di posizioni navali al mese, mentre il suo databese include informazioni sulle navi circa il luogo e la data di fabbricazione.<\/p>\r\n\r\n    <div class=\"video-container-wrapper\">\r\n        <div class=\"youtube-player\" data-id=\"7aGlcFENOrs\" itemprop=\"video\" itemscope itemtype=\"http:\/\/schema.org\/VideoObject\">\r\n            <meta itemprop=\"name\" content=\"MarineTraffic\" \/>\r\n            <meta itemprop=\"description\" content=\"MarineTraffic is the world\u2019s leading provider of ship tracking and maritime intelligence.\" \/>\r\n            <meta itemprop=\"thumbnailUrl\" content=\"https:\/\/i.ytimg.com\/vi_webp\/7aGlcFENOrs\/hqdefault.webp\" \/>\r\n            <meta itemprop=\"uploadDate\" content=\"2013-10-15T18:43:52Z\" \/>\r\n            <meta itemprop=\"duration\" content=\"PT1M54S\" \/>\r\n            <meta itemprop=\"embedUrl\" content=\"https:\/\/www.youtube.com\/embed\/7aGlcFENOrs\" \/>\r\n        <\/div>\r\n    <\/div>\r\n\r\n    <h2>Come funziona MarineTraffic?<\/h2>\r\n    <p style=\"text-align: justify;\">Il servizio MarineTraffic usa la <strong>tecnologia di localizzazione AIS<\/strong> per fornire informazioni circa l\u2019identificazione, la rotta, la velocit\u00e0 e la posizione attuale delle imbarcazioni. Da qui, si possono sovrapporre le posizioni su Google Maps e, di conseguenza, gli utenti possono usare questo servizio per tracciare i movimenti delle navi e delle altre imbarcazioni in tempo reale.<\/p>\r\n    <p style=\"text-align: justify;\">Inoltre, alcune informazioni sulle <strong>posizioni navali sono auto-inserite<\/strong> dalle persone a bordo delle imbarcazioni. Queste informazioni sono poi utilizzate per fornire una mappa pi\u00f9 accurata e aggiornata delle posizioni navali.<\/p>\r\n    <p style=\"text-align: justify;\">Oltre a monitorare le posizioni delle imbarcazioni, <a href=\"\/it\/marinetraffic\/\">MarineTraffic<\/a> fornisce anche delle informazioni generali su di esse, quali la data di fabbricazione, il loro numero IMO (International Maritime Organisation), il loro peso e addirittura delle fotografie. Molte di queste informazioni sono inviate volontariamente dai membri della community.<\/p>\r\n\r\n    <div class='code-block code-block-14' style='margin: 8px auto; text-align: center; display: block; clear: both;'>\n    <!-- Begin themoneytizer BOTTOM MEDIUM RECTANGLE code -->\n    <div class=\"themoneytizer\" style=\"min-height: 250px; margin: 20px auto;\">\n        <div id=\"99140-19\">\n            <script src=\"\/\/ads.themoneytizer.com\/s\/gen.js?type=19\"><\/script>\n            <script src=\"\/\/ads.themoneytizer.com\/s\/requestform.js?siteId=99140&formatId=19\"><\/script>\n        <\/div>\n    <\/div>\n    <!-- End themoneytizer BOTTOM MEDIUM RECTANGLE code --><\/div>\n\r\n\r\n    <h3>Cos\u2019\u00e8 la tecnologia AIS?<\/h3>\r\n\r\n    <p style=\"text-align: justify;\">AIS significa \u201c<strong>automatic identification system<\/strong>\u201c (sistema di identificazione automatica) e si riferisce al sistema di localizzazione usato per le navi e le imbarcazioni. Dal 2004, tutte le navi passeggeri di ogni stazza e tutte le navi che percorrono viaggi internazionali a partire da una stazza lorda di 300 tonnellate hanno l\u2019obbligo di essere dotate di un transponder AIS che invia e riceve dati AIS.<\/p>\r\n    <div itemscope itemtype=\"https:\/\/schema.org\/ImageObject\">\r\n        <img decoding=\"async\" loading=\"lazy\" class=\"\" style=\"display: block; margin: 20px auto;\" src=\"\/wp-content\/uploads\/2020\/06\/body-of-water-3122008_430.jpg.webp\" alt=\"Voge Master vessel in full drive on the ocean - MMSI no. 256089000\" width=\"430\" height=\"290\" itemprop=\"contentUrl\" \/>\r\n        <meta itemprop=\"name\" content=\"Voge Master vessel\" \/>\r\n        <meta itemprop=\"description\" content=\"Voge Master vessel in full drive on the ocean - MMSI no. 256089000\" \/>\r\n    <\/div>\r\n    <p style=\"text-align: justify;\">The <strong>Il <\/strong><strong>transponder AIS trasmette informazioni GPS<\/strong> e funge anche da host di dati aggiuntivi che saranno poi ricevuti dalle stazioni di ricezione AIS. Il servizio MarineTraffic utilizza <strong>oltre 3.000 di queste stazioni<\/strong> posizionate in giro per il mondo, permettendo al servizio di monitorare le posizioni, di identificare le imbarcazioni, i percorsi pianificati e controllare anche la velocit\u00e0.<\/p>\r\n    <p style=\"text-align: justify;\">In molti modi, la tecnologia AIS di MarineTraffic pu\u00f2 essere considerata <strong>simile alla tecnologia radar di volo<\/strong> usata da servizi come <a href=\"https:\/\/flightradar.live\/it\/\">Flightradar24<\/a> per monitorare gli aeromobili. In quel caso in particolare, la tecnologia AIS \u00e8 sostituita dalla tecnologia ADS-B che funziona in modo simile e anche in questo caso \u00e8 assistita da volontari con informazioni raccolte dai ricevitori ADS-B o da stazioni di ricezione, invece che da ricevitori AIS.<\/p>\r\n\r\n    \r\n\r\n    <h3>Altre informazioni sul sito<\/h3>\r\n    <p style=\"text-align: justify;\">Mentre le informazioni sul sito si basano ampiamente sulla raccolta di questi segnali AIS a fini di monitoraggio, <strong>le informazioni generali sulle imbarcazioni, le foto di navi e molte altre informazioni<\/strong> sono aggiunte e inviate dai volontari che costituiscono il cuore della community di MarineTraffic.<\/p>\r\n    <p style=\"text-align: justify;\">Frattanto, oltre alla localizzazione automatica ottenuta utilizzando la tecnologia AIS, le posizioni delle imbarcazioni sono anche spesso riportate autonomamente a MarineTraffic. Questo rende la localizzazione ancora pi\u00f9 precisa e le informazioni vengono <strong>memorizzate come dati storici all\u2019interno del database<\/strong>. Successivamente \u00e8 possibile fare riferimento a questi dati per un\u2019analisi statistica, per soccorso ad emergenze, per investigazioni relative ad incidenti e anche per valutare gli effetti delle condizioni atmosferiche sulla velocit\u00e0.<\/p>\r\n\r\n\r\n    <h2>Chi usa MarineTraffic?<\/h2>\r\n    <p style=\"text-align: justify;\">Un <a href=\"https:\/\/shiptracker.live\/it\/\" target=\"_blank\" rel=\"noopener\">servizio di monitoraggio navale<\/a> online potrebbe sembrare il tipo di piattaforma che interessa solo agli <strong>osservatori del traffico navale<\/strong> pi\u00f9 dedicati e non sorprende il fatto che il fondatore del sito, Dimitris Lekkas, si consideri membro di questa categoria. Tuttavia, in realt\u00e0, il servizio ha un\u2019audience pi\u00f9 ampia di questa.<\/p>\r\n    <div itemscope itemtype=\"https:\/\/schema.org\/ImageObject\">\r\n        <img decoding=\"async\" loading=\"lazy\" class=\"\" style=\"display: block; margin: 20px auto;\" src=\"\/wp-content\/uploads\/2023\/12\/ship_tracking_map.webp\" alt=\"Real-time Ship Tracking Map\" width=\"640\" height=\"366\" itemprop=\"contentUrl\" \/>\r\n        <meta itemprop=\"name\" content=\"Real-time Ship Tracking Map\" \/>\r\n        <meta itemprop=\"description\" content=\"Real-time Ship Tracking Map\" \/>\r\n    <\/div>\r\n    <p style=\"text-align: justify;\">Infatti, durante gli anni del suo lancio iniziale, MarineTraffic \u00e8 diventato uno <strong>strumento importante sia per fini di business che di ricerca<\/strong>, inoltre questa piattaforma \u00e8 usata anche dai governi, dalle organizzazioni commerciali e dai servizi di soccorso. Naturalmente, rimane <strong>un prezioso strumento anche per i professionisti nautici e per gli appassionati<\/strong>.<\/p>\r\n\r\n    \r\n\r\n    <h3>Utenti principali<\/h3>\r\n    <p style=\"text-align: justify;\">Il gruppo di utenti principali include <strong>professionisti nautici, osservatori di navi e altri appassionati<\/strong>. Molti degli utenti che rientrano in questo gruppo si abbonano alla versione a pagamento del servizio e dedicano il loro tempo libero a sostenere la comunit\u00e0 su base volontaria, caricando fotografie e gestendo il contenuto caricato sul sito.<\/p>\r\n\r\n    <h3>Business e commercio<\/h3>\r\n    <p style=\"text-align: justify;\">Un altro uso strategico del servizio MarineTraffic \u00e8 relativo al business e al commercio. Il suo uso principale consiste nel <strong>monitorare il percorso delle merci<\/strong> che viaggiano oltremare. Inoltre, il sito web possiede una propria cartella dedicata al business per mettere in contatto acquirenti e fornitori.<\/p>\r\n\r\n    <h3>Ricerca<\/h3>\r\n    <p style=\"text-align: justify;\">MarineTraffic \u00e8 molto usato anche dai ricercatori nautici e da coloro che sono interessati alla tecnologia AIS. Quindi il servizio ha creato la MarineTraffic Research Network (Rete di Ricerca MarineTraffic) progettata per <strong>assistere istituzioni accademiche, fondazioni di ricerca e ricercatori nautici individuali<\/strong>. Le parti interessate possono addirittura richiedere dei speciali account accademici.<\/p>\r\n\r\n    <h3>Servizi di sicurezza e soccorso<\/h3>\r\n    <p style=\"text-align: justify;\">Uno dei modi pi\u00f9 sorprendenti in cui MarineTraffic \u00e8 utilizzato, \u00e8 per assistere <strong>i servizi di soccorso con consapevolezza situazionale e investigazione sugli incidenti<\/strong>. Inoltre, questa piattaforma \u00e8 stata anche usata da alcuni governi nazionali per fini di sicurezza, perch\u00e9 permette loro di monitorare attivit\u00e0 situate all\u2019interno e intorno alle proprie aree litorali.<\/p>\r\n\r\n    \r\n\r\n    <h3>Altri utenti<\/h3>\r\n    <p style=\"text-align: justify;\">Oltre ai gruppi menzionati, MarineTraffic \u00e8 diventato anche una risorsa importante per <strong>giornalisti e organizzazioni mediatiche<\/strong>, che l\u2019hanno usato al fine di ottenere informazioni per inchieste sull\u2019ISIS e sulla crisi dei migranti. In pi\u00f9, ci sono anche degli utenti occasionali che utilizzano MarineTraffic per localizzare amici o familiari mentre viaggiano su navi o imbarcazioni.<\/p>\r\n\r\n\r\n    <h2>Come si usa MarineTraffic?<\/h2>\r\n    <p style=\"text-align: justify;\">Se tutto questo sembra complicato o molto tecnico finora, la buona notizia \u00e8 che il servizio attuale di MarineTraffic \u00e8 <strong>molto facile da usare<\/strong>, anche per coloro che non hanno alcuna esperienza nell\u2019uso della tecnologia AIS. Inoltre, \u00e8 possibile accedere alle funzioni principali <strong>da una variet\u00e0 di piattaforme diverse<\/strong>. Il sito web principale \u00e8, di per s\u00e9, la piattaforma web del servizio e da l\u00ec gli utenti saranno in grado di cercare, identificare e localizzare le imbarcazioni. Oltre a tutto ci\u00f2 esistono due applicazioni web separate. La prima si integra con i servizi visti sulla piattaforma web, mentre l\u2019altra \u00e8 progettata per navigatori e appassionati.<\/p>\r\n\r\n    <h3>Piattaforma web<\/h3>\r\n    <p style=\"text-align: justify;\">La piattaforma web MarineTraffic principale <strong>presenta una mappa in tempo reale (Live Map)<\/strong> che indica la posizione delle imbarcazioni. Gli utenti possono cliccare e trascinare la mappa per muoversi sul globo, possono evidenziare le imbarcazioni sulla mappa per scoprire ulteriori informazioni o usare i simboli \u201c+\u201d e \u201c-\u201d per ingrandire o rimpicciolire, mentre la parte a sinistra dello schermo comprende tutta una serie di opzioni pi\u00f9 avanzate.<\/p>\r\n    <div itemscope itemtype=\"https:\/\/schema.org\/ImageObject\">\r\n        <img decoding=\"async\" loading=\"lazy\" class=\"\" style=\"display: block; margin: 20px auto;\" src=\"\/wp-content\/uploads\/2023\/12\/marinetraffic_map_interface.webp\" alt=\"Interactive MarineTraffic Map: Live Vessel Tracking, Advanced Features &#038; User Options\" width=\"640\" height=\"366\" itemprop=\"contentUrl\" \/>\r\n        <meta itemprop=\"name\" content=\"Interactive MarineTraffic Map\" \/>\r\n        <meta itemprop=\"description\" content=\"Live Vessel Tracking, Advanced Features &#038; User Options\" \/>\r\n    <\/div>\r\n    <p style=\"text-align: justify;\">In alto, il <strong>simbolo della lente d\u2019ingrandimento<\/strong> permette la funzione di ricerca, cos\u00ec che gli utenti possano cercare un\u2019imbarcazione, un porto, o un punto specifico della mappa. Inoltre, il <strong>simbolo del filtro<\/strong> permette agli utenti di filtrare l\u2019imbarcazione visualizzata sulla mappa, basandosi su tipo di nave, capacit\u00e0, stato attuale e altro.<\/p>\r\n    <p style=\"text-align: justify;\">Infine, il simbolo con tre barche indica l\u2019opzione \u201cLe mie flotte\u201d. Accedendo a questo men\u00f9, gli utenti hanno la possibilit\u00e0 di creare una flotta e di aggiungervi delle navi, rendendo pi\u00f9 semplice la localizzazione di pi\u00f9 imbarcazioni contemporaneamente.<\/p>\r\n    <p style=\"text-align: justify;\">Un <strong>account basic di MarineTraffic \u00e8 gratuito<\/strong> e pu\u00f2 essere usato per un periodo indefinito. Tuttavia, MarineTraffic \u00e8 classificato come <strong>servizio \u201cfreemium\u201d<\/strong>, perch\u00e9 un account premium a pagamento permette l\u2019accesso a una variet\u00e0 di funzioni ulteriori. Tra queste c\u2019\u00e8 la possibilit\u00e0 di creare flotte pi\u00f9 grandi, di usare icone di personalizzazione della flotta, di avere accesso alle previsioni del vento e di visualizzare uno storico di viaggio di 30 giorni.<\/p>\r\n\r\n    \r\n\r\n    <h3>App per il cellulare<\/h3>\r\n    <p style=\"text-align: justify;\">Oltre alla piattaforma web principale, il servizio MarineTraffic possiede anche <strong>due ulteriori app per cellulare<\/strong> disponibili per dispositivi Android e iOS. La prima di queste <strong>MarineTraffic Ship Positions<\/strong> \u00e8 simile alla piattaforma web, ma \u00e8 pi\u00f9 facile da usare rispetto all\u2019utilizzo del sito sul browser di un dispositivo mobile.<\/p>\r\n    <p style=\"text-align: justify;\">Tutti i possessori di un account possono usare l\u2019app, inclusi quelli che hanno un account basic gratuito, quelli che hanno un account premium a pagamento o quelli che hanno un account speciale per la ricerca o accademico, ma la app non \u00e8 gratuita e viene richiesto un piccolo contributo per poterla scaricare. Le funzioni disponibili nell\u2019app dipenderanno dal tipo di account posseduto dall\u2019utente.<\/p>\r\n    <p style=\"text-align: justify;\">Oltre alla principale app per dispositivi mobili di MarineTraffic, la piattaforma \u00e8 anche dotata di un\u2019app ulteriore, chiamata <strong>MarineTraffic OnCourse<\/strong>. Questa app \u00e8 creata per chi \u00e8 interessato alla barca a vela o allo yachting o per chi guida imbarcazioni pi\u00f9 grandi, fornendo una variet\u00e0 di funzioni pi\u00f9 avanzata. Ad esempio, questa app permette ai naviganti di riportare autonomamente la propria posizione e di caricare facilmente foto e altre informazioni relative alla propria imbarcazione.<\/p>\r\n\r\n    <script type=\"application\/ld+json\">\r\n        {\r\n          \"@context\": \"http:\/\/schema.org\",\r\n          \"@type\": \"Product\",\r\n          \"aggregateRating\": {\r\n            \"@type\": \"AggregateRating\",\r\n            \"reviewCount\": \"5821\",\r\n            \"ratingValue\": \"4.82\"\r\n          },\r\n          \"image\": \"https:\/\/shiptracker.live\/wp-content\/uploads\/2018\/02\/cruise-1578528_1920.jpg\",\r\n          \"name\": \"MarineTraffic\",\r\n          \"brand\": \"Shiptracker.live\",\r\n          \"description\": \"MarineTraffic per tracciare navi e yacht con mappe di tracciamento in tempo reale basate sui dati della rete AIS globale - Tipi di navi e rotte - Stato della nave e altro ancora.\",\r\n                \"offers\": {\r\n                    \"@type\": \"Offer\",\r\n                                    \"availability\": \"https:\/\/schema.org\/InStock\",\r\n                                    \"priceCurrency\": \"EUR\",\r\n                    \"price\": \"0.00\"\r\n                }\r\n            }\r\n        <\/script>\r\n\r\n    <script async>\r\n        jQuery(document).ready(function ($) {\r\n            $(\"#showradar-shiptracker\").click(function () {\r\n                $(\"#showhere-shiptracker\").html('<iframe loading=\"lazy\" id=\"marinetraffic\" name=\"marinetraffic\" scrolling=\"no\" class=\"shiptracker-mapsize\" width=\"100%\" height=\"600\" src=\"https:\/\/www.marinetraffic.com\/it\/ais\/embed\/zoom:4\/centery:42\/centerx:6.7\/maptype:1\/shownames:false\/mmsi:0\/shipid:0\/fleet:\/fleet_id:\/vtypes:\/showmenu:\/remember:false\"><\/iframe>');\r\n                $(\"#framesize-shiptracker\").css(\"height\", \"600px\");\r\n                $(\"#shiptracker-wrapper\").addClass(\"shiptracker-mapsize\");\r\n                $(\"#showradar-shiptracker\").hide();\r\n                $(\".shiptracker-backgroundimage\").hide();\r\n                $(\".shiptracker.draw-white\").hide();\r\n            });\r\n        });\r\n    <\/script>\r\n\r\n<\/div>\r\n","protected":false},"excerpt":{"rendered":"<p>S T A R T Sempre aggiornato: localizzazione navale con MarineTraffic MarineTraffic \u00e8 un servizio informativo nautico per la localizzazione<\/p>\n","protected":false},"author":1,"featured_media":0,"parent":0,"menu_order":1,"comment_status":"closed","ping_status":"closed","template":"","meta":{"colormag_page_container_layout":"default_layout","colormag_page_sidebar_layout":"default_layout","footnotes":""},"class_list":["post-5365","page","type-page","status-publish","hentry"],"_links":{"self":[{"href":"https:\/\/shiptracker.live\/it\/wp-json\/wp\/v2\/pages\/5365","targetHints":{"allow":["GET"]}}],"collection":[{"href":"https:\/\/shiptracker.live\/it\/wp-json\/wp\/v2\/pages"}],"about":[{"href":"https:\/\/shiptracker.live\/it\/wp-json\/wp\/v2\/types\/page"}],"author":[{"embeddable":true,"href":"https:\/\/shiptracker.live\/it\/wp-json\/wp\/v2\/users\/1"}],"replies":[{"embeddable":true,"href":"https:\/\/shiptracker.live\/it\/wp-json\/wp\/v2\/comments?post=5365"}],"version-history":[{"count":4,"href":"https:\/\/shiptracker.live\/it\/wp-json\/wp\/v2\/pages\/5365\/revisions"}],"predecessor-version":[{"id":24123,"href":"https:\/\/shiptracker.live\/it\/wp-json\/wp\/v2\/pages\/5365\/revisions\/24123"}],"wp:attachment":[{"href":"https:\/\/shiptracker.live\/it\/wp-json\/wp\/v2\/media?parent=5365"}],"curies":[{"name":"wp","href":"https:\/\/api.w.org\/{rel}","templated":true}]}}