{"id":23127,"date":"2021-06-21T00:46:21","date_gmt":"2021-06-20T22:46:21","guid":{"rendered":"https:\/\/shiptracker.live\/vesselfinder\/"},"modified":"2023-12-07T23:40:30","modified_gmt":"2023-12-07T21:40:30","slug":"vesselfinder","status":"publish","type":"page","link":"https:\/\/shiptracker.live\/it\/vesselfinder\/","title":{"rendered":"VesselFinder"},"content":{"rendered":"\r\n<!-- META\r\n\t<title>VesselFinder - Monitoraggio in Tempo Reale di Navi e Yacht in Tutto il Mondo<\/title>\r\n\t<meta name=\"description\" content=\"VesselFinder \u2705 per il tracciamento di navi e yacht con mappe live basate su dati della rete AIS globale \u2705 Info su tipi di navi e rotte.\" \/>\r\n-->\r\n<link rel=\"preconnect\" href=\"https:\/\/ads.themoneytizer.com\">\r\n<script src=\"\/js\/youtubelazyload.js\"><\/script>\r\n<style>\r\n    .google-ad {\r\n        margin: 30px 0px;\r\n    }\r\n\r\n    .full-width {\r\n        margin-left: calc(50% - 50vw);\r\n        margin-right: calc(50% - 50vw);\r\n        margin-top: 15px;\r\n        margin-bottom: 15px;\r\n        max-width: unset;\r\n    }\r\n\r\n    .container {\r\n        position: relative;\r\n        width: 100%\r\n    }\r\n\r\n    .container .btn {\r\n        position: absolute;\r\n        top: 50%;\r\n        left: 50%;\r\n        transform: translate(-50%, -50%);\r\n        -ms-transform: translate(-50%, -50%);\r\n        background-color: #e6d250;\r\n        color: #000;\r\n        font-weight: 700;\r\n        font-size: 18px;\r\n        padding: 24px 48px;\r\n        border: none;\r\n        cursor: pointer;\r\n        border-radius: 5px\r\n    }\r\n\r\n    .container .btn:hover {\r\n        background-color: #b5a21a\r\n    }\r\n\r\n    @media only screen and (max-width: 768px) {\r\n        .show-on-desktop {\r\n            display: none;\r\n\r\n        }\r\n    }\r\n\r\n    @media only screen and (min-width: 768px) {\r\n        .show-on-mobile {\r\n            display: none;\r\n\r\n        }\r\n    }\r\n\r\n    .youtube-player {\r\n        position: relative;\r\n        padding-bottom: 56.25%;\r\n        height: 0;\r\n        overflow: hidden;\r\n        max-width: 100%;\r\n        background: #000;\r\n        margin: 0px;\r\n        border-radius: 25px;\r\n    }\r\n\r\n    .youtube-player iframe {\r\n        position: absolute;\r\n        top: 0;\r\n        left: 0;\r\n        width: 100%;\r\n        height: 100%;\r\n        z-index: 100;\r\n        background: transparent;\r\n    }\r\n\r\n    .youtube-player img {\r\n        object-fit: cover;\r\n        display: block;\r\n        left: 0;\r\n        bottom: 0;\r\n        margin: auto;\r\n        max-width: 100%;\r\n        width: 100%;\r\n        position: absolute;\r\n        right: 0;\r\n        top: 0;\r\n        border: none;\r\n        height: auto;\r\n        cursor: pointer;\r\n        -webkit-transition: 0.4s all;\r\n        -moz-transition: 0.4s all;\r\n        transition: 0.4s all;\r\n    }\r\n\r\n    .youtube-player img:hover {\r\n        -webkit-filter: brightness(75%);\r\n        -moz-filter: brightness(75%);\r\n        filter: brightness(75%);\r\n    }\r\n\r\n    .youtube-player .play {\r\n        height: 72px;\r\n        width: 72px;\r\n        left: 50%;\r\n        top: 50%;\r\n        margin-left: -36px;\r\n        margin-top: -36px;\r\n        position: absolute;\r\n        background: url(\"https:\/\/upload.wikimedia.org\/wikipedia\/commons\/b\/b8\/YouTube_play_button_icon_(2013%E2%80%932017).svg\") no-repeat;\r\n        cursor: pointer;\r\n    }\r\n\r\n    .video-container-wrapper {\r\n        display: block;\r\n        margin: 25px auto;\r\n        box-shadow: 0 4px 8px 0 rgb(0 0 0 \/ 20%), 0 6px 20px 0 rgb(0 0 0 \/ 19%);\r\n        border-radius: 25px;\r\n        max-width: 640px;\r\n    }\r\n<\/style>\r\n\r\n<div class=\"show-on-desktop\">\r\n    <script>\r\n        jQuery(document).ready(function ($) {\r\n            $(\"#showradar\").click(function () {\r\n\r\n                $(\"#showhere\").html('<iframe loading=\"lazy\" class=\"iframe-class\" src=\"https:\/\/shiptracker.live\/vesselfinder-iframe.html\" width=\"100%\" height=\"600\" frameborder=\"0\" scrolling=\"no\"><\/iframe>');\r\n                $(\"#framesize\").css(\"height\", \"600px\");\r\n                $(\"#showradar\").hide();\r\n                $(\"#img\").hide();\r\n\r\n            });\r\n        });\r\n    <\/script>\r\n    <div class=\"full-width\">\r\n        <div class=\"container\" id=\"framesize\">\r\n            <div id=\"img\" style=\"overflow: hidden!important; height: 350px; background: #fff url(https:\/\/shiptracker.live\/wp-content\/uploads\/2020\/06\/shiptracker-placeholder-min.jpg.webp) center center no-repeat;\"><\/div>\r\n            <div id=\"showhere\"><\/div>\r\n            <div style=\"margin:0 auto;width:241px;margin-top:110px;\"><span class=\"btn\" id=\"showradar\" rel=\"nofollow\">S T A R T<\/span><\/div>\r\n        <\/div>\r\n    <\/div>\r\n<\/div>\r\n\r\n<div class=\"show-on-mobile\">\r\n    <script>\r\n        jQuery(document).ready(function ($) {\r\n            $(\"#showradar-mob\").click(function () {\r\n\r\n                $(\"#showhere-mob\").html('<iframe loading=\"lazy\" class=\"iframe-class\" src=\"https:\/\/shiptracker.live\/vesselfinder-iframe.html\" width=\"100%\" height=\"600\" frameborder=\"0\" scrolling=\"no\"><\/iframe>');\r\n                $(\"#framesize-mob\").css(\"height\", \"600px\");\r\n                $(\"#showradar-mob\").hide();\r\n                $(\"#img-mob\").hide();\r\n\r\n            });\r\n        });\r\n    <\/script>\r\n    <div style=\"margin:15px 0;\">\r\n        <div class=\"container\" id=\"framesize-mob\">\r\n            <div id=\"img-mob\" style=\"overflow: hidden!important; height: 350px; background: #fff url(https:\/\/shiptracker.live\/wp-content\/uploads\/2020\/06\/shiptracker-placeholder-min.jpg.webp) center center no-repeat;\"><\/div>\r\n            <div id=\"showhere-mob\"><\/div>\r\n            <div style=\"margin:0 auto;width:241px;margin-top:110px;\"><span class=\"btn\" id=\"showradar-mob\" rel=\"nofollow\">S T A R T<\/span><\/div>\r\n        <\/div>\r\n    <\/div>\r\n<\/div>\r\n\r\n<div class='code-block code-block-5' style='margin: 8px auto; text-align: center; display: block; clear: both;'>\n<div class=\"themoneytizer\" style=\"min-height: 150px;display:block;\">\n<div id=\"99140-1\">\n<script async src=\"https:\/\/ads.themoneytizer.com\/s\/gen.js?type=1\"><\/script>\n<script async src=\"https:\/\/ads.themoneytizer.com\/s\/requestform.js?siteId=99140&formatId=1\"><\/script>\n<\/div>\n<\/div><\/div>\n\r\n\r\n\r\n<div>\r\n    <h1>Qual \u00e8 la storia dietro a VesselFinder?<\/h1>\r\n    <h2>Qual era il problema?<\/h2>\r\n    <p style=\"text-align: justify;\">Molto tempo fa, molti secoli fa&#8230;beh, ok, prima del 2011&#8230; non c\u2019era VesselFinder. Potete immaginarvelo?! <strong>Le persone che avevano bisogno di trovare navi ovunque nel mondo<\/strong> non avevano un posto ovvio a cui rivolgersi oppure dovevano pagare tariffe elevate per servizi non flessibili. Potevano fare del loro meglio con le risorse allora disponibili oppure rinunciarvi. Nessuna delle due era una grande opzione di scelta. Cos\u00ec, un paio di persone determinate hanno deciso di fare qualcosa in merito.<\/p>\r\n    <img decoding=\"async\" loading=\"lazy\" class=\"\" style=\"display: block; margin: 20px auto;\" src=\"https:\/\/shiptracker.live\/wp-content\/uploads\/2023\/12\/cargo-ship-on-the-ocean.webp\" alt=\"Fully loaded cargo ship on the ocean\" max-width=\"640\" \/>\r\n\r\n    <h3>La nascita di VesselFinder<\/h3>\r\n    <p style=\"text-align: justify;\">Erano persone che avevano una visione: fare qualcosa di eccezionale. Qualcosa che avrebbe risolto il problema. E hanno fatto qualcosa di incredibile: si sono riuniti e hanno creato VesselFinder. Fin dall\u2019inizio, queste persone sapevano diverse cose. Sapevano che il servizio doveva essere di notevole qualit\u00e0. Sapevano che dovevano offrire qualcosa che nessun altro servizio esistente era in grado di fare. Sapevano che doveva essere semplice e intuitivo da usare. Oh&#8230; e doveva essere affidabile e sicuro. Non c\u2019era alcuna pressione, quindi.<\/p>\r\n\r\n    <div class='code-block code-block-14' style='margin: 8px auto; text-align: center; display: block; clear: both;'>\n    <!-- Begin themoneytizer BOTTOM MEDIUM RECTANGLE code -->\n    <div class=\"themoneytizer\" style=\"min-height: 250px; margin: 20px auto;\">\n        <div id=\"99140-19\">\n            <script src=\"\/\/ads.themoneytizer.com\/s\/gen.js?type=19\"><\/script>\n            <script src=\"\/\/ads.themoneytizer.com\/s\/requestform.js?siteId=99140&formatId=19\"><\/script>\n        <\/div>\n    <\/div>\n    <!-- End themoneytizer BOTTOM MEDIUM RECTANGLE code --><\/div>\n\r\n\r\n    <h3>Chi c\u2019\u00e8 dietro il servizio?<\/h3>\r\n    <p style=\"text-align: justify;\">Gi\u00e0 dall\u2019inizio, le persone presso VesselFinder realizzarono che provare a fare tutto da soli era la ricetta per ottenere un totale esaurimento. Quindi fecero una cosa sensata. Dissero alle persone che condividevano con loro la passione per eccellenza e assistenza quello che stavano facendo. In poco tempo, riuscirono ad avere un <strong>grande team di persone specializzate in tutto<\/strong>: dall&#8217;ingegneria del software alla progettazione marittima. Gli esperti lavorano tuttora in diversi aspetti del VesselFinder.<\/p>\r\n\r\n    <h2>Come funziona VesselFinder?<\/h2>\r\n    <p style=\"text-align: justify;\">Probabilmente avete dato un\u2019occhiata a VesselFinder e avete pensato&#8230; beh, forse il vostro primo pensiero \u00e8 stato \u201cWow!\u201d Abbiamo capito, c\u2019\u00e8 molto da comprendere. Ma dopo aver superato la straordinariet\u00e0 di vedere tutti quei piccoli cerchi colorati e frecce punteggiate sulla mappa del mondo, potreste aver iniziato a porvi un\u2019altra domanda. La domanda \u00e8: \u201cCome ce la fanno?\u201d<\/p>\r\n\r\n    <div class=\"video-container-wrapper\">\r\n        <div class=\"youtube-player\" data-id=\"m1b58yelh_c\" itemprop=\"video\" itemscope itemtype=\"http:\/\/schema.org\/VideoObject\">\r\n            <meta itemprop=\"name\" content=\"Movements of Container Ship ACX CRYSTAL involved in a Collision with USS Fitzgerald\" \/>\r\n            <meta itemprop=\"description\" content=\"Movements of Philippine-flagged Container ship ACX CRYSTAL, which collided with US Destroyer USS Fitzgerald south of Tokyo Bay in Japan in a rare incident on busy waterway. USS Fitzgerald (DDG 62) was involved in a collision with the container ship ACX Crystal, while operating about 56 nautical miles southwest of Yokosuka, Japan. The US Navy has identified seven sailors who were killed when their destroyer collided with the container ship. The coastguard said none of the 20 crew members on board the container ship ACX Crystal were injured. Full story of the collision: https:\/\/www.vesselfinder.com\/news\/9510-USS-Fitzgerald-in-collision-with-containership-ACX-CRYSTAL-off-Yokosuka-Japan-Seven-US-sailors-missing-Video ACX CRYSTAL ship details: https:\/\/www.vesselfinder.com\/vessels\/ACX-CRYSTAL-IMO-9360611-MMSI-548789000 Current position of ACX CRYSTAL: https:\/\/www.vesselfinder.com\/?imo=9360611 Place of the collision: https:\/\/www.vesselfinder.com\/?lat=34.52366&#038;lon=139.06950&#038;zoom=9 Video copyrighted by: https:\/\/www.vesselfinder.com\/ and can not be distributed without an appropriate accreditation to www.vesselfinder.com For AIS position data inquiries: https:\/\/www.vesselfinder.com\/historical-ais-data Connect with VesselFinder Web: https:\/\/www.vesselfinder.com\/ Email: info@vesselfinder.com Facebook: https:\/\/www.facebook.com\/VesselFinder Twitter: https:\/\/twitter.com\/VesselFinder\" \/>\r\n            <meta itemprop=\"thumbnailUrl\" content=\"https:\/\/i.ytimg.com\/vi_webp\/m1b58yelh_c\/hq1.webp\" \/>\r\n            <meta itemprop=\"uploadDate\" content=\"2017-06-19T13:30:40Z\" \/>\r\n            <meta itemprop=\"duration\" content=\"PT4M30S\" \/>\r\n            <meta itemprop=\"embedUrl\" content=\"https:\/\/www.youtube.com\/embed\/m1b58yelh_c\" \/>\r\n        <\/div>\r\n    <\/div>\r\n\r\n    <h3>Quindi, come ce la facciamo?<\/h3>\r\n    <p style=\"text-align: justify;\">Sorprendentemente, forse la risposta a questa domanda non implica avere milioni di persone che nuotano in giro seguendo le navi e che scarabocchiano postazioni in un iPad impermeabile. Sarebbe grandioso ma ci sarebbe bisogno di moltissime persone. In realt\u00e0 dipende tutto da una tecnologia veramente fantastica. Per gli amici, Vesselfinder.com \u00e8 <strong>costruito su un sistema di identificazione automatica, o AIS<\/strong>. S\u00ec, siete considerati amici! Un rete enorme di ricevitori in tutto il globo trasmette costantemente segnali che il servizio di VesselFinder decifra e trasforma nelle cose che potete vedere sul sito.<\/p>\r\n\r\n    \r\n\r\n    <h2>Per cosa viene usato VesselFinder?<\/h2>\r\n    <p style=\"text-align: justify;\">Ora, \u00e8 impossibile rispondere a questa domanda. La risposta \u00e8 piuttosto lunga. Ma la risposta breve \u00e8 &#8220;praticamente qualsiasi cosa&#8221;. Con il passare del tempo, il team di VessselFinder ha aggiunto sempre pi\u00f9 servizi e opzioni, in modo che ora sia il porto sicuro per chiunque abbia bisogno di informazioni rapide e affidabili. Che si utilizzi il sito Web, i social media oppure un&#8217;app, l\u2019impulso a fornire il meglio \u00e8 lo stesso.<\/p>\r\n    <img decoding=\"async\" loading=\"lazy\" class=\"\" style=\"display: block; margin: 20px auto;\" src=\"https:\/\/shiptracker.live\/wp-content\/uploads\/2023\/12\/sea-dream-yacht-club.webp\" alt=\"Sea Dream Yacht Club on the ocean and surrounded by jet skies\" max-width=\"640\" \/>\r\n\r\n    <h3>Quali servizi vengono forniti?<\/h3>\r\n    <p style=\"text-align: justify;\">Vesselfinder.com <strong>tiene traccia di pi\u00f9 di 100.000 imbarcazioni<\/strong>. Possono essere ovunque nel mondo, dall\u2019Oceano Indiano ai Grandi Laghi canadesi. Queste <strong>posizioni sono regolarmente aggiornate<\/strong>, ciascuna ogni giorno. Potete verificare quali porti ha chiamato una nave e anche i dettagli del suo viaggio. Potete vedere dove si trova una nave e dove si sta dirigendo, con informazioni precise e accurate sulla rotta e sulla velocit\u00e0.<\/p>\r\n\r\n    \r\n\r\n    <h3>VesselFinder pu\u00f2 veramente offrire cos\u00ec tanto?<\/h3>\r\n    <p style=\"text-align: justify;\">S\u00ec, ma non ne \u00e8 neanche la met\u00e0! La funzione My Fleet su VesselFinder Premium permette agli utenti di <strong>accedere a dati personalizzati da imbarcazioni selezionate in un lampo<\/strong>. Vi sono foto chiare e a colori di <strong>decine di migliaia di navi<\/strong>, cos\u00ec come utili immagini che mostrano le <strong>infrastrutture portuali<\/strong>. Il tempo \u00e8 denaro nel settore marittimo, pertanto la capacit\u00e0 di analizzare la densit\u00e0 del traffico \u00e8 decisiva: VesselFinder offre anche questo. Senza menzionare il servizio esauriente di notizie marittime che fornisce.<\/p>\r\n\r\n\r\n    <h2>Come si usa VesselFinder?<\/h2>\r\n    <p style=\"text-align: justify;\">Comunque piaccia! <strong>La filosofia VesselFinder non \u00e8 di quella di dire agli utenti cosa fare con i dati<\/strong> ma di dare loro tutti gli strumenti che servono per decidere come usarli. Alcuni potrebbero aver bisogno di tenere d\u2019occhio un piccolo numero di imbarcazioni, mentre altri potrebbero richiedere una pi\u00f9 vasta prospettiva. In molti casi, gli utenti vorranno accedere ai servizi in movimento, motivo per cui VesselFinder offre app chiare e veloci sia per iOS che per Android.<\/p>\r\n\r\n    <h3>Opzioni di ricerca flessibili<\/h3>\r\n    <p style=\"text-align: justify;\">In maniera simile, \u00e8 pi\u00f9 intuitivo trovare una nave <strong>cercandola per nome<\/strong>: ma alle volte non \u00e8 cos\u00ec. Forse avete solo l\u2019identificativo <strong><a href=\"https:\/\/de.wikipedia.org\/wiki\/Maritime_Mobile_Service_Identity\" target=\"_blank\" rel=\"noopener\">Maritime Mobile Service Identity (MMSI)<\/a> o il codice ISO<\/strong>. Indovinate? Potete farlo con VesselFinder. Potete anche controllare i dettagli di un\u2019imbarcazione per essere sicuri di avere quella giusta. Bandiera, stazza, anno di costruzione, pescaggio, dove sta andando, quanto velocemente sta andando, il numero dell&#8217;equipaggio di nome Bob&#8230; ok, forse non quest\u2019ultima. Ma, ehi, se c\u2019\u00e8 abbastanza richiesta, forse ci lavoreranno su!<\/p>\r\n\r\n    <h3>Tracciamento e avvisi in tempo reale<\/h3>\r\n    <p style=\"text-align: justify;\">Rimanete aggiornati e sicuri con la funzione di tracciamento in tempo reale di VesselFinder. Che sia per interesse personale, per commerci marittimi o per motivi di sicurezza, gli utenti possono seguire le imbarcazioni in tempo reale, vedendone l&#8217;esatta posizione sulla mappa. Questa funzione \u00e8 utile per le aziende di logistica che monitorano i carichi, per le famiglie di marinai che tengono traccia del loro viaggio o per gli appassionati che seguono navi iconiche. Inoltre, <strong>gli avvisi possono essere impostati per ricevere una notifica sui movimenti specifici delle imbarcazioni<\/strong>, in modo da non perdere mai un aggiornamento importante.<\/p>\r\n\r\n    \r\n\r\n    <h3>Dati storici e analisi dei viaggi<\/h3>\r\n    <p style=\"text-align: justify;\">Fate un tuffo nel passato con i dati storici completi di VesselFinder. Questa funzione \u00e8 una miniera d&#8217;oro per ricercatori, storici marittimi o chiunque sia curioso di conoscere i viaggi passati di un\u2019imbarcazione. <strong>Analizzare rotte, velocit\u00e0, scali e varie tempistiche<\/strong>. Le aziende possono utilizzare questi dati per analisi di mercato o per migliorare l&#8217;efficienza operativa.<\/p>\r\n\r\n    <h3>Informazioni sui porti<\/h3>\r\n    <p style=\"text-align: justify;\">Ottenete indicazioni sull&#8217;attivit\u00e0 portuale globale con le informazioni dettagliate sui porti di VesselFinder. Questo prezioso strumento \u00e8 essenziale per i responsabili della logistica, le compagnie di navigazione e gli appassionati. <strong>Gli utenti possono accedere a informazioni aggiornate sugli arrivi e le partenze dai porti, sugli orari di arrivo previsti e sullo stato attuale dei porti<\/strong>. Questa funzione fornisce anche dati storici, offrendo spunti utili sulle tendenze del traffico portuale e sulle variazioni stagionali. Che si tratti di pianificare una spedizione, di analizzare le tendenze del mercato o semplicemente di informarsi sulle operazioni portuali, la sezione di VesselFinder dedicata alle informazioni sui porti \u00e8 una risorsa completa per comprendere le dinamiche del commercio marittimo e della logistica.<\/p>\r\n\r\n    <h2>Chi trover\u00e0 VesselFinder interessante?<\/h2>\r\n    <p style=\"text-align: justify;\">La risposta breve \u00e8: tutti! Molti utenti spesso si chiedono: \u201cVesselFinder \u00e8 gratis?\u201d e la risposta \u00e8 s\u00ec, poich\u00e9 il sito offre numerose funzioni essenziali a costo zero, garantendo l&#8217;accesso gratuito ai suoi validi servizi di tracciamento marittimo. Vi \u00e8 cos\u00ec tanto su VesselFinder che di qualsiasi cosa abbiate bisogno a partire dal vostro servizio di tracciamento della nave al servizio informazioni, siete quasi sicuri di trovarlo. Per esempio:<\/p>\r\n    <img decoding=\"async\" loading=\"lazy\" class=\"\" style=\"display: block; margin: 20px auto;\" src=\"https:\/\/shiptracker.live\/wp-content\/uploads\/2023\/12\/cruise-ship-seven-seas-mariner.webp\" alt=\"Cruise Ship Seven Seas Mariner in a harbour with some fishing boats in the foreground\" max-width=\"640\" \/>\r\n\r\n    <h3>Osservatori di navi<\/h3>\r\n    <p style=\"text-align: justify;\">Vesselfinder.com \u00e8 una <strong>risorsa eccezionale per le persone che amano le navi e il mare<\/strong>. Che stiate seguendo gigantesche navi porta-container in tutto il globo, monitorando il percorso delle superpetroliere, mentre le loro consegne di petrolio mandano avanti le industrie del mondo, o semplicemente scoprendo imbarcazioni che non sapevate neanche esistessero, potete farlo con VesselFinder&#8230; e tutto in un batter d&#8217;occhio.<\/p>\r\n\r\n    \r\n\r\n    <h3>Viaggiatori<\/h3>\r\n    <p style=\"text-align: justify;\">Se amate viaggiare per il mondo, VesselFinder fa anche per voi. State pensando di partire per una crociera baciata dal sole? Guardate dove vi porter\u00e0 il viaggio e emozionatevi per i nomi dei porti esotici in cui farete scalo. Volete sapere cosa vedrete se navigate lungo il Canale della Manica o la Saint Lawrence Seaway? Controllando Vessel Finder, lo saprete.<\/p>\r\n\r\n    <h3>Proprietari di navi<\/h3>\r\n    <p style=\"text-align: justify;\">VesselFinder \u00e8 la maniera pi\u00f9 semplice per <strong>tenere traccia della vostra nave&#8230;<\/strong> e non solo della vostra. Scoprite immediatamente se i vostri competitori stanno usando tragitti pi\u00f9 efficienti o se stanno facendo scalo in nuovi porti per ottimizzare i loro itinerari. Confrontate la vostra nave per quel che riguarda dimensioni, stazza e anni con quelle di altri nel vostro settore di mercato. Usate la libreria di foto per vedere come la vostra flotta assomiglia o differisce da quelle delle aziende contro cui competete.<\/p>\r\n\r\n    <h3>Manager di societ\u00e0<\/h3>\r\n    <p style=\"text-align: justify;\">Non dovete lavorare nel settore marittimo perch\u00e9 vesselfinder.com lavori per voi. Cos\u00ec tante merci viaggiano via mare che chiunque <strong>commercia a livello internazionale<\/strong> trarr\u00e0 vantaggio dal tenerne traccia. Sarete in grado di giudicare quanto tempo impiegheranno le consegne, se i rivali le ricevono prima e se dovreste pensare di cambiare i porti di spedizione e di destinazione.<\/p>\r\n\r\n\r\n    <h2>Dove altro si usa una tecnologia equivalente?<\/h2>\r\n    <p style=\"text-align: justify;\">Vesselfinder.com \u00e8 un servizio piuttosto impressionante. \u00c8 anche qualcosa che viene notato da sempre pi\u00f9 persone in altri settori, in tutto il mondo. Non c\u2019\u00e8 da stupirsi, pertanto, che vi sia molto interesse nell\u2019uso di una tecnologia simile in altre aree. Per esempio:<\/p>\r\n\r\n    <h3>Flightradar24<\/h3>\r\n    <p style=\"text-align: justify;\">Questo <strong>eccellente sito di monitoraggio dei voli<\/strong> \u00e8 sostanzialmente l&#8217;equivalente aeronautico di VesselFinder. \u00c8 operativo dal 2006 e da allora \u00e8 stato sviluppato partendo da un hobby divertente diventando uno dei siti di monitoraggio pi\u00f9 usati al mondo. La tecnica <strong>ADS-B (Automatic Detection Surveillance &#8211; Broadcast)<\/strong> usata dal sito fa un lavoro molto simile a quello che AIS fa per VesselFinder e significa che pu\u00f2 anche offrire un&#8217;incredibile precisione e affidabilit\u00e0. <a href=\"https:\/\/flightradar.live\/it\/\" target=\"_blank\" rel=\"noopener\">Flightradar24<\/a> \u00e8 cos\u00ec benfatto da venire usato dai principali attori dell\u2019industria aeronautica.\r\n\r\n    <h3>Rail radar<\/h3>\r\n    <p style=\"text-align: justify;\">La tecnologia di monitoraggio pu\u00f2 aiutare anche su terra e <a href=\"https:\/\/zugradar.info\/\" target=\"_blank\" rel=\"noopener\">Rail radar<\/a> la applica alla rete ferroviaria britannica. Questo servizio offre <strong>un\u2019eccellente panoramica di treni<\/strong> in tutto il Paese. Vi \u00e8 una chiara mappa che vi permette di vedere con uno sguardo non solo dove si trovano i treni, ma anche chi li manovra. Una semplice interfaccia click-through vi d\u00e0 immediato accesso alle informazioni sulla corsa, inclusi i tempi al secondo per le fermate nelle stazioni, nonch\u00e9 eventuali ritardi.\r\n\r\n<\/div>\r\n\r\n","protected":false},"excerpt":{"rendered":"<p>S T A R T S T A R T Qual \u00e8 la storia dietro a VesselFinder? Qual era il<\/p>\n","protected":false},"author":1,"featured_media":0,"parent":0,"menu_order":2,"comment_status":"closed","ping_status":"closed","template":"","meta":{"colormag_page_container_layout":"default_layout","colormag_page_sidebar_layout":"default_layout","footnotes":""},"class_list":["post-23127","page","type-page","status-publish","hentry"],"_links":{"self":[{"href":"https:\/\/shiptracker.live\/it\/wp-json\/wp\/v2\/pages\/23127","targetHints":{"allow":["GET"]}}],"collection":[{"href":"https:\/\/shiptracker.live\/it\/wp-json\/wp\/v2\/pages"}],"about":[{"href":"https:\/\/shiptracker.live\/it\/wp-json\/wp\/v2\/types\/page"}],"author":[{"embeddable":true,"href":"https:\/\/shiptracker.live\/it\/wp-json\/wp\/v2\/users\/1"}],"replies":[{"embeddable":true,"href":"https:\/\/shiptracker.live\/it\/wp-json\/wp\/v2\/comments?post=23127"}],"version-history":[{"count":0,"href":"https:\/\/shiptracker.live\/it\/wp-json\/wp\/v2\/pages\/23127\/revisions"}],"wp:attachment":[{"href":"https:\/\/shiptracker.live\/it\/wp-json\/wp\/v2\/media?parent=23127"}],"curies":[{"name":"wp","href":"https:\/\/api.w.org\/{rel}","templated":true}]}}