{"id":23125,"date":"2021-06-21T00:46:21","date_gmt":"2021-06-20T22:46:21","guid":{"rendered":"https:\/\/shiptracker.live\/vesselfinder\/"},"modified":"2023-12-07T23:11:18","modified_gmt":"2023-12-07T21:11:18","slug":"vesselfinder","status":"publish","type":"page","link":"https:\/\/shiptracker.live\/hr\/vesselfinder\/","title":{"rendered":"VesselFinder"},"content":{"rendered":"\r\n<!-- META\r\n\t<title>VesselFinder - Pra\u0107enje Brodova i Jahti u Stvarnom Vremenu<\/title>\r\n\t<meta name=\"description\" content=\"VesselFinder \u2705 za pra\u0107enje brodova i jahti s kartama u\u017eivo na temelju globalnih AIS mre\u017enih podataka \u2705 Informacije o tipovima brodova.\" \/>\r\n-->\r\n<link rel=\"preconnect\" href=\"https:\/\/ads.themoneytizer.com\">\r\n<script src=\"\/js\/youtubelazyload.js\"><\/script>\r\n<style>\r\n    .google-ad {\r\n        margin: 30px 0px;\r\n    }\r\n\r\n    .full-width {\r\n        margin-left: calc(50% - 50vw);\r\n        margin-right: calc(50% - 50vw);\r\n        margin-top: 15px;\r\n        margin-bottom: 15px;\r\n        max-width: unset;\r\n    }\r\n\r\n    .container {\r\n        position: relative;\r\n        width: 100%\r\n    }\r\n\r\n    .container .btn {\r\n        position: absolute;\r\n        top: 50%;\r\n        left: 50%;\r\n        transform: translate(-50%, -50%);\r\n        -ms-transform: translate(-50%, -50%);\r\n        background-color: #e6d250;\r\n        color: #000;\r\n        font-weight: 700;\r\n        font-size: 18px;\r\n        padding: 24px 48px;\r\n        border: none;\r\n        cursor: pointer;\r\n        border-radius: 5px\r\n    }\r\n\r\n    .container .btn:hover {\r\n        background-color: #b5a21a\r\n    }\r\n\r\n    @media only screen and (max-width: 768px) {\r\n        .show-on-desktop {\r\n            display: none;\r\n\r\n        }\r\n    }\r\n\r\n    @media only screen and (min-width: 768px) {\r\n        .show-on-mobile {\r\n            display: none;\r\n\r\n        }\r\n    }\r\n\r\n    .youtube-player {\r\n        position: relative;\r\n        padding-bottom: 56.25%;\r\n        height: 0;\r\n        overflow: hidden;\r\n        max-width: 100%;\r\n        background: #000;\r\n        margin: 0px;\r\n        border-radius: 25px;\r\n    }\r\n\r\n    .youtube-player iframe {\r\n        position: absolute;\r\n        top: 0;\r\n        left: 0;\r\n        width: 100%;\r\n        height: 100%;\r\n        z-index: 100;\r\n        background: transparent;\r\n    }\r\n\r\n    .youtube-player img {\r\n        object-fit: cover;\r\n        display: block;\r\n        left: 0;\r\n        bottom: 0;\r\n        margin: auto;\r\n        max-width: 100%;\r\n        width: 100%;\r\n        position: absolute;\r\n        right: 0;\r\n        top: 0;\r\n        border: none;\r\n        height: auto;\r\n        cursor: pointer;\r\n        -webkit-transition: 0.4s all;\r\n        -moz-transition: 0.4s all;\r\n        transition: 0.4s all;\r\n    }\r\n\r\n    .youtube-player img:hover {\r\n        -webkit-filter: brightness(75%);\r\n        -moz-filter: brightness(75%);\r\n        filter: brightness(75%);\r\n    }\r\n\r\n    .youtube-player .play {\r\n        height: 72px;\r\n        width: 72px;\r\n        left: 50%;\r\n        top: 50%;\r\n        margin-left: -36px;\r\n        margin-top: -36px;\r\n        position: absolute;\r\n        background: url(\"https:\/\/upload.wikimedia.org\/wikipedia\/commons\/b\/b8\/YouTube_play_button_icon_(2013%E2%80%932017).svg\") no-repeat;\r\n        cursor: pointer;\r\n    }\r\n\r\n    .video-container-wrapper {\r\n        display: block;\r\n        margin: 25px auto;\r\n        box-shadow: 0 4px 8px 0 rgb(0 0 0 \/ 20%), 0 6px 20px 0 rgb(0 0 0 \/ 19%);\r\n        border-radius: 25px;\r\n        max-width: 640px;\r\n    }\r\n<\/style>\r\n\r\n<div class=\"show-on-desktop\">\r\n    <script>\r\n        jQuery(document).ready(function ($) {\r\n            $(\"#showradar\").click(function () {\r\n\r\n                $(\"#showhere\").html('<iframe loading=\"lazy\" class=\"iframe-class\" src=\"https:\/\/shiptracker.live\/vesselfinder-iframe.html\" width=\"100%\" height=\"600\" frameborder=\"0\" scrolling=\"no\"><\/iframe>');\r\n                $(\"#framesize\").css(\"height\", \"600px\");\r\n                $(\"#showradar\").hide();\r\n                $(\"#img\").hide();\r\n\r\n            });\r\n        });\r\n    <\/script>\r\n    <div class=\"full-width\">\r\n        <div class=\"container\" id=\"framesize\">\r\n            <div id=\"img\" style=\"overflow: hidden!important; height: 350px; background: #fff url(https:\/\/shiptracker.live\/wp-content\/uploads\/2020\/06\/shiptracker-placeholder-min.jpg.webp) center center no-repeat;\"><\/div>\r\n            <div id=\"showhere\"><\/div>\r\n            <div style=\"margin:0 auto;width:241px;margin-top:110px;\"><span class=\"btn\" id=\"showradar\" rel=\"nofollow\">S T A R T<\/span><\/div>\r\n        <\/div>\r\n    <\/div>\r\n<\/div>\r\n\r\n<div class=\"show-on-mobile\">\r\n    <script>\r\n        jQuery(document).ready(function ($) {\r\n            $(\"#showradar-mob\").click(function () {\r\n\r\n                $(\"#showhere-mob\").html('<iframe loading=\"lazy\" class=\"iframe-class\" src=\"https:\/\/shiptracker.live\/vesselfinder-iframe.html\" width=\"100%\" height=\"600\" frameborder=\"0\" scrolling=\"no\"><\/iframe>');\r\n                $(\"#framesize-mob\").css(\"height\", \"600px\");\r\n                $(\"#showradar-mob\").hide();\r\n                $(\"#img-mob\").hide();\r\n\r\n            });\r\n        });\r\n    <\/script>\r\n    <div style=\"margin:15px 0;\">\r\n        <div class=\"container\" id=\"framesize-mob\">\r\n            <div id=\"img-mob\" style=\"overflow: hidden!important; height: 350px; background: #fff url(https:\/\/shiptracker.live\/wp-content\/uploads\/2020\/06\/shiptracker-placeholder-min.jpg.webp) center center no-repeat;\"><\/div>\r\n            <div id=\"showhere-mob\"><\/div>\r\n            <div style=\"margin:0 auto;width:241px;margin-top:110px;\"><span class=\"btn\" id=\"showradar-mob\" rel=\"nofollow\">S T A R T<\/span><\/div>\r\n        <\/div>\r\n    <\/div>\r\n<\/div>\r\n\r\n<div class='code-block code-block-5' style='margin: 8px auto; text-align: center; display: block; clear: both;'>\n<div class=\"themoneytizer\" style=\"min-height: 150px;display:block;\">\n<div id=\"99140-1\">\n<script async src=\"https:\/\/ads.themoneytizer.com\/s\/gen.js?type=1\"><\/script>\n<script async src=\"https:\/\/ads.themoneytizer.com\/s\/requestform.js?siteId=99140&formatId=1\"><\/script>\n<\/div>\n<\/div><\/div>\n\r\n\r\n\r\n<div>\r\n    <h1>Koja je pri\u010da iza VesselFindera?<\/h1>\r\n    <h2>U \u010demu je bio problem?<\/h2>\r\n    <p style=\"text-align: justify;\">Jednom davno, prije mnogo stolje\u0107a &#8211; dobro, recimo prije 2011. &#8211; nije postojao VesselFinder. Zamislite! <strong>Ljudi koji su trebali prona\u0107i brodove bilo gdje u svijetu<\/strong> nisu imali odre\u0111eno mjesto kojem su se mogli obratiti ili su morali pla\u0107ati visoke naknade za nefleksibilne usluge. Mogli su poku\u0161ati do\u0107i do rezultata koriste\u0107i se dostupnim resursima ili odustati. Nijedna od tih opcija nije bila zadovoljavaju\u0107a. Stoga je grupa odlu\u010dnih ljudi rije\u0161ila ne\u0161to poduzeti po tom pitanju.<\/p>\r\n    <img decoding=\"async\" loading=\"lazy\" class=\"\" style=\"display: block; margin: 20px auto;\" src=\"https:\/\/shiptracker.live\/wp-content\/uploads\/2023\/12\/cargo-ship-on-the-ocean.webp\" alt=\"Fully loaded cargo ship on the ocean\" max-width=\"640\" \/>\r\n\r\n    <h3>Ro\u0111enje VesselFindera<\/h3>\r\n    <p style=\"text-align: justify;\">To su bili ljudi koji su imali viziju u\u010diniti ne\u0161to veliko. Ne\u0161to \u0161to bi rije\u0161ilo problem. I u\u010dinili su ne\u0161to nevjerojatno: okupili su se i postavili VesselFinder. Ti su ljudi od samog po\u010detka znali nekoliko stvari. Znali su da usluga mora biti izvanredne kvalitete. Znali su da mora ponuditi ne\u0161to \u0161to nijedna postoje\u0107a usluga ne mo\u017ee. Znali su da mora biti jednostavna i intuitivna za kori\u0161tenje. A tako\u0111er je morala biti pouzdana i sigurna. Bez pritiska, dakle.<\/p>\r\n\r\n    <div class='code-block code-block-14' style='margin: 8px auto; text-align: center; display: block; clear: both;'>\n    <!-- Begin themoneytizer BOTTOM MEDIUM RECTANGLE code -->\n    <div class=\"themoneytizer\" style=\"min-height: 250px; margin: 20px auto;\">\n        <div id=\"99140-19\">\n            <script src=\"\/\/ads.themoneytizer.com\/s\/gen.js?type=19\"><\/script>\n            <script src=\"\/\/ads.themoneytizer.com\/s\/requestform.js?siteId=99140&formatId=19\"><\/script>\n        <\/div>\n    <\/div>\n    <!-- End themoneytizer BOTTOM MEDIUM RECTANGLE code --><\/div>\n\r\n\r\n    <h3>Tko stoji iza usluge?<\/h3>\r\n    <p style=\"text-align: justify;\">Od samog po\u010detka, ljudi u VesselFinderu shvatili su da je nastojanje da sve u\u010dine sami, recept za potpuno izgaranje. Stoga su postupili razumno. Ispri\u010dali su ljudima koji dijele njihovu strast za izvrsno\u0161\u0107u i uslugom na \u010demu rade. Ubrzo su imali <strong>veliki tim ljudi specijaliziranih za sve<\/strong>, od programskog in\u017eenjerstva do pomorskog dizajna. Stru\u010dnjaci su radili na svakom aspektu VesselFindera.<\/p>\r\n\r\n    <h2>Kako radi VesselFinder?<\/h2>\r\n    <p style=\"text-align: justify;\">Vjerojatno ste pogledali VesselFinder i pomislili&#8230; pa, mo\u017eda je va\u0161a prva pomisao bila: \u201eVau!\u201d Jasno nam je, toliko toga ima za otkriti. Nakon \u0161to ste do\u0161li k sebi od fantasti\u010dnog dojma koji su na vas ostavili svi ti mali \u0161areni krugovi i strelice ozna\u010deni po karti svijeta, mo\u017eda ste si po\u010deli postavljati jedno drugo pitanje. To pitanje glasi: \u201eKako oni to rade?\u201d<\/p>\r\n\r\n    <div class=\"video-container-wrapper\">\r\n        <div class=\"youtube-player\" data-id=\"m1b58yelh_c\" itemprop=\"video\" itemscope itemtype=\"http:\/\/schema.org\/VideoObject\">\r\n            <meta itemprop=\"name\" content=\"Movements of Container Ship ACX CRYSTAL involved in a Collision with USS Fitzgerald\" \/>\r\n            <meta itemprop=\"description\" content=\"Movements of Philippine-flagged Container ship ACX CRYSTAL, which collided with US Destroyer USS Fitzgerald south of Tokyo Bay in Japan in a rare incident on busy waterway. USS Fitzgerald (DDG 62) was involved in a collision with the container ship ACX Crystal, while operating about 56 nautical miles southwest of Yokosuka, Japan. The US Navy has identified seven sailors who were killed when their destroyer collided with the container ship. The coastguard said none of the 20 crew members on board the container ship ACX Crystal were injured. Full story of the collision: https:\/\/www.vesselfinder.com\/news\/9510-USS-Fitzgerald-in-collision-with-containership-ACX-CRYSTAL-off-Yokosuka-Japan-Seven-US-sailors-missing-Video ACX CRYSTAL ship details: https:\/\/www.vesselfinder.com\/vessels\/ACX-CRYSTAL-IMO-9360611-MMSI-548789000 Current position of ACX CRYSTAL: https:\/\/www.vesselfinder.com\/?imo=9360611 Place of the collision: https:\/\/www.vesselfinder.com\/?lat=34.52366&#038;lon=139.06950&#038;zoom=9 Video copyrighted by: https:\/\/www.vesselfinder.com\/ and can not be distributed without an appropriate accreditation to www.vesselfinder.com For AIS position data inquiries: https:\/\/www.vesselfinder.com\/historical-ais-data Connect with VesselFinder Web: https:\/\/www.vesselfinder.com\/ Email: info@vesselfinder.com Facebook: https:\/\/www.facebook.com\/VesselFinder Twitter: https:\/\/twitter.com\/VesselFinder\" \/>\r\n            <meta itemprop=\"thumbnailUrl\" content=\"https:\/\/i.ytimg.com\/vi_webp\/m1b58yelh_c\/hq1.webp\" \/>\r\n            <meta itemprop=\"uploadDate\" content=\"2017-06-19T13:30:40Z\" \/>\r\n            <meta itemprop=\"duration\" content=\"PT4M30S\" \/>\r\n            <meta itemprop=\"embedUrl\" content=\"https:\/\/www.youtube.com\/embed\/m1b58yelh_c\" \/>\r\n        <\/div>\r\n    <\/div>\r\n\r\n    <h3>Dakle, kako to radite?<\/h3>\r\n    <p style=\"text-align: justify;\">Zvu\u010di iznena\u0111uju\u0107e, ali odgovor na ovo pitanje ne uklju\u010duje milijune ljudi koji plivaju uokolo za brodovima i \u0161krabaju lokacije na vodootpornom iPadu. To bi bilo sjajno, ali iziskivalo bi jako puno ljudi. Zapravo se sve svodi na jednu stvarno super tehnologiju. Za svoje prijatelje, Vesselfinder.com je <strong>izgra\u0111en na sustavu automatske identifikacije ili AIS<\/strong>. Da, vi ste prijatelji! Ogromna mre\u017ea prijamnika diljem svijeta neprestano oda\u0161ilje signale koje usluga VesselFinder dekodira i pretvara u stvari koje mo\u017eete vidjeti na stranici.<\/p>\r\n\r\n    \r\n\r\n    <h2>Za \u0161to ljudi koriste VesselFinder?<\/h2>\r\n    <p style=\"text-align: justify;\">To je vrlo kompleksno pitanje. A postoji i cijeli niz odgovora. Ali kratak odgovor je \u201eprili\u010dno za sve\u201d. Kako je vrijeme prolazilo, ekipa VessselFindera je dodavala sve vi\u0161e i vi\u0161e usluga i opcija, tako da je sada pravo mjesto za svakoga tko treba brze i pouzdane informacije. Bez obzira koriste li web stranicu, dru\u0161tvene mre\u017ee ili aplikaciju, \u017eelja za pru\u017eanjem najboljeg je ista.<\/p>\r\n    <img decoding=\"async\" loading=\"lazy\" class=\"\" style=\"display: block; margin: 20px auto;\" src=\"https:\/\/shiptracker.live\/wp-content\/uploads\/2023\/12\/sea-dream-yacht-club.webp\" alt=\"Sea Dream Yacht Club on the ocean and surrounded by jet skies\" max-width=\"640\" \/>\r\n\r\n    <h3>Koje se usluge pru\u017eaju?<\/h3>\r\n    <p style=\"text-align: justify;\">Vesselfinder.com <strong>prati vi\u0161e od 100.000 plovila<\/strong>. Mogu biti bilo gdje u svijetu, od Indijskog oceana do kanadskih Velikih jezera. Ove <strong>pozicije se a\u017euriraju redovito<\/strong>, svaki dan. Mo\u017eete provjeriti u koje je luke brod uplovio i pojedinosti njegovog putovanja. Mo\u017eete vidjeti gdje je brod bio i kamo se kre\u0107e s preciznim i to\u010dnim informacijama o smjeru i brzini.<\/p>\r\n\r\n    \r\n\r\n    <h3>Mo\u017ee li VesselFinder doista ponuditi toliko toga?<\/h3>\r\n    <p style=\"text-align: justify;\">Da &#8211; ali to nije ni polovica mogu\u0107nosti! Funkcija My Fleet na VesselFinder Premium omogu\u0107uje korisnicima <strong>brzi pristup prilago\u0111enim podacima s odabranih plovila<\/strong>. Postoje jasne <strong>fotografije u boji desetaka tisu\u0107a brodova<\/strong>, kao i prakti\u010dne slike koje prikazuju <strong>lu\u010dku infrastrukturu<\/strong>. Vrijeme je novac u pomorskom poslu, stoga je sposobnost analize gusto\u0107e prometa klju\u010dna &#8211; VesselFinder nudi i to. O sveobuhvatnoj usluzi pomorskih vijesti da i ne govorimo.<\/p>\r\n\r\n\r\n    <h2>Kako ljudi koriste VesselFinder?<\/h2>\r\n    <p style=\"text-align: justify;\">Kako god \u017eele! <strong>Filozofija VesselFindera nije re\u0107i korisnicima \u0161to da rade s podacima<\/strong>, ve\u0107 im dati sve alate koji su im potrebni da odaberu kako \u0107e ih koristiti. Neki ljudi \u0107e mo\u017eda trebati pa\u017eljivo pratiti mali broj plovila, dok \u0107e drugima mo\u017eda trebati \u0161ira perspektiva. U mnogim slu\u010dajevima, korisnici \u0107e htjeti pristupiti usluzi u pokretu, zbog \u010dega VesselFinder nudi jasne, brze aplikacije za iOS i Android.<\/p>\r\n\r\n    <h3>Fleksibilne mogu\u0107nosti pretra\u017eivanja<\/h3>\r\n    <p style=\"text-align: justify;\">Sli\u010dno tome, pronala\u017eenje broda ponekad je jednostavnije ako tra\u017eite po njegovom imenu &#8211; ali ponekad nije. Mo\u017eda imate samo njegov <strong><a href=\"https:\/\/de.wikipedia.org\/wiki\/Maritime_Mobile_Service_Identity\" target=\"_blank\" rel=\"noopener\">Maritime Mobile Service Identity (MMSI)<\/a> ili ISO broj<\/strong>. Pogodite! To mo\u017eete u\u010diniti s VesselFinderom. Tako\u0111er mo\u017eete provjeriti podatke o plovilu kako biste bili sigurni da je to ono koje tra\u017eite. Zastava, tona\u017ea, godina izgradnje, gaz, kuda ide, koliko brzo ide, broj \u010dlana posade po imenu Bob&#8230; ok, mo\u017eda ne ovo zadnje. Ali hej, ako bude dovoljno potra\u017enje, mo\u017eda \u0107e poraditi na tome!<\/p>\r\n\r\n    <h3>Pra\u0107enje i upozorenja u stvarnom vremenu<\/h3>\r\n    <p style=\"text-align: justify;\">Ostanite u tijeku i osigurajte se uz VesselFinderovu zna\u010dajku pra\u0107enja u stvarnom vremenu. Bilo da se radi o osobnom interesu, pomorskom poslu ili sigurnosnim razlozima, korisnici mogu pratiti plovila u stvarnom vremenu, vide\u0107i njihovu to\u010dnu lokaciju na karti. Ova je zna\u010dajka korisna za logisti\u010dke tvrtke koje prate teret, obitelji koje prate putovanje mornara ili entuzijaste koji prate legendarne brodove. Osim toga, <strong>upozorenja za primanje obavijesti o odre\u0111enim kretanjima<\/strong> plovila, osiguravaju\u0107i da nikad ne propustite va\u017eno a\u017euriranje.<\/p>\r\n\r\n    \r\n\r\n    <h3>Povijesni podaci i analiza putovanja<\/h3>\r\n    <p style=\"text-align: justify;\">Zaronite u pro\u0161lost s opse\u017enim povijesnim podacima VesselFindera. Ova zna\u010dajka je zlatni rudnik za istra\u017eiva\u010de, povjesni\u010dare pomorstva ili bilo koga tko je znati\u017eeljan o pro\u0161lim putovanjima broda. <strong>Analizirajte rute, brzine, posjete lukama i razne vremenske okvire<\/strong>. Poduze\u0107a mogu koristiti ove podatke za analizu tr\u017ei\u0161ta ili za pobolj\u0161anje operativne u\u010dinkovitosti.<\/p>\r\n\r\n    <h3>Informacije o lukama<\/h3>\r\n    <p style=\"text-align: justify;\">Steknite uvid u aktivnosti globalnih luka uz VesselFinderove detaljne informacije o lukama. Ovaj neprocjenjiv alat neophodan je za logisti\u010dke menad\u017eere, brodarske tvrtke i pomorske entuzijaste. <strong>Korisnici mogu pristupiti a\u017euriranim informacijama o dolascima i odlascima u luku, procijenjenom vremenu dolaska i trenutnom statusu luke<\/strong>. Ova zna\u010dajka tako\u0111er pru\u017ea povijesne podatke, nude\u0107i uvid u trendove lu\u010dkog prometa i sezonske varijacije. Bilo da planirate po\u0161iljku, analizirate tr\u017ei\u0161ne trendove ili vas jednostavno zanima lu\u010dko poslovanje, VesselFinderov odjeljak s informacijama o luci opse\u017ean je izvor za razumijevanje dinamike pomorske trgovine i logistike.<\/p>\r\n\r\n    <h2>Kome bi VesselFinder bio zanimljiv?<\/h2>\r\n    <p style=\"text-align: justify;\">Kratak odgovor na to je: <strong>svima<\/strong>! Mnogi korisnici \u010desto pitaju: &#8216;Je li VesselFinder besplatan?&#8217; a odgovor je da, budu\u0107i da stranica nudi brojne bitne zna\u010dajke bez ikakvih tro\u0161kova, osiguravaju\u0107i besplatan pristup svojim vrijednim uslugama pomorskog pra\u0107enja. Na VesselFinderu ima toliko toga da \u0107ete gotovo sigurno prona\u0107i sve \u0161to vam treba u va\u0161oj slu\u017ebi za pra\u0107enje i informacije o brodovima. Naprimjer:<\/p>\r\n    <img decoding=\"async\" loading=\"lazy\" class=\"\" style=\"display: block; margin: 20px auto;\" src=\"https:\/\/shiptracker.live\/wp-content\/uploads\/2023\/12\/cruise-ship-seven-seas-mariner.webp\" alt=\"Cruise Ship Seven Seas Mariner in a harbour with some fishing boats in the foreground\" max-width=\"640\" \/>\r\n\r\n    <h3>Osmatra\u010di brodova<\/h3>\r\n    <p style=\"text-align: justify;\">Vesselfinder.com je <strong>ogroman resurs za ljude koji vole brodove i more<\/strong>. Bilo da \u017eelite pratiti goleme kontejnerske brodove diljem svijeta, pratiti putanju supertankera dok njihove isporuke nafte odr\u017eavaju svjetske industrije u radu ili jednostavno otkrivati brodove za koje niste ni znali da postoje, to mo\u017eete u\u010diniti s VesselFinderom &#8211; i sve to u tren oka.<\/p>\r\n\r\n    \r\n\r\n    <h3>Putnici<\/h3>\r\n    <p style=\"text-align: justify;\">Ako volite putovati svijetom, VesselFinder je i za vas. Razmi\u0161ljate li o odlasku na krstarenje okupano suncem? Pogledajte kamo \u0107e vas odvesti va\u0161e putovanje i odu\u0161evite se imenima egzoti\u010dnih luka u koje \u0107ete pristati. Pitate se \u0161to \u0107ete vidjeti ako zaplovite niz La Manche ili St Lawrence Seaway? Provjera s Vessel Finderom \u0107e vam re\u0107i.<\/p>\r\n\r\n    <h3>Vlasnici brodova<\/h3>\r\n    <p style=\"text-align: justify;\">VesselFinder je najlak\u0161i na\u010din za <strong>pra\u0107enje va\u0161ih brodova<\/strong> &#8211; i ne samo va\u0161ih. Odmah saznajte koriste li va\u0161i konkurenti u\u010dinkovitije rute ili pristaju u novim lukama kako bi pojednostavili svoje planove putovanja. Usporedite svoje brodove po veli\u010dini, tona\u017ei i starosti s onima drugih u va\u0161em tr\u017ei\u0161nom sektoru. Upotrijebite biblioteku fotografija kako biste vidjeli da li je va\u0161a flota sli\u010dna ili se razlikuje od tvrtki s kojima konkurirate.<\/p>\r\n\r\n    <h3>Menad\u017eeri poduze\u0107a<\/h3>\r\n    <p style=\"text-align: justify;\">Ne morate raditi u pomorskoj industriji da bi VesselFinder radio za vas. Toliko robe putuje morem da \u0107e svatko tko <strong>me\u0111unarodno trguje<\/strong> imati koristi od pra\u0107enja. Mo\u0107i \u0107ete procijeniti koliko \u0107e dugo trajati isporuke, dobivaju li ih va\u0161i konkurenti ranije i trebate li razmisliti o promjeni dostavnih i odredi\u0161nih luka.<\/p>\r\n\r\n\r\n    <h2>Gdje se jo\u0161 koristi usporediva tehnologija?<\/h2>\r\n    <p style=\"text-align: justify;\">Vesselfinder.com je prili\u010dno impresivna usluga. To je tako\u0111er ne\u0161to \u0161to primje\u0107uje sve vi\u0161e ljudi u drugim sektorima diljem svijeta. Stoga ne \u010dudi da postoji velik interes za kori\u0161tenje sli\u010dne tehnologije u drugim podru\u010djima. Naprimjer:<\/p>\r\n\r\n    <h3>Flightradar24<\/h3>\r\n    <p style=\"text-align: justify;\">Ova izvrsna stranica za pra\u0107enje letova otprilike je zrakoplovni ekvivalent VesselFinderu. U uporabi je od 2006. i od tada se iz zabavnog hobija razvila u jedno od najkori\u0161tenijih mjesta za pra\u0107enje u svijetu. <strong>ADS-B (Automatic Detection Surveillance &#8211; Broadcast)<\/strong> tehnologija koju stranica koristi, radi vrlo sli\u010dan posao onom koji AIS radi za VesselFinder, \u0161to zna\u010di da tako\u0111er mo\u017ee ponuditi izvanrednu preciznost i pouzdanost. <a href=\"https:\/\/flightradar.live\/en\/\" target=\"_blank\" rel=\"noopener\">Flightradar24<\/a> je toliko dobar da ga koriste glavni igra\u010di u zrakoplovnoj industriji.<\/p>\r\n\r\n    <h3>\u017deljezni\u010dki radar<\/h3>\r\n    <p style=\"text-align: justify;\">Tehnologija pra\u0107enja mo\u017ee pomo\u0107i i na kopnu, i <a href=\"https:\/\/zugradar.info\/\" target=\"_blank\" rel=\"noopener\">Rail radar<\/a> primjenjuje ga na britansku \u017eeljezni\u010dku mre\u017eu. Usluga nudi <strong>izvrstan pregled vlakova<\/strong> u cijeloj zemlji. Postoji jasna karta koja vam omogu\u0107uje da na prvi pogled vidite ne samo gdje su vlakovi ve\u0107 i tko njima upravlja. Jednostavno su\u010delje po kojem se mo\u017ee klikati, omogu\u0107uje vam trenutni pristup informacijama o vo\u017enji, uklju\u010duju\u0107i to\u010dna vremena zaustavljanja na postajama, kao i sva ka\u0161njenja.<\/p>\r\n\r\n<\/div>\r\n\r\n","protected":false},"excerpt":{"rendered":"<p>S T A R T S T A R T Koja je pri\u010da iza VesselFindera? U \u010demu je bio problem?<\/p>\n","protected":false},"author":1,"featured_media":0,"parent":0,"menu_order":2,"comment_status":"closed","ping_status":"closed","template":"","meta":{"colormag_page_container_layout":"default_layout","colormag_page_sidebar_layout":"default_layout","footnotes":""},"class_list":["post-23125","page","type-page","status-publish","hentry"],"_links":{"self":[{"href":"https:\/\/shiptracker.live\/hr\/wp-json\/wp\/v2\/pages\/23125","targetHints":{"allow":["GET"]}}],"collection":[{"href":"https:\/\/shiptracker.live\/hr\/wp-json\/wp\/v2\/pages"}],"about":[{"href":"https:\/\/shiptracker.live\/hr\/wp-json\/wp\/v2\/types\/page"}],"author":[{"embeddable":true,"href":"https:\/\/shiptracker.live\/hr\/wp-json\/wp\/v2\/users\/1"}],"replies":[{"embeddable":true,"href":"https:\/\/shiptracker.live\/hr\/wp-json\/wp\/v2\/comments?post=23125"}],"version-history":[{"count":0,"href":"https:\/\/shiptracker.live\/hr\/wp-json\/wp\/v2\/pages\/23125\/revisions"}],"wp:attachment":[{"href":"https:\/\/shiptracker.live\/hr\/wp-json\/wp\/v2\/media?parent=23125"}],"curies":[{"name":"wp","href":"https:\/\/api.w.org\/{rel}","templated":true}]}}