{"id":24112,"date":"2018-02-03T00:53:46","date_gmt":"2018-02-03T00:53:46","guid":{"rendered":"https:\/\/shiptracker.live\/marinetraffic\/"},"modified":"2024-01-13T18:10:07","modified_gmt":"2024-01-13T17:10:07","slug":"marinetraffic","status":"publish","type":"page","link":"https:\/\/shiptracker.live\/fr\/","title":{"rendered":"MarineTraffic"},"content":{"rendered":"\r\n<!-- META\r\n\t<title>Toujours \u00e0 jour \u2013 suivi des navires avec MarineTraffic<\/title>\r\n\t<meta name=\"description\" content=\"MarineTraffic - Suivi de Navires et Yachts, cartes en direct, donn\u00e9es AIS Globales \u2705 types de navires, itin\u00e9raires, statut.\" \/>\r\n-->\r\n<link rel=\"preconnect\" href=\"https:\/\/ads.themoneytizer.com\">\r\n<link rel=\"preconnect\" href=\"https:\/\/www.marinetraffic.com\">\r\n<script src=\"\/js\/youtubelazyload.js\"><\/script>\r\n<style>\r\n    @media only screen and (min-width: 769px) {\r\n        .shiptracker-mapsize {\r\n            margin-left: calc(50% - 50vw) !important;\r\n            margin-right: calc(50% - 50vw) !important;\r\n            max-width: unset !important;\r\n        }\r\n    }\r\n\r\n    .shiptracker.container {\r\n        position: relative;\r\n        width: 100%;\r\n    }\r\n\r\n    .shiptracker.container .shiptracker.btn {\r\n        position: absolute;\r\n        top: 50%;\r\n        left: 50%;\r\n        transform: translate(-50%, -50%);\r\n        -ms-transform: translate(-50%, -50%);\r\n        background-color: #e6d250;\r\n        color: #000;\r\n        font-weight: 700;\r\n        font-size: 18px;\r\n        padding: 24px 48px;\r\n        border: none;\r\n        cursor: pointer;\r\n        border-radius: 5px\r\n    }\r\n\r\n    .shiptracker.container .shiptracker.btn:hover {\r\n        background-color: #b5a21a\r\n    }\r\n\r\n    .shiptracker.draw-white {\r\n        background-image: linear-gradient(rgb(255, 255, 255, 0.01),\r\n                rgb(255, 255, 255, 0.4),\r\n                rgb(255, 255, 255, 0.6),\r\n                rgb(255, 255, 255, 0.4),\r\n                rgb(255, 255, 255, 0.01));\r\n        height: 120px;\r\n        width: 100%;\r\n        position: absolute;\r\n    }\r\n\r\n    .shiptracker-backgroundimage {\r\n        overflow: hidden !important;\r\n        height: 350px !important;\r\n        width: 100%;\r\n        background-image: url(\/wp-content\/uploads\/2023\/08\/shiptracker-placeholder_org.webp);\r\n        background-position: center center;\r\n        background-repeat: no-repeat;\r\n        display: flex;\r\n        justify-content: center;\r\n        align-items: center;\r\n        background-size: cover;\r\n        border-radius: 1rem;\r\n        box-shadow: rgba(0, 0, 0, 0.24) 0px 4px 8px;\r\n    }\r\n\r\n    .shiptracker-backgroundimage::before {\r\n        content: \"\";\r\n        position: absolute;\r\n        top: 0;\r\n        left: 0;\r\n        width: 100%;\r\n        height: 100%;\r\n        border-radius: 1rem;\r\n        background-color: rgba(0, 0, 0, 0.3);\r\n        \/* Half-transparent black layer *\/\r\n    }\r\n\r\n    .youtube-player {\r\n        position: relative;\r\n        padding-bottom: 56.25%;\r\n        height: 0;\r\n        overflow: hidden;\r\n        max-width: 100%;\r\n        background: #000;\r\n        margin: 0px;\r\n        border-radius: 25px;\r\n    }\r\n\r\n    .youtube-player iframe {\r\n        position: absolute;\r\n        top: 0;\r\n        left: 0;\r\n        width: 100%;\r\n        height: 100%;\r\n        z-index: 100;\r\n        background: transparent;\r\n    }\r\n\r\n    .youtube-player img {\r\n        object-fit: cover;\r\n        display: block;\r\n        left: 0;\r\n        bottom: 0;\r\n        margin: auto;\r\n        max-width: 100%;\r\n        width: 100%;\r\n        position: absolute;\r\n        right: 0;\r\n        top: 0;\r\n        border: none;\r\n        height: auto;\r\n        cursor: pointer;\r\n        -webkit-transition: 0.4s all;\r\n        -moz-transition: 0.4s all;\r\n        transition: 0.4s all;\r\n    }\r\n\r\n    .youtube-player img:hover {\r\n        -webkit-filter: brightness(75%);\r\n        -moz-filter: brightness(75%);\r\n        filter: brightness(75%);\r\n    }\r\n\r\n    .youtube-player .play {\r\n        height: 72px;\r\n        width: 72px;\r\n        left: 50%;\r\n        top: 50%;\r\n        margin-left: -36px;\r\n        margin-top: -36px;\r\n        position: absolute;\r\n        background: url(\"https:\/\/upload.wikimedia.org\/wikipedia\/commons\/b\/b8\/YouTube_play_button_icon_(2013%E2%80%932017).svg\") no-repeat;\r\n        cursor: pointer;\r\n    }\r\n\r\n    .video-container-wrapper {\r\n        display: block;\r\n        margin: 25px auto;\r\n        box-shadow: 0 4px 8px 0 rgb(0 0 0 \/ 20%), 0 6px 20px 0 rgb(0 0 0 \/ 19%);\r\n        border-radius: 25px;\r\n        max-width: 640px;\r\n    }\r\n<\/style>\r\n\r\n<div id=\"shiptracker-wrapper\">\r\n    <div class=\"shiptracker container\" id=\"framesize-shiptracker\" style=\"height:350px;\">\r\n        <div id=\"showhere-shiptracker\"><\/div>\r\n        <div class=\"shiptracker-backgroundimage\" id=\"framesize\">\r\n            <div class=\"shiptracker draw-white\"><\/div>\r\n            <div class=\"shiptracker btn\" id=\"showradar-shiptracker\" rel=\"nofollow\">S T A R T<\/div>\r\n        <\/div>\r\n    <\/div>\r\n<\/div>\r\n\r\n<div class='code-block code-block-5' style='margin: 8px auto; text-align: center; display: block; clear: both;'>\n<div class=\"themoneytizer\" style=\"min-height: 150px;display:block;\">\n<div id=\"99140-1\">\n<script async src=\"https:\/\/ads.themoneytizer.com\/s\/gen.js?type=1\"><\/script>\n<script async src=\"https:\/\/ads.themoneytizer.com\/s\/requestform.js?siteId=99140&formatId=1\"><\/script>\n<\/div>\n<\/div><\/div>\n\r\n\r\n\r\n<div>\r\n    <h1>Toujours \u00e0 jour \u2013 suivi des navires avec MarineTraffic<\/h1>\r\n    <p style=\"text-align: justify;\"><strong>MarineTraffic<\/strong> est un service de suivi des navires et d&rsquo;information maritime fond\u00e9 par Dimitris Lekkas en 2007. Il est largement reconnu comme la base de donn\u00e9es maritimes la plus compl\u00e8te au monde et le service peut se targuer de <strong>compter plus de six millions d&rsquo;utilisateurs uniques par mois<\/strong>, ainsi que plus d&rsquo;un million de titulaires de comptes enregistr\u00e9s. Lekkas a cr\u00e9\u00e9 ce service parce qu&rsquo;il s&rsquo;int\u00e9ressait d\u00e9j\u00e0 aux ordinateurs et au rep\u00e9rage des navires et qu&rsquo;il s&rsquo;est int\u00e9ress\u00e9 aux utilisations pratiques de la technologie de rep\u00e9rage des navires par l&rsquo;AIS. Il \u00e9tait loin de se douter qu&rsquo;il \u00e9tait sur le point de cr\u00e9er <strong>l&rsquo;une des bases de donn\u00e9es les plus importantes au monde dans le domaine des transports<\/strong>. Le service MarineTraffic est disponible gratuitement, bien qu&rsquo;une version payante existe \u00e9galement, ajoutant des fonctionnalit\u00e9s plus avanc\u00e9es. MarineTraffic utilise la technologie de rep\u00e9rage des navires AIS pour enregistrer 800 millions de positions de navires chaque mois. Sa base de donn\u00e9es contient \u00e9galement des informations sur les navires, telles que la date et le lieu de leur construction.<\/p>\r\n\r\n    <div class=\"video-container-wrapper\">\r\n        <div class=\"youtube-player\" data-id=\"7aGlcFENOrs\" itemprop=\"video\" itemscope itemtype=\"http:\/\/schema.org\/VideoObject\">\r\n            <meta itemprop=\"name\" content=\"MarineTraffic\" \/>\r\n            <meta itemprop=\"description\" content=\"MarineTraffic is the world\u2019s leading provider of ship tracking and maritime intelligence.\" \/>\r\n            <meta itemprop=\"thumbnailUrl\" content=\"https:\/\/i.ytimg.com\/vi_webp\/7aGlcFENOrs\/hqdefault.webp\" \/>\r\n            <meta itemprop=\"uploadDate\" content=\"2013-10-15T18:43:52Z\" \/>\r\n            <meta itemprop=\"duration\" content=\"PT1M54S\" \/>\r\n            <meta itemprop=\"embedUrl\" content=\"https:\/\/www.youtube.com\/embed\/7aGlcFENOrs\" \/>\r\n        <\/div>\r\n    <\/div>\r\n\r\n    <h2>Comment fonctionne MarineTraffic?<\/h2>\r\n    <p style=\"text-align: justify;\">Le service MarineTraffic utilise la <strong>technologie de rep\u00e9rage AIS<\/strong> pour fournir des informations sur l&rsquo;identification, la trajectoire, la vitesse et la position actuelle des navires. \u00c0 partir de l\u00e0, les emplacements peuvent \u00eatre superpos\u00e9s \u00e0 <strong>Google Maps<\/strong>, et, par cons\u00e9quent, les utilisateurs peuvent utiliser le service pour suivre les mouvements des navires et d&rsquo;autres bateaux en temps r\u00e9el.<\/p>\r\n    <p style=\"text-align: justify;\">En outre, certaines informations relatives \u00e0 la <strong>localisation des navires sont d\u00e9clar\u00e9es<\/strong> par les personnes \u00e0 bord. Ces informations sont ensuite utilis\u00e9es pour fournir une carte en direct plus pr\u00e9cise et actualis\u00e9e de l&#8217;emplacement des navires.<\/p>\r\n    <p style=\"text-align: justify;\">Outre le suivi des positions des navires, <a href=\"\/fr\/marinetraffic\/\">MarineTraffic<\/a> fournit \u00e9galement des informations g\u00e9n\u00e9rales sur les navires, telles que leur lieu de construction, leur date de construction, leur num\u00e9ro OMI (Organisation maritime internationale), leur poids et m\u00eame des photographies. La plupart de ces informations sont fournies volontairement par les membres de la communaut\u00e9.<\/p>\r\n\r\n    <div class='code-block code-block-14' style='margin: 8px auto; text-align: center; display: block; clear: both;'>\n    <!-- Begin themoneytizer BOTTOM MEDIUM RECTANGLE code -->\n    <div class=\"themoneytizer\" style=\"min-height: 250px; margin: 20px auto;\">\n        <div id=\"99140-19\">\n            <script src=\"\/\/ads.themoneytizer.com\/s\/gen.js?type=19\"><\/script>\n            <script src=\"\/\/ads.themoneytizer.com\/s\/requestform.js?siteId=99140&formatId=19\"><\/script>\n        <\/div>\n    <\/div>\n    <!-- End themoneytizer BOTTOM MEDIUM RECTANGLE code --><\/div>\n\r\n\r\n    <h3>Qu&rsquo;est-ce que la technologie AIS?<\/h3>\r\n    <p style=\"text-align: justify;\">AIS est l&rsquo;abr\u00e9viation de \u00ab\u00a0<strong>automatic identification system<\/strong>\u00a0\u00bb (syst\u00e8me d&rsquo;identification automatique) et d\u00e9signe un syst\u00e8me de suivi utilis\u00e9 sur les navires et le <a href=\"\/fr\/vesselfinder\/\">VesselFinder<\/a>. Depuis 2004, tous les navires \u00e0 passagers, quelle que soit leur taille, et tous les navires de transport international d&rsquo;une jauge brute \u00e9gale ou sup\u00e9rieure \u00e0 300 doivent obligatoirement \u00eatre \u00e9quip\u00e9s d&rsquo;un transpondeur AIS, capable d&rsquo;\u00e9mettre et de recevoir des donn\u00e9es AIS.\r\n\r\n        AIS stands for &lsquo;<strong>automatic identification system<\/strong>&lsquo; and refers to a tracking system that is used on ships and <a href=\"\/vesselfinder\/\">VesselFinder<\/a>. Since 2004, it has been compulsory for all passenger ships of any size, and all international voyaging ships with a gross tonnage of 300 or more, to be fitted with an AIS transponder, which is able to transmit and receive AIS data.<\/p>\r\n    <div itemscope itemtype=\"https:\/\/schema.org\/ImageObject\">\r\n        <img decoding=\"async\" loading=\"lazy\" class=\"\" style=\"display: block; margin: 20px auto;\" src=\"\/wp-content\/uploads\/2020\/06\/body-of-water-3122008_430.jpg.webp\" alt=\"Voge Master vessel in full drive on the ocean - MMSI no. 256089000\" width=\"430\" height=\"290\" itemprop=\"contentUrl\" \/>\r\n        <meta itemprop=\"name\" content=\"Voge Master vessel\" \/>\r\n        <meta itemprop=\"description\" content=\"Voge Master vessel in full drive on the ocean - MMSI no. 256089000\" \/>\r\n    <\/div>\r\n    <p style=\"text-align: justify;\">Le <strong>transpondeur AIS transmet des informations GPS<\/strong>, ainsi qu&rsquo;une s\u00e9rie de donn\u00e9es suppl\u00e9mentaires, qui sont ensuite re\u00e7ues par les stations de r\u00e9ception AIS. Le service MarineTraffic utilise <strong>plus de 3 000 de ces stations<\/strong>, r\u00e9parties dans le monde entier, ce qui lui permet de suivre les positions, d&rsquo;identifier les navires, de tracer les trajets et m\u00eame de surveiller la vitesse.<\/p>\r\n    <p style=\"text-align: justify;\">\u00c0 bien des \u00e9gards, la technologie AIS MarineTraffic peut \u00eatre consid\u00e9r\u00e9e comme <strong>similaire \u00e0 la technologie de radar de vol<\/strong> utilis\u00e9e par des services tels que <a href=\"https:\/\/flightradar.live\/fr\/\">Flightradar24<\/a>, afin de suivre les avions. Dans ce cas pr\u00e9cis, la technologie AIS est remplac\u00e9e par la technologie ADS-B, qui fonctionne de mani\u00e8re similaire et est \u00e0 nouveau assist\u00e9e par des volontaires, les informations \u00e9tant capt\u00e9es par les r\u00e9cepteurs ou les stations de r\u00e9ception ADS-B au lieu des r\u00e9cepteurs AIS.<\/p>\r\n\r\n    \r\n\r\n    <h3>Autres informations sur le site<\/h3>\r\n    <p style=\"text-align: justify;\">Si les informations du site portent essentiellement sur la d\u00e9tection des signaux AIS \u00e0 des fins de suivi, des <strong>informations g\u00e9n\u00e9rales sur les navires, des photographies de navires et une multitude d&rsquo;autres informations<\/strong> sont \u00e9galement ajout\u00e9es et mod\u00e9r\u00e9es par des b\u00e9n\u00e9voles, qui constituent le noyau de la communaut\u00e9 MarineTraffic.<\/p>\r\n    <p style=\"text-align: justify;\">Par ailleurs, en plus de la localisation automatique fournie par l&rsquo;utilisation de la technologie AIS, les positions des navires sont souvent signal\u00e9es au MarineTraffic. Cela peut contribuer \u00e0 rendre le suivi encore plus pr\u00e9cis, et ces donn\u00e9es sont <strong>stock\u00e9es en tant que donn\u00e9es historiques dans la base de donn\u00e9es<\/strong>. Elles peuvent ensuite \u00eatre utilis\u00e9es \u00e0 des fins d&rsquo;analyse statistique, d&rsquo;intervention d&rsquo;urgence, d&rsquo;enqu\u00eate sur les accidents et m\u00eame pour \u00e9valuer les effets des conditions m\u00e9t\u00e9orologiques sur la vitesse.<\/p>\r\n\r\n\r\n    <h2>Qui utilise MarineTraffic?<\/h2>\r\n    <p style=\"text-align: justify;\">Un <a href=\"\/ship-tracker\/\">service de suivi des navires<\/a> en ligne peut sembler \u00eatre le genre de plateforme qui ne s&rsquo;adresse qu&rsquo;aux <strong>observateurs de navires<\/strong> les plus d\u00e9vou\u00e9s, et vous ne serez peut-\u00eatre pas surpris d&rsquo;apprendre que le fondateur du site, Dimitris Lekkas, se place lui-m\u00eame dans cette cat\u00e9gorie. En r\u00e9alit\u00e9, le service s&rsquo;adresse \u00e0 un public beaucoup plus large.<\/p>\r\n    <div itemscope itemtype=\"https:\/\/schema.org\/ImageObject\">\r\n        <img decoding=\"async\" loading=\"lazy\" class=\"\" style=\"display: block; margin: 20px auto;\" src=\"\/wp-content\/uploads\/2023\/12\/ship_tracking_map.webp\" alt=\"Real-time Ship Tracking Map\" width=\"640\" height=\"366\" itemprop=\"contentUrl\" \/>\r\n        <meta itemprop=\"name\" content=\"Real-time Ship Tracking Map\" \/>\r\n        <meta itemprop=\"description\" content=\"Real-time Ship Tracking Map\" \/>\r\n    <\/div>\r\n    <p style=\"text-align: justify;\">En fait, depuis son lancement initial, MarineTraffic est devenu un <strong>outil important pour les entreprises et la recherche<\/strong>. La plateforme est \u00e9galement utilis\u00e9e par les gouvernements, les organisations commerciales et les services d&rsquo;urgence. Bien entendu, il reste un <strong>outil pr\u00e9cieux pour les professionnels de la mer et les amateurs<\/strong>.<\/p>\r\n\r\n    \r\n\r\n    <h3>Utilisateurs principaux<\/h3>\r\n    <p style=\"text-align: justify;\">Le groupe d&rsquo;utilisateurs principal comprend des <strong>professionnels de la mer, des observateurs de navires et d&rsquo;autres amateurs<\/strong>. Nombre d&rsquo;entre eux sont abonn\u00e9s \u00e0 la version payante du service et consacrent leur temps libre \u00e0 aider b\u00e9n\u00e9volement la communaut\u00e9, \u00e0 t\u00e9l\u00e9charger des photographies et \u00e0 mod\u00e9rer le contenu t\u00e9l\u00e9charg\u00e9 sur le site.<\/p>\r\n\r\n    <h3>Affaires et commerce<\/h3>\r\n    <p style=\"text-align: justify;\">Le service MarineTraffic est \u00e9galement utilis\u00e9 dans le domaine des affaires et du commerce. Son utilisation principale est de <strong>suivre la progression du fret<\/strong> exp\u00e9di\u00e9 \u00e0 l&rsquo;\u00e9tranger. En outre, le site web comprend son propre annuaire d&rsquo;entreprises, ce qui permet de mettre en contact les acheteurs et les fournisseurs.<\/p>\r\n\r\n    <h3>Recherche<\/h3>\r\n    <p style=\"text-align: justify;\">MarineTraffic jouit \u00e9galement d&rsquo;une grande popularit\u00e9 aupr\u00e8s des chercheurs maritimes et de ceux qui s&rsquo;int\u00e9ressent \u00e0 la technologie AIS. En effet, le service a mis en place le r\u00e9seau de recherche sur le trafic maritime (MarineTraffic Research Network), con\u00e7u pour <strong>aider les institutions universitaires, les fondations de recherche et les chercheurs maritimes individuels<\/strong>. Les personnes int\u00e9ress\u00e9es peuvent m\u00eame demander des comptes acad\u00e9miques sp\u00e9ciaux.<\/p>\r\n\r\n    <h3>Services de s\u00e9curit\u00e9 et d&rsquo;urgence<\/h3>\r\n    <p style=\"text-align: justify;\">L&rsquo;une des utilisations les plus surprenantes de MarineTraffic est l&rsquo;aide apport\u00e9e aux <strong>services d&rsquo;urgence en mati\u00e8re de connaissance de la situation et d&rsquo;enqu\u00eate sur les accidents<\/strong>. En outre, la plateforme a \u00e9galement \u00e9t\u00e9 utilis\u00e9e par certains gouvernements nationaux \u00e0 des fins de s\u00e9curit\u00e9, car elle leur permet de surveiller l&rsquo;activit\u00e9 dans et autour de leurs zones c\u00f4ti\u00e8res.<\/p>\r\n\r\n    \r\n\r\n    <h3>Autres utilisateurs<\/h3>\r\n    <p style=\"text-align: justify;\">Outre les groupes mentionn\u00e9s, MarineTraffic est \u00e9galement devenu une ressource importante pour les <strong>journalistes et les organisations de m\u00e9dias<\/strong>, qui l&rsquo;ont utilis\u00e9 pour des reportages sur ISIS et la crise des migrants. En outre, des utilisateurs occasionnels peuvent utiliser MarineTraffic pour suivre des amis ou des membres de leur famille \u00e0 bord d&rsquo;un navire ou d&rsquo;une embarcation.<\/p>\r\n\r\n\r\n    <h2>Comment utilisez-vous MarineTraffic?<\/h2>\r\n    <p style=\"text-align: justify;\">Si tout cela vous semble compliqu\u00e9 et trop technique, bonne nouvelle : le service MarineTraffic lui-m\u00eame est <strong>tr\u00e8s facile \u00e0 utiliser<\/strong>, m\u00eame pour ceux qui n&rsquo;ont aucune connaissance de la technologie AIS. En outre, les fonctionnalit\u00e9s de base sont accessibles <strong>\u00e0 partir d&rsquo;une s\u00e9rie de plates-formes diff\u00e9rentes<\/strong>. Le site web principal est la plateforme web du service et, \u00e0 partir de l\u00e0, les utilisateurs pourront rechercher, identifier et suivre les navires. Toutefois, il existe \u00e9galement deux applications web distinctes. La premi\u00e8re s&rsquo;int\u00e8gre aux services propos\u00e9s sur la plateforme web, tandis que la seconde est destin\u00e9e aux plaisanciers et aux amateurs.<\/p>\r\n\r\n    <h3>Plateforme web<\/h3>\r\n    <p style=\"text-align: justify;\">La plateforme web principale de MarineTraffic <strong>comporte une carte en direct<\/strong> indiquant la position des navires. Les utilisateurs peuvent cliquer sur la carte et la faire glisser pour se d\u00e9placer autour du globe, mettre en \u00e9vidence les navires sur la carte pour obtenir plus d&rsquo;informations, ou utiliser les symboles \u00ab + \u00bb et \u00ab &#8211; \u00bb pour effectuer un zoom avant ou arri\u00e8re, tandis que la partie gauche de l&rsquo;\u00e9cran propose une s\u00e9rie d&rsquo;options plus avanc\u00e9es.<\/p>\r\n    <div itemscope itemtype=\"https:\/\/schema.org\/ImageObject\">\r\n        <img decoding=\"async\" loading=\"lazy\" class=\"\" style=\"display: block; margin: 20px auto;\" src=\"\/wp-content\/uploads\/2023\/12\/marinetraffic_map_interface.webp\" alt=\"Interactive MarineTraffic Map: Live Vessel Tracking, Advanced Features &#038; User Options\" width=\"640\" height=\"366\" itemprop=\"contentUrl\" \/>\r\n        <meta itemprop=\"name\" content=\"Interactive MarineTraffic Map\" \/>\r\n        <meta itemprop=\"description\" content=\"Live Vessel Tracking, Advanced Features &#038; User Options\" \/>\r\n    <\/div>\r\n    <p style=\"text-align: justify;\">En haut, le <strong>symbole de la loupe<\/strong> ouvre la fonction de recherche, permettant aux utilisateurs de rechercher un navire ou un <a href=\"\/sea-ports-of-the-world\/\">port maritime<\/a>, ou de rechercher un emplacement sp\u00e9cifique sur la carte. Par ailleurs, le <strong>symbole de filtre<\/strong> permet aux utilisateurs de filtrer les navires affich\u00e9s sur la carte en fonction du type de navire, de la capacit\u00e9, de l&rsquo;\u00e9tat actuel, etc.<\/p>\r\n    <p style=\"text-align: justify;\">Enfin, le symbole repr\u00e9sentant trois bateaux est l&rsquo;option \u00ab Mes flottes \u00bb. En acc\u00e9dant \u00e0 ce menu, les utilisateurs ont la possibilit\u00e9 de cr\u00e9er une flotte et d&rsquo;y ajouter des navires, ce qui facilite le suivi de plusieurs navires en m\u00eame temps.<\/p>\r\n    <p style=\"text-align: justify;\">Le <strong>compte de base de MarineTraffic est gratuit<\/strong> et peut \u00eatre utilis\u00e9 pour une dur\u00e9e ind\u00e9termin\u00e9e. Toutefois, MarineTraffic est consid\u00e9r\u00e9 comme un <strong>service \u00abfreemium\u00bb<\/strong>, car un compte premium payant permet d&rsquo;acc\u00e9der \u00e0 toute une s\u00e9rie de fonctions suppl\u00e9mentaires. Il est notamment possible de cr\u00e9er des flottes plus importantes, d&rsquo;utiliser des ic\u00f4nes de flotte personnalis\u00e9es, d&rsquo;acc\u00e9der aux pr\u00e9visions de vent et de consulter l&rsquo;historique des voyages sur 30 jours.<\/p>\r\n\r\n    \r\n\r\n    <h3>Applications mobiles<\/h3>\r\n    <p style=\"text-align: justify;\">Outre la plateforme web principale, le service MarineTraffic dispose \u00e9galement de <strong>deux applications mobiles distinctes<\/strong>, disponibles pour les appareils <a target=\"_blank\" rel=\"noopener nofollow\" href=\"https:\/\/play.google.com\/\">Android<\/a> et <a target=\"_blank\" rel=\"noopener nofollow\" href=\"https:\/\/www.apple.com\/app-store\/\">iOS<\/a>. La premi\u00e8re d&rsquo;entre elles, <strong>MarineTraffic Ship Positions<\/strong>, est similaire \u00e0 la plateforme web, mais elle est plus conviviale que l&rsquo;utilisation du site web sur un navigateur mobile.<\/p>\r\n    <p style=\"text-align: justify;\">Tous les titulaires de comptes peuvent utiliser l&rsquo;application, qu&rsquo;ils aient un compte de base gratuit, un compte premium payant ou un compte sp\u00e9cial acad\u00e9mique ou pour la recherche, mais l&rsquo;application elle-m\u00eame n&rsquo;est pas gratuite et son t\u00e9l\u00e9chargement est payant. Les fonctionnalit\u00e9s disponibles dans l&rsquo;application d\u00e9pendent du type de compte d\u00e9tenu par l&rsquo;utilisateur.<\/p>\r\n    <p style=\"text-align: justify;\">En plus de l&rsquo;application mobile principale MarineTraffic, la plateforme dispose \u00e9galement d&rsquo;une application mobile distincte appel\u00e9e <strong>MarineTraffic OnCourse<\/strong>. Cette application est destin\u00e9e \u00e0 ceux qui s&rsquo;int\u00e9ressent \u00e0 la voile ou au yachting, ou \u00e0 ceux qui sont en charge de plus grands navires, et offre une gamme de fonctionnalit\u00e9s plus avanc\u00e9es. Par exemple, l&rsquo;application permet aux plaisanciers de signaler eux-m\u00eames leur position \u00e0 partir de l&rsquo;application et de t\u00e9l\u00e9charger facilement des photos et d&rsquo;autres informations sur leur bateau.<\/p>\r\n\r\n    <script async>\r\n        jQuery(document).ready(function ($) {\r\n            $(\"#showradar-shiptracker\").click(function () {\r\n                $(\"#showhere-shiptracker\").html('<iframe loading=\"lazy\" id=\"marinetraffic\" name=\"marinetraffic\" scrolling=\"no\" class=\"shiptracker-mapsize\" width=\"100%\" height=\"600\" src=\"https:\/\/www.marinetraffic.com\/fr\/ais\/embed\/zoom:4\/centery:42\/centerx:6.7\/maptype:1\/shownames:false\/mmsi:0\/shipid:0\/fleet:\/fleet_id:\/vtypes:\/showmenu:\/remember:false\"><\/iframe>');\r\n                $(\"#framesize-shiptracker\").css(\"height\", \"600px\");\r\n                $(\"#shiptracker-wrapper\").addClass(\"shiptracker-mapsize\");\r\n                $(\"#showradar-shiptracker\").hide();\r\n                $(\".shiptracker-backgroundimage\").hide();\r\n                $(\".shiptracker.draw-white\").hide();\r\n            });\r\n        });\r\n    <\/script>\r\n\r\n<\/div>\r\n","protected":false},"excerpt":{"rendered":"<p>S T A R T Toujours \u00e0 jour \u2013 suivi des navires avec MarineTraffic MarineTraffic est un service de suivi<\/p>\n","protected":false},"author":1,"featured_media":0,"parent":0,"menu_order":1,"comment_status":"closed","ping_status":"closed","template":"","meta":{"colormag_page_container_layout":"default_layout","colormag_page_sidebar_layout":"default_layout","footnotes":""},"class_list":["post-24112","page","type-page","status-publish","hentry"],"_links":{"self":[{"href":"https:\/\/shiptracker.live\/fr\/wp-json\/wp\/v2\/pages\/24112","targetHints":{"allow":["GET"]}}],"collection":[{"href":"https:\/\/shiptracker.live\/fr\/wp-json\/wp\/v2\/pages"}],"about":[{"href":"https:\/\/shiptracker.live\/fr\/wp-json\/wp\/v2\/types\/page"}],"author":[{"embeddable":true,"href":"https:\/\/shiptracker.live\/fr\/wp-json\/wp\/v2\/users\/1"}],"replies":[{"embeddable":true,"href":"https:\/\/shiptracker.live\/fr\/wp-json\/wp\/v2\/comments?post=24112"}],"version-history":[{"count":3,"href":"https:\/\/shiptracker.live\/fr\/wp-json\/wp\/v2\/pages\/24112\/revisions"}],"predecessor-version":[{"id":24121,"href":"https:\/\/shiptracker.live\/fr\/wp-json\/wp\/v2\/pages\/24112\/revisions\/24121"}],"wp:attachment":[{"href":"https:\/\/shiptracker.live\/fr\/wp-json\/wp\/v2\/media?parent=24112"}],"curies":[{"name":"wp","href":"https:\/\/api.w.org\/{rel}","templated":true}]}}