{"id":23121,"date":"2021-06-21T00:46:21","date_gmt":"2021-06-20T22:46:21","guid":{"rendered":"https:\/\/shiptracker.live\/vesselfinder\/"},"modified":"2023-12-07T18:20:24","modified_gmt":"2023-12-07T16:20:24","slug":"vesselfinder","status":"publish","type":"page","link":"https:\/\/shiptracker.live\/fr\/vesselfinder\/","title":{"rendered":"VesselFinder"},"content":{"rendered":"\r\n<!-- META\r\n\t<title>VesselFinder - Suivi mondial des navires et yachts en temps r\u00e9el<\/title>\r\n\t<meta name=\"description\" content=\"VesselFinder \u2705 pour le suivi des navires et yachts avec cartes en direct bas\u00e9es sur les donn\u00e9es du r\u00e9seau AIS mondial \u2705 Info sur types de navires.\" \/>\r\n-->\r\n<link rel=\"preconnect\" href=\"https:\/\/ads.themoneytizer.com\">\r\n<script src=\"\/js\/youtubelazyload.js\"><\/script>\r\n<style>\r\n    .google-ad {\r\n        margin: 30px 0px;\r\n    }\r\n\r\n    .full-width {\r\n        margin-left: calc(50% - 50vw);\r\n        margin-right: calc(50% - 50vw);\r\n        margin-top: 15px;\r\n        margin-bottom: 15px;\r\n        max-width: unset;\r\n    }\r\n\r\n    .container {\r\n        position: relative;\r\n        width: 100%\r\n    }\r\n\r\n    .container .btn {\r\n        position: absolute;\r\n        top: 50%;\r\n        left: 50%;\r\n        transform: translate(-50%, -50%);\r\n        -ms-transform: translate(-50%, -50%);\r\n        background-color: #e6d250;\r\n        color: #000;\r\n        font-weight: 700;\r\n        font-size: 18px;\r\n        padding: 24px 48px;\r\n        border: none;\r\n        cursor: pointer;\r\n        border-radius: 5px\r\n    }\r\n\r\n    .container .btn:hover {\r\n        background-color: #b5a21a\r\n    }\r\n\r\n    @media only screen and (max-width: 768px) {\r\n        .show-on-desktop {\r\n            display: none;\r\n\r\n        }\r\n    }\r\n\r\n    @media only screen and (min-width: 768px) {\r\n        .show-on-mobile {\r\n            display: none;\r\n\r\n        }\r\n    }\r\n\r\n    .youtube-player {\r\n        position: relative;\r\n        padding-bottom: 56.25%;\r\n        height: 0;\r\n        overflow: hidden;\r\n        max-width: 100%;\r\n        background: #000;\r\n        margin: 0px;\r\n        border-radius: 25px;\r\n    }\r\n\r\n    .youtube-player iframe {\r\n        position: absolute;\r\n        top: 0;\r\n        left: 0;\r\n        width: 100%;\r\n        height: 100%;\r\n        z-index: 100;\r\n        background: transparent;\r\n    }\r\n\r\n    .youtube-player img {\r\n        object-fit: cover;\r\n        display: block;\r\n        left: 0;\r\n        bottom: 0;\r\n        margin: auto;\r\n        max-width: 100%;\r\n        width: 100%;\r\n        position: absolute;\r\n        right: 0;\r\n        top: 0;\r\n        border: none;\r\n        height: auto;\r\n        cursor: pointer;\r\n        -webkit-transition: 0.4s all;\r\n        -moz-transition: 0.4s all;\r\n        transition: 0.4s all;\r\n    }\r\n\r\n    .youtube-player img:hover {\r\n        -webkit-filter: brightness(75%);\r\n        -moz-filter: brightness(75%);\r\n        filter: brightness(75%);\r\n    }\r\n\r\n    .youtube-player .play {\r\n        height: 72px;\r\n        width: 72px;\r\n        left: 50%;\r\n        top: 50%;\r\n        margin-left: -36px;\r\n        margin-top: -36px;\r\n        position: absolute;\r\n        background: url(\"https:\/\/upload.wikimedia.org\/wikipedia\/commons\/b\/b8\/YouTube_play_button_icon_(2013%E2%80%932017).svg\") no-repeat;\r\n        cursor: pointer;\r\n    }\r\n\r\n    .video-container-wrapper {\r\n        display: block;\r\n        margin: 25px auto;\r\n        box-shadow: 0 4px 8px 0 rgb(0 0 0 \/ 20%), 0 6px 20px 0 rgb(0 0 0 \/ 19%);\r\n        border-radius: 25px;\r\n        max-width: 640px;\r\n    }\r\n<\/style>\r\n\r\n<div class=\"show-on-desktop\">\r\n    <script>\r\n        jQuery(document).ready(function ($) {\r\n            $(\"#showradar\").click(function () {\r\n\r\n                $(\"#showhere\").html('<iframe loading=\"lazy\" class=\"iframe-class\" src=\"https:\/\/shiptracker.live\/vesselfinder-iframe.html\" width=\"100%\" height=\"600\" frameborder=\"0\" scrolling=\"no\"><\/iframe>');\r\n                $(\"#framesize\").css(\"height\", \"600px\");\r\n                $(\"#showradar\").hide();\r\n                $(\"#img\").hide();\r\n\r\n            });\r\n        });\r\n    <\/script>\r\n    <div class=\"full-width\">\r\n        <div class=\"container\" id=\"framesize\">\r\n            <div id=\"img\" style=\"overflow: hidden!important; height: 350px; background: #fff url(https:\/\/shiptracker.live\/wp-content\/uploads\/2020\/06\/shiptracker-placeholder-min.jpg.webp) center center no-repeat;\"><\/div>\r\n            <div id=\"showhere\"><\/div>\r\n            <div style=\"margin:0 auto;width:241px;margin-top:110px;\"><span class=\"btn\" id=\"showradar\" rel=\"nofollow\">S T A R T<\/span><\/div>\r\n        <\/div>\r\n    <\/div>\r\n<\/div>\r\n\r\n<div class=\"show-on-mobile\">\r\n    <script>\r\n        jQuery(document).ready(function ($) {\r\n            $(\"#showradar-mob\").click(function () {\r\n\r\n                $(\"#showhere-mob\").html('<iframe loading=\"lazy\" class=\"iframe-class\" src=\"https:\/\/shiptracker.live\/vesselfinder-iframe.html\" width=\"100%\" height=\"600\" frameborder=\"0\" scrolling=\"no\"><\/iframe>');\r\n                $(\"#framesize-mob\").css(\"height\", \"600px\");\r\n                $(\"#showradar-mob\").hide();\r\n                $(\"#img-mob\").hide();\r\n\r\n            });\r\n        });\r\n    <\/script>\r\n    <div style=\"margin:15px 0;\">\r\n        <div class=\"container\" id=\"framesize-mob\">\r\n            <div id=\"img-mob\" style=\"overflow: hidden!important; height: 350px; background: #fff url(https:\/\/shiptracker.live\/wp-content\/uploads\/2020\/06\/shiptracker-placeholder-min.jpg.webp) center center no-repeat;\"><\/div>\r\n            <div id=\"showhere-mob\"><\/div>\r\n            <div style=\"margin:0 auto;width:241px;margin-top:110px;\"><span class=\"btn\" id=\"showradar-mob\" rel=\"nofollow\">S T A R T<\/span><\/div>\r\n        <\/div>\r\n    <\/div>\r\n<\/div>\r\n\r\n<div class='code-block code-block-5' style='margin: 8px auto; text-align: center; display: block; clear: both;'>\n<div class=\"themoneytizer\" style=\"min-height: 150px;display:block;\">\n<div id=\"99140-1\">\n<script async src=\"https:\/\/ads.themoneytizer.com\/s\/gen.js?type=1\"><\/script>\n<script async src=\"https:\/\/ads.themoneytizer.com\/s\/requestform.js?siteId=99140&formatId=1\"><\/script>\n<\/div>\n<\/div><\/div>\n\r\n\r\n\r\n<div>\r\n    <h1>Quelle est l\u2019histoire derri\u00e8re VesselFinder?<\/h1>\r\n    <h2>Quel \u00e9tait le probl\u00e8me?<\/h2>\r\n    <p style=\"text-align: justify;\">Il y a tr\u00e8s, tr\u00e8s longtemps, cela fait de nombreux si\u00e8cles \u2013 oui, bien avant 2011 \u2013 VesselFinder n\u2019existait pas. Essayez d\u2019imaginer! <strong>Les gens qui devaient rechercher des navires dans le monde<\/strong> n\u2019avaient pas d\u2019endroit \u00e9vident \u00e0 consulter ou devaient payer des charges \u00e9lev\u00e9es pour des services plut\u00f4t rigides. Deux choix s\u2019offraient \u00e0 eux: tirer le meilleur parti des ressources n\u00e9cessaires, ou laisser tomber. Aucun des deux n\u2019\u00e9tait efficace. Alors une poign\u00e9e de gens d\u00e9termin\u00e9s ont d\u00e9cid\u00e9 de changer la donne.<\/p>\r\n    <img decoding=\"async\" loading=\"lazy\" class=\"\" style=\"display: block; margin: 20px auto;\" src=\"https:\/\/shiptracker.live\/wp-content\/uploads\/2023\/12\/cargo-ship-on-the-ocean.webp\" alt=\"Fully loaded cargo ship on the ocean\" max-width=\"640\" \/>\r\n\r\n    <h3>La naissance de VesselFinder<\/h3>\r\n    <p style=\"text-align: justify;\">Il s\u2019agissait de personnes qui avaient l\u2019ambition de voir grand. De construire quelque chose qui r\u00e9soudrait le probl\u00e8me. Et ils ont accompli l\u2019incroyable: il se sont alli\u00e9s pour cr\u00e9er VesselFinder. D\u00e8s le d\u00e9part, ces personnes connaissaient de nombreuses choses. Elles savaient que le service devait \u00eatre d\u2019excellente qualit\u00e9. Elles savaient qu\u2019il devait d\u00e9livrer une prestation comme nul autre service existant. Elles savaient que l\u2019utilisation du service devait \u00eatre simple et intuitive. Oh, et il devait \u00eatre fiable et digne de confiance. Z\u00e9ro pression, donc.<\/p>\r\n\r\n    <div class='code-block code-block-14' style='margin: 8px auto; text-align: center; display: block; clear: both;'>\n    <!-- Begin themoneytizer BOTTOM MEDIUM RECTANGLE code -->\n    <div class=\"themoneytizer\" style=\"min-height: 250px; margin: 20px auto;\">\n        <div id=\"99140-19\">\n            <script src=\"\/\/ads.themoneytizer.com\/s\/gen.js?type=19\"><\/script>\n            <script src=\"\/\/ads.themoneytizer.com\/s\/requestform.js?siteId=99140&formatId=19\"><\/script>\n        <\/div>\n    <\/div>\n    <!-- End themoneytizer BOTTOM MEDIUM RECTANGLE code --><\/div>\n\r\n\r\n    <h3>Qui se trouve derri\u00e8re le service?<\/h3>\r\n    <p style=\"text-align: justify;\">D\u00e8s le d\u00e9but, les cr\u00e9ateurs de VesselFinder ont r\u00e9alis\u00e9 que tout faire eux-m\u00eames \u00e9quivaudrait au burn-out. Ils ont donc d\u00e9cid\u00e9 d\u2019\u00eatre rationnels. Ils ont inform\u00e9 de leur projet les gens partageant leur passion de l\u2019excellence et du service. D\u2019ici peu, ils avaient rassembl\u00e9 une <strong>large \u00e9quipe de personnes multi-sp\u00e9cialis\u00e9es<\/strong>, allant du g\u00e9nie logiciel au design maritime. Les experts ont travaill\u00e9 sur chaque d\u00e9tail de VesselFinder.<\/p>\r\n\r\n    <h2>Comment fonctionne VesselFinder ?<\/h2>\r\n    <p style=\"text-align: justify;\">Vous avez probablement regard\u00e9 VesselFinder et pens\u00e9\u2026 eh bien, peut-\u00eatre que votre premi\u00e8re pens\u00e9e a \u00e9t\u00e9 \u00abWaouh!\u00bb Nous le savons, cela fait beaucoup de choses \u00e0 d\u00e9couvrir. Une fois l\u2019\u00e9blouissement pass\u00e9 devant tous ces petits cercles et fl\u00e8ches color\u00e9s sur la carte du monde, vous allez peut-\u00eatre vous poser une autre question. Vous demander, \u00abComment ont-ils fait?\u00bb<\/p>\r\n\r\n    <div class=\"video-container-wrapper\">\r\n        <div class=\"youtube-player\" data-id=\"m1b58yelh_c\" itemprop=\"video\" itemscope itemtype=\"http:\/\/schema.org\/VideoObject\">\r\n            <meta itemprop=\"name\" content=\"Movements of Container Ship ACX CRYSTAL involved in a Collision with USS Fitzgerald\" \/>\r\n            <meta itemprop=\"description\" content=\"Movements of Philippine-flagged Container ship ACX CRYSTAL, which collided with US Destroyer USS Fitzgerald south of Tokyo Bay in Japan in a rare incident on busy waterway. USS Fitzgerald (DDG 62) was involved in a collision with the container ship ACX Crystal, while operating about 56 nautical miles southwest of Yokosuka, Japan. The US Navy has identified seven sailors who were killed when their destroyer collided with the container ship. The coastguard said none of the 20 crew members on board the container ship ACX Crystal were injured. Full story of the collision: https:\/\/www.vesselfinder.com\/news\/9510-USS-Fitzgerald-in-collision-with-containership-ACX-CRYSTAL-off-Yokosuka-Japan-Seven-US-sailors-missing-Video ACX CRYSTAL ship details: https:\/\/www.vesselfinder.com\/vessels\/ACX-CRYSTAL-IMO-9360611-MMSI-548789000 Current position of ACX CRYSTAL: https:\/\/www.vesselfinder.com\/?imo=9360611 Place of the collision: https:\/\/www.vesselfinder.com\/?lat=34.52366&#038;lon=139.06950&#038;zoom=9 Video copyrighted by: https:\/\/www.vesselfinder.com\/ and can not be distributed without an appropriate accreditation to www.vesselfinder.com For AIS position data inquiries: https:\/\/www.vesselfinder.com\/historical-ais-data Connect with VesselFinder Web: https:\/\/www.vesselfinder.com\/ Email: info@vesselfinder.com Facebook: https:\/\/www.facebook.com\/VesselFinder Twitter: https:\/\/twitter.com\/VesselFinder\" \/>\r\n            <meta itemprop=\"thumbnailUrl\" content=\"https:\/\/i.ytimg.com\/vi_webp\/m1b58yelh_c\/hq1.webp\" \/>\r\n            <meta itemprop=\"uploadDate\" content=\"2017-06-19T13:30:40Z\" \/>\r\n            <meta itemprop=\"duration\" content=\"PT4M30S\" \/>\r\n            <meta itemprop=\"embedUrl\" content=\"https:\/\/www.youtube.com\/embed\/m1b58yelh_c\" \/>\r\n        <\/div>\r\n    <\/div>\r\n\r\n    <h3>Alors, comment?<\/h3>\r\n    <p style=\"text-align: justify;\">C\u2019est peut-\u00eatre surprenant, mais la r\u00e9ponse \u00e0 cette question n\u2019implique pas des millions de personnes nageant autour des navires et gribouillant leur localisation sur un iPad waterproof. Cela pourrait \u00eatre g\u00e9nial, mais demanderait vraiment beaucoup de monde. La r\u00e9ponse se trouve en fait dans une technologie vraiment cool. Pour ses initi\u00e9s, Vesselfinder.com <strong>repose sur le Syst\u00e8me d\u2019identification automatique, ou AIS<\/strong>. Oui, vous faites partie des initi\u00e9s! Un r\u00e9seau g\u00e9ant de r\u00e9cepteur aux quatre coins du monde transmettent constamment des signaux d\u00e9cod\u00e9s par le service VesselFinder avant d\u2019\u00eatre transform\u00e9s en l\u2019interface visible sur le site.<\/p>\r\n\r\n    \r\n\r\n    <h2>Pourquoi les gens utilisent VesselFinder?<\/h2>\r\n    <p style=\"text-align: justify;\">C\u2019est une question aussi infinie que l\u2019univers. Un univers vraiment, vraiment tr\u00e8s grand. Mais la r\u00e9ponse est \u00abpratiquement tout\u00bb. Au fil du temps, l\u2019\u00e9quipe VessselFinder a ajout\u00e9 de plus en plus de services et d\u2019options, afin de devenir aujourd\u2019hui l\u2019endroit de r\u00e9f\u00e9rence pour toute personne \u00e0 la recherche d\u2019informations fiables et rapides. Via le site Internet, les r\u00e9seaux sociaux ou l\u2019application, la volont\u00e9 de fournir le meilleur service reste la m\u00eame.<\/p>\r\n    <img decoding=\"async\" loading=\"lazy\" class=\"\" style=\"display: block; margin: 20px auto;\" src=\"https:\/\/shiptracker.live\/wp-content\/uploads\/2023\/12\/sea-dream-yacht-club.webp\" alt=\"Sea Dream Yacht Club on the ocean and surrounded by jet skies\" max-width=\"640\" \/>\r\n\r\n    <h3>Quels sont les services fournis?<\/h3>\r\n    <p style=\"text-align: justify;\">Vesselfinder.com <strong>suit les traces de plus de 100000 navires<\/strong>. Ils peuvent \u00eatre partout dans le monde, de l\u2019Oc\u00e9an Indien aux Grands Lacs du Canada. Leur <strong>position est r\u00e9guli\u00e8rement actualis\u00e9e<\/strong>, chaque jour. Vous pouvez v\u00e9rifier quels ports ont \u00e9t\u00e9 visit\u00e9s par un navire et les d\u00e9tails de son trajet. Vous pouvez voir ses points d\u2019ancrage pr\u00e9c\u00e9dents et sa destination, avec des informations pr\u00e9cises en termes de vitesse et de cap.<\/p>\r\n\r\n    \r\n\r\n    <h3>VesselFinder peut-il faire autant de choses?<\/h3>\r\n    <p style=\"text-align: justify;\">Oui, mais ce n\u2019est que la moiti\u00e9! L\u2019outil My Fleet facility sur VesselFinder Premium permet aux utilisateurs d\u2019acc\u00e9der <strong>instantan\u00e9ment \u00e0 des donn\u00e9es personnalis\u00e9es \u00e0 partir de navires s\u00e9lectionn\u00e9s<\/strong>. Il existe des <strong>photos claires et en couleur de dizaines de milliers de navires<\/strong>, ainsi que des images pratiques montrant <strong>l\u2019infrastructure portuaire<\/strong>. Le temps, c\u2019est de l\u2019argent dans les affaires maritimes, et la capacit\u00e9 \u00e0 analyser la densit\u00e9 du trafic est tout aussi cruciale \u2013 VesselFinder propose \u00e9galement ce service. Sans parler de son service d\u2019actualit\u00e9s maritimes globales.<\/p>\r\n\r\n\r\n    <h2>Comment les gens utilisent VesselFinder?<\/h2>\r\n    <p style=\"text-align: justify;\">Comme ils le souhaitent! Chez VesselFinder, la <strong>philosophie n\u2019est pas d\u2019indiquer aux utilisateurs comment utiliser les donn\u00e9es<\/strong>, mais de leur fournir tous les outils n\u00e9cessaires pour choisir leur utilisation. Certaines personnes auront besoin de garder un \u0153il attentif sur un petit nombre de navires, tandis que d\u2019autres peuvent n\u00e9cessiter une perspective plus large. Dans de nombreux cas, les utilisateurs souhaiteront acc\u00e9der au service en d\u00e9placement, ce pourquoi VesselFinder propose des applications claires et rapides, \u00e0 la fois pour iOS et Android.<\/p>\r\n\r\n    <h3>Des options de recherche flexibles<\/h3>\r\n    <p style=\"text-align: justify;\">De la m\u00eame fa\u00e7on, trouver un navire est quelquefois plus simple si vous le cherchez par son nom &#8211; mais ce n\u2019est pas toujours le cas. Vous disposez peut-\u00eatre uniquement de son <strong><a href=\"https:\/\/de.wikipedia.org\/wiki\/Maritime_Mobile_Service_Identity\" target=\"_blank\" rel=\"noopener\">Maritime Mobile Service Identity (MMSI)<\/a> ou de son num\u00e9ro ISO<\/strong>. Devinez quoi? Vous pouvez le faire avec VesselFinder. Vous pouvez \u00e9galement v\u00e9rifier les d\u00e9tails d\u2019un navire pour vous assurer qu\u2019il s\u2019agit du bon. Drapeau, tonnage, ann\u00e9e de construction, tirant d\u2019eau, destination, vitesse, nombre de personnel d\u2019\u00e9quipage nomm\u00e9 Bob\u2026 okay, peut-\u00eatre pas le dernier. Mais h\u00e9, s\u2019il y a suffisamment de demande, peut-\u00eatre que les cr\u00e9ateurs travailleront dessus!<\/p>\r\n\r\n    <h3>Suivi et alertes en temps r\u00e9el<\/h3>\r\n    <p style=\"text-align: justify;\">Restez \u00e0 la page et utilisez VesselFinder pour s\u2019assurer d\u2019un suivi en temps r\u00e9el. Que ce soit par int\u00e9r\u00eat personnel, pour les affaires maritimes ou pour des raisons de s\u00e9curit\u00e9, les utilisateurs peuvent suivre les navires en temps r\u00e9el, visualisant leur position exacte sur la carte. Cette fonction est pratique pour les entreprises de logistique surveillant les cargos, les familles suivant la trace d\u2019un marin ou pour les passionn\u00e9s suivant des navires iconiques. De plus, <strong>des alertes permettent d\u2019\u00eatre notifi\u00e9 de mouvements sp\u00e9cifiques de navires<\/strong>, vous garantissant de ne jamais manquer de mise \u00e0 jour importante.<\/p>\r\n\r\n    \r\n\r\n    <h3>Donn\u00e9es historiques et analyse du voyage<\/h3>\r\n    <p style=\"text-align: justify;\">Plongez dans le pass\u00e9 avec les donn\u00e9es historiques compl\u00e8tes de VesselFinder. Cette fonction est une mine d\u2019or pour les chercheurs, les historiens maritimes, ou toute personne curieuse d\u2019en apprendre davantage sur les pr\u00e9c\u00e9dents voyages d\u2019un navire. <strong>Analyse des itin\u00e9raires, vitesses, escales et des diff\u00e9rents timings<\/strong>. Les entreprises peuvent utiliser ces donn\u00e9es \u00e0 des fins d\u2019analyse de march\u00e9 ou pour am\u00e9liorer l\u2019efficacit\u00e9 des op\u00e9rations.<\/p>\r\n\r\n    <h3>Informations sur les ports<\/h3>\r\n    <p style=\"text-align: justify;\">Observez l\u2019activit\u00e9 globale d\u2019un port avec les informations portuaires d\u00e9taill\u00e9es de VesselFinder. Cet outil pr\u00e9cieux est essentiel pour les directeurs logistiques, les compagnies maritimes et les passionn\u00e9s de la marine. <strong>Les utilisateurs peuvent acc\u00e9der \u00e0 des informations actualis\u00e9es sur les arriv\u00e9es et d\u00e9parts portuaires, les temps d\u2019arriv\u00e9e estim\u00e9s et le statut actuel du port<\/strong>. Cette fonction fournit \u00e9galement des donn\u00e9es d\u2019historique, offrant des aper\u00e7us sur les tendances de trafic du port et les variations saisonnales. Qu\u2019il s\u2019agisse de planifier un envoi, d\u2019analyser des tendances de march\u00e9 ou d\u2019\u00eatre simplement curieux sur les op\u00e9rations du port, la section d\u2019information par port VesselFinder est une ressource compl\u00e8te pour comprendre les dynamiques du commerce maritime et de la logistique.<\/p>\r\n\r\n    <h2>Qui trouve VesselFinder int\u00e9ressant?<\/h2>\r\n    <p style=\"text-align: justify;\">La r\u00e9ponse s\u2019impose d\u2019embl\u00e9e: <strong>tout le monde<\/strong>! De nombreux utilisateurs nous demandent souvent \u00abL\u2019utilisation de VesselFinder est-elle gratuite?\u00bb et la r\u00e9ponse est oui, tandis que le site propose gratuitement de nombreuses fonctions essentielles, pour un acc\u00e8s illimit\u00e9 garanti \u00e0 ses pr\u00e9cieux services de suivi maritime. Il y a tellement de possibilit\u00e9s sur VesselFinder que vous \u00eates pratiquement certain de trouver le n\u00e9cessaire avec le service de suivi de navire et d\u2019informations. Par exemple:<\/p>\r\n    <img decoding=\"async\" loading=\"lazy\" class=\"\" style=\"display: block; margin: 20px auto;\" src=\"https:\/\/shiptracker.live\/wp-content\/uploads\/2023\/12\/cruise-ship-seven-seas-mariner.webp\" alt=\"Cruise Ship Seven Seas Mariner in a harbour with some fishing boats in the foreground\" max-width=\"640\" \/>\r\n\r\n    <h3>Les observateurs de navires<\/h3>\r\n    <p style=\"text-align: justify;\">Vesselfinder.com est une <strong>fabuleuse ressource pour les personnes qui aiment les navires et la mer<\/strong>. Que vous souhaitiez suivre des porte-conteneurs g\u00e9ants tout autour du monde, observer les traces des supertankers tandis que leurs livraisons de p\u00e9trole font vivre l\u2019industrie du monde entier, ou tout simplement d\u00e9couvrir des navires in\u00e9dits, faites-le avec VesselFinder &#8211; en un clin d\u2019\u0153il.<\/p>\r\n\r\n    \r\n\r\n    <h3>Les voyageurs<\/h3>\r\n    <p style=\"text-align: justify;\">Si vous aimez explorer le monde, VesselFinder est \u00e9galement fait pour vous. Envisagez-vous de partir au soleil en croisi\u00e8re? Regardez o\u00f9 ce voyage vous m\u00e8nera et frissonnez devant les noms des ports exotiques o\u00f9 vous d\u00e9barquerez. Vous \u00eates curieux de conna\u00eetre les curiosit\u00e9s visibles en naviguant le long de la Manche ou de la voie maritime du Saint-Laurent? Vous saurez tout en utilisant Vessel Finder.<\/p>\r\n\r\n    <h3>Les armateurs<\/h3>\r\n    <p style=\"text-align: justify;\">VesselFinder est la mani\u00e8re la plus simple de <strong>suivre \u00e0 la trace vos navires<\/strong> &#8211; et pas seulement les v\u00f4tres. D\u00e9couvrez directement si vos concurrents ont utilis\u00e9 des trajets plus efficaces ou fait escale dans de nouveaux ports pour moderniser leurs itin\u00e9raires. Comparez vos navires en termes de taille, de tonnage et d\u2019\u00e2ge avec ceux de concurrents dans votre secteur de march\u00e9. Utilisez la phototh\u00e8que pour voir si votre flotte s\u2019apparente ou diff\u00e8re des soci\u00e9t\u00e9s concurrentes.<\/p>\r\n\r\n    <h3>Les dirigeants d\u2019entreprise<\/h3>\r\n    <p style=\"text-align: justify;\">Pas besoin de travailler dans l\u2019industrie maritime pour utiliser VesselFinder \u00e0 bon escient. Tant de marchandises transitent par la mer que toute personne faisant du <strong>commerce international<\/strong> tirera profit de leur suivi. Vous serez en mesure de juger la dur\u00e9e des livraisons, si vos concurrents arrivent bient\u00f4t et si vous devriez envisager la modification des ports d\u2019exp\u00e9dition et de destination.<\/p>\r\n\r\n\r\n    <h2>O\u00f9 peut-on utiliser une technologie similaire?<\/h2>\r\n    <p style=\"text-align: justify;\">Vesselfinder.com est un service assez impressionnant. Il attire donc l\u2019attention de plus en plus de personnes dans d\u2019autres secteurs du monde entier. Il n\u2019est donc pas surprenant qu\u2019il soit tr\u00e8s int\u00e9ressant d\u2019utiliser une technologie similaire dans d\u2019autres secteurs. Par exemple:<\/p>\r\n\r\n    <h3>Flightradar24<\/h3>\r\n    <p style=\"text-align: justify;\">Cet excellent site de tra\u00e7age de vols correspond assez bien \u00e0 l\u2019\u00e9quivalent de VesselFinder dans le domaine a\u00e9rien. En fonctionnement depuis 2006, et depuis cette date, ce site a \u00e9volu\u00e9 d\u2019un passe-temps amusant \u00e0 l\u2019un des sites de tra\u00e7age les plus utilis\u00e9s au monde. La technologie <strong>ADS-B (Automatic Detection Surveillance &#8211; Broadcast)<\/strong> que le site utilise fonctionne de mani\u00e8re tr\u00e8s similaire \u00e0 ce qu\u2019AIS fait pour VesselFinder, ce qui signifie qu\u2019il est \u00e9galement excellent en termes de pr\u00e9cision et de fiabilit\u00e9. <a href=\"https:\/\/flightradar.live\/fr\/\" target=\"_blank\" rel=\"noopener\">Flightradar24<\/a> est si performant que des acteurs majeurs de l\u2019industrie de l\u2019aviation l\u2019utilisent.<\/p>\r\n\r\n    <h3>Rail radar<\/h3>\r\n    <p style=\"text-align: justify;\">Une technologie de tra\u00e7age peut \u00e9galement \u00eatre utile \u00e0 terre, et <a href=\"https:\/\/zugradar.info\/\" target=\"_blank\" rel=\"noopener\">Rail radar<\/a> applique ce principe au r\u00e9seau ferroviaire britannique. Le service d\u00e9livre une <strong>excellente vue d\u2019ensemble des trains<\/strong> dans tout le pays. Une carte claire vous permet de d\u00e9couvrir o\u00f9 sont les trains, mais \u00e9galement qui les conduit. Une simple interface \u00e0 clic vous offre un acc\u00e8s imm\u00e9diat aux informations d\u2019exploitation, y compris un rythme \u00e0 la seconde pr\u00e8s aux stations d\u2019arr\u00eat, ainsi que tout retard.<\/p>\r\n\r\n<\/div>\r\n\r\n","protected":false},"excerpt":{"rendered":"<p>S T A R T S T A R T Quelle est l\u2019histoire derri\u00e8re VesselFinder? Quel \u00e9tait le probl\u00e8me? Il<\/p>\n","protected":false},"author":1,"featured_media":0,"parent":0,"menu_order":2,"comment_status":"closed","ping_status":"closed","template":"","meta":{"colormag_page_container_layout":"default_layout","colormag_page_sidebar_layout":"default_layout","footnotes":""},"class_list":["post-23121","page","type-page","status-publish","hentry"],"_links":{"self":[{"href":"https:\/\/shiptracker.live\/fr\/wp-json\/wp\/v2\/pages\/23121","targetHints":{"allow":["GET"]}}],"collection":[{"href":"https:\/\/shiptracker.live\/fr\/wp-json\/wp\/v2\/pages"}],"about":[{"href":"https:\/\/shiptracker.live\/fr\/wp-json\/wp\/v2\/types\/page"}],"author":[{"embeddable":true,"href":"https:\/\/shiptracker.live\/fr\/wp-json\/wp\/v2\/users\/1"}],"replies":[{"embeddable":true,"href":"https:\/\/shiptracker.live\/fr\/wp-json\/wp\/v2\/comments?post=23121"}],"version-history":[{"count":0,"href":"https:\/\/shiptracker.live\/fr\/wp-json\/wp\/v2\/pages\/23121\/revisions"}],"wp:attachment":[{"href":"https:\/\/shiptracker.live\/fr\/wp-json\/wp\/v2\/media?parent=23121"}],"curies":[{"name":"wp","href":"https:\/\/api.w.org\/{rel}","templated":true}]}}