{"id":24133,"date":"2018-02-03T00:53:46","date_gmt":"2018-02-03T00:53:46","guid":{"rendered":"https:\/\/shiptracker.live\/marinetraffic\/"},"modified":"2024-01-15T23:42:19","modified_gmt":"2024-01-15T22:42:19","slug":"marinetraffic","status":"publish","type":"page","link":"https:\/\/shiptracker.live\/fi\/","title":{"rendered":"MarineTraffic"},"content":{"rendered":"\r\n<!-- META\r\n\t<title>Aina ajantasaista alusten seurantaa MarineTrafficin avulla<\/title>\r\n\t<meta name=\"description\" content=\"MarineTraffic - Seuraa laivoja ja jahteja reaaliaikaisilla AIS-verkkokartoilla \u2705 Alustyypit, reitit \u2705 Laivan tila ym.\" \/>\r\n-->\r\n<link rel=\"preconnect\" href=\"https:\/\/ads.themoneytizer.com\">\r\n<link rel=\"preconnect\" href=\"https:\/\/www.marinetraffic.com\">\r\n<script src=\"\/js\/youtubelazyload.js\"><\/script>\r\n<style>\r\n    @media only screen and (min-width: 769px) {\r\n        .shiptracker-mapsize {\r\n            margin-left: calc(50% - 50vw) !important;\r\n            margin-right: calc(50% - 50vw) !important;\r\n            max-width: unset !important;\r\n        }\r\n    }\r\n\r\n    .shiptracker.container {\r\n        position: relative;\r\n        width: 100%;\r\n    }\r\n\r\n    .shiptracker.container .shiptracker.btn {\r\n        position: absolute;\r\n        top: 50%;\r\n        left: 50%;\r\n        transform: translate(-50%, -50%);\r\n        -ms-transform: translate(-50%, -50%);\r\n        background-color: #e6d250;\r\n        color: #000;\r\n        font-weight: 700;\r\n        font-size: 18px;\r\n        padding: 24px 48px;\r\n        border: none;\r\n        cursor: pointer;\r\n        border-radius: 5px\r\n    }\r\n\r\n    .shiptracker.container .shiptracker.btn:hover {\r\n        background-color: #b5a21a\r\n    }\r\n\r\n    .shiptracker.draw-white {\r\n        background-image: linear-gradient(rgb(255, 255, 255, 0.01),\r\n                rgb(255, 255, 255, 0.4),\r\n                rgb(255, 255, 255, 0.6),\r\n                rgb(255, 255, 255, 0.4),\r\n                rgb(255, 255, 255, 0.01));\r\n        height: 120px;\r\n        width: 100%;\r\n        position: absolute;\r\n    }\r\n\r\n    .shiptracker-backgroundimage {\r\n        overflow: hidden !important;\r\n        height: 350px !important;\r\n        width: 100%;\r\n        background-image: url(\/wp-content\/uploads\/2023\/08\/shiptracker-placeholder_org.webp);\r\n        background-position: center center;\r\n        background-repeat: no-repeat;\r\n        display: flex;\r\n        justify-content: center;\r\n        align-items: center;\r\n        background-size: cover;\r\n        border-radius: 1rem;\r\n        box-shadow: rgba(0, 0, 0, 0.24) 0px 4px 8px;\r\n    }\r\n\r\n    .shiptracker-backgroundimage::before {\r\n        content: \"\";\r\n        position: absolute;\r\n        top: 0;\r\n        left: 0;\r\n        width: 100%;\r\n        height: 100%;\r\n        border-radius: 1rem;\r\n        background-color: rgba(0, 0, 0, 0.3);\r\n        \/* Half-transparent black layer *\/\r\n    }\r\n\r\n    .youtube-player {\r\n        position: relative;\r\n        padding-bottom: 56.25%;\r\n        height: 0;\r\n        overflow: hidden;\r\n        max-width: 100%;\r\n        background: #000;\r\n        margin: 0px;\r\n        border-radius: 25px;\r\n    }\r\n\r\n    .youtube-player iframe {\r\n        position: absolute;\r\n        top: 0;\r\n        left: 0;\r\n        width: 100%;\r\n        height: 100%;\r\n        z-index: 100;\r\n        background: transparent;\r\n    }\r\n\r\n    .youtube-player img {\r\n        object-fit: cover;\r\n        display: block;\r\n        left: 0;\r\n        bottom: 0;\r\n        margin: auto;\r\n        max-width: 100%;\r\n        width: 100%;\r\n        position: absolute;\r\n        right: 0;\r\n        top: 0;\r\n        border: none;\r\n        height: auto;\r\n        cursor: pointer;\r\n        -webkit-transition: 0.4s all;\r\n        -moz-transition: 0.4s all;\r\n        transition: 0.4s all;\r\n    }\r\n\r\n    .youtube-player img:hover {\r\n        -webkit-filter: brightness(75%);\r\n        -moz-filter: brightness(75%);\r\n        filter: brightness(75%);\r\n    }\r\n\r\n    .youtube-player .play {\r\n        height: 72px;\r\n        width: 72px;\r\n        left: 50%;\r\n        top: 50%;\r\n        margin-left: -36px;\r\n        margin-top: -36px;\r\n        position: absolute;\r\n        background: url(\"https:\/\/upload.wikimedia.org\/wikipedia\/commons\/b\/b8\/YouTube_play_button_icon_(2013%E2%80%932017).svg\") no-repeat;\r\n        cursor: pointer;\r\n    }\r\n\r\n    .video-container-wrapper {\r\n        display: block;\r\n        margin: 25px auto;\r\n        box-shadow: 0 4px 8px 0 rgb(0 0 0 \/ 20%), 0 6px 20px 0 rgb(0 0 0 \/ 19%);\r\n        border-radius: 25px;\r\n        max-width: 640px;\r\n    }\r\n<\/style>\r\n\r\n<div id=\"shiptracker-wrapper\">\r\n    <div class=\"shiptracker container\" id=\"framesize-shiptracker\" style=\"height:350px;\">\r\n        <div id=\"showhere-shiptracker\"><\/div>\r\n        <div class=\"shiptracker-backgroundimage\" id=\"framesize\">\r\n            <div class=\"shiptracker draw-white\"><\/div>\r\n            <div class=\"shiptracker btn\" id=\"showradar-shiptracker\" rel=\"nofollow\">S T A R T<\/div>\r\n        <\/div>\r\n    <\/div>\r\n<\/div>\r\n\r\n<div class='code-block code-block-5' style='margin: 8px auto; text-align: center; display: block; clear: both;'>\n<div class=\"themoneytizer\" style=\"min-height: 150px;display:block;\">\n<div id=\"99140-1\">\n<script async src=\"https:\/\/ads.themoneytizer.com\/s\/gen.js?type=1\"><\/script>\n<script async src=\"https:\/\/ads.themoneytizer.com\/s\/requestform.js?siteId=99140&formatId=1\"><\/script>\n<\/div>\n<\/div><\/div>\n\r\n\r\n\r\n<div>\r\n    <h1>Aina ajantasaista alusten seurantaa MarineTrafficin avulla<\/h1>\r\n    <p style=\"text-align: justify;\"><strong>MarineTraffic<\/strong> on alusten seuranta- ja merenkulkutietopalvelu, jonka Dimitris Lekkas perusti vuonna 2007. Se on laajalti tunnustettu maailman kattavimmaksi merenkulun tietokannaksi, ja palvelulla on <strong>yli kuusi miljoonaa yksil\u00f6llist\u00e4 kuukausittaista k\u00e4ytt\u00e4j\u00e4\u00e4<\/strong> sek\u00e4 yli miljoona rekister\u00f6ity\u00e4 tilinomistajaa. Lekkas perusti palvelun, koska h\u00e4n oli jo ennest\u00e4\u00e4n kiinnostunut tietokoneista ja laivahavainnoinnista. H\u00e4n oli lis\u00e4ksi halukas oppimaan lis\u00e4\u00e4 alusten AIS-seurantatekniikan k\u00e4yt\u00f6st\u00e4 k\u00e4yt\u00e4nn\u00f6ss\u00e4. Lekkas ei taipaleensa alussa aavistanutkaan, ett\u00e4 h\u00e4n p\u00e4\u00e4tyisi luomaan <strong>yhden maailman t\u00e4rkeimmist\u00e4 liikennetietokannoista<\/strong>. MarineTraffic-palvelu on <strong>k\u00e4ytett\u00e4viss\u00e4 ilmaiseksi<\/strong>, vaikka siit\u00e4 on olemassa my\u00f6s maksullinen versio, joka pit\u00e4\u00e4 sis\u00e4ll\u00e4\u00e4n kehittyneempi\u00e4 lis\u00e4ominaisuuksia. MarineTraffic k\u00e4ytt\u00e4\u00e4 alusten AIS-seurantatekniikkaa tallentaakseen kuukausittain 800 miljoonan aluksen sijainnit. Sen tietokantaan sis\u00e4ltyy my\u00f6s aluksia koskevia tietoja, kuten niiden rakentamisajankohdat ja -paikat.<\/p>\r\n\r\n    <div class=\"video-container-wrapper\">\r\n        <div class=\"youtube-player\" data-id=\"7aGlcFENOrs\" itemprop=\"video\" itemscope itemtype=\"http:\/\/schema.org\/VideoObject\">\r\n            <meta itemprop=\"name\" content=\"MarineTraffic\" \/>\r\n            <meta itemprop=\"description\" content=\"MarineTraffic is the world\u2019s leading provider of ship tracking and maritime intelligence.\" \/>\r\n            <meta itemprop=\"thumbnailUrl\" content=\"https:\/\/i.ytimg.com\/vi_webp\/7aGlcFENOrs\/hqdefault.webp\" \/>\r\n            <meta itemprop=\"uploadDate\" content=\"2013-10-15T18:43:52Z\" \/>\r\n            <meta itemprop=\"duration\" content=\"PT1M54S\" \/>\r\n            <meta itemprop=\"embedUrl\" content=\"https:\/\/www.youtube.com\/embed\/7aGlcFENOrs\" \/>\r\n        <\/div>\r\n    <\/div>\r\n\r\n    <h2>Miten MarineTraffic toimii k\u00e4yt\u00e4nn\u00f6ss\u00e4?<\/h2>\r\n    <p style=\"text-align: justify;\">MarineTraffic hy\u00f6dynt\u00e4\u00e4 AIS-seurantatekniikkaa antaakseen tietoa alusten tunnistamisesta, kurssista, nopeudesta ja nykyisest\u00e4 sijainnista. Sielt\u00e4 sijainnit voidaan yhdist\u00e4\u00e4 <strong>Google Mapsiin<\/strong>, mink\u00e4 seurauksena k\u00e4ytt\u00e4j\u00e4t voivat seurata laivojen ja muiden alusten liikkeit\u00e4 reaaliajassa palvelun avulla.<\/p>\r\n    <p style=\"text-align: justify;\">Lis\u00e4ksi osa <strong>laivojen sijaintia koskevista tiedoista on aluksella olevan henkil\u00f6st\u00f6n itse ilmoittamia<\/strong>. N\u00e4iden tietojen k\u00e4ytt\u00f6tarkoituksena on laatia tarkempi ja ajan tasalla oleva alusten sijaintikartta.<\/p>\r\n    <p style=\"text-align: justify;\">Alusten sijainnin j\u00e4ljitt\u00e4misen lis\u00e4ksi <a href=\"\/fi\/marinetraffic\/\">MarineTraffic<\/a> tarjoaa my\u00f6s taustatietoja aluksista, kuten rakentamispaikan, rakentamisajankohdan, IMO (International Maritime Organisation) -numeron, painon ja jopa valokuvia aluksista. Palvelun yhteis\u00f6n j\u00e4senet ovat toimittaneet suurimman osan n\u00e4ist\u00e4 tiedoista vapaaehtoisesti.<\/p>\r\n\r\n    <div class='code-block code-block-14' style='margin: 8px auto; text-align: center; display: block; clear: both;'>\n    <!-- Begin themoneytizer BOTTOM MEDIUM RECTANGLE code -->\n    <div class=\"themoneytizer\" style=\"min-height: 250px; margin: 20px auto;\">\n        <div id=\"99140-19\">\n            <script src=\"\/\/ads.themoneytizer.com\/s\/gen.js?type=19\"><\/script>\n            <script src=\"\/\/ads.themoneytizer.com\/s\/requestform.js?siteId=99140&formatId=19\"><\/script>\n        <\/div>\n    <\/div>\n    <!-- End themoneytizer BOTTOM MEDIUM RECTANGLE code --><\/div>\n\r\n\r\n    <h3>Mit\u00e4 AIS-tekniikka on?<\/h3>\r\n    <p style=\"text-align: justify;\">AIS tarkoittaa <strong>automaattista tunnistusj\u00e4rjestelm\u00e4\u00e4<\/strong> (Automatic Identification System) ja viittaa seurantaj\u00e4rjestelm\u00e4\u00e4n, jota k\u00e4ytet\u00e4\u00e4n laivoissa ja <a href=\"\/vesselfinder\/\">VesselFinder<\/a>-palvelussa. Vuodesta 2004 l\u00e4htien kaikissa matkustaja-aluksissa ja kansainv\u00e4lisiss\u00e4 risteilyaluksissa, joiden bruttovetoisuus on v\u00e4hint\u00e4\u00e4n 300, on ollut pakollisena varustuksena AIS-transponderi, joka pystyy l\u00e4hett\u00e4m\u00e4\u00e4n ja vastaanottamaan AIS-tietoja.<\/p>\r\n    <div itemscope itemtype=\"https:\/\/schema.org\/ImageObject\">\r\n        <img decoding=\"async\" loading=\"lazy\" class=\"\" style=\"display: block; margin: 20px auto;\" src=\"\/wp-content\/uploads\/2020\/06\/body-of-water-3122008_430.jpg.webp\" alt=\"Voge Master vessel in full drive on the ocean - MMSI no. 256089000\" width=\"430\" height=\"290\" itemprop=\"contentUrl\" \/>\r\n        <meta itemprop=\"name\" content=\"Voge Master vessel\" \/>\r\n        <meta itemprop=\"description\" content=\"Voge Master vessel in full drive on the ocean - MMSI no. 256089000\" \/>\r\n    <\/div>\r\n    <p style=\"text-align: justify;\"><strong>AIS-transponderi l\u00e4hett\u00e4\u00e4 GPS-tietoja<\/strong> sek\u00e4 joukon lis\u00e4dataa, jonka AIS-vastaanottoasemat sitten vastaanottavat. MarineTraffic-palvelu k\u00e4ytt\u00e4\u00e4 <strong>yli 3 000 t\u00e4llaista asemaa<\/strong>, jotka sijaitsevat kaikkialla maailmassa ja joiden avulla se voi j\u00e4ljitt\u00e4\u00e4 sijainteja, tunnistaa aluksia, piirt\u00e4\u00e4 kursseja ja jopa seurata nopeutta.<\/p>\r\n    <p style=\"text-align: justify;\">MarineTrafficin AIS-tekniikkaa voidaan monin tavoin pit\u00e4\u00e4 <strong>samankaltaisena kuin lentotutkatekniikkaa<\/strong>, jota k\u00e4ytet\u00e4\u00e4n esimerkiksi <a href=\"https:\/\/flightradar.live\/fi\/\">Flightradar24<\/a>:n kaltaisissa palveluissa lentokoneiden j\u00e4ljitt\u00e4miseksi. T\u00e4ss\u00e4 nimenomaisessa tapauksessa AIS-tekniikka korvataan ADS-B-tekniikalla, joka toimii samalla tavalla ja jonka toimintaperiaatetta tukevat j\u00e4lleen vapaaehtoiset, jolloin ADS-B-vastaanottimet tai vastaanottoasemat poimivat tiedot AIS-vastaanottimien sijaan.<\/p>\r\n\r\n    \r\n\r\n    <h3>Muut tiedot sivustolla<\/h3>\r\n    <p style=\"text-align: justify;\">Vaikka sivuston tiedot perustuvat suurelta osin n\u00e4ihin seurantatarkoituksiin poimittuihin AIS-signaaleihin, MarineTraffic-yhteis\u00f6n ytimen muodostavat vapaaehtoiset my\u00f6s lis\u00e4\u00e4v\u00e4t ja moderoivat <strong>alusten taustatietoja, valokuvia ja runsasta joukkoa muita tietoja<\/strong>.<\/p>\r\n    <p style=\"text-align: justify;\">Samanaikaisen AIS-tekniikan avulla tapahtuvan automaattisen sijainnin seurannan lis\u00e4ksi alusten sijainnit ilmoitetaan usein my\u00f6s itse MarineTrafficille. T\u00e4m\u00e4 voi auttaa tekem\u00e4\u00e4n seurannasta entist\u00e4 tarkempaa, ja se <strong>tallennetaan historiatietoina tietokantaan<\/strong>. Sit\u00e4 voidaan my\u00f6hemmin k\u00e4ytt\u00e4\u00e4 tilastoanalyysiss\u00e4, h\u00e4t\u00e4tilanteissa, onnettomuustutkinnassa ja jopa s\u00e4\u00e4n nopeuteen vaikuttavien vaikutusten arvioinnissa.<\/p>\r\n\r\n\r\n    <h2>Ketk\u00e4 k\u00e4ytt\u00e4v\u00e4t MarineTrafficia?<\/h2>\r\n    <p style=\"text-align: justify;\">Verkossa toimiva <a href=\"\/ship-tracker\/\">alusten seurantapalvelu<\/a> voi tuntua sellaiselta alustalta, joka vetoaa vain kaikkein omistautuneimpiin <strong>laivojen tarkkailijoihin<\/strong>, eik\u00e4 siksi ehk\u00e4 olekaan yll\u00e4tt\u00e4v\u00e4\u00e4, ett\u00e4 sivuston perustaja Dimitris Lekkas luokittelee my\u00f6s itsens\u00e4 t\u00e4h\u00e4n kategoriaan. Todellisuudessa palvelulla on kuitenkin paljon laajempi yleis\u00f6.<\/p>\r\n    <div itemscope itemtype=\"https:\/\/schema.org\/ImageObject\">\r\n        <img decoding=\"async\" loading=\"lazy\" class=\"\" style=\"display: block; margin: 20px auto;\" src=\"\/wp-content\/uploads\/2023\/12\/ship_tracking_map.webp\" alt=\"Real-time Ship Tracking Map\" width=\"640\" height=\"366\" itemprop=\"contentUrl\" \/>\r\n        <meta itemprop=\"name\" content=\"Real-time Ship Tracking Map\" \/>\r\n        <meta itemprop=\"description\" content=\"Real-time Ship Tracking Map\" \/>\r\n    <\/div>\r\n    <p style=\"text-align: justify;\">Itse asiassa MarineTrafficista on ensimm\u00e4isen lanseerauksensa j\u00e4lkeisten vuosien aikana kasvanut <strong>t\u00e4rke\u00e4 ty\u00f6kalu sek\u00e4 liike- ett\u00e4 tutkimustarkoituksiin<\/strong>, ja alustaa k\u00e4ytt\u00e4v\u00e4t niin hallitukset, ammattij\u00e4rjest\u00f6t kuin erilaiset h\u00e4t\u00e4palvelut. T\u00e4st\u00e4 huolimatta se on edelleen <strong>arvokas ty\u00f6kalu my\u00f6s merenkulun ammattilaisille ja harrastajille<\/strong>.<\/p>\r\n\r\n    \r\n\r\n    <h3>Ydink\u00e4ytt\u00e4j\u00e4t<\/h3>\r\n    <p style=\"text-align: justify;\">Ydink\u00e4ytt\u00e4j\u00e4ryhm\u00e4\u00e4n kuuluvat <strong>merenkulkualan ammattilaiset, laivojen tarkkailijat ja muut harrastajat<\/strong>. Monet t\u00e4m\u00e4n ryhm\u00e4n j\u00e4senist\u00e4 tilaavat palvelun maksullisen version ja omistavat omasta halustaan vapaa-aikansa auttaakseen yhteis\u00f6\u00e4, ladatakseen valokuvia ja valvoakseen sivustolle ladattua sis\u00e4lt\u00f6\u00e4.<\/p>\r\n\r\n    <h3>Liiketoiminta ja kaupank\u00e4ynti<\/h3>\r\n    <p style=\"text-align: justify;\">Toinen keskeinen MarineTraffic-palvelun k\u00e4ytt\u00f6kohde liittyy liiketoimintaan ja kaupank\u00e4yntiin. Sen ensisijaisena k\u00e4ytt\u00f6tarkoituksena on <strong>seurata ulkomaille l\u00e4hetett\u00e4v\u00e4n lastin etenemist\u00e4<\/strong>. Lis\u00e4ksi verkkosivustolla on oma yrityshakemisto, jonka avulla ostajat ja toimittajat voivat olla yhteydess\u00e4 toisiinsa.<\/p>\r\n\r\n    <h3>Tutkimus<\/h3>\r\n    <p style=\"text-align: justify;\">MarineTraffic nauttii suosiosta my\u00f6s merenkulun tutkijoiden ja AIS-tekniikasta kiinnostuneiden keskuudessa. Palvelu onkin perustanut MarineTraffic Research Networkin, joka on suunniteltu <strong>avustamaan akateemisia laitoksia, tutkimuss\u00e4\u00e4ti\u00f6it\u00e4 ja yksitt\u00e4isi\u00e4 merenkulun tutkijoita<\/strong>. Kiinnostuneet osapuolet voivat jopa hakea erityisi\u00e4 akateemisia tilej\u00e4.<\/p>\r\n\r\n    <h3>Turva- ja h\u00e4t\u00e4palvelut<\/h3>\r\n    <p style=\"text-align: justify;\">Yksi yll\u00e4tt\u00e4v\u00e4mmist\u00e4 tavoista, joilla MarineTraffic-palvelua k\u00e4ytet\u00e4\u00e4n, on ty\u00f6kalu, joka <strong>auttaah\u00e4t\u00e4palveluja tilannetietoisuudessa ja onnettomuuksien tutkinnassa<\/strong>. Lis\u00e4ksi jotkin kansalliset hallitukset ovat k\u00e4ytt\u00e4neet alustaa turvallisuustarkoituksiin, koska sen avulla ne voivat seurata toimintaa rannikkoalueillaan ja niiden ymp\u00e4rist\u00f6ss\u00e4.<\/p>\r\n\r\n    \r\n\r\n    <h3>Muut k\u00e4ytt\u00e4j\u00e4t<\/h3>\r\n    <p style=\"text-align: justify;\">Mainittujen ryhmien lis\u00e4ksi MarineTraffic on kasvanut t\u00e4rke\u00e4ksi resurssiksi <strong>toimittajille ja mediaorganisaatioille<\/strong>, jotka ovat k\u00e4ytt\u00e4neet sit\u00e4 tiedottaessaan ISIS-ryhmittym\u00e4st\u00e4 ja siirtolaiskriisist\u00e4. Lis\u00e4ksi on my\u00f6s satunnaisia k\u00e4ytt\u00e4ji\u00e4, jotka hy\u00f6dynt\u00e4v\u00e4t MarineTraffic-palvelua yst\u00e4vien tai perheenj\u00e4senten j\u00e4ljitt\u00e4miseen laivalla tai aluksella.<\/p>\r\n\r\n\r\n    <h2>Miten MarineTraffic-palvelua k\u00e4ytet\u00e4\u00e4n?<\/h2>\r\n    <p style=\"text-align: justify;\">Jos kaikki t\u00e4m\u00e4 vaikuttaa t\u00e4h\u00e4n menness\u00e4 monimutkaiselta ja liian tekniselt\u00e4, hyv\u00e4 uutinen on se, ett\u00e4 itse MarineTraffic-palvelu on <strong>eritt\u00e4in helppok\u00e4ytt\u00f6inen<\/strong> my\u00f6s niille, joilla ei ole mink\u00e4\u00e4nlaista teknist\u00e4 tiet\u00e4myst\u00e4 AIS-tekniikasta. Palvelun ydinominaisuudet ovat my\u00f6s k\u00e4ytett\u00e4viss\u00e4 <strong>useilla eri alustoilla<\/strong>. P\u00e4\u00e4sivusto on itse palvelun verkkoalusta ja sielt\u00e4 k\u00e4ytt\u00e4j\u00e4t voivat etsi\u00e4, tunnistaa ja j\u00e4ljitt\u00e4\u00e4 aluksia. T\u00e4m\u00e4n lis\u00e4ksi on kuitenkin olemassa kaksi erillist\u00e4 verkkosovellusta. N\u00e4ist\u00e4 ensimm\u00e4inen integroituu verkkoalustalla n\u00e4kyviin palveluihin, kun taas toinen on suunniteltu veneilij\u00f6ille ja harrastajille.<\/p>\r\n\r\n    <h3>Verkkoalusta<\/h3>\r\n    <p style=\"text-align: justify;\">MarineTrafficin p\u00e4\u00e4verkkoalustalla on live-kartta, joka n\u00e4ytt\u00e4\u00e4 alusten sijainnit. K\u00e4ytt\u00e4j\u00e4t voivat napsauttaa ja vet\u00e4\u00e4 karttaa liikkuakseen ymp\u00e4ri maapalloa, korostaa kartalla olevia aluksia saadakseen lis\u00e4tietoja tai k\u00e4ytt\u00e4\u00e4 (+)- ja (-)-symboleita zoomatakseen sis\u00e4\u00e4n- tai ulosp\u00e4in, kun taas n\u00e4yt\u00f6n vasemmalla puolella on erilaisia lis\u00e4toimintoja.<\/p>\r\n    <div itemscope itemtype=\"https:\/\/schema.org\/ImageObject\">\r\n        <img decoding=\"async\" loading=\"lazy\" class=\"\" style=\"display: block; margin: 20px auto;\" src=\"\/wp-content\/uploads\/2023\/12\/marinetraffic_map_interface.webp\" alt=\"Interactive MarineTraffic Map: Live Vessel Tracking, Advanced Features &#038; User Options\" width=\"640\" height=\"366\" itemprop=\"contentUrl\" \/>\r\n        <meta itemprop=\"name\" content=\"Interactive MarineTraffic Map\" \/>\r\n        <meta itemprop=\"description\" content=\"Live Vessel Tracking, Advanced Features &#038; User Options\" \/>\r\n    <\/div>\r\n    <p style=\"text-align: justify;\">Yl\u00e4osassa oleva suurennuslasisymboli avaa hakutoiminnon, jonka avulla k\u00e4ytt\u00e4j\u00e4t voivat etsi\u00e4 joko alusta tai <a href=\"\/sea-ports-of-the-world\/\">merisatamaa<\/a> tai etsi\u00e4 tietty\u00e4 sijaintia kartalta. Suodatinsymbolin avulla k\u00e4ytt\u00e4j\u00e4t voivat puolestaan suodattaa kartalla n\u00e4kyvi\u00e4 aluksia alustyypin, kapasiteetin, nykyisen tilan ja muiden perusteella.<\/p>\r\n    <p style=\"text-align: justify;\">Lopuksi kolmen veneen symboli kuvaa vaihtoehtoa &#8221;Omat laivastot&#8221;. T\u00e4m\u00e4n valikon avulla k\u00e4ytt\u00e4j\u00e4t voivat luoda laivaston ja lis\u00e4t\u00e4 siihen aluksia, mik\u00e4 helpottaa useiden alusten samanaikaista seurantaa.<\/p>\r\n    <p style=\"text-align: justify;\">MarineTraffic-perustili on ilmainen, ja sit\u00e4 voi k\u00e4ytt\u00e4\u00e4 rajoittamattoman ajan. MarineTraffic on kuitenkin luokiteltu &#8221;freemium&#8221;-palveluksi, koska maksettu premium-tili antaa k\u00e4ytt\u00f6\u00f6n joukon lis\u00e4ominaisuuksia. N\u00e4it\u00e4 ovat kyky luoda suurempia laivastoja, k\u00e4ytt\u00e4\u00e4 mukautettuja laivaston kuvakkeita, k\u00e4ytt\u00e4\u00e4 tuuliennusteita ja tarkastella 30 p\u00e4iv\u00e4n matkahistoriaa.<\/p>\r\n\r\n    \r\n\r\n    <h3>Mobiilisovellukset<\/h3>\r\n    <p style=\"text-align: justify;\">P\u00e4\u00e4verkkoalustan lis\u00e4ksi MarineTraffic-palvelussa on my\u00f6s <strong>kaksi erillist\u00e4 mobiilisovellusta<\/strong>, jotka ovat saatavilla <a target=\"_blank\" rel=\"noopener nofollow\" href=\"https:\/\/play.google.com\/\">Android<\/a>&#8211; ja <a target=\"_blank\" rel=\"noopener nofollow\" href=\"https:\/\/www.apple.com\/app-store\/\">iOS<\/a>-laitteille. Ensimm\u00e4inen n\u00e4ist\u00e4, <strong>MarineTraffic Ship Positions<\/strong>, on samankaltainen kuin verkkoalusta, mutta mobiiliyst\u00e4v\u00e4llisempi kuin verkkosivuston k\u00e4ytt\u00e4minen mobiiliselaimella.<\/p>\r\n    <p style=\"text-align: justify;\">Kaikki tilinomistajat voivat k\u00e4ytt\u00e4\u00e4 sovellusta, mukaan lukien ne, joilla on ilmainen perustili, ne, joilla on maksullinen premium-tili tai ne, joilla on erityinen tutkimus- tai akateeminen tili. Itse sovellus ei kuitenkaan ole ilmainen, ja sen lataamisesta vaaditaan pieni maksu. Sovelluksessa k\u00e4ytett\u00e4viss\u00e4 olevat ominaisuudet riippuvat k\u00e4ytt\u00e4j\u00e4n tilityypist\u00e4.<\/p>\r\n    <p style=\"text-align: justify;\">MarineTraffic-mobiilisovelluksen lis\u00e4ksi alustalla on my\u00f6s erillinen mobiilisovellus, joka tunnetaan nimell\u00e4 <strong>MarineTraffic OnCourse<\/strong>. T\u00e4m\u00e4 sovellus on tarkoitettu purjehduksesta tai veneilyst\u00e4 kiinnostuneille tai niille, jotka ovat vastuussa suuremmista aluksista, sill\u00e4 se tarjoaa edistyneemm\u00e4n valikoiman ominaisuuksia. Sovelluksen avulla veneilij\u00e4t voivat esimerkiksi ilmoittaa itse sijaintinsa sovelluksesta k\u00e4sin sek\u00e4 ladata helposti kuvia ja muita tietoja aluksestaan.<\/p>\r\n\r\n    <script async>\r\n        jQuery(document).ready(function ($) {\r\n            $(\"#showradar-shiptracker\").click(function () {\r\n                $(\"#showhere-shiptracker\").html('<iframe loading=\"lazy\" id=\"marinetraffic\" name=\"marinetraffic\" scrolling=\"no\" class=\"shiptracker-mapsize\" width=\"100%\" height=\"600\" src=\"https:\/\/www.marinetraffic.com\/fi\/ais\/embed\/zoom:4\/centery:42\/centerx:6.7\/maptype:1\/shownames:false\/mmsi:0\/shipid:0\/fleet:\/fleet_id:\/vtypes:\/showmenu:\/remember:false\"><\/iframe>');\r\n                $(\"#framesize-shiptracker\").css(\"height\", \"600px\");\r\n                $(\"#shiptracker-wrapper\").addClass(\"shiptracker-mapsize\");\r\n                $(\"#showradar-shiptracker\").hide();\r\n                $(\".shiptracker-backgroundimage\").hide();\r\n                $(\".shiptracker.draw-white\").hide();\r\n            });\r\n        });\r\n    <\/script>\r\n\r\n<\/div>\r\n","protected":false},"excerpt":{"rendered":"<p>S T A R T Aina ajantasaista alusten seurantaa MarineTrafficin avulla MarineTraffic on alusten seuranta- ja merenkulkutietopalvelu, jonka Dimitris Lekkas<\/p>\n","protected":false},"author":1,"featured_media":0,"parent":0,"menu_order":1,"comment_status":"closed","ping_status":"closed","template":"","meta":{"colormag_page_container_layout":"no_sidebar_full_width","colormag_page_sidebar_layout":"no_sidebar","footnotes":""},"class_list":["post-24133","page","type-page","status-publish","hentry"],"_links":{"self":[{"href":"https:\/\/shiptracker.live\/fi\/wp-json\/wp\/v2\/pages\/24133","targetHints":{"allow":["GET"]}}],"collection":[{"href":"https:\/\/shiptracker.live\/fi\/wp-json\/wp\/v2\/pages"}],"about":[{"href":"https:\/\/shiptracker.live\/fi\/wp-json\/wp\/v2\/types\/page"}],"author":[{"embeddable":true,"href":"https:\/\/shiptracker.live\/fi\/wp-json\/wp\/v2\/users\/1"}],"replies":[{"embeddable":true,"href":"https:\/\/shiptracker.live\/fi\/wp-json\/wp\/v2\/comments?post=24133"}],"version-history":[{"count":2,"href":"https:\/\/shiptracker.live\/fi\/wp-json\/wp\/v2\/pages\/24133\/revisions"}],"predecessor-version":[{"id":24136,"href":"https:\/\/shiptracker.live\/fi\/wp-json\/wp\/v2\/pages\/24133\/revisions\/24136"}],"wp:attachment":[{"href":"https:\/\/shiptracker.live\/fi\/wp-json\/wp\/v2\/media?parent=24133"}],"curies":[{"name":"wp","href":"https:\/\/api.w.org\/{rel}","templated":true}]}}