{"id":24088,"date":"2018-02-03T00:53:46","date_gmt":"2018-02-03T00:53:46","guid":{"rendered":"https:\/\/shiptracker.live\/marinetraffic\/"},"modified":"2024-01-13T18:09:38","modified_gmt":"2024-01-13T17:09:38","slug":"marinetraffic","status":"publish","type":"page","link":"https:\/\/shiptracker.live\/es\/","title":{"rendered":"MarineTraffic"},"content":{"rendered":"\r\n<!-- META\r\n\t<title>Siempre al d\u00eda: seguimiento de barcos con MarineTraffic<\/title>\r\n\t<meta name=\"description\" content=\"MarineTraffic - Rastreo de barcos y yates con mapas en vivo v\u00eda Red AIS Global. Tipos de embarcaci\u00f3n \u2705 rutas \u2705 estado del barco y m\u00e1s.\" \/>\r\n-->\r\n<link rel=\"preconnect\" href=\"https:\/\/ads.themoneytizer.com\">\r\n<link rel=\"preconnect\" href=\"https:\/\/www.marinetraffic.com\">\r\n<script src=\"\/js\/youtubelazyload.js\"><\/script>\r\n<style>\r\n    @media only screen and (min-width: 769px) {\r\n        .shiptracker-mapsize {\r\n            margin-left: calc(50% - 50vw) !important;\r\n            margin-right: calc(50% - 50vw) !important;\r\n            max-width: unset !important;\r\n        }\r\n    }\r\n\r\n    .shiptracker.container {\r\n        position: relative;\r\n        width: 100%;\r\n    }\r\n\r\n    .shiptracker.container .shiptracker.btn {\r\n        position: absolute;\r\n        top: 50%;\r\n        left: 50%;\r\n        transform: translate(-50%, -50%);\r\n        -ms-transform: translate(-50%, -50%);\r\n        background-color: #e6d250;\r\n        color: #000;\r\n        font-weight: 700;\r\n        font-size: 18px;\r\n        padding: 24px 48px;\r\n        border: none;\r\n        cursor: pointer;\r\n        border-radius: 5px\r\n    }\r\n\r\n    .shiptracker.container .shiptracker.btn:hover {\r\n        background-color: #b5a21a\r\n    }\r\n\r\n    .shiptracker.draw-white {\r\n        background-image: linear-gradient(rgb(255, 255, 255, 0.01),\r\n                rgb(255, 255, 255, 0.4),\r\n                rgb(255, 255, 255, 0.6),\r\n                rgb(255, 255, 255, 0.4),\r\n                rgb(255, 255, 255, 0.01));\r\n        height: 120px;\r\n        width: 100%;\r\n        position: absolute;\r\n    }\r\n\r\n    .shiptracker-backgroundimage {\r\n        overflow: hidden !important;\r\n        height: 350px !important;\r\n        width: 100%;\r\n        background-image: url(\/wp-content\/uploads\/2023\/08\/shiptracker-placeholder_org.webp);\r\n        background-position: center center;\r\n        background-repeat: no-repeat;\r\n        display: flex;\r\n        justify-content: center;\r\n        align-items: center;\r\n        background-size: cover;\r\n        border-radius: 1rem;\r\n        box-shadow: rgba(0, 0, 0, 0.24) 0px 4px 8px;\r\n    }\r\n\r\n    .shiptracker-backgroundimage::before {\r\n        content: \"\";\r\n        position: absolute;\r\n        top: 0;\r\n        left: 0;\r\n        width: 100%;\r\n        height: 100%;\r\n        border-radius: 1rem;\r\n        background-color: rgba(0, 0, 0, 0.3);\r\n        \/* Half-transparent black layer *\/\r\n    }\r\n\r\n    .youtube-player {\r\n        position: relative;\r\n        padding-bottom: 56.25%;\r\n        height: 0;\r\n        overflow: hidden;\r\n        max-width: 100%;\r\n        background: #000;\r\n        margin: 0px;\r\n        border-radius: 25px;\r\n    }\r\n\r\n    .youtube-player iframe {\r\n        position: absolute;\r\n        top: 0;\r\n        left: 0;\r\n        width: 100%;\r\n        height: 100%;\r\n        z-index: 100;\r\n        background: transparent;\r\n    }\r\n\r\n    .youtube-player img {\r\n        object-fit: cover;\r\n        display: block;\r\n        left: 0;\r\n        bottom: 0;\r\n        margin: auto;\r\n        max-width: 100%;\r\n        width: 100%;\r\n        position: absolute;\r\n        right: 0;\r\n        top: 0;\r\n        border: none;\r\n        height: auto;\r\n        cursor: pointer;\r\n        -webkit-transition: 0.4s all;\r\n        -moz-transition: 0.4s all;\r\n        transition: 0.4s all;\r\n    }\r\n\r\n    .youtube-player img:hover {\r\n        -webkit-filter: brightness(75%);\r\n        -moz-filter: brightness(75%);\r\n        filter: brightness(75%);\r\n    }\r\n\r\n    .youtube-player .play {\r\n        height: 72px;\r\n        width: 72px;\r\n        left: 50%;\r\n        top: 50%;\r\n        margin-left: -36px;\r\n        margin-top: -36px;\r\n        position: absolute;\r\n        background: url(\"https:\/\/upload.wikimedia.org\/wikipedia\/commons\/b\/b8\/YouTube_play_button_icon_(2013%E2%80%932017).svg\") no-repeat;\r\n        cursor: pointer;\r\n    }\r\n\r\n    .video-container-wrapper {\r\n        display: block;\r\n        margin: 25px auto;\r\n        box-shadow: 0 4px 8px 0 rgb(0 0 0 \/ 20%), 0 6px 20px 0 rgb(0 0 0 \/ 19%);\r\n        border-radius: 25px;\r\n        max-width: 640px;\r\n    }\r\n<\/style>\r\n\r\n<div id=\"shiptracker-wrapper\">\r\n    <div class=\"shiptracker container\" id=\"framesize-shiptracker\" style=\"height:350px;\">\r\n        <div id=\"showhere-shiptracker\"><\/div>\r\n        <div class=\"shiptracker-backgroundimage\" id=\"framesize\">\r\n            <div class=\"shiptracker draw-white\"><\/div>\r\n            <div class=\"shiptracker btn\" id=\"showradar-shiptracker\" rel=\"nofollow\">S T A R T<\/div>\r\n        <\/div>\r\n    <\/div>\r\n<\/div>\r\n\r\n<div class='code-block code-block-5' style='margin: 8px auto; text-align: center; display: block; clear: both;'>\n<div class=\"themoneytizer\" style=\"min-height: 150px;display:block;\">\n<div id=\"99140-1\">\n<script async src=\"https:\/\/ads.themoneytizer.com\/s\/gen.js?type=1\"><\/script>\n<script async src=\"https:\/\/ads.themoneytizer.com\/s\/requestform.js?siteId=99140&formatId=1\"><\/script>\n<\/div>\n<\/div><\/div>\n\r\n\r\n\r\n<div>\r\n    <h1>Siempre al d\u00eda: seguimiento de barcos con MarineTraffic<\/h1>\r\n    <p style=\"text-align: justify;\"><strong>MarineTraffic<\/strong> es un servicio de seguimiento de barcos e informaci\u00f3n mar\u00edtima fundado por Dimitris Lekkas en 2007. Se considera la base de datos mar\u00edtimos m\u00e1s completa del mundo. El servicio <strong>presume de m\u00e1s de seis millones de usuarios \u00fanicos mensuales<\/strong>, as\u00ed como de m\u00e1s de un mill\u00f3n de titulares de cuentas registradas. B\u00e1sicamente, Lekkas cre\u00f3 el servicio a ra\u00edz de su inter\u00e9s por la inform\u00e1tica y la localizaci\u00f3n de barcos, as\u00ed como por los usos pr\u00e1cticos de la tecnolog\u00eda AIS de seguimiento de embarcaciones. Lo que no sab\u00eda es que estaba a punto de crear <strong>una de las bases de datos de transporte m\u00e1s importantes del mundo<\/strong>. El servicio MarineTraffic puede utilizarse gratuitamente, aunque tambi\u00e9n existe una versi\u00f3n de pago que incluye funciones m\u00e1s avanzadas. MarineTraffic utiliza la tecnolog\u00eda AIS de seguimiento de barcos para registrar 800 millones de ubicaciones de embarcaciones al mes, mientras que su base de datos tambi\u00e9n ofrece informaci\u00f3n sobre los barcos, como por ejemplo su fecha y lugar de construcci\u00f3n.<\/p>\r\n\r\n    <div class=\"video-container-wrapper\">\r\n        <div class=\"youtube-player\" data-id=\"7aGlcFENOrs\" itemprop=\"video\" itemscope itemtype=\"http:\/\/schema.org\/VideoObject\">\r\n            <meta itemprop=\"name\" content=\"MarineTraffic\" \/>\r\n            <meta itemprop=\"description\" content=\"MarineTraffic is the world\u2019s leading provider of ship tracking and maritime intelligence.\" \/>\r\n            <meta itemprop=\"thumbnailUrl\" content=\"https:\/\/i.ytimg.com\/vi_webp\/7aGlcFENOrs\/hqdefault.webp\" \/>\r\n            <meta itemprop=\"uploadDate\" content=\"2013-10-15T18:43:52Z\" \/>\r\n            <meta itemprop=\"duration\" content=\"PT1M54S\" \/>\r\n            <meta itemprop=\"embedUrl\" content=\"https:\/\/www.youtube.com\/embed\/7aGlcFENOrs\" \/>\r\n        <\/div>\r\n    <\/div>\r\n\r\n    <h2>\u00bfC\u00f3mo funciona MarineTraffic?<\/h2>\r\n    <p style=\"text-align: justify;\">El servicio MarineTraffic utiliza la <strong>tecnolog\u00eda de seguimiento AIS<\/strong> para proporcionar informaci\u00f3n sobre la identificaci\u00f3n, rumbo, velocidad y ubicaci\u00f3n actual de las embarcaciones. A partir de ah\u00ed, las ubicaciones pueden superponerse a <strong>Google Maps<\/strong>, por lo que los usuarios pueden utilizar el servicio para seguir los movimientos de buques y otros tipos embarcaciones en tiempo real.<\/p>\r\n    <p style=\"text-align: justify;\">Asimismo, parte de la informaci\u00f3n relativa a la <strong>ubicaci\u00f3n de los barcos es facilitada por los que est\u00e1n a bordo<\/strong>. Esta informaci\u00f3n se utiliza despu\u00e9s para proporcionar un mapa en vivo m\u00e1s preciso y actualizado de la ubicaci\u00f3n de los barcos.<\/p>\r\n    <p style=\"text-align: justify;\">Adem\u00e1s de seguir la posici\u00f3n de las embarcaciones, <a href=\"\/es\/marinetraffic\/\">MarineTraffic<\/a> tambi\u00e9n facilita informaci\u00f3n general sobre ellas, como d\u00f3nde y cu\u00e1ndo se construyeron, su n\u00famero OMI (Organizaci\u00f3n Mar\u00edtima Internacional), cu\u00e1nto pesan e incluso fotograf\u00edas. Gran parte de esta informaci\u00f3n es facilitada voluntariamente por los miembros de la comunidad.<\/p>\r\n\r\n    <div class='code-block code-block-14' style='margin: 8px auto; text-align: center; display: block; clear: both;'>\n    <!-- Begin themoneytizer BOTTOM MEDIUM RECTANGLE code -->\n    <div class=\"themoneytizer\" style=\"min-height: 250px; margin: 20px auto;\">\n        <div id=\"99140-19\">\n            <script src=\"\/\/ads.themoneytizer.com\/s\/gen.js?type=19\"><\/script>\n            <script src=\"\/\/ads.themoneytizer.com\/s\/requestform.js?siteId=99140&formatId=19\"><\/script>\n        <\/div>\n    <\/div>\n    <!-- End themoneytizer BOTTOM MEDIUM RECTANGLE code --><\/div>\n\r\n\r\n    <h3>\u00bfQu\u00e9 es la tecnolog\u00eda AIS?<\/h3>\r\n    <p style=\"text-align: justify;\">AIS son las siglas inglesas de \u00ab<strong>automatic identification system<\/strong>\u00bb y se refieren a un sistema de seguimiento que se utiliza en los barcos y <a href=\"\/es\/vesselfinder\/\">VesselFinder<\/a>. Desde 2004, es obligatorio que todos los barcos de pasajeros de cualquier tama\u00f1o y todos los buques de traves\u00eda internacional con un arqueo bruto igual o superior a 300 est\u00e9n equipados con un transpondedor AIS, capaz de transmitir y recibir datos AIS.<\/p>\r\n    <div itemscope itemtype=\"https:\/\/schema.org\/ImageObject\">\r\n        <img decoding=\"async\" loading=\"lazy\" class=\"\" style=\"display: block; margin: 20px auto;\" src=\"\/wp-content\/uploads\/2020\/06\/body-of-water-3122008_430.jpg.webp\" alt=\"Voge Master vessel in full drive on the ocean - MMSI no. 256089000\" width=\"430\" height=\"290\" itemprop=\"contentUrl\" \/>\r\n        <meta itemprop=\"name\" content=\"Voge Master vessel\" \/>\r\n        <meta itemprop=\"description\" content=\"Voge Master vessel in full drive on the ocean - MMSI no. 256089000\" \/>\r\n    <\/div>\r\n    <p style=\"text-align: justify;\">El <strong>transpondedor AIS transmite informaci\u00f3n GPS<\/strong> y una serie de datos adicionales que luego reciben las estaciones receptoras AIS. El servicio MarineTraffic utiliza <strong>m\u00e1s de 3000 de estas estaciones<\/strong>, situadas en todo el mundo, que permiten al servicio seguir posiciones, identificar embarcaciones, trazar rumbos e incluso controlar la velocidad.<\/p>\r\n    <p style=\"text-align: justify;\">En muchos sentidos, la tecnolog\u00eda AIS de MarineTraffic puede considerarse <strong>similar a la tecnolog\u00eda de radar de vuelo<\/strong> utilizada por servicios como <a href=\"https:\/\/flightradar.live\/es\/\">Flightradar24<\/a> para rastrear aeronaves. En ese caso concreto, la tecnolog\u00eda AIS se sustituye por la tecnolog\u00eda ADS-B, que funciona de forma similar y cuenta de nuevo con la ayuda de voluntarios, ya que la informaci\u00f3n la captan los receptores o estaciones receptoras ADS-B en lugar de los receptores AIS.<\/p>\r\n\r\n    \r\n\r\n    <h3>Informaci\u00f3n sobre la ubicaci\u00f3n<\/h3>\r\n    <p style=\"text-align: justify;\">Aunque la informaci\u00f3n sobre la ubicaci\u00f3n gira en gran medida en torno a la captaci\u00f3n de las se\u00f1ales AIS con fines de seguimiento, tambi\u00e9n hay <strong>informaci\u00f3n general sobre los barcos, fotograf\u00edas de los mismos y abundante informaci\u00f3n adicional<\/strong>, a\u00f1adida y controlada por voluntarios que juntos forman el coraz\u00f3n de la comunidad MarineTraffic.<\/p>\r\n    <p style=\"text-align: justify;\">Adem\u00e1s del seguimiento autom\u00e1tico de la ubicaci\u00f3n de los barcos mediante la tecnolog\u00eda AIS, a menudo son las mismas embarcaciones que comunican su posici\u00f3n a MarineTraffic. Esto contribuye a que el seguimiento sea a\u00fan m\u00e1s preciso, y la informaci\u00f3n <strong>se almacena como datos hist\u00f3ricos en la base de datos<\/strong>. Posteriormente, puede utilizarse para an\u00e1lisis estad\u00edsticos, respuestas de emergencia, investigaci\u00f3n de accidentes e incluso para evaluar los efectos de las condiciones meteorol\u00f3gicas en la velocidad.<\/p>\r\n\r\n\r\n    <h2>\u00bfQui\u00e9n utiliza MarineTraffic?<\/h2>\r\n    <p style=\"text-align: justify;\">Este servicio de <a href=\"\/ship-tracker\/\">seguimiento de barcos<\/a> en l\u00ednea puede parecer el tipo de plataforma que s\u00f3lo atraer\u00eda a los <strong>observadores de barcos<\/strong> m\u00e1s especializados, y puede que no le sorprenda saber que el fundador del sitio, Dimitris Lekkas, se encuentra dentro de esta categor\u00eda. Sin embargo, el servicio va dirigido a un p\u00fablico mucho m\u00e1s amplio.<\/p>\r\n    <div itemscope itemtype=\"https:\/\/schema.org\/ImageObject\">\r\n        <img decoding=\"async\" loading=\"lazy\" class=\"\" style=\"display: block; margin: 20px auto;\" src=\"\/wp-content\/uploads\/2023\/12\/ship_tracking_map.webp\" alt=\"Real-time Ship Tracking Map\" width=\"640\" height=\"366\" itemprop=\"contentUrl\" \/>\r\n        <meta itemprop=\"name\" content=\"Real-time Ship Tracking Map\" \/>\r\n        <meta itemprop=\"description\" content=\"Real-time Ship Tracking Map\" \/>\r\n    <\/div>\r\n    <p style=\"text-align: justify;\">De hecho, en los a\u00f1os transcurridos desde su lanzamiento inicial, MarineTraffic se ha convertido en una <strong>importante herramienta tanto para fines empresariales como de investigaci\u00f3n<\/strong>, mientras que la plataforma tambi\u00e9n es utilizada por gobiernos, organizaciones comerciales y servicios de emergencia. Por supuesto, sigue siendo <strong>una herramienta valiosa tambi\u00e9n para los profesionales y los aficionados del mundo mar\u00edtimo<\/strong>.<\/p>\r\n\r\n    \r\n\r\n    <h3>Usuarios principales<\/h3>\r\n    <p style=\"text-align: justify;\">El grupo principal de usuarios incluye <strong>profesionales mar\u00edtimos, observadores de barcos y aficionados<\/strong>. Muchos de los integrantes de este grupo est\u00e1n suscritos a la versi\u00f3n de pago del servicio y dedican su tiempo libre a ayudar voluntariamente a la comunidad, subir fotograf\u00edas y controlar los contenidos que se suben al sitio.<\/p>\r\n\r\n    <h3>Sector empresarial y comercial<\/h3>\r\n    <p style=\"text-align: justify;\">Otro uso clave del servicio MarineTraffic est\u00e1 relacionado con el \u00e1mbito empresarial y comercial. En este sentido, se utiliza principalmente para <strong>seguir el curso de la carga<\/strong> que se env\u00eda al extranjero. Adem\u00e1s, el sitio web incluye su propio directorio empresarial, que ayuda a poner en contacto a compradores y proveedores.<\/p>\r\n\r\n    <h3>Investigaci\u00f3n<\/h3>\r\n    <p style=\"text-align: justify;\">MarineTraffic tambi\u00e9n goza de popularidad entre los investigadores mar\u00edtimos y los interesados en la tecnolog\u00eda AIS. De hecho, el servicio ha creado la llamada Red de Investigaci\u00f3n MarineTraffic con el objetivo de <strong>prestar apoyo a instituciones acad\u00e9micas, fundaciones de investigaci\u00f3n e investigadores mar\u00edtimos independientes<\/strong>. Los interesados pueden incluso solicitar cuentas acad\u00e9micas especiales.<\/p>\r\n\r\n    <h3>Servicios de seguridad y emergencia<\/h3>\r\n    <p style=\"text-align: justify;\">Una de las formas m\u00e1s sorprendentes en que se utiliza MarineTraffic es como herramienta de ayuda a los <strong>servicios de emergencia para el conocimiento de la situaci\u00f3n y la investigaci\u00f3n de accidentes<\/strong>. Adem\u00e1s, algunos gobiernos nacionales tambi\u00e9n utilizan la plataforma con fines de seguridad, ya que les permite vigilar la actividad en sus zonas costeras y alrededores.<\/p>\r\n\r\n    \r\n\r\n    <h3>Otros usuarios<\/h3>\r\n    <p style=\"text-align: justify;\">Aparte de los grupos mencionados, MarineTraffic tambi\u00e9n se ha convertido en un importante recurso para <strong>periodistas y medios de comunicaci\u00f3n<\/strong>, que lo utilizan para informar sobre el ISIS y la crisis migratoria. Por otro lado, tambi\u00e9n hay usuarios ocasionales que pueden utilizar MarineTraffic para seguir a amigos o familiares a bordo de una embarcaci\u00f3n.<\/p>\r\n\r\n\r\n    <h2>\u00bfC\u00f3mo se utiliza MarineTraffic?<\/h2>\r\n    <p style=\"text-align: justify;\">Si todo esto parece complicado y demasiado t\u00e9cnico hasta ahora, la buena noticia es que el propio servicio MarineTraffic es <strong>muy f\u00e1cil de usar<\/strong> incluso para quienes no tienen ning\u00fan conocimiento t\u00e9cnico de la tecnolog\u00eda AIS. Adem\u00e1s, se puede acceder a las funciones b\u00e1sicas <strong>desde distintas plataformas<\/strong>. El sitio web principal es, en s\u00ed mismo, la plataforma web del servicio, desde donde los usuarios pueden buscar, identificar y rastrear embarcaciones. Asimismo, existen dos aplicaciones web independientes. La primera de ellas se integra con los servicios que se muestran en la plataforma web, mientras que la otra est\u00e1 pensada para navegantes y aficionados.<\/p>\r\n\r\n    <h3>Plataforma web<\/h3>\r\n    <p style=\"text-align: justify;\">La plataforma web principal de MarineTraffic cuenta con un <strong>Live Map<\/strong> que muestra las posiciones de los barcos. Los usuarios pueden hacer clic en el mapa y arrastrarlo para desplazarse por el globo, marcar los barcos en el mapa para obtener m\u00e1s informaci\u00f3n o utilizar los s\u00edmbolos \u00ab+\u00bb y \u00ab-\u00bb para acercar o alejar la imagen, mientras que la parte izquierda de la pantalla cuenta con una serie de opciones m\u00e1s avanzadas.<\/p>\r\n    <div itemscope itemtype=\"https:\/\/schema.org\/ImageObject\">\r\n        <img decoding=\"async\" loading=\"lazy\" class=\"\" style=\"display: block; margin: 20px auto;\" src=\"\/wp-content\/uploads\/2023\/12\/marinetraffic_map_interface.webp\" alt=\"Interactive MarineTraffic Map: Live Vessel Tracking, Advanced Features &#038; User Options\" width=\"640\" height=\"366\" itemprop=\"contentUrl\" \/>\r\n        <meta itemprop=\"name\" content=\"Interactive MarineTraffic Map\" \/>\r\n        <meta itemprop=\"description\" content=\"Live Vessel Tracking, Advanced Features &#038; User Options\" \/>\r\n    <\/div>\r\n    <p style=\"text-align: justify;\">En la parte superior, el s\u00edmbolo de <strong>lupa<\/strong> abre la funci\u00f3n de b\u00fasqueda, que permite a los usuarios buscar un barco o <a href=\"\/sea-ports-of-the-world\/\">puerto mar\u00edtimo<\/a>, o explorar una ubicaci\u00f3n espec\u00edfica en el mapa. Por su parte, el s\u00edmbolo de <strong>filtro<\/strong> permite a los usuarios filtrar las embarcaciones que aparecen en el mapa en funci\u00f3n de su tipo, capacidad, estado actual, etc.<\/p>\r\n    <p style=\"text-align: justify;\">Por \u00faltimo, el s\u00edmbolo que muestra tres barcos corresponde a la opci\u00f3n \u00abMis flotas\u00bb. Al acceder a este men\u00fa, los usuarios tienen la opci\u00f3n de crear una flota y a\u00f1adir barcos a la misma, lo que facilita el seguimiento de varias embarcaciones al mismo tiempo.<\/p>\r\n    <p style=\"text-align: justify;\">La <strong>cuenta MarineTraffic b\u00e1sica es gratuita<\/strong> y puede utilizarse por tiempo indefinido. Sin embargo, MarineTraffic est\u00e1 clasificado como un <strong>servicio \u00abfreemium\u00bb<\/strong>, puesto que su cuenta premium de pago ofrece una serie de funciones adicionales. Entre ellas se encuentra la posibilidad de crear flotas m\u00e1s grandes, utilizar iconos de flota personalizados, acceder a las previsiones de viento y consultar un historial de hasta 30 d\u00edas de traves\u00eda.<\/p>\r\n\r\n    \r\n\r\n    <h3>Aplicaciones m\u00f3viles<\/h3>\r\n    <p style=\"text-align: justify;\">Adem\u00e1s de la plataforma web principal, el servicio MarineTraffic cuenta con <strong>dos aplicaciones m\u00f3viles independientes<\/strong>, disponibles para dispositivos <a target=\"_blank\" rel=\"noopener nofollow\" href=\"https:\/\/play.google.com\/\">Android<\/a> y <a target=\"_blank\" rel=\"noopener nofollow\" href=\"https:\/\/www.apple.com\/app-store\/\">iOS<\/a>. La primera de ellas, <strong>MarineTraffic Ship Positions<\/strong>, es similar a la plataforma web, pero est\u00e1 m\u00e1s adaptada a los dispositivos m\u00f3viles, a diferencia de si se usa el sitio web desde un navegador m\u00f3vil.<\/p>\r\n    <p style=\"text-align: justify;\">Todos los titulares de una cuenta pueden utilizar la aplicaci\u00f3n, incluidos los que tienen una cuenta b\u00e1sica gratuita, los que tienen una cuenta premium de pago o los que tienen una cuenta especial de investigaci\u00f3n o acad\u00e9mica. No obstante, la aplicaci\u00f3n en s\u00ed no es gratuita y hay que pagar una peque\u00f1a tasa para descargarla. Las funciones disponibles en la aplicaci\u00f3n depender\u00e1n del tipo de cuenta que tenga el usuario.<\/p>\r\n    <p style=\"text-align: justify;\">Adem\u00e1s de la aplicaci\u00f3n m\u00f3vil principal de MarineTraffic, la plataforma cuenta con una aplicaci\u00f3n m\u00f3vil independiente denominada <strong>MarineTraffic OnCourse<\/strong>. Esta aplicaci\u00f3n est\u00e1 pensada para los interesados en la navegaci\u00f3n a vela o para los responsables de embarcaciones m\u00e1s grandes, y ofrece una gama m\u00e1s avanzada de funciones. Por ejemplo, la aplicaci\u00f3n permite a los navegantes notificar su ubicaci\u00f3n desde la propia aplicaci\u00f3n y cargar f\u00e1cilmente fotos y otra informaci\u00f3n sobre su embarcaci\u00f3n.<\/p>\r\n\r\n    <script async>\r\n        jQuery(document).ready(function ($) {\r\n            $(\"#showradar-shiptracker\").click(function () {\r\n                $(\"#showhere-shiptracker\").html('<iframe loading=\"lazy\" id=\"marinetraffic\" name=\"marinetraffic\" scrolling=\"no\" class=\"shiptracker-mapsize\" width=\"100%\" height=\"600\" src=\"https:\/\/www.marinetraffic.com\/es\/ais\/embed\/zoom:4\/centery:42\/centerx:6.7\/maptype:1\/shownames:false\/mmsi:0\/shipid:0\/fleet:\/fleet_id:\/vtypes:\/showmenu:\/remember:false\"><\/iframe>');\r\n                $(\"#framesize-shiptracker\").css(\"height\", \"600px\");\r\n                $(\"#shiptracker-wrapper\").addClass(\"shiptracker-mapsize\");\r\n                $(\"#showradar-shiptracker\").hide();\r\n                $(\".shiptracker-backgroundimage\").hide();\r\n                $(\".shiptracker.draw-white\").hide();\r\n            });\r\n        });\r\n    <\/script>\r\n\r\n<\/div>\r\n","protected":false},"excerpt":{"rendered":"<p>S T A R T Siempre al d\u00eda: seguimiento de barcos con MarineTraffic MarineTraffic es un servicio de seguimiento de<\/p>\n","protected":false},"author":1,"featured_media":0,"parent":0,"menu_order":1,"comment_status":"closed","ping_status":"closed","template":"","meta":{"colormag_page_container_layout":"default_layout","colormag_page_sidebar_layout":"default_layout","footnotes":""},"class_list":["post-24088","page","type-page","status-publish","hentry"],"_links":{"self":[{"href":"https:\/\/shiptracker.live\/es\/wp-json\/wp\/v2\/pages\/24088","targetHints":{"allow":["GET"]}}],"collection":[{"href":"https:\/\/shiptracker.live\/es\/wp-json\/wp\/v2\/pages"}],"about":[{"href":"https:\/\/shiptracker.live\/es\/wp-json\/wp\/v2\/types\/page"}],"author":[{"embeddable":true,"href":"https:\/\/shiptracker.live\/es\/wp-json\/wp\/v2\/users\/1"}],"replies":[{"embeddable":true,"href":"https:\/\/shiptracker.live\/es\/wp-json\/wp\/v2\/comments?post=24088"}],"version-history":[{"count":4,"href":"https:\/\/shiptracker.live\/es\/wp-json\/wp\/v2\/pages\/24088\/revisions"}],"predecessor-version":[{"id":24120,"href":"https:\/\/shiptracker.live\/es\/wp-json\/wp\/v2\/pages\/24088\/revisions\/24120"}],"wp:attachment":[{"href":"https:\/\/shiptracker.live\/es\/wp-json\/wp\/v2\/media?parent=24088"}],"curies":[{"name":"wp","href":"https:\/\/api.w.org\/{rel}","templated":true}]}}