{"id":23133,"date":"2021-06-21T00:46:21","date_gmt":"2021-06-20T22:46:21","guid":{"rendered":"https:\/\/shiptracker.live\/vesselfinder\/"},"modified":"2023-12-08T00:31:38","modified_gmt":"2023-12-07T22:31:38","slug":"vesselfinder","status":"publish","type":"page","link":"https:\/\/shiptracker.live\/es\/vesselfinder\/","title":{"rendered":"VesselFinder"},"content":{"rendered":"\r\n<!-- META\r\n\t<title>VesselFinder - Rastreo Global de Barcos y Yates en Tiempo Real<\/title>\r\n\t<meta name=\"description\" content=\"VesselFinder \u2705 para rastrear barcos y yates con mapas en vivo, datos de AIS global \u2705 Info de tipos de barcos y rutas.\" \/>\r\n-->\r\n<link rel=\"preconnect\" href=\"https:\/\/ads.themoneytizer.com\">\r\n<script src=\"\/js\/youtubelazyload.js\"><\/script>\r\n<style>\r\n    .google-ad {\r\n        margin: 30px 0px;\r\n    }\r\n\r\n    .full-width {\r\n        margin-left: calc(50% - 50vw);\r\n        margin-right: calc(50% - 50vw);\r\n        margin-top: 15px;\r\n        margin-bottom: 15px;\r\n        max-width: unset;\r\n    }\r\n\r\n    .container {\r\n        position: relative;\r\n        width: 100%\r\n    }\r\n\r\n    .container .btn {\r\n        position: absolute;\r\n        top: 50%;\r\n        left: 50%;\r\n        transform: translate(-50%, -50%);\r\n        -ms-transform: translate(-50%, -50%);\r\n        background-color: #e6d250;\r\n        color: #000;\r\n        font-weight: 700;\r\n        font-size: 18px;\r\n        padding: 24px 48px;\r\n        border: none;\r\n        cursor: pointer;\r\n        border-radius: 5px\r\n    }\r\n\r\n    .container .btn:hover {\r\n        background-color: #b5a21a\r\n    }\r\n\r\n    @media only screen and (max-width: 768px) {\r\n        .show-on-desktop {\r\n            display: none;\r\n\r\n        }\r\n    }\r\n\r\n    @media only screen and (min-width: 768px) {\r\n        .show-on-mobile {\r\n            display: none;\r\n\r\n        }\r\n    }\r\n\r\n    .youtube-player {\r\n        position: relative;\r\n        padding-bottom: 56.25%;\r\n        height: 0;\r\n        overflow: hidden;\r\n        max-width: 100%;\r\n        background: #000;\r\n        margin: 0px;\r\n        border-radius: 25px;\r\n    }\r\n\r\n    .youtube-player iframe {\r\n        position: absolute;\r\n        top: 0;\r\n        left: 0;\r\n        width: 100%;\r\n        height: 100%;\r\n        z-index: 100;\r\n        background: transparent;\r\n    }\r\n\r\n    .youtube-player img {\r\n        object-fit: cover;\r\n        display: block;\r\n        left: 0;\r\n        bottom: 0;\r\n        margin: auto;\r\n        max-width: 100%;\r\n        width: 100%;\r\n        position: absolute;\r\n        right: 0;\r\n        top: 0;\r\n        border: none;\r\n        height: auto;\r\n        cursor: pointer;\r\n        -webkit-transition: 0.4s all;\r\n        -moz-transition: 0.4s all;\r\n        transition: 0.4s all;\r\n    }\r\n\r\n    .youtube-player img:hover {\r\n        -webkit-filter: brightness(75%);\r\n        -moz-filter: brightness(75%);\r\n        filter: brightness(75%);\r\n    }\r\n\r\n    .youtube-player .play {\r\n        height: 72px;\r\n        width: 72px;\r\n        left: 50%;\r\n        top: 50%;\r\n        margin-left: -36px;\r\n        margin-top: -36px;\r\n        position: absolute;\r\n        background: url(\"https:\/\/upload.wikimedia.org\/wikipedia\/commons\/b\/b8\/YouTube_play_button_icon_(2013%E2%80%932017).svg\") no-repeat;\r\n        cursor: pointer;\r\n    }\r\n\r\n    .video-container-wrapper {\r\n        display: block;\r\n        margin: 25px auto;\r\n        box-shadow: 0 4px 8px 0 rgb(0 0 0 \/ 20%), 0 6px 20px 0 rgb(0 0 0 \/ 19%);\r\n        border-radius: 25px;\r\n        max-width: 640px;\r\n    }\r\n<\/style>\r\n\r\n<div class=\"show-on-desktop\">\r\n    <script>\r\n        jQuery(document).ready(function ($) {\r\n            $(\"#showradar\").click(function () {\r\n\r\n                $(\"#showhere\").html('<iframe loading=\"lazy\" class=\"iframe-class\" src=\"https:\/\/shiptracker.live\/vesselfinder-iframe.html\" width=\"100%\" height=\"600\" frameborder=\"0\" scrolling=\"no\"><\/iframe>');\r\n                $(\"#framesize\").css(\"height\", \"600px\");\r\n                $(\"#showradar\").hide();\r\n                $(\"#img\").hide();\r\n\r\n            });\r\n        });\r\n    <\/script>\r\n    <div class=\"full-width\">\r\n        <div class=\"container\" id=\"framesize\">\r\n            <div id=\"img\" style=\"overflow: hidden!important; height: 350px; background: #fff url(https:\/\/shiptracker.live\/wp-content\/uploads\/2020\/06\/shiptracker-placeholder-min.jpg.webp) center center no-repeat;\"><\/div>\r\n            <div id=\"showhere\"><\/div>\r\n            <div style=\"margin:0 auto;width:241px;margin-top:110px;\"><span class=\"btn\" id=\"showradar\" rel=\"nofollow\">S T A R T<\/span><\/div>\r\n        <\/div>\r\n    <\/div>\r\n<\/div>\r\n\r\n<div class=\"show-on-mobile\">\r\n    <script>\r\n        jQuery(document).ready(function ($) {\r\n            $(\"#showradar-mob\").click(function () {\r\n\r\n                $(\"#showhere-mob\").html('<iframe loading=\"lazy\" class=\"iframe-class\" src=\"https:\/\/shiptracker.live\/vesselfinder-iframe.html\" width=\"100%\" height=\"600\" frameborder=\"0\" scrolling=\"no\"><\/iframe>');\r\n                $(\"#framesize-mob\").css(\"height\", \"600px\");\r\n                $(\"#showradar-mob\").hide();\r\n                $(\"#img-mob\").hide();\r\n\r\n            });\r\n        });\r\n    <\/script>\r\n    <div style=\"margin:15px 0;\">\r\n        <div class=\"container\" id=\"framesize-mob\">\r\n            <div id=\"img-mob\" style=\"overflow: hidden!important; height: 350px; background: #fff url(https:\/\/shiptracker.live\/wp-content\/uploads\/2020\/06\/shiptracker-placeholder-min.jpg.webp) center center no-repeat;\"><\/div>\r\n            <div id=\"showhere-mob\"><\/div>\r\n            <div style=\"margin:0 auto;width:241px;margin-top:110px;\"><span class=\"btn\" id=\"showradar-mob\" rel=\"nofollow\">S T A R T<\/span><\/div>\r\n        <\/div>\r\n    <\/div>\r\n<\/div>\r\n\r\n<div class='code-block code-block-5' style='margin: 8px auto; text-align: center; display: block; clear: both;'>\n<div class=\"themoneytizer\" style=\"min-height: 150px;display:block;\">\n<div id=\"99140-1\">\n<script async src=\"https:\/\/ads.themoneytizer.com\/s\/gen.js?type=1\"><\/script>\n<script async src=\"https:\/\/ads.themoneytizer.com\/s\/requestform.js?siteId=99140&formatId=1\"><\/script>\n<\/div>\n<\/div><\/div>\n\r\n\r\n\r\n<div>\r\n    <h1>\u00bfCu\u00e1l es la historia tras VesselFinder?<\/h1>\r\n    <h2>\u00bfCu\u00e1l era el problema?<\/h2>\r\n    <p style=\"text-align: justify;\">Hace mucho, mucho tiempo, siglos atr\u00e1s &#8211; bueno, vale, antes de 2011 &#8211; no hab\u00eda un VesselFinder. \u00a1Imag\u00ednatelo! Las <strong>personas que necesitaban encontrar barcos en cualquier lugar del mundo<\/strong> no ten\u00edan un lugar obvio al que dirigirse o deb\u00edan pagar sumas elevadas por servicios inflexibles. Pod\u00edan hacer lo que pudiesen con los recursos disponibles o pod\u00edan tirar la toalla. Ninguna de esas eran muy buenas opciones. As\u00ed que un grupo de personas decididas se propuso tomar cartas en el asunto.<\/p>\r\n    <img decoding=\"async\" loading=\"lazy\" class=\"\" style=\"display: block; margin: 20px auto;\" src=\"https:\/\/shiptracker.live\/wp-content\/uploads\/2023\/12\/cargo-ship-on-the-ocean.webp\" alt=\"Fully loaded cargo ship on the ocean\" max-width=\"640\" \/>\r\n\r\n    <h3>El nacimiento de VesselFinder<\/h3>\r\n    <p style=\"text-align: justify;\">Eran personas con una visi\u00f3n de hacer algo grande. Algo que resolviese el problema. E hicieron algo incre\u00edble: se reunieron y fundaron VesselFinder. Desde el primer momento, estas personas sab\u00edan unas cuantas cosas. Sab\u00edan que el servicio deb\u00eda ser de una calidad sobresaliente. Sab\u00edan que deb\u00edan ofrecer algo que ning\u00fan servicio existente pudiera. Sab\u00edan que su uso deb\u00eda ser simple e intuitivo. Oh, y deb\u00eda ser fiable y seguro. Nada, sin presi\u00f3n.<\/p>\r\n\r\n    <div class='code-block code-block-14' style='margin: 8px auto; text-align: center; display: block; clear: both;'>\n    <!-- Begin themoneytizer BOTTOM MEDIUM RECTANGLE code -->\n    <div class=\"themoneytizer\" style=\"min-height: 250px; margin: 20px auto;\">\n        <div id=\"99140-19\">\n            <script src=\"\/\/ads.themoneytizer.com\/s\/gen.js?type=19\"><\/script>\n            <script src=\"\/\/ads.themoneytizer.com\/s\/requestform.js?siteId=99140&formatId=19\"><\/script>\n        <\/div>\n    <\/div>\n    <!-- End themoneytizer BOTTOM MEDIUM RECTANGLE code --><\/div>\n\r\n\r\n    <h3>\u00bfQui\u00e9n se halla tras el servicio?<\/h3>\r\n    <p style=\"text-align: justify;\">Desde el comienzo, la gente de VesselFinder se dio cuenta de que intentar hacerlo todo ellos mismos era una receta para el agotamiento m\u00e1ximo. As\u00ed que hicieron lo m\u00e1s sensato. Hablaron sobre lo que estaban haciendo con otras personas que compart\u00edan su pasi\u00f3n por la excelencia y el servicio. No tardaron mucho en formar un <strong>gran equipo de personas especializadas en todo<\/strong>, desde ingenier\u00eda de software hasta dise\u00f1o mar\u00edtimo. Expertos han trabajado en todos los aspectos de VesselFinder.<\/p>\r\n\r\n    <h2>\u00bfC\u00f3mo funciona VesselFinder?<\/h2>\r\n    <p style=\"text-align: justify;\">Probablemente hayas echado un vistazo a VesselFinder y hayas pensado&#8230; bueno, tal vez tu primer pensamiento fuese \u00ab\u00a1Vaya!\u00bb. Lo entendemos, es mucha cosa que absorber. Pero una vez te hayas repuesto de la asombrosidad de ver todos esos circulitos y flechitas de colores repartidos por el mapa del mundo, tal vez hayas empezado a hacerte otra pregunta. Esa pregunta es: \u00ab\u00bfC\u00f3mo lo hacen?\u00bb.<\/p>\r\n\r\n    <div class=\"video-container-wrapper\">\r\n        <div class=\"youtube-player\" data-id=\"m1b58yelh_c\" itemprop=\"video\" itemscope itemtype=\"http:\/\/schema.org\/VideoObject\">\r\n            <meta itemprop=\"name\" content=\"Movements of Container Ship ACX CRYSTAL involved in a Collision with USS Fitzgerald\" \/>\r\n            <meta itemprop=\"description\" content=\"Movements of Philippine-flagged Container ship ACX CRYSTAL, which collided with US Destroyer USS Fitzgerald south of Tokyo Bay in Japan in a rare incident on busy waterway. USS Fitzgerald (DDG 62) was involved in a collision with the container ship ACX Crystal, while operating about 56 nautical miles southwest of Yokosuka, Japan. The US Navy has identified seven sailors who were killed when their destroyer collided with the container ship. The coastguard said none of the 20 crew members on board the container ship ACX Crystal were injured. Full story of the collision: https:\/\/www.vesselfinder.com\/news\/9510-USS-Fitzgerald-in-collision-with-containership-ACX-CRYSTAL-off-Yokosuka-Japan-Seven-US-sailors-missing-Video ACX CRYSTAL ship details: https:\/\/www.vesselfinder.com\/vessels\/ACX-CRYSTAL-IMO-9360611-MMSI-548789000 Current position of ACX CRYSTAL: https:\/\/www.vesselfinder.com\/?imo=9360611 Place of the collision: https:\/\/www.vesselfinder.com\/?lat=34.52366&#038;lon=139.06950&#038;zoom=9 Video copyrighted by: https:\/\/www.vesselfinder.com\/ and can not be distributed without an appropriate accreditation to www.vesselfinder.com For AIS position data inquiries: https:\/\/www.vesselfinder.com\/historical-ais-data Connect with VesselFinder Web: https:\/\/www.vesselfinder.com\/ Email: info@vesselfinder.com Facebook: https:\/\/www.facebook.com\/VesselFinder Twitter: https:\/\/twitter.com\/VesselFinder\" \/>\r\n            <meta itemprop=\"thumbnailUrl\" content=\"https:\/\/i.ytimg.com\/vi_webp\/m1b58yelh_c\/hq1.webp\" \/>\r\n            <meta itemprop=\"uploadDate\" content=\"2017-06-19T13:30:40Z\" \/>\r\n            <meta itemprop=\"duration\" content=\"PT4M30S\" \/>\r\n            <meta itemprop=\"embedUrl\" content=\"https:\/\/www.youtube.com\/embed\/m1b58yelh_c\" \/>\r\n        <\/div>\r\n    <\/div>\r\n\r\n    <h3>As\u00ed que, \u00bfc\u00f3mo lo hac\u00e9is?<\/h3>\r\n    <p style=\"text-align: justify;\">Tal vez sorprendentemente, la respuesta a esta pregunta no implica tener a millones de personas nadando por ah\u00ed tras los barcos y anotando ubicaciones en un iPad resistente al agua. Eso ser\u00eda genial, pero requerir\u00eda de un mont\u00f3n de gente. Al final se trata todo de una tecnolog\u00eda realmente guay. Para sus amigos, Vesselfinder.com est\u00e1 basado en el <strong>Sistema de Identificaci\u00f3n Autom\u00e1tica, o AIS<\/strong>. \u00a1S\u00ed, t\u00fa cuentas como amigo\/a! Una enorme red de receptores por todo el globo transmite se\u00f1ales constantemente que el servicio de VesselFinder descodifica y convierte en las cosas que ves en la p\u00e1gina.<\/p>\r\n\r\n    \r\n\r\n    <h2>\u00bfPara qu\u00e9 utiliza la gente VesselFinder?<\/h2>\r\n    <p style=\"text-align: justify;\">Bien, esa es una pregunta larga como un d\u00eda sin pan. Verdaderamente larga. Pero la respuesta corta es \u00abpara casi todo\u00bb. Con el paso del tiempo, el equipo de VessselFinder ha a\u00f1adido cada vez m\u00e1s servicios y opciones, de modo que ahora es el lugar de referencia para cualquiera que necesite informaci\u00f3n r\u00e1pida y fiable. Ya sea utilizando la p\u00e1gina web, las redes sociales o una aplicaci\u00f3n, el impulso de ofrecer lo mejor es el mismo.<\/p>\r\n    <img decoding=\"async\" loading=\"lazy\" class=\"\" style=\"display: block; margin: 20px auto;\" src=\"https:\/\/shiptracker.live\/wp-content\/uploads\/2023\/12\/sea-dream-yacht-club.webp\" alt=\"Sea Dream Yacht Club on the ocean and surrounded by jet skies\" max-width=\"640\" \/>\r\n\r\n    <h3>\u00bfQu\u00e9 servicios se ofrecen?<\/h3>\r\n    <p style=\"text-align: justify;\">Vesselfinder.com <strong>le sigue la pista a m\u00e1s de 100.000 embarcaciones<\/strong>. Pueden hallarse en cualquier lugar del mundo, desde el oc\u00e9ano \u00cdndico hasta los Grandes Lagos canadienses. Estas <strong>posiciones se actualizan regularmente<\/strong> todos los d\u00edas. Puedes consultar en qu\u00e9 puertos ha hecho escala un barco y los detalles de su viaje. Puedes ver d\u00f3nde ha estado un barco y hacia d\u00f3nde se dirige con informaci\u00f3n precisa y certera sobre el rumbo y la velocidad.<\/p>\r\n\r\n    \r\n\r\n    <h3>\u00bfPuede VesselFinder ofrecer tanto realmente?<\/h3>\r\n    <p style=\"text-align: justify;\">S\u00ed, \u00a1pero eso no es ni la mitad! La funci\u00f3n My Fleet en VesselFinder Premium permite a los usuarios acceder a <strong>datos personalizados sobre embarcaciones seleccionadas en un pesta\u00f1eo<\/strong>. Hay <strong>fotos claras a color de cientos de miles de barcos<\/strong>, as\u00ed como pr\u00e1cticas im\u00e1genes que muestran la <strong>infraestructura del puerto<\/strong>. El tiempo es dinero en el negocio mar\u00edtimo, as\u00ed que la habilidad de analizar la densidad de tr\u00e1fico es crucial: VesselFinder tambi\u00e9n ofrece eso. Por no hablar de un detallado servicio de noticias mar\u00edtimas.<\/p>\r\n\r\n\r\n    <h2>\u00bfC\u00f3mo utiliza la gente VesselFinder?<\/h2>\r\n    <p style=\"text-align: justify;\">\u00a1Como quiera! La filosof\u00eda de VesselFinder es <strong>no decir a los usuarios lo que deben hacer con los datos<\/strong>, sino darles todas las herramientas que necesiten para que elijan c\u00f3mo usarlos. Algunas personas tal vez necesiten no quitar ojo a un peque\u00f1o n\u00famero de embarcaciones, mientras que otras tal vez requieran una perspectiva m\u00e1s amplia. En muchos casos, los usuarios querr\u00e1n acceder al servicio sobre la marcha, por lo que VesselFinder ofrece aplicaciones claras y r\u00e1pidas tanto para iOS como para Android.<\/p>\r\n\r\n    <h3>Opciones de b\u00fasqueda flexibles<\/h3>\r\n    <p style=\"text-align: justify;\">Del mismo modo, a veces, encontrar un barco es m\u00e1s sencillo si lo buscas por su nombre, pero a veces, no. Tal vez solo tengas su <strong><a href=\"https:\/\/de.wikipedia.org\/wiki\/Maritime_Mobile_Service_Identity\" target=\"_blank\" rel=\"noopener\">Identificaci\u00f3n del Servicio M\u00f3vil Mar\u00edtimo (MMSI)<\/a> o n\u00famero ISO<\/strong>. \u00bfLo adivinas? Puedes hacerlo con VesselFinder. Tambi\u00e9n puedes consultar los detalles de una embarcaci\u00f3n para asegurarte de que tienes la correcta. Bandera, tonelaje, a\u00f1o de construcci\u00f3n, calado, hacia d\u00f3nde se dirige, a qu\u00e9 velocidad va, n\u00famero de tripulantes llamados Juan&#8230; bueno, lo \u00faltimo tal vez no. Pero oye, si hay suficiente demanda, \u00a1tal vez nos pongamos manos a la obra con ello!<\/p>\r\n\r\n    <h3>Seguimiento y alertas en tiempo real<\/h3>\r\n    <p style=\"text-align: justify;\">Mantente al d\u00eda y seguro\/a con la funci\u00f3n de seguimiento en tiempo real de VesselFinder. Ya sea por inter\u00e9s personal, negocio mar\u00edtimo o por motivos de seguridad, los usuarios pueden rastrear embarcaciones en tiempo real y ver su ubicaci\u00f3n exacta en el mapa. La funci\u00f3n es \u00fatil para empresas de log\u00edstica que supervisen mercanc\u00edas, familias que sigan la pista al viaje de un marinero o entusiastas tras barcos ic\u00f3nicos. Adem\u00e1s, <strong>configura alertas para recibir notificaciones sobre movimientos espec\u00edficos de embarcaciones<\/strong> y asegurarte de que nunca te pierdes una actualizaci\u00f3n importante.<\/p>\r\n\r\n    \r\n\r\n    <h3>Datos hist\u00f3ricos y an\u00e1lisis de viaje<\/h3>\r\n    <p style=\"text-align: justify;\">Sum\u00e9rgete en el pasado con los datos hist\u00f3ricos exhaustivos de VesselFinder. Esta funci\u00f3n es una mina de oro para investigadores, historiadores mar\u00edtimos o cualquiera con curiosidad sobre los viajes pasados de una embarcaci\u00f3n. <strong>Analiza rutas, velocidades, escalas en puertos y varios lapsos de tiempo<\/strong>. Los negocios pueden utilizar estos datos para an\u00e1lisis de mercado o mejorar la eficiencia operativa.<\/p>\r\n\r\n    <h3>Informaci\u00f3n sobre puertos<\/h3>\r\n    <p style=\"text-align: justify;\">Obt\u00e9n informaci\u00f3n sobre la actividad portuaria global con la informaci\u00f3n sobre puertos detallada de VesselFinder. Esta herramienta indispensable es esencial para gestores de log\u00edstica, empresas navieras y entusiastas mar\u00edtimos. <strong>Los usuarios pueden acceder a informaci\u00f3n actualizada sobre llegadas y salidas de puertos, tiempos de llegada estimados y estados actuales de puertos<\/strong>. Esta funci\u00f3n tambi\u00e9n proporciona datos hist\u00f3ricos y ofrece informaci\u00f3n sobre tendencias de tr\u00e1fico portuario y variaciones estacionales. Ya sea para planificar una expedici\u00f3n, analizar las tendencias de mercado o simplemente por curiosidad sobre las operaciones portuarias, la secci\u00f3n de informaci\u00f3n portuaria de VesselFinder es un recurso completo para entender las din\u00e1micas del comercio y la log\u00edstica mar\u00edtimos.<\/p>\r\n\r\n    <h2>\u00bfA qui\u00e9n le parecer\u00eda interesante VesselFinder?<\/h2>\r\n    <p style=\"text-align: justify;\">La respuesta breve a eso es: <strong>\u00a1a todos<\/strong>! Muchos usuarios suelen preguntarnos: \u00ab\u00bfVesselFinder es gratis?\u00bb. Y la respuesta es s\u00ed, puesto que la p\u00e1gina ofrece numerosas funciones esenciales sin coste alguno, garantizando el acceso libre a sus valiosos servicios de seguimiento mar\u00edtimo. Hay tanto en VesselFinder que con total certeza encontrar\u00e1s lo que sea que necesites de tu servicio de seguimiento e informaci\u00f3n sobre embarcaciones. Por ejemplo:<\/p>\r\n    <img decoding=\"async\" loading=\"lazy\" class=\"\" style=\"display: block; margin: 20px auto;\" src=\"https:\/\/shiptracker.live\/wp-content\/uploads\/2023\/12\/cruise-ship-seven-seas-mariner.webp\" alt=\"Cruise Ship Seven Seas Mariner in a harbour with some fishing boats in the foreground\" max-width=\"640\" \/>\r\n\r\n    <h3>Avistadores de embarcaciones<\/h3>\r\n    <p style=\"text-align: justify;\">Vesselfinder.com es un <strong>recurso tremendo para personas amantes de los barcos y el mar<\/strong>. No importa si sigues buques portacontenedores gigantes por todo el globo, si rastreas la ruta de superpetroleros mientras sus env\u00edos de petr\u00f3leo mantienen las industrias del mundo en marcha o si simplemente descubres embarcaciones que no sab\u00edas que exist\u00edan, puedes hacerlo con VesselFinder, y todo en un abrir y cerrar de ojos.<\/p>\r\n\r\n    \r\n\r\n    <h3>Viajeros<\/h3>\r\n    <p style=\"text-align: justify;\">Si te encanta viajar por el mundo, VesselFinder tambi\u00e9n es para ti. \u00bfEst\u00e1s pensando en partir en un soleado crucero? Mira por d\u00f3nde te llevar\u00e1 tu viaje y emoci\u00f3nate con los nombres de los puertos ex\u00f3ticos en los que har\u00e1s escala. \u00bfTe preguntas si navegar\u00e1s por el canal de la Mancha o la v\u00eda mar\u00edtima de San Lorenzo? Pregunta a Vessel Finder y te lo dir\u00e1.<\/p>\r\n\r\n    <h3>Propietarios de embarcaciones<\/h3>\r\n    <p style=\"text-align: justify;\">VesselFinder es la forma m\u00e1s sencilla de <strong>seguir la pista a tus barcos<\/strong>, y no solo a los tuyos. Averigua de inmediato si tus competidores han estado usando rutas m\u00e1s eficientes o haciendo escalas en puertos nuevos para agilizar sus itinerarios. Compara el tama\u00f1o, el tonelaje y la antig\u00fcedad de tus barcos con los de otros en tu sector de mercado. Utiliza la biblioteca de fotos para ver cu\u00e1nto se parece o difiere tu flota de la de las empresas contra las que compites.<\/p>\r\n\r\n    <h3>Gerentes de empresas<\/h3>\r\n    <p style=\"text-align: justify;\">No necesitas trabajar en la industria mar\u00edtima para que VesselFinder trabaje para ti. Hay tantas mercanc\u00edas que viajan por mar que cualquiera que <strong>comercie internacionalmente<\/strong> se beneficiar\u00e1 de seguirles la pista. Podr\u00e1s valorar cu\u00e1nto tardar\u00e1n los env\u00edos, si tus competidores los est\u00e1n recibiendo antes y si deber\u00edas plantearte cambiar los puertos de env\u00edo y destino.<\/p>\r\n\r\n\r\n    <h2>\u00bfEn qu\u00e9 otros lugares se utiliza una tecnolog\u00eda comparable?<\/h2>\r\n    <p style=\"text-align: justify;\">Vesselfinder.com es un servicio realmente impresionante. Es algo que tambi\u00e9n est\u00e1 observando m\u00e1s y m\u00e1s gente en otros sectores por todo el mundo. Por ello, no sorprende que haya tanto inter\u00e9s en utilizar tecnolog\u00eda similar en otras \u00e1reas. Por ejemplo:<\/p>\r\n\r\n    <h3>Flightradar24<\/h3>\r\n    <p style=\"text-align: justify;\">Esta <strong>excelente p\u00e1gina de seguimiento de vuelos<\/strong> es m\u00e1s o menos el equivalente aeron\u00e1utico de VesselFinder. Funciona desde 2006 y, desde entonces, ha pasado de ser una afici\u00f3n divertida a una de las p\u00e1ginas de seguimiento m\u00e1s usadas del mundo. La tecnolog\u00eda <strong>ADS-B (Vigilancia Dependiente Autom\u00e1tica &#8211; Difusi\u00f3n)<\/strong> que utiliza la p\u00e1gina hace un trabajo muy parecido a lo que AIS hace para VesselFinder, lo que significa que tambi\u00e9n puede ofrecer una enorme precisi\u00f3n y fiabilidad. <a href=\"https:\/\/flightradar.live\/es\/\" target=\"_blank\" rel=\"noopener\">Flightradar24<\/a> es tan bueno que actores principales en la industria aeron\u00e1utica lo utilizan.<\/p>\r\n\r\n    <h3>Rail radar<\/h3>\r\n    <p style=\"text-align: justify;\">La tecnolog\u00eda de seguimiento tambi\u00e9n puede ayudar en tierra firme, y <a href=\"https:\/\/zugradar.info\/\" target=\"_blank\" rel=\"noopener\">Rail radar<\/a> la aplica a la red ferroviaria brit\u00e1nica. Este servicio ofrece una <strong>excelente visi\u00f3n general de los trenes<\/strong> por todo el pa\u00eds. Hay un mapa claro que te permite ver de un vistazo no solo d\u00f3nde est\u00e1n los trenes, sino tambi\u00e9n qui\u00e9n los opera. Una simple interfaz de clic te da acceso inmediato a informaci\u00f3n corriente, incluyendo horarios al segundo para paradas en estaciones, as\u00ed como cualquier atraso.<\/p>\r\n<\/div>\r\n\r\n","protected":false},"excerpt":{"rendered":"<p>S T A R T S T A R T \u00bfCu\u00e1l es la historia tras VesselFinder? \u00bfCu\u00e1l era el problema?<\/p>\n","protected":false},"author":1,"featured_media":0,"parent":0,"menu_order":2,"comment_status":"closed","ping_status":"closed","template":"","meta":{"colormag_page_container_layout":"default_layout","colormag_page_sidebar_layout":"default_layout","footnotes":""},"class_list":["post-23133","page","type-page","status-publish","hentry"],"_links":{"self":[{"href":"https:\/\/shiptracker.live\/es\/wp-json\/wp\/v2\/pages\/23133","targetHints":{"allow":["GET"]}}],"collection":[{"href":"https:\/\/shiptracker.live\/es\/wp-json\/wp\/v2\/pages"}],"about":[{"href":"https:\/\/shiptracker.live\/es\/wp-json\/wp\/v2\/types\/page"}],"author":[{"embeddable":true,"href":"https:\/\/shiptracker.live\/es\/wp-json\/wp\/v2\/users\/1"}],"replies":[{"embeddable":true,"href":"https:\/\/shiptracker.live\/es\/wp-json\/wp\/v2\/comments?post=23133"}],"version-history":[{"count":0,"href":"https:\/\/shiptracker.live\/es\/wp-json\/wp\/v2\/pages\/23133\/revisions"}],"wp:attachment":[{"href":"https:\/\/shiptracker.live\/es\/wp-json\/wp\/v2\/media?parent=23133"}],"curies":[{"name":"wp","href":"https:\/\/api.w.org\/{rel}","templated":true}]}}