{"id":5334,"date":"2018-02-03T00:53:46","date_gmt":"2018-02-03T00:53:46","guid":{"rendered":"https:\/\/shiptracker.live\/marinetraffic\/"},"modified":"2024-01-09T23:43:14","modified_gmt":"2024-01-09T22:43:14","slug":"marinetraffic","status":"publish","type":"page","link":"https:\/\/shiptracker.live\/de\/","title":{"rendered":"MarineTraffic"},"content":{"rendered":"\r\n<link rel=\"preconnect\" href=\"https:\/\/ads.themoneytizer.com\">\r\n<script src=\"\/js\/youtubelazyload.js\"><\/script>\r\n<style>\r\n    @media only screen and (min-width: 769px) {\r\n        .shiptracker-mapsize {\r\n            margin-left: calc(50% - 50vw) !important;\r\n            margin-right: calc(50% - 50vw) !important;\r\n            max-width: unset !important;\r\n        }\r\n    }\r\n\r\n    .shiptracker.container {\r\n        position: relative;\r\n        width: 100%;\r\n    }\r\n\r\n    .shiptracker.container .shiptracker.btn {\r\n        position: absolute;\r\n        top: 50%;\r\n        left: 50%;\r\n        transform: translate(-50%, -50%);\r\n        -ms-transform: translate(-50%, -50%);\r\n        background-color: #e6d250;\r\n        color: #000;\r\n        font-weight: 700;\r\n        font-size: 18px;\r\n        padding: 24px 48px;\r\n        border: none;\r\n        cursor: pointer;\r\n        border-radius: 5px\r\n    }\r\n\r\n    .shiptracker.container .shiptracker.btn:hover {\r\n        background-color: #b5a21a\r\n    }\r\n\r\n    .shiptracker.draw-white {\r\n        background-image: linear-gradient(rgb(255, 255, 255, 0.01),\r\n                rgb(255, 255, 255, 0.4),\r\n                rgb(255, 255, 255, 0.6),\r\n                rgb(255, 255, 255, 0.4),\r\n                rgb(255, 255, 255, 0.01));\r\n        height: 120px;\r\n        width: 100%;\r\n        position: absolute;\r\n    }\r\n\r\n    .shiptracker-backgroundimage {\r\n        overflow: hidden !important;\r\n        height: 350px !important;\r\n        width: 100%;\r\n        background-image: url(\/wp-content\/uploads\/2023\/08\/shiptracker-placeholder_org.webp);\r\n        background-position: center center;\r\n        background-repeat: no-repeat;\r\n        display: flex;\r\n        justify-content: center;\r\n        align-items: center;\r\n        background-size: cover;\r\n        border-radius: 1rem;\r\n        box-shadow: rgba(0, 0, 0, 0.24) 0px 4px 8px;\r\n    }\r\n\r\n    .shiptracker-backgroundimage::before {\r\n        content: \"\";\r\n        position: absolute;\r\n        top: 0;\r\n        left: 0;\r\n        width: 100%;\r\n        height: 100%;\r\n        border-radius: 1rem;\r\n        background-color: rgba(0, 0, 0, 0.3);\r\n        \/* Half-transparent black layer *\/\r\n    }\r\n    \r\n    .youtube-player {\r\n        position: relative;\r\n        padding-bottom: 56.25%;\r\n        height: 0;\r\n        overflow: hidden;\r\n        max-width: 100%;\r\n        background: #000;\r\n        margin: 0px;\r\n        border-radius: 25px;\r\n    }\r\n\r\n    .youtube-player iframe {\r\n        position: absolute;\r\n        top: 0;\r\n        left: 0;\r\n        width: 100%;\r\n        height: 100%;\r\n        z-index: 100;\r\n        background: transparent;\r\n    }\r\n\r\n    .youtube-player img {\r\n        object-fit: cover;\r\n        display: block;\r\n        left: 0;\r\n        bottom: 0;\r\n        margin: auto;\r\n        max-width: 100%;\r\n        width: 100%;\r\n        position: absolute;\r\n        right: 0;\r\n        top: 0;\r\n        border: none;\r\n        height: auto;\r\n        cursor: pointer;\r\n        -webkit-transition: 0.4s all;\r\n        -moz-transition: 0.4s all;\r\n        transition: 0.4s all;\r\n    }\r\n\r\n    .youtube-player img:hover {\r\n        -webkit-filter: brightness(75%);\r\n        -moz-filter: brightness(75%);\r\n        filter: brightness(75%);\r\n    }\r\n\r\n    .youtube-player .play {\r\n        height: 72px;\r\n        width: 72px;\r\n        left: 50%;\r\n        top: 50%;\r\n        margin-left: -36px;\r\n        margin-top: -36px;\r\n        position: absolute;\r\n        background: url(\"https:\/\/upload.wikimedia.org\/wikipedia\/commons\/b\/b8\/YouTube_play_button_icon_(2013%E2%80%932017).svg\") no-repeat;\r\n        cursor: pointer;\r\n    }\r\n\r\n    .video-container-wrapper {\r\n        display: block;\r\n        margin: 25px auto;\r\n        box-shadow: 0 4px 8px 0 rgb(0 0 0 \/ 20%), 0 6px 20px 0 rgb(0 0 0 \/ 19%);\r\n        border-radius: 25px;\r\n        max-width: 640px;\r\n    }\r\n<\/style>\r\n\r\n<div id=\"shiptracker-wrapper\">\r\n    <div class=\"shiptracker container\" id=\"framesize-shiptracker\" style=\"height:350px;\">\r\n        <div id=\"showhere-shiptracker\"><\/div>\r\n        <div class=\"shiptracker-backgroundimage\" id=\"framesize\">\r\n            <div class=\"shiptracker draw-white\"><\/div>\r\n            <div class=\"shiptracker btn\" id=\"showradar-shiptracker\" rel=\"nofollow\">S T A R T<\/div>\r\n        <\/div>\r\n    <\/div>\r\n<\/div>\r\n\r\n<div class='code-block code-block-5' style='margin: 8px auto; text-align: center; display: block; clear: both;'>\n<div class=\"themoneytizer\" style=\"min-height: 150px;display:block;\">\n<div id=\"99140-1\">\n<script async src=\"https:\/\/ads.themoneytizer.com\/s\/gen.js?type=1\"><\/script>\n<script async src=\"https:\/\/ads.themoneytizer.com\/s\/requestform.js?siteId=99140&formatId=1\"><\/script>\n<\/div>\n<\/div><\/div>\n\r\n\r\n\r\n<div>\r\n    <h1>Immer live dabei &#8211; Schiffsverfolgung mit MarineTraffic<\/h1>\r\n    <p style=\"text-align: justify;\"><strong>MarineTraffic<\/strong> ist ein Schiffsverfolgungs- und maritimer Informations-Service, der 2007 von Dimitris Lekkas gegr\u00fcndet wurde. Mit <strong>\u00fcber sechs Millionen eindeutigen Usern pro Monat<\/strong> und mehr als eine Million registrierten Benutzern verf\u00fcgt der Service \u00fcber die umfassendste weltweit anerkannte maritime Datenbank. Urspr\u00fcnglich gegr\u00fcndet wurde der Service von Lekkas aufgrund seiner Affinit\u00e4t zu Computern und Schiffsbeobachtungen und sp\u00e4ter auch durch sein Interesse am praktischen Einsatz der AIS-Technologie zur Schiffsverfolgung. Damals war ihm noch nicht klar, dass er damit eine der <strong>weltweit gr\u00f6\u00dften Datenbanken f\u00fcr den Schiffsverkehr<\/strong> aufbauen w\u00fcrde. Der MarineTraffic-Service wird <strong>kostenlos zur Verf\u00fcgung gestellt<\/strong>, eine kostenpflichtige Version mit erweiterten Funktionen wird aber ebenfalls angeboten. MarineTraffic setzt die AIS-Technologie zur Schiffsverfolgung ein und ortet 800 Millionen Schiffe pro Monat, wobei die Datenbank auch Informationen \u00fcber die Schiffe, wie Baujahr und -ort, umfasst.<\/p>\r\n\r\n    <div class=\"video-container-wrapper\">\r\n        <div class=\"youtube-player\" data-id=\"7aGlcFENOrs\" itemprop=\"video\" itemscope itemtype=\"http:\/\/schema.org\/VideoObject\">\r\n            <meta itemprop=\"name\" content=\"MarineTraffic\" \/>\r\n            <meta itemprop=\"description\" content=\"MarineTraffic is the world\u2019s leading provider of ship tracking and maritime intelligence.\" \/>\r\n            <meta itemprop=\"thumbnailUrl\" content=\"https:\/\/i.ytimg.com\/vi_webp\/7aGlcFENOrs\/hqdefault.webp\" \/>\r\n            <meta itemprop=\"uploadDate\" content=\"2013-10-15T18:43:52Z\" \/>\r\n            <meta itemprop=\"duration\" content=\"PT1M54S\" \/>\r\n            <meta itemprop=\"embedUrl\" content=\"https:\/\/www.youtube.com\/embed\/7aGlcFENOrs\" \/>\r\n        <\/div>\r\n    <\/div>\r\n\r\n    <h2>Wie funktioniert MarineTraffic?<\/h2>\r\n    <p style=\"text-align: justify;\">Der MarineTraffic-Service setzt die <strong>AIS-Ortungstechnologie<\/strong> ein, welche die Daten, den Kurs, die Geschwindigkeit und die aktuelle Position eines Schiffes zur Verf\u00fcgung stellt. So k\u00f6nnen Positionen mithilfe von <strong>Google Maps<\/strong> angezeigt werden, was Benutzern erm\u00f6glicht, Schiffe und andere Wasserfahrzeuge in Echtzeit zu verfolgen.<\/p>\r\n    <p style=\"text-align: justify;\">Zus\u00e4tzliche Informationen zur <strong>Schiffsposition<\/strong> werden von der Schiffsbesatzung <strong>selbst \u00fcbermittelt<\/strong>. Diese Informationen dienen dazu, genauere und aktuellere Angaben \u00fcber die Schiffsposition in Echtzeit machen zu k\u00f6nnen.<\/p>\r\n    <p style=\"text-align: justify;\">Neben der Verfolgung von Schiffen stellt <a href=\"https:\/\/shiptracker.live\/de\/\" target=\"_blank\" rel=\"noopener\">MarineTraffic<\/a> auch Hintergrundinformationen zur den Schiffen bereit, wie Bauort, -jahr, IMO (Internationale Seeschifffahrts-Organisation)-Nummer, Gewicht und auch Fotos. Ein Gro\u00dfteil dieser Informationen wird freiwillig von den Community-Mitgliedern zur Verf\u00fcgung gestellt.<\/p>\r\n\r\n    <div class='code-block code-block-14' style='margin: 8px auto; text-align: center; display: block; clear: both;'>\n    <!-- Begin themoneytizer BOTTOM MEDIUM RECTANGLE code -->\n    <div class=\"themoneytizer\" style=\"min-height: 250px; margin: 20px auto;\">\n        <div id=\"99140-19\">\n            <script src=\"\/\/ads.themoneytizer.com\/s\/gen.js?type=19\"><\/script>\n            <script src=\"\/\/ads.themoneytizer.com\/s\/requestform.js?siteId=99140&formatId=19\"><\/script>\n        <\/div>\n    <\/div>\n    <!-- End themoneytizer BOTTOM MEDIUM RECTANGLE code --><\/div>\n\r\n\r\n    <h3>Was ist die AIS-Technologie?<\/h3>\r\n    <p style=\"text-align: justify;\">AIS steht f\u00fcr &#8222;<strong>Automatic Identification System (Automatisches Identifikationssystem)<\/strong>&#8220; und bezeichnet ein Ortungssystem f\u00fcr Schiffe und Wasserfahrzeuge. Seit 2004 m\u00fcssen alle Passagierschiffe und internationale Berufsschiffe von 300 BRZ oder mehr mit einem AIS-Transponder ausgestattet sein, welcher in der Lage ist, AIS-Daten zu senden und zu empfangen.<\/p>\r\n    <div itemscope itemtype=\"https:\/\/schema.org\/ImageObject\">\r\n        <img decoding=\"async\" loading=\"lazy\" class=\"\" style=\"display: block; margin: 20px auto;\" src=\"\/wp-content\/uploads\/2020\/06\/body-of-water-3122008_430.jpg.webp\" alt=\"Voge Master vessel in full drive on the ocean - MMSI no. 256089000\" width=\"430\" height=\"290\" itemprop=\"contentUrl\" \/>\r\n        <meta itemprop=\"name\" content=\"Voge Master vessel\" \/>\r\n        <meta itemprop=\"description\" content=\"Voge Master vessel in full drive on the ocean - MMSI no. 256089000\" \/>\r\n    <\/div>\r\n    <p style=\"text-align: justify;\">Der <strong>AIS-Transponder \u00fcbermittelt GPS-Daten<\/strong> sowie viele zus\u00e4tzliche Informationen, die dann von den AIS-Empfangsstationen empfangen werden. Der MarineTraffic-Service nutzt <strong>mehr als 3.000 dieser Stationen<\/strong>, die sich \u00fcberall auf der Welt befinden und mit deren Hilfe die Positionen geortet, Wasserfahrzeuge identifiziert, Kursverl\u00e4ufe und sogar die Geschwindigkeit ermittelt werden k\u00f6nnen.<\/p>\r\n    <p style=\"text-align: justify;\">In vieler Hinsicht ist die AIS-Technologie von MarineTraffic mit der <strong>Flugradar-Technologie vergleichbar<\/strong>, die von Diensten wie <a href=\"https:\/\/flightradar.live\/flightradar24\/\" target=\"_blank\" rel=\"noopener\">Flightradar24<\/a> eingesetzt wird, um Flugzeuge zu orten. In diesem speziellen Fall wird die AIS-Technologie durch die ADS-B-Technologie ersetzt, die \u00e4hnlich funktioniert und ebenfalls von Freiwilligen unterst\u00fctzt wird, wobei hier Informationen von ADS-B-Empf\u00e4ngern oder -Empfangsstationen anstelle von AIS-Empf\u00e4ngern \u00fcbermittelt werden.<\/p>\r\n\r\n    \r\n\r\n    <h3>Weitere Informationen auf der Website<\/h3>\r\n    <p style=\"text-align: justify;\">W\u00e4hrend die Website haupts\u00e4chlich Informationen zu AIS-Signalen f\u00fcr Ortungszwecke anzeigt, werden dar\u00fcber hinaus auch zus\u00e4tzliche Hintergrundinformationen zu den Wasserfahrzeugen, Fotos von Schiffen und eine Vielzahl weiterer Informationen von Freiwilligen, die den Kern der MarineTraffic-Community bilden, durch moderierte Inhalte erg\u00e4nzt.<\/p>\r\n    <p style=\"text-align: justify;\">Neben der automatischen Ortung der Position durch den Einsatz der AIS-Technologie werden auch Schiffspositionen von Besatzungsmitgliedern an MarineTraffic \u00fcbermittelt. Dies hilft dabei, Ortungen noch genauer durchf\u00fchren zu k\u00f6nnen, und die Informationen werden als historische Daten in der Datenbank archiviert. Dies dient sp\u00e4ter als Grundlage f\u00fcr statistische Analysen, Notfalleins\u00e4tze, Untersuchungen von Unf\u00e4llen und f\u00fcr die Ermittlung von Auswirkungen des Wetters auf die Geschwindigkeit.<\/p>\r\n\r\n\r\n    <h2>Wer benutzt MarineTraffic?<\/h2>\r\n    <p style=\"text-align: justify;\">Man k\u00f6nnte der Meinung sein, dass sich ein Online-Service f\u00fcr Schiffsverfolgung ausschlie\u00dflich an leidenschaftliche <strong>Schiffsbeobachter<\/strong> richtet, und es erstaunt nicht, dass auch Gr\u00fcnder Dimitri Lekkas einer von ihnen ist. Doch die Realit\u00e4t zeigt, dass der Service einen viel gr\u00f6\u00dferen Benutzerkreis erreicht.<\/p>\r\n    <div itemscope itemtype=\"https:\/\/schema.org\/ImageObject\">\r\n        <img decoding=\"async\" loading=\"lazy\" class=\"\" style=\"display: block; margin: 20px auto;\" src=\"\/wp-content\/uploads\/2023\/12\/ship_tracking_map.webp\" alt=\"Real-time Ship Tracking Map\" width=\"640\" height=\"366\" itemprop=\"contentUrl\" \/>\r\n        <meta itemprop=\"name\" content=\"Real-time Ship Tracking Map\" \/>\r\n        <meta itemprop=\"description\" content=\"Real-time Ship Tracking Map\" \/>\r\n    <\/div>\r\n    <p style=\"text-align: justify;\">Tats\u00e4chlich hat sich MarineTraffic seit seiner Einf\u00fchrung vor ein paar Jahren zu einem <strong>wichtigen Tool sowohl f\u00fcr die Wirtschaft als auch f\u00fcr Forschungszwecke<\/strong> entwickelt, denn die Plattform wird von Regierungen genauso wie von Handelsorganisationen und Notfalldiensten genutzt. Selbstverst\u00e4ndlich ist es nach wie vor auch ein <strong>wertvolles Instrument f\u00fcr Berufst\u00e4tige in der Schifffahrt und Menschen mit einschl\u00e4gigen Hobbys.<\/strong><\/p>\r\n\r\n    \r\n\r\n    <h3>Hauptbenutzergruppen<\/h3>\r\n    <p style=\"text-align: justify;\">Zu den wichtigsten Benutzergruppen geh\u00f6ren Berufst\u00e4tige aus der Schifffahrt sowie Menschen mit Hobbys wie z.B. Schiffsbeobachtung. Viele der Benutzergruppen abonnieren die kostenpflichtige Version des Service und unterst\u00fctzen in ihrer Freizeit auf freiwilliger Basis die Community durch Hochladen von Fotos und moderierten Inhalten auf der Website.<\/p>\r\n\r\n    <h3>Wirtschaft und Handel<\/h3>\r\n    <p style=\"text-align: justify;\">Ein weiterer wichtiger Einsatzbereich f\u00fcr den MarineTraffic-Service sind Wirtschaft und Handel. Haupteinsatz ist hier die <strong>Ermittlung der Position des Frachtguts<\/strong>, das nach \u00dcbersee verschifft wird. Au\u00dferdem gibt es auf der Website ein eigenes Business-Verzeichnis, das K\u00e4ufern und Lieferanten dabei hilft, miteinander in Kontakt zu treten.<\/p>\r\n\r\n    <h3>Forschung<\/h3>\r\n    <p style=\"text-align: justify;\">MarineTraffic erfreut sich gro\u00dfer Beliebtheit bei Meeresforschern und bei Interessenten an der AIS-Technologie. So hat der Service das MarineTraffic Research Network ins Leben gerufen zur Unterst\u00fctzung von <strong>wissenschaftlichen Einrichtungen, Forschungsstiftungen und einzelnen Meeresforschern<\/strong>. Interessenten k\u00f6nnen sich sogar mit speziellen wissenschaftlichen Accounts anmelden.<\/p>\r\n\r\n    <h3>Sicherheits- und Rettungsdienste<\/h3>\r\n    <p style=\"text-align: justify;\">Ein beachtenswerter Einsatzbereich von MarineTraffic stellt das Unterst\u00fctzungsprogramm f\u00fcr <strong>Rettungsdienste bei der Lageerfassung und Unfalluntersuchung<\/strong> dar. Dar\u00fcber hinaus wird die Plattform auch von einigen nationalen Regierungen f\u00fcr Sicherheitszwecke eingesetzt durch die M\u00f6glichkeit, Aktivit\u00e4ten an den landeseigenen K\u00fcsten und den daran angrenzenden Gebieten zu \u00fcberwachen.<\/p>\r\n\r\n    \r\n\r\n    <h3>Andere Benutzer<\/h3>\r\n    <p style=\"text-align: justify;\">Neben den erw\u00e4hnten Gruppen ist MarineTraffic auch zu einer wichtigen Informationsquelle f\u00fcr <strong>Journalisten und Medienorganisationen<\/strong>, die sie nutzen, um \u00fcber die Organisation Islamischer Staat (ISIS) und die Fl\u00fcchtlingskrise zu berichten. Au\u00dferdem gibt es Gelegenheitsbenutzer, die von MarineTraffic Gebrauch machen, um Freunde oder Familienmitglieder an Bord eines Schiffes oder Wasserfahrzeugs zu orten.<\/p>\r\n\r\n\r\n    <h2>Wie wird MarineTraffic angewendet?<\/h2>\r\n    <p style=\"text-align: justify;\">Das Ganze erscheint auf den ersten Blick kompliziert und sehr technisch, aber die gute Nachricht ist, dass MarineTraffic im Grunde genommen <strong>sehr einfach anzuwenden ist<\/strong>, und das gilt auch f\u00fcr Benutzer ohne jegliche AIS-Technologie-Vorkenntnisse. Zudem sind die Kernfeatures \u00fcber <strong>eine Auswahl verschiedener Plattformen<\/strong> zug\u00e4nglich. Die eigentliche Hauptwebsite befindet sich auf der Webplattform des Service und von hier aus k\u00f6nnen die Benutzer Wasserfahrzeuge suchen, identifizieren und verfolgen. Zus\u00e4tzlich gibt es aber auch noch zwei weitere Web-Apps. Die erste der beiden ist in die Service-Funktionen der Webplattform integriert.<\/p>\r\n\r\n    <h3>Webplattform<\/h3>\r\n    <p style=\"text-align: justify;\">Die Hauptwebplattform von MarineTraffic <strong>zeigt eine Echtzeitkarte<\/strong>, auf der die Positionen von Wasserfahrzeugen dargestellt werden. Die Nutzer k\u00f6nnen mit der Maus auf die Karte klicken und diese um den gesamten Erdball ziehen, Wasserfahrzeuge auf der Karte markieren, um mehr \u00fcber sie zu erfahren, oder anhand der &#8222;+&#8220;- und &#8222;-&#8222;-Symbole das Bild heran- oder wieder wegzuzoomen, w\u00e4hrend auf der linken Bildschirmseite noch eine Anzahl von weiterf\u00fchrenden Funktionen ausgew\u00e4hlt werden k\u00f6nnen.<\/p>\r\n    <div itemscope itemtype=\"https:\/\/schema.org\/ImageObject\">\r\n        <img decoding=\"async\" loading=\"lazy\" class=\"\" style=\"display: block; margin: 20px auto;\" src=\"\/wp-content\/uploads\/2023\/12\/marinetraffic_map_interface.webp\" alt=\"Interactive MarineTraffic Map: Live Vessel Tracking, Advanced Features &#038; User Options\" width=\"640\" height=\"366\" itemprop=\"contentUrl\" \/>\r\n        <meta itemprop=\"name\" content=\"Interactive MarineTraffic Map\" \/>\r\n        <meta itemprop=\"description\" content=\"Live Vessel Tracking, Advanced Features &#038; User Options\" \/>\r\n    <\/div>\r\n    <p style=\"text-align: justify;\">Ganz oben wird beim <strong>Lupen-Symbol<\/strong> die Suchfunktion ge\u00f6ffnet, mit der die Benutzer ein Wasserfahrzeug, einen Hafen oder einen spezifischen Punkt auf der Karte ausfindig machen k\u00f6nnen. Durch das <strong>Filter-Symbol<\/strong> k\u00f6nnen die Benutzer die auf der Karte abgebildeten Schiffe nach Schiffstyp, Kapazit\u00e4t, aktuellem Status und weiteren Einzelangaben filtern.<\/p>\r\n    <p style=\"text-align: justify;\">Und schlie\u00dflich gibt es noch das Symbol mit den drei Booten, die sogenannte &#8222;Meine Flotten&#8220;-Option. Durch Auswahl dieses Men\u00fcpunktes haben die Nutzer die M\u00f6glichkeit, sich eine eigene Flotte zusammenzustellen, zu der sie weitere Schiffe hinzuf\u00fcgen k\u00f6nnen, was die gleichzeitige Verfolgung mehrere Schiffe erleichtert.<\/p>\r\n    <p style=\"text-align: justify;\">Ein <strong>Basis-MarineTraffic-Account ist kostenlos<\/strong> und kann zeitlich unbegrenzt genutzt werden. MarineTraffic geh\u00f6rt zwar zu den <strong>Freemium-Anbietern<\/strong>, ein kostenpflichtiger Premium-Account bietet aber eine Reihe von Extrafunktionen. Darunter gibt es die M\u00f6glichkeit, sich gr\u00f6\u00dfere Flotten zusammenzustellen, eigene Flotten-Icons zu nutzen sowie auf Windvorhersagen zugreifen zu k\u00f6nnen und sich eine Routen-Historie \u00fcber 30 Tage anzeigen zu lassen.<\/p>\r\n\r\n    \r\n\r\n    <h3>Mobile Apps<\/h3>\r\n    <p style=\"text-align: justify;\">Abgesehen von der Hauptwebplattform bietet MarineTraffic noch <strong>zwei separate mobile Apps<\/strong> f\u00fcr Android- und iOs-Systeme. Die erste der beiden Apps, <strong>MarineTraffic Ship Positions<\/strong>, \u00e4hnelt in den Funktionen der Webplattform, ist jedoch mobilfreundlicher in der Anwendung als ein mobiler Browser auf der Website.<\/p>\r\n    <p style=\"text-align: justify;\">Alle Account-Inhaber mit kostenlosem Basic-Account, kostenpflichtigem Premium-Account oder mit einem speziellen Account f\u00fcr wissenschaftliche oder Forschungszwecke k\u00f6nnen die App nutzen. Die App selbst ist jedoch nicht gratis, sondern kostet eine geringe Geb\u00fchr, die beim Herunterladen anf\u00e4llt. Die verschiedenen Features auf der App k\u00f6nnen dann je nach Account-Typ genutzt werden.<\/p>\r\n    <p style=\"text-align: justify;\">Neben der wichtigsten mobilen App von MarineTraffic, bietet die Plattform noch eine weitere mobile App an, die sogenannte <strong>MarineTraffic Oncourse<\/strong>. Diese App richtet sich an diejenigen, die sich f\u00fcr Segel- und Yachtsport interessieren oder f\u00fcr gr\u00f6\u00dfere Wasserfahrzeuge verantwortlich sind, und bietet eine Anzahl von weiterf\u00fchrenden Features. So erm\u00f6glicht die App Bootsfahrern, ihre Position zu teilen und ganz einfach Fotos und andere Informationen \u00fcber ihr Wasserfahrzeug hochzuladen.<\/p>\r\n\r\n    <script type=\"application\/ld+json\">\r\n        {\r\n            \"@context\": \"http:\/\/schema.org\",\r\n            \"@type\": \"Product\",\r\n            \"aggregateRating\": {\r\n                \"@type\": \"AggregateRating\",\r\n            \"reviewCount\": \"6551\",\r\n            \"ratingValue\": \"4.86\"\r\n        },\r\n          \"image\": \"https:\/\/shiptracker.live\/wp-content\/uploads\/2018\/02\/cruise-1578528_1920.jpg\",\r\n          \"name\": \"MarineTraffic\",\r\n          \"brand\": \"Shiptracker.live\",\r\n          \"description\": \"MarineTraffic zur Verfolgung von Schiffen und Yachten mit Live-Tracking-Karten basierend auf globalen AIS-Netzwerkdaten - Schiffstypen und Routen - Schiffsstatus und mehr.\",\r\n          \"offers\": {\r\n              \"@type\": \"Offer\",\r\n              \"availability\": \"https:\/\/schema.org\/InStock\",\r\n              \"priceCurrency\": \"EUR\",\r\n              \"price\": \"0.00\"\r\n            }\r\n        }\r\n    <\/script>\r\n\r\n    <img loading=\"lazy\" decoding=\"async\" src=\"https:\/\/vg08.met.vgwort.de\/na\/3533f2bc34c24870bae24f55ddb7e53a\" width=\"1\" height=\"1\" alt=\"shiptracker.live\/de\/\">\r\n    \r\n    <script async>\r\n        jQuery(document).ready(function ($) {\r\n            $(\"#showradar-shiptracker\").click(function () {\r\n                $(\"#showhere-shiptracker\").html('<iframe loading=\"lazy\" id=\"marinetraffic\" name=\"marinetraffic\" scrolling=\"no\" class=\"shiptracker-mapsize\" width=\"100%\" height=\"600\" src=\"https:\/\/www.marinetraffic.com\/de\/ais\/embed\/zoom:4\/centery:42\/centerx:6.7\/maptype:1\/shownames:false\/mmsi:0\/shipid:0\/fleet:\/fleet_id:\/vtypes:\/showmenu:\/remember:false\"><\/iframe>');\r\n                $(\"#framesize-shiptracker\").css(\"height\", \"600px\");\r\n                $(\"#shiptracker-wrapper\").addClass(\"shiptracker-mapsize\");\r\n                $(\"#showradar-shiptracker\").hide();\r\n                $(\".shiptracker-backgroundimage\").hide();\r\n                $(\".shiptracker.draw-white\").hide();\r\n            });\r\n        });\r\n    <\/script>\r\n\r\n<\/div>\r\n","protected":false},"excerpt":{"rendered":"<p>S T A R T Immer live dabei &#8211; Schiffsverfolgung mit MarineTraffic MarineTraffic ist ein Schiffsverfolgungs- und maritimer Informations-Service, der<\/p>\n","protected":false},"author":1,"featured_media":0,"parent":0,"menu_order":1,"comment_status":"closed","ping_status":"closed","template":"","meta":{"colormag_page_container_layout":"default_layout","colormag_page_sidebar_layout":"default_layout","footnotes":""},"class_list":["post-5334","page","type-page","status-publish","hentry"],"_links":{"self":[{"href":"https:\/\/shiptracker.live\/de\/wp-json\/wp\/v2\/pages\/5334","targetHints":{"allow":["GET"]}}],"collection":[{"href":"https:\/\/shiptracker.live\/de\/wp-json\/wp\/v2\/pages"}],"about":[{"href":"https:\/\/shiptracker.live\/de\/wp-json\/wp\/v2\/types\/page"}],"author":[{"embeddable":true,"href":"https:\/\/shiptracker.live\/de\/wp-json\/wp\/v2\/users\/1"}],"replies":[{"embeddable":true,"href":"https:\/\/shiptracker.live\/de\/wp-json\/wp\/v2\/comments?post=5334"}],"version-history":[{"count":4,"href":"https:\/\/shiptracker.live\/de\/wp-json\/wp\/v2\/pages\/5334\/revisions"}],"predecessor-version":[{"id":24102,"href":"https:\/\/shiptracker.live\/de\/wp-json\/wp\/v2\/pages\/5334\/revisions\/24102"}],"wp:attachment":[{"href":"https:\/\/shiptracker.live\/de\/wp-json\/wp\/v2\/media?parent=5334"}],"curies":[{"name":"wp","href":"https:\/\/api.w.org\/{rel}","templated":true}]}}