{"id":23136,"date":"2021-06-21T00:46:21","date_gmt":"2021-06-20T22:46:21","guid":{"rendered":"https:\/\/shiptracker.live\/vesselfinder\/"},"modified":"2023-12-08T17:41:13","modified_gmt":"2023-12-08T15:41:13","slug":"vesselfinder","status":"publish","type":"page","link":"https:\/\/shiptracker.live\/de\/vesselfinder\/","title":{"rendered":"VesselFinder"},"content":{"rendered":"\r\n<!-- META\r\n\t<title>VesselFinder - Weltweite Echtzeit-Verfolgung von Schiffen und Yachten<\/title>\r\n\t<meta name=\"description\" content=\"VesselFinder \u2705 zur Verfolgung von Schiffen\/Yachten mit Live-Karten, basierend auf globalen AIS-Daten \u2705 Infos zu Schiffstypen und Routen.\" \/>\r\n-->\r\n<link rel=\"preconnect\" href=\"https:\/\/ads.themoneytizer.com\">\r\n<script src=\"\/js\/youtubelazyload.js\"><\/script>\r\n<style>\r\n    .google-ad {\r\n        margin: 30px 0px;\r\n    }\r\n\r\n    .full-width {\r\n        margin-left: calc(50% - 50vw);\r\n        margin-right: calc(50% - 50vw);\r\n        margin-top: 15px;\r\n        margin-bottom: 15px;\r\n        max-width: unset;\r\n    }\r\n\r\n    .container {\r\n        position: relative;\r\n        width: 100%\r\n    }\r\n\r\n    .container .btn {\r\n        position: absolute;\r\n        top: 50%;\r\n        left: 50%;\r\n        transform: translate(-50%, -50%);\r\n        -ms-transform: translate(-50%, -50%);\r\n        background-color: #e6d250;\r\n        color: #000;\r\n        font-weight: 700;\r\n        font-size: 18px;\r\n        padding: 24px 48px;\r\n        border: none;\r\n        cursor: pointer;\r\n        border-radius: 5px\r\n    }\r\n\r\n    .container .btn:hover {\r\n        background-color: #b5a21a\r\n    }\r\n\r\n    @media only screen and (max-width: 768px) {\r\n        .show-on-desktop {\r\n            display: none;\r\n\r\n        }\r\n    }\r\n\r\n    @media only screen and (min-width: 768px) {\r\n        .show-on-mobile {\r\n            display: none;\r\n\r\n        }\r\n    }\r\n\r\n    .youtube-player {\r\n        position: relative;\r\n        padding-bottom: 56.25%;\r\n        height: 0;\r\n        overflow: hidden;\r\n        max-width: 100%;\r\n        background: #000;\r\n        margin: 0px;\r\n        border-radius: 25px;\r\n    }\r\n\r\n    .youtube-player iframe {\r\n        position: absolute;\r\n        top: 0;\r\n        left: 0;\r\n        width: 100%;\r\n        height: 100%;\r\n        z-index: 100;\r\n        background: transparent;\r\n    }\r\n\r\n    .youtube-player img {\r\n        object-fit: cover;\r\n        display: block;\r\n        left: 0;\r\n        bottom: 0;\r\n        margin: auto;\r\n        max-width: 100%;\r\n        width: 100%;\r\n        position: absolute;\r\n        right: 0;\r\n        top: 0;\r\n        border: none;\r\n        height: auto;\r\n        cursor: pointer;\r\n        -webkit-transition: 0.4s all;\r\n        -moz-transition: 0.4s all;\r\n        transition: 0.4s all;\r\n    }\r\n\r\n    .youtube-player img:hover {\r\n        -webkit-filter: brightness(75%);\r\n        -moz-filter: brightness(75%);\r\n        filter: brightness(75%);\r\n    }\r\n\r\n    .youtube-player .play {\r\n        height: 72px;\r\n        width: 72px;\r\n        left: 50%;\r\n        top: 50%;\r\n        margin-left: -36px;\r\n        margin-top: -36px;\r\n        position: absolute;\r\n        background: url(\"https:\/\/upload.wikimedia.org\/wikipedia\/commons\/b\/b8\/YouTube_play_button_icon_(2013%E2%80%932017).svg\") no-repeat;\r\n        cursor: pointer;\r\n    }\r\n\r\n    .video-container-wrapper {\r\n        display: block;\r\n        margin: 25px auto;\r\n        box-shadow: 0 4px 8px 0 rgb(0 0 0 \/ 20%), 0 6px 20px 0 rgb(0 0 0 \/ 19%);\r\n        border-radius: 25px;\r\n        max-width: 640px;\r\n    }\r\n<\/style>\r\n\r\n<div class=\"show-on-desktop\">\r\n    <script>\r\n        jQuery(document).ready(function ($) {\r\n            $(\"#showradar\").click(function () {\r\n\r\n                $(\"#showhere\").html('<iframe loading=\"lazy\" class=\"iframe-class\" src=\"https:\/\/shiptracker.live\/vesselfinder-iframe.html\" width=\"100%\" height=\"600\" frameborder=\"0\" scrolling=\"no\"><\/iframe>');\r\n                $(\"#framesize\").css(\"height\", \"600px\");\r\n                $(\"#showradar\").hide();\r\n                $(\"#img\").hide();\r\n\r\n            });\r\n        });\r\n    <\/script>\r\n    <div class=\"full-width\">\r\n        <div class=\"container\" id=\"framesize\">\r\n            <div id=\"img\" style=\"overflow: hidden!important; height: 350px; background: #fff url(https:\/\/shiptracker.live\/wp-content\/uploads\/2020\/06\/shiptracker-placeholder-min.jpg.webp) center center no-repeat;\"><\/div>\r\n            <div id=\"showhere\"><\/div>\r\n            <div style=\"margin:0 auto;width:241px;margin-top:110px;\"><span class=\"btn\" id=\"showradar\" rel=\"nofollow\">S T A R T<\/span><\/div>\r\n        <\/div>\r\n    <\/div>\r\n<\/div>\r\n\r\n<div class=\"show-on-mobile\">\r\n    <script>\r\n        jQuery(document).ready(function ($) {\r\n            $(\"#showradar-mob\").click(function () {\r\n\r\n                $(\"#showhere-mob\").html('<iframe loading=\"lazy\" class=\"iframe-class\" src=\"https:\/\/shiptracker.live\/vesselfinder-iframe.html\" width=\"100%\" height=\"600\" frameborder=\"0\" scrolling=\"no\"><\/iframe>');\r\n                $(\"#framesize-mob\").css(\"height\", \"600px\");\r\n                $(\"#showradar-mob\").hide();\r\n                $(\"#img-mob\").hide();\r\n\r\n            });\r\n        });\r\n    <\/script>\r\n    <div style=\"margin:15px 0;\">\r\n        <div class=\"container\" id=\"framesize-mob\">\r\n            <div id=\"img-mob\" style=\"overflow: hidden!important; height: 350px; background: #fff url(https:\/\/shiptracker.live\/wp-content\/uploads\/2020\/06\/shiptracker-placeholder-min.jpg.webp) center center no-repeat;\"><\/div>\r\n            <div id=\"showhere-mob\"><\/div>\r\n            <div style=\"margin:0 auto;width:241px;margin-top:110px;\"><span class=\"btn\" id=\"showradar-mob\" rel=\"nofollow\">S T A R T<\/span><\/div>\r\n        <\/div>\r\n    <\/div>\r\n<\/div>\r\n\r\n<div class='code-block code-block-5' style='margin: 8px auto; text-align: center; display: block; clear: both;'>\n<div class=\"themoneytizer\" style=\"min-height: 150px;display:block;\">\n<div id=\"99140-1\">\n<script async src=\"https:\/\/ads.themoneytizer.com\/s\/gen.js?type=1\"><\/script>\n<script async src=\"https:\/\/ads.themoneytizer.com\/s\/requestform.js?siteId=99140&formatId=1\"><\/script>\n<\/div>\n<\/div><\/div>\n\r\n\r\n\r\n<div>\r\n    <h1>Wie ist VesselFinder entstanden?<\/h1>\r\n    <h2>Was war das Problem?<\/h2>\r\n    <p style=\"text-align: justify;\">Vor vielen Hundert Jahren \u2013 naja, okay, vor 2011 \u2013 gab es noch kein VesselFinder. Das muss man sich einmal vorstellen! <strong>Wollte man irgendwo auf der Welt dringend ein Schiff finden<\/strong>, gab es keine Anlaufstelle f\u00fcr die Suche oder man musste gegen horrende Geb\u00fchren unflexible Dienstleister einschalten. Man konnte entweder versuchen, mit den zur Verf\u00fcgung stehenden Mitteln die gesuchten Antworten zu bekommen, oder man konnte es gleich sein lassen. Beides keine rosigen Aussichten. Also machte sich eine Gruppe findiger Menschen an die Arbeit, um das zu \u00e4ndern.<\/p>\r\n    <img decoding=\"async\" loading=\"lazy\" class=\"\" style=\"display: block; margin: 20px auto;\" src=\"https:\/\/shiptracker.live\/wp-content\/uploads\/2023\/12\/cargo-ship-on-the-ocean.webp\" alt=\"Fully loaded cargo ship on the ocean\" max-width=\"640\" \/>\r\n\r\n    <h3>Die Geburtsstunde von VesselFinder<\/h3>\r\n    <p style=\"text-align: justify;\">Diese Menschen hatte die Vision, etwas Gro\u00dfes zu schaffen. Etwas, das dieses Problem l\u00f6sen konnte. Und sie haben etwas Unglaubliches getan: Sie haben die K\u00f6pfe zusammengesteckt und VesselFinder gegr\u00fcndet. Sie waren sich einig, dass sie einige Mindestanforderungen an ihren Service hatten. Sie wollten einen Service bieten, der sich durch seine hohe Qualit\u00e4t auszeichnet. Sie wollten einen Service bieten, den es so nicht noch einmal gibt. Sie wollten einen Service bieten, der einfach und intuitiv zu benutzen ist. Ach so, und dieser Service sollte nat\u00fcrlich auch absolut zuverl\u00e4ssig sein. Also bitte, blo\u00df kein Druck&#8230;<\/p>\r\n\r\n    <div class='code-block code-block-14' style='margin: 8px auto; text-align: center; display: block; clear: both;'>\n    <!-- Begin themoneytizer BOTTOM MEDIUM RECTANGLE code -->\n    <div class=\"themoneytizer\" style=\"min-height: 250px; margin: 20px auto;\">\n        <div id=\"99140-19\">\n            <script src=\"\/\/ads.themoneytizer.com\/s\/gen.js?type=19\"><\/script>\n            <script src=\"\/\/ads.themoneytizer.com\/s\/requestform.js?siteId=99140&formatId=19\"><\/script>\n        <\/div>\n    <\/div>\n    <!-- End themoneytizer BOTTOM MEDIUM RECTANGLE code --><\/div>\n\r\n\r\n    <h3>Wer steckt hinter diesem Service?<\/h3>\r\n    <p style=\"text-align: justify;\">Von Anfang an war den Machern von VesselFinder klar, dass sie Hilfe an Bord holen mussten, wenn sie sich nicht direkt in den Burnout man\u00f6vrieren wollten. Als haben sie eine vern\u00fcnftige Entscheidung getroffen. Sie erz\u00e4hlten anderen Leuten mit der gleichen Leidenschaft f\u00fcr Spitzenleistung und Service von ihrem Vorhaben. Im Handumdrehen hatten sie ein <strong>gro\u00dfes Team von Spezialisten f\u00fcr alle Fragen<\/strong> auf die Beine gestellt, vom Softwareingenieur bis zur maritimen Designerin. An jedem Aspekt von VesselFinder hat ein Experte gearbeitet.<\/p>\r\n\r\n    <h2>Wie funktioniert VesselFinder?<\/h2>\r\n    <p style=\"text-align: justify;\">Wahrscheinlich hast du dir VesselFinder angesehen und gedacht&#8230; nun, vermutlich war dein erster Gedanke: \u201eWow!\u201c Keine Frage, es gibt viel zu sehen. Nachdem du die ganzen kleinen farbigen Kreise und Pfeile auf der Weltkarte geb\u00fchrend bewundert hast, hast du dir vielleicht eine andere Frage gestellt. N\u00e4mlich die Frage: \u201eWie machen die das eigentlich?\u201c<\/p>\r\n\r\n    <div class=\"video-container-wrapper\">\r\n        <div class=\"youtube-player\" data-id=\"m1b58yelh_c\" itemprop=\"video\" itemscope itemtype=\"http:\/\/schema.org\/VideoObject\">\r\n            <meta itemprop=\"name\" content=\"Movements of Container Ship ACX CRYSTAL involved in a Collision with USS Fitzgerald\" \/>\r\n            <meta itemprop=\"description\" content=\"Movements of Philippine-flagged Container ship ACX CRYSTAL, which collided with US Destroyer USS Fitzgerald south of Tokyo Bay in Japan in a rare incident on busy waterway. USS Fitzgerald (DDG 62) was involved in a collision with the container ship ACX Crystal, while operating about 56 nautical miles southwest of Yokosuka, Japan. The US Navy has identified seven sailors who were killed when their destroyer collided with the container ship. The coastguard said none of the 20 crew members on board the container ship ACX Crystal were injured. Full story of the collision: https:\/\/www.vesselfinder.com\/news\/9510-USS-Fitzgerald-in-collision-with-containership-ACX-CRYSTAL-off-Yokosuka-Japan-Seven-US-sailors-missing-Video ACX CRYSTAL ship details: https:\/\/www.vesselfinder.com\/vessels\/ACX-CRYSTAL-IMO-9360611-MMSI-548789000 Current position of ACX CRYSTAL: https:\/\/www.vesselfinder.com\/?imo=9360611 Place of the collision: https:\/\/www.vesselfinder.com\/?lat=34.52366&#038;lon=139.06950&#038;zoom=9 Video copyrighted by: https:\/\/www.vesselfinder.com\/ and can not be distributed without an appropriate accreditation to www.vesselfinder.com For AIS position data inquiries: https:\/\/www.vesselfinder.com\/historical-ais-data Connect with VesselFinder Web: https:\/\/www.vesselfinder.com\/ Email: info@vesselfinder.com Facebook: https:\/\/www.facebook.com\/VesselFinder Twitter: https:\/\/twitter.com\/VesselFinder\" \/>\r\n            <meta itemprop=\"thumbnailUrl\" content=\"https:\/\/i.ytimg.com\/vi_webp\/m1b58yelh_c\/hq1.webp\" \/>\r\n            <meta itemprop=\"uploadDate\" content=\"2017-06-19T13:30:40Z\" \/>\r\n            <meta itemprop=\"duration\" content=\"PT4M30S\" \/>\r\n            <meta itemprop=\"embedUrl\" content=\"https:\/\/www.youtube.com\/embed\/m1b58yelh_c\" \/>\r\n        <\/div>\r\n    <\/div>\r\n\r\n    <h3>Also, wie machen die das eigentlich?<\/h3>\r\n    <p style=\"text-align: justify;\">Du wirst vielleicht \u00fcberrascht sein zu h\u00f6ren, dass es nicht Millionen von Mitarbeitern gibt, die den Schiffen hinterherschwimmen und deren Standorte auf einem wasserfesten iPad notieren. Das w\u00e4re zwar schon toll, aber man br\u00e4uchte eben doch eine ganz sch\u00f6ne Menge an Leuten. In Wirklichkeit kommt eine coole Technologie zur Anwendung. VesselFinder <strong>basiert auf dem Automatic Identification System, kurz AIS<\/strong> f\u00fcr seine Freunde. Und ja, du geh\u00f6rst zu den Freunden! Rund um die Welt sendet ein gewaltiges Netz von Empf\u00e4ngern st\u00e4ndig Signale aus, die vom VesselFinder-Dienst decodiert und in die Informationen umgewandelt werden, die du auf der Website siehst.<\/p>\r\n\r\n    \r\n\r\n    <h2>Wof\u00fcr wird VesselFinder verwendet?<\/h2>\r\n    <p style=\"text-align: justify;\">Auf diese Frage gibt es viele Antworten. So viele Antworten wie Sand am Meer. Die kurze Antwort lautet: \u201eF\u00fcr so ziemlich alles.\u201c Im Laufe der Zeit hat das Team immer neue Dienste und Funktionen hinzugef\u00fcgt, so dass VessselFinder jetzt die erste Anlaufstelle f\u00fcr alle ist, die schnelle und zuverl\u00e4ssige Informationen ben\u00f6tigen. Egal, ob Website, soziale Medien oder App &#8211; das Team ist stets bestrebt, das Beste zu liefern.<\/p>\r\n    <img decoding=\"async\" loading=\"lazy\" class=\"\" style=\"display: block; margin: 20px auto;\" src=\"https:\/\/shiptracker.live\/wp-content\/uploads\/2023\/12\/sea-dream-yacht-club.webp\" alt=\"Sea Dream Yacht Club on the ocean and surrounded by jet skies\" max-width=\"640\" \/>\r\n\r\n    <h3>Welche Services werden angeboten?<\/h3>\r\n    <p style=\"text-align: justify;\">VesselFinder wei\u00df von <strong>mehr als 100.000 Schiffen, wo sie sich gerade befinden<\/strong>. Das kann \u00fcberall auf der Welt sein, vom Indischen Ozean bis zu den Gro\u00dfen Seen in Nordamerika. Ihre <strong>Positionen werden jeden Tag und regelm\u00e4\u00dfig aktualisiert<\/strong>. Du kannst nachsehen, welche H\u00e4fen ein Schiff angelaufen hat, und alle Einzelheiten der Fahrt abrufen. Du kannst sehen, wo ein Schiff war und wohin es f\u00e4hrt, mit pr\u00e4zisen und genauen Informationen zu Kurs und Geschwindigkeit.<\/p>\r\n\r\n    \r\n\r\n    <h3>Kann VesselFinder wirklich so viel bieten?<\/h3>\r\n    <p style=\"text-align: justify;\">Ja &#8211; aber das ist lange noch nicht alles! Mit der Funktion \u201eMeine Flotte\u201c in VesselFinder Premium k\u00f6nnen Nutzer <strong>blitzschnell auf individuelle Daten von ausgew\u00e4hlten Schiffen<\/strong> zugreifen. Es gibt gestochen scharfe <strong>Farbfotos von zehntausenden Schiffen<\/strong> sowie praktische Bilder der <strong>Hafeninfrastruktur<\/strong>. Zeit ist Geld, auch in der gewerblichen Seefahrt. Daher ist die M\u00f6glichkeit, die Verkehrsdichte zu analysieren, von entscheidender Bedeutung &#8211; auch das bietet VesselFinder. Ganz zu schweigen von dem ausf\u00fchrlichen maritimen Nachrichtendienst.<\/p>\r\n\r\n\r\n    <h2>Wof\u00fcr wird VesselFinder verwendet?<\/h2>\r\n    <p style=\"text-align: justify;\">Das entscheidest du! Die <strong>Philosophie von VesselFinder ist es, den Nutzern nicht vorzugeben, was ihr mit den Daten machen solltet<\/strong>. Stattdessen werden euch alle erforderlichen Werkzeuge an die Hand gegeben, damit ihr selbst entscheiden k\u00f6nnt, wie ihr die Daten nutzen m\u00f6chtet. Der eine will vielleicht nur eine kleine Anzahl von Schiffen im Auge behalten, w\u00e4hrend die andere das gro\u00dfe Ganze sehen muss. In vielen F\u00e4llen werden die Nutzer von unterwegs aus auf den Dienst zugreifen wollen. Deshalb bietet VesselFinder \u00fcbersichtliche und schnelle Apps f\u00fcr iOS und Android.<\/p>\r\n\r\n    <h3>Flexible Suchfunktionen<\/h3>\r\n    <p style=\"text-align: justify;\">M\u00f6chte man ein Schiff finden, geht es \u00fcber die <strong>Namenssuche<\/strong> meistens am einfachsten &#8211; manchmal aber auch nicht. Vielleicht kennt man nur seine Funknummer, die <strong><a href=\"https:\/\/de.wikipedia.org\/wiki\/Maritime_Mobile_Service_Identity\" target=\"_blank\" rel=\"noopener\">Maritime Mobile Service Identity (MMSI)<\/a>, oder die ISO-Nummer<\/strong>. Wei\u00dft du was? Auch das kann VesselFinder. Au\u00dferdem kann man die Schiffsdaten \u00fcberpr\u00fcfen, um sicherzugehen, dass man das richtige Schiff auf dem Schirm hat. Flagge, Tonnage, Baujahr, Tiefgang, Fahrtziel, Reisegeschwindigkeit, Anzahl der Besatzungsmitglieder mit Namen Bob &#8230; okay, letzteres vielleicht nicht. Aber hey, wenn die Nachfrage stimmt, kann man auch daran arbeiten!<\/p>\r\n\r\n    <h3>Tracking in Echtzeit und Benachrichtigungen<\/h3>\r\n    <p style=\"text-align: justify;\">Bleibe mit der Echtzeit-Trackingfunktion von VesselFinder auf dem Laufenden und auf der sicheren Seite. Egal, ob es dich privat interessiert, weil du in der gewerblichen Schifffahrt t\u00e4tig bist oder ob Sicherheitsgr\u00fcnde vorliegen &#8211; Nutzer k\u00f6nnen Schiffe in Echtzeit verfolgen und ihre genaue Position auf der Karte sehen. Diese Funktion ist praktisch f\u00fcr Logistikunternehmen, die ihre Fracht \u00fcberwachen wollen, f\u00fcr die Familien von Seeleuten, die wissen m\u00f6chten, wo sich ihre Liebsten aktuell befinden, oder f\u00fcr Fans der Schifffahrt, die ikonische Schiffe verfolgen. Au\u00dferdem kannst du dich <strong>\u00fcber die Bewegungen einzelner Schiffe benachrichtigen<\/strong> lassen und so sicherstellen, dass du kein wichtiges Update verpasst.<\/p>\r\n\r\n    \r\n\r\n    <h3>Historische Daten und Fahrtenanalyse<\/h3>\r\n    <p style=\"text-align: justify;\">Tauche mit den umfangreichen historischen Daten von VesselFinder in die Vergangenheit ein. Diese Funktion ist eine wahre Goldmine f\u00fcr Forscher, Historiker der Seefahrt und alle, die sich f\u00fcr die vergangenen Fahrten eines Schiffes interessieren. <strong>Analysiere Routen, Geschwindigkeiten, Hafenbesuche und verschiedene Zeitr\u00e4ume<\/strong>. Unternehmen k\u00f6nnen diese Daten f\u00fcr Marktanalysen oder zur Verbesserung der betrieblichen Effizienz nutzen.<\/p>\r\n\r\n    <h3>Informationen zu H\u00e4fen<\/h3>\r\n    <p style=\"text-align: justify;\">Erhalte mit den detaillierten Informationen von VesselFinder einen Einblick in die Aktivit\u00e4ten der H\u00e4fen in aller Welt. Dieses wertvolle Tool ist f\u00fcr Logistikmanager, Schifffahrtsunternehmen und Liebhaber der Seefahrt unverzichtbar. <strong>Die Nutzer k\u00f6nnen auf aktuelle Informationen \u00fcber Ank\u00fcnfte und Abfahrten in H\u00e4fen, gesch\u00e4tzte Ankunftszeiten und den aktuellen Hafenstatus zugreifen<\/strong>. Zus\u00e4tzlich bietet diese Funktion auch historische Daten, die Einblicke in Entwicklungen im Hafenschifffahrtsverkehr und saisonale Ver\u00e4nderungen liefern. Ganz gleich, ob du eine Verschiffung planst, Markttrends analysieren m\u00f6chtest oder einfach nur neugierig bist und wissen m\u00f6chtest, wie H\u00e4fen funktionieren &#8211; in der Hafendatenbank von VesselFinder findet man alle wichtigen Informationen, um die Dynamiken des Seehandels und logistischer Systeme zu verstehen.<\/p>\r\n\r\n    <h2>Wer findet VesselFinder interessant?<\/h2>\r\n    <p style=\"text-align: justify;\">Die kurze Antwort ist: <strong>alle<\/strong>! Eine h\u00e4ufige Frage von Nutzern ist: \u201eIst VesselFinder kostenlos?\u201c. Die Antwort lautet: Ja! Die Website bietet zahlreiche wichtige Funktionen ohne Geb\u00fchren an und gew\u00e4hrleistet so kostenfreien Zugang zu den wertvollen Tracking-Informationen f\u00fcr Schiffe. VesselFinder bietet so viel, dass jeder mit ziemlicher Sicherheit alles finden wird, was man von einem Schiffsverfolgungs- und Informationsdienst erwarten kann. Zum Beispiel:<\/p>\r\n    <img decoding=\"async\" loading=\"lazy\" class=\"\" style=\"display: block; margin: 20px auto;\" src=\"https:\/\/shiptracker.live\/wp-content\/uploads\/2023\/12\/cruise-ship-seven-seas-mariner.webp\" alt=\"Cruise Ship Seven Seas Mariner in a harbour with some fishing boats in the foreground\" max-width=\"640\" \/>\r\n\r\n    <h3>Schiffsbeobachter<\/h3>\r\n    <p style=\"text-align: justify;\">Vesselfinder.com ist eine <strong>unersch\u00f6pfliche Informationsquelle f\u00fcr Menschen, die Schiffe und das Meer lieben<\/strong>. Ob man nun riesigen Containerschiffen rund um den Globus folgt, den Weg von Supertankern verfolgt, die mit ihren \u00d6llieferungen die Weltwirtschaft am Laufen halten, oder einfach nur mehr \u00fcber Schiffe erfahren m\u00f6chte, von denen man gar nicht wusste, dass es sie gibt &#8211; mit VesselFinder geht das alles mit einem Mausklick.<\/p>\r\n\r\n    \r\n\r\n    <h3>Reisende<\/h3>\r\n    <p style=\"text-align: justify;\">Wenn du gerne reist, ist VesselFinder auch f\u00fcr dich genau das Richtige. Planst du eine Kreuzfahrt in sonnige Gefilde? Dann sieh dir schon vorher an, wohin deine Reise geht, und freue dich auf die Namen der exotischen H\u00e4fen, die du anlaufen wirst. Frage dich, was du sehen m\u00f6chtest, wenn du den \u00c4rmelkanal oder den St.-Lorenz-Strom bef\u00e4hrst? Ein Blick auf Vessel Finder verr\u00e4t es dir.<\/p>\r\n\r\n    <h3>Schiffseigner<\/h3>\r\n    <p style=\"text-align: justify;\">VesselFinder macht es dir un\u00fcbertroffen leicht, <strong>den \u00dcberblick \u00fcber deine Schiffe zu behalten<\/strong> &#8211; und nicht nur \u00fcber deine. Finde mit einem Klick heraus, ob die Konkurrenz effizientere Routen nutzt oder neue H\u00e4fen anl\u00e4uft, um die Routen zu optimieren. Vergleiche Gr\u00f6\u00dfe, Tonnage und Alter der Schiffe mit denen anderer Unternehmen in deinem Marktsegment. Nutze die Schiffsfotos in der Galerie, um zu sehen, wie (und ob) sich deine Flotte von den Mitbewerbern unterscheidet.<\/p>\r\n\r\n    <h3>Gesch\u00e4ftsf\u00fchrer<\/h3>\r\n    <p style=\"text-align: justify;\">Du musst nicht in der Schifffahrtsbranche arbeiten, um VesselFinder f\u00fcr dich nutzen zu k\u00f6nnen. Es werden so viele Waren auf dem Seeweg transportiert, dass jeder, der <strong>international Handel<\/strong> treibt, davon profitiert, den \u00dcberblick zu behalten. Du k\u00f6nntest die ein Bild davon machen, wie lange deine Bestellungen zu dir unterwegs ist, ob deine Mitbewerber Lieferungen wom\u00f6glich fr\u00fcher erhalten und ob du dar\u00fcber nachdenken solltest, die Verschiffungs- oder Zielh\u00e4fen zu \u00e4ndern.<\/p>\r\n\r\n\r\n    <h2>Wo wird sonst noch vergleichbare Technik eingesetzt?<\/h2>\r\n    <p style=\"text-align: justify;\">Vesselfinder.com ist ein beeindruckender Service. Und immer mehr Menschen aus anderen Branchen in aller Welt werden darauf aufmerksam. Daher ist es nicht verwunderlich, dass ein gro\u00dfes Interesse an der Nutzung \u00e4hnlicher Technologien in anderen Bereichen besteht. Zum Beispiel:<\/p>\r\n\r\n    <h3>Flightradar24<\/h3>\r\n    <p style=\"text-align: justify;\">Dieser <strong>exzellente Flugradar<\/strong> ist so etwas wie das \u00c4quivalent von VesselFinder f\u00fcr die Luftfahrt. Diese Website gibt es seit 2006. Was zun\u00e4chst als Hobby begann, hat sich inzwischen zu einer der weltweit am meisten genutzten Seiten f\u00fcr die Flugverfolgung entwickelt. Die <strong>ADS-B-Technologie (Automatic Detection Surveillance &#8211; Broadcast)<\/strong>, auf die sich die Website st\u00fctzt, erf\u00fcllt eine \u00e4hnliche Aufgabe wie das AIS von VesselFinder und bietet ebenfalls eine enorme Genauigkeit und Zuverl\u00e4ssigkeit. <a href=\"https:\/\/flightradar.live\/\" target=\"_blank\" rel=\"noopener\">Flightradar24<\/a> ist so gut, dass auch gro\u00dfe Unternehmen in der Luftfahrtindustrie diese Dienstleistung nutzen.<\/p>\r\n\r\n    <h3>Zugradar<\/h3>\r\n    <p style=\"text-align: justify;\">Auch an Land funktioniert die Nachverfolgung, und <a href=\"https:\/\/zugradar.info\/\" target=\"_blank\" rel=\"noopener\">Zugradar<\/a> setzt diese Technologie f\u00fcr das gesamte britische Schienennetz ein. Der Dienst bietet einen <strong>guten \u00dcberblick \u00fcber die Z\u00fcge<\/strong> im ganzen Land. Auf einer \u00fcbersichtlichen Karte kann man nicht nur sehen, wo sich die Z\u00fcge befinden, sondern auch, wer sie betreibt. \u00dcber eine einfache Bedienoberfl\u00e4che hast du sofortigen Zugriff auf Betriebsinformationen, einschlie\u00dflich sekundengenauer Daten zu Haltestellen oder Versp\u00e4tungen.<\/p>\r\n\r\n<\/div>\r\n\r\n","protected":false},"excerpt":{"rendered":"<p>S T A R T S T A R T Wie ist VesselFinder entstanden? Was war das Problem? Vor vielen<\/p>\n","protected":false},"author":1,"featured_media":0,"parent":0,"menu_order":2,"comment_status":"closed","ping_status":"closed","template":"","meta":{"colormag_page_container_layout":"default_layout","colormag_page_sidebar_layout":"default_layout","footnotes":""},"class_list":["post-23136","page","type-page","status-publish","hentry"],"_links":{"self":[{"href":"https:\/\/shiptracker.live\/de\/wp-json\/wp\/v2\/pages\/23136","targetHints":{"allow":["GET"]}}],"collection":[{"href":"https:\/\/shiptracker.live\/de\/wp-json\/wp\/v2\/pages"}],"about":[{"href":"https:\/\/shiptracker.live\/de\/wp-json\/wp\/v2\/types\/page"}],"author":[{"embeddable":true,"href":"https:\/\/shiptracker.live\/de\/wp-json\/wp\/v2\/users\/1"}],"replies":[{"embeddable":true,"href":"https:\/\/shiptracker.live\/de\/wp-json\/wp\/v2\/comments?post=23136"}],"version-history":[{"count":0,"href":"https:\/\/shiptracker.live\/de\/wp-json\/wp\/v2\/pages\/23136\/revisions"}],"wp:attachment":[{"href":"https:\/\/shiptracker.live\/de\/wp-json\/wp\/v2\/media?parent=23136"}],"curies":[{"name":"wp","href":"https:\/\/api.w.org\/{rel}","templated":true}]}}