{"id":24127,"date":"2018-02-03T00:53:46","date_gmt":"2018-02-03T00:53:46","guid":{"rendered":"https:\/\/shiptracker.live\/marinetraffic\/"},"modified":"2024-01-14T00:29:17","modified_gmt":"2024-01-13T23:29:17","slug":"marinetraffic","status":"publish","type":"page","link":"https:\/\/shiptracker.live\/da\/","title":{"rendered":"MarineTraffic"},"content":{"rendered":"\r\n<!-- META\r\n\t<title>Altid opdateret \u2013 skibssporing med MarineTraffic<\/title>\r\n\t<meta name=\"description\" content=\"MarineTraffic - Til sporing af skibe og yachter med live kort baseret p\u00e5 AIS netv\u00e6rksdata \u2705 Skibstyper, ruter, status og mere.\"\/>\r\n-->\r\n<link rel=\"preconnect\" href=\"https:\/\/ads.themoneytizer.com\">\r\n<link rel=\"preconnect\" href=\"https:\/\/www.marinetraffic.com\">\r\n<script src=\"\/js\/youtubelazyload.js\"><\/script>\r\n<style>\r\n    @media only screen and (min-width: 769px) {\r\n        .shiptracker-mapsize {\r\n            margin-left: calc(50% - 50vw) !important;\r\n            margin-right: calc(50% - 50vw) !important;\r\n            max-width: unset !important;\r\n        }\r\n    }\r\n\r\n    .shiptracker.container {\r\n        position: relative;\r\n        width: 100%;\r\n    }\r\n\r\n    .shiptracker.container .shiptracker.btn {\r\n        position: absolute;\r\n        top: 50%;\r\n        left: 50%;\r\n        transform: translate(-50%, -50%);\r\n        -ms-transform: translate(-50%, -50%);\r\n        background-color: #e6d250;\r\n        color: #000;\r\n        font-weight: 700;\r\n        font-size: 18px;\r\n        padding: 24px 48px;\r\n        border: none;\r\n        cursor: pointer;\r\n        border-radius: 5px\r\n    }\r\n\r\n    .shiptracker.container .shiptracker.btn:hover {\r\n        background-color: #b5a21a\r\n    }\r\n\r\n    .shiptracker.draw-white {\r\n        background-image: linear-gradient(rgb(255, 255, 255, 0.01),\r\n                rgb(255, 255, 255, 0.4),\r\n                rgb(255, 255, 255, 0.6),\r\n                rgb(255, 255, 255, 0.4),\r\n                rgb(255, 255, 255, 0.01));\r\n        height: 120px;\r\n        width: 100%;\r\n        position: absolute;\r\n    }\r\n\r\n    .shiptracker-backgroundimage {\r\n        overflow: hidden !important;\r\n        height: 350px !important;\r\n        width: 100%;\r\n        background-image: url(\/wp-content\/uploads\/2023\/08\/shiptracker-placeholder_org.webp);\r\n        background-position: center center;\r\n        background-repeat: no-repeat;\r\n        display: flex;\r\n        justify-content: center;\r\n        align-items: center;\r\n        background-size: cover;\r\n        border-radius: 1rem;\r\n        box-shadow: rgba(0, 0, 0, 0.24) 0px 4px 8px;\r\n    }\r\n\r\n    .shiptracker-backgroundimage::before {\r\n        content: \"\";\r\n        position: absolute;\r\n        top: 0;\r\n        left: 0;\r\n        width: 100%;\r\n        height: 100%;\r\n        border-radius: 1rem;\r\n        background-color: rgba(0, 0, 0, 0.3);\r\n        \/* Half-transparent black layer *\/\r\n    }\r\n\r\n    .youtube-player {\r\n        position: relative;\r\n        padding-bottom: 56.25%;\r\n        height: 0;\r\n        overflow: hidden;\r\n        max-width: 100%;\r\n        background: #000;\r\n        margin: 0px;\r\n        border-radius: 25px;\r\n    }\r\n\r\n    .youtube-player iframe {\r\n        position: absolute;\r\n        top: 0;\r\n        left: 0;\r\n        width: 100%;\r\n        height: 100%;\r\n        z-index: 100;\r\n        background: transparent;\r\n    }\r\n\r\n    .youtube-player img {\r\n        object-fit: cover;\r\n        display: block;\r\n        left: 0;\r\n        bottom: 0;\r\n        margin: auto;\r\n        max-width: 100%;\r\n        width: 100%;\r\n        position: absolute;\r\n        right: 0;\r\n        top: 0;\r\n        border: none;\r\n        height: auto;\r\n        cursor: pointer;\r\n        -webkit-transition: 0.4s all;\r\n        -moz-transition: 0.4s all;\r\n        transition: 0.4s all;\r\n    }\r\n\r\n    .youtube-player img:hover {\r\n        -webkit-filter: brightness(75%);\r\n        -moz-filter: brightness(75%);\r\n        filter: brightness(75%);\r\n    }\r\n\r\n    .youtube-player .play {\r\n        height: 72px;\r\n        width: 72px;\r\n        left: 50%;\r\n        top: 50%;\r\n        margin-left: -36px;\r\n        margin-top: -36px;\r\n        position: absolute;\r\n        background: url(\"https:\/\/upload.wikimedia.org\/wikipedia\/commons\/b\/b8\/YouTube_play_button_icon_(2013%E2%80%932017).svg\") no-repeat;\r\n        cursor: pointer;\r\n    }\r\n\r\n    .video-container-wrapper {\r\n        display: block;\r\n        margin: 25px auto;\r\n        box-shadow: 0 4px 8px 0 rgb(0 0 0 \/ 20%), 0 6px 20px 0 rgb(0 0 0 \/ 19%);\r\n        border-radius: 25px;\r\n        max-width: 640px;\r\n    }\r\n<\/style>\r\n\r\n<div id=\"shiptracker-wrapper\">\r\n    <div class=\"shiptracker container\" id=\"framesize-shiptracker\" style=\"height:350px;\">\r\n        <div id=\"showhere-shiptracker\"><\/div>\r\n        <div class=\"shiptracker-backgroundimage\" id=\"framesize\">\r\n            <div class=\"shiptracker draw-white\"><\/div>\r\n            <div class=\"shiptracker btn\" id=\"showradar-shiptracker\" rel=\"nofollow\">S T A R T<\/div>\r\n        <\/div>\r\n    <\/div>\r\n<\/div>\r\n\r\n<div class='code-block code-block-5' style='margin: 8px auto; text-align: center; display: block; clear: both;'>\n<div class=\"themoneytizer\" style=\"min-height: 150px;display:block;\">\n<div id=\"99140-1\">\n<script async src=\"https:\/\/ads.themoneytizer.com\/s\/gen.js?type=1\"><\/script>\n<script async src=\"https:\/\/ads.themoneytizer.com\/s\/requestform.js?siteId=99140&formatId=1\"><\/script>\n<\/div>\n<\/div><\/div>\n\r\n\r\n\r\n<div>\r\n    <h1>Altid opdateret \u2013 skibssporing med MarineTraffic<\/h1>\r\n    <p style=\"text-align: justify;\"><strong>MarineTraffic<\/strong> er en skibssporings- og maritim informationstjeneste som blev grundlagt af Dimitris Lekkas i 2007. Tjenesten er anerkendt som verdens mest omfattende maritime database, og den har <strong>flere end seks millioner m\u00e5nedlige brugere<\/strong>, samt flere end \u00e9n million registrerede kontoindehavere. Oprindeligt blev tjenesten grundlagt af Lekkas, da han havde en stor interesse for computere og skibssporing, og var blevet interesseret i den praktiske brug af AIS-sporingsteknologien. Dengang vidste han dog ikke, at han var i f\u00e6rd med at skabe <strong>en af de vigtigste transportdatabaser i verden<\/strong>. MarineTraffic <strong>er en gratis service<\/strong>. Der findes dog ogs\u00e5 en betalingsudgave med flere avancerede funktioner. MarineTraffic g\u00f8r brug af AIS-sporingsteknologien for at registrere 800 millioner skibspositioner hver m\u00e5ned, mens databasen ogs\u00e5 indeholder informationer om skibe, s\u00e5som hvorn\u00e5r og hvor de er bygget.<\/p>\r\n\r\n    <div class=\"video-container-wrapper\">\r\n        <div class=\"youtube-player\" data-id=\"7aGlcFENOrs\" itemprop=\"video\" itemscope itemtype=\"http:\/\/schema.org\/VideoObject\">\r\n            <meta itemprop=\"name\" content=\"MarineTraffic\" \/>\r\n            <meta itemprop=\"description\" content=\"MarineTraffic is the world\u2019s leading provider of ship tracking and maritime intelligence.\" \/>\r\n            <meta itemprop=\"thumbnailUrl\" content=\"https:\/\/i.ytimg.com\/vi_webp\/7aGlcFENOrs\/hqdefault.webp\" \/>\r\n            <meta itemprop=\"uploadDate\" content=\"2013-10-15T18:43:52Z\" \/>\r\n            <meta itemprop=\"duration\" content=\"PT1M54S\" \/>\r\n            <meta itemprop=\"embedUrl\" content=\"https:\/\/www.youtube.com\/embed\/7aGlcFENOrs\" \/>\r\n        <\/div>\r\n    <\/div>\r\n\r\n    <h2>Hvordan fungerer MarineTraffic?<\/h2>\r\n    <p style=\"text-align: justify;\">MarineTraffic g\u00f8r brug af <strong>AIS-sporingsteknologien<\/strong> for at give informationer om identifikationer, kurser, hastigheder og de aktuelle positioner af fart\u00f8jer. Derfra kan positioner s\u00e6ttes ind i <strong>Google Maps<\/strong>, hvilket giver brugerne mulighed for spore skibes og andre fart\u00f8jers bev\u00e6gelser i realtid.<\/p>\r\n    <p style=\"text-align: justify;\">Derudover bliver nogle informationer om <strong>skibspositionen indrapporteret fra skibet<\/strong>. Disse oplysninger bruges til at give et mere n\u00f8jagtigt og ajourf\u00f8rt kort over fart\u00f8jets position.<\/p>\r\n    <p style=\"text-align: justify;\">Udover skibssporing giver <a href=\"\/da\/marinetraffic\/\">MarineTraffic<\/a> ogs\u00e5 baggrundsinformationer om fart\u00f8jer, s\u00e5som hvor de blev bygget, hvorn\u00e5r de blev bygget, deres IMO-nummer, hvor meget de vejer, og ogs\u00e5 billeder af dem. Mange af disse oplysninger stilles gratis til r\u00e5dighed af brugerne.<\/p>\r\n\r\n    <div class='code-block code-block-14' style='margin: 8px auto; text-align: center; display: block; clear: both;'>\n    <!-- Begin themoneytizer BOTTOM MEDIUM RECTANGLE code -->\n    <div class=\"themoneytizer\" style=\"min-height: 250px; margin: 20px auto;\">\n        <div id=\"99140-19\">\n            <script src=\"\/\/ads.themoneytizer.com\/s\/gen.js?type=19\"><\/script>\n            <script src=\"\/\/ads.themoneytizer.com\/s\/requestform.js?siteId=99140&formatId=19\"><\/script>\n        <\/div>\n    <\/div>\n    <!-- End themoneytizer BOTTOM MEDIUM RECTANGLE code --><\/div>\n\r\n\r\n    <h3>Hvad er AIS-teknologi?<\/h3>\r\n    <p style=\"text-align: justify;\">AIS st\u00e5r for <strong>&#8220;automatisk identifikationssystem&#8221;<\/strong> og henviser til et sporingssystem, som bruges ombord p\u00e5 skibe og <a href=\"\/da\/vesselfinder\/\">VesselFinder<\/a>. Siden 2004 skal alle passagerskibe af enhver st\u00f8rrelse og alle internationale sejlskibe med en bruttotonnage p\u00e5 300 eller derover, have en AIS-transponder, der er i stand til at sende og modtage AIS-data.<\/p>\r\n    <div itemscope itemtype=\"https:\/\/schema.org\/ImageObject\">\r\n        <img decoding=\"async\" loading=\"lazy\" class=\"\" style=\"display: block; margin: 20px auto;\" src=\"\/wp-content\/uploads\/2020\/06\/body-of-water-3122008_430.jpg.webp\" alt=\"Voge Master vessel in full drive on the ocean - MMSI no. 256089000\" width=\"430\" height=\"290\" itemprop=\"contentUrl\" \/>\r\n        <meta itemprop=\"name\" content=\"Voge Master vessel\" \/>\r\n        <meta itemprop=\"description\" content=\"Voge Master vessel in full drive on the ocean - MMSI no. 256089000\" \/>\r\n    <\/div>\r\n    <p style=\"text-align: justify;\"><strong>AIS-transponderen sender GPS-informationer<\/strong> samt en lang r\u00e6kke supplerende data, som modtages af AIS-modtagerstationer. MarineTraffic g\u00f8r brug af <strong>mere end 3000 af disse stationer<\/strong>, som befinder sig over hele verden, og som giver tjenesten mulighed for at spore positioner, identificere fart\u00f8jer, se kurser og overv\u00e5ge hastigheder.<\/p>\r\n    <p style=\"text-align: justify;\">P\u00e5 mange m\u00e5der kan MarineTraffics AIS-teknologi <strong>sammenlignes med en flyradar<\/strong>, som f.eks. bruges af <a href=\"https:\/\/flightradar.live\/en\/\">Flightradar24<\/a>, til at spore fly. I dette tilf\u00e6lde erstattes AIS-teknologien af ADS-B-teknologien, som n\u00e6sten fungerer p\u00e5 samme m\u00e5de, og ogs\u00e5 bliver opdateret af frivillige personer. Informationerne modtages s\u00e5 af ADS-B-modtagere eller modtagerstationer i stedet for AIS-modtagere.<\/p>\r\n\r\n    \r\n\r\n    <h3>Andre oplysninger p\u00e5 webstedet<\/h3>\r\n    <p style=\"text-align: justify;\">Mens informationerne p\u00e5 webstedet for det meste best\u00e5r af modtagelsen af AIS-signaler til sporing, bliver <strong>baggrundsinformationer om fart\u00f8jer, billeder af skibe og mange andre oplysninger<\/strong> tilf\u00f8jet af frivillige personer, som udg\u00f8r den st\u00f8rste del af MarineTraffics brugergruppe.<\/p>\r\n    <p style=\"text-align: justify;\">Ud over den automatiske positionsregistrering, der leveres ved hj\u00e6lp af AIS-teknologien, indberettes fart\u00f8jets positioner ofte til MarineTraffic via bes\u00e6tningen. Dette bidrager til at g\u00f8re sporingen mere pr\u00e6cist og disse <strong>informationerlagres som historiske data i databasen<\/strong>. Efterf\u00f8lgende kan disse data bruges til statistiske analyser, n\u00f8dberedskabsform\u00e5l, ulykkesunders\u00f8gelser og endda til at vurdere vejrets p\u00e5virkning p\u00e5 hastigheden.<\/p>\r\n\r\n\r\n    <h2>Hvem bruger MarineTraffic?<\/h2>\r\n    <p style=\"text-align: justify;\">En online <a href=\"\/ship-tracker\/\">skibssporings-<\/a> tjeneste ligner en platform, som udelukkende henvender sig til de mest dedikerede <strong>skibsspottere<\/strong>, og det overrasker nok ikke, at grundl\u00e6ggeren Dimitris Lekkas, omtaler sig selv som skibsspotter. Men i realiteten har tjenesten en meget st\u00f8rre brugergruppe.<\/p>\r\n    <div itemscope itemtype=\"https:\/\/schema.org\/ImageObject\">\r\n        <img decoding=\"async\" loading=\"lazy\" class=\"\" style=\"display: block; margin: 20px auto;\" src=\"\/wp-content\/uploads\/2023\/12\/ship_tracking_map.webp\" alt=\"Real-time Ship Tracking Map\" width=\"640\" height=\"366\" itemprop=\"contentUrl\" \/>\r\n        <meta itemprop=\"name\" content=\"Real-time Ship Tracking Map\" \/>\r\n        <meta itemprop=\"description\" content=\"Real-time Ship Tracking Map\" \/>\r\n    <\/div>\r\n    <p style=\"text-align: justify;\">MarineTraffic er faktisk siden lanceringen vokset til et <strong>vigtigt redskab til b\u00e5de forretnings- og forskningsform\u00e5l<\/strong>, og platformen bruges ogs\u00e5 af regeringer, handelsorganisationer og redningstjenester. Selvf\u00f8lgeligt er det ogs\u00e5 et <strong>v\u00e6rdifuldt redskab til professionelle s\u00f8farts- og hobbyfolk<\/strong>.<\/p>\r\n\r\n    \r\n\r\n    <h3>Vigtigste brugere<\/h3>\r\n    <p style=\"text-align: justify;\">Den vigtigste brugergruppe best\u00e5r af <strong>maritime fagfolk, skibsobservat\u00f8rer og andre hobbyfolk<\/strong>. Mange i denne brugergruppe abonnerer p\u00e5 betalingsversionen, og bruger deres fritid til frivilligt at hj\u00e6lpe brugerne ved at uploade billeder og skrive tekster til webstedet.<\/p>\r\n\r\n    <h3>Erhverv og handel<\/h3>\r\n    <p style=\"text-align: justify;\">Et andet vigtigt anvendelsesform\u00e5l for MarineTraffic er relateret til erhvervslivet. Her er det vigtigst at kunne <strong>spore forsendelsen<\/strong> der sendes til udlandet. Derudover har webstedet sin egen virksomhedsoversigt, som hj\u00e6lper med at bringe k\u00f8bere og leverand\u00f8rer i kontakt med hinanden.<\/p>\r\n\r\n    <h3>Forskning<\/h3>\r\n    <p style=\"text-align: justify;\">MarineTraffic er ogs\u00e5 meget popul\u00e6rt blandt forskere, og dem som er interesseret i AIS-teknologi. Tjenesten har udviklet MarineTraffic Reseach, som er et netv\u00e6rk, der er designet til at <strong>bist\u00e5 akademiske institutioner, forskningsfonde og individuelle forskere<\/strong>. Interesserede brugere kan endda s\u00f8ge om at f\u00e5 s\u00e6rlige forskningskonti.<\/p>\r\n\r\n    <h3>Sikkerheds- og redningstjenester<\/h3>\r\n    <p style=\"text-align: justify;\">En af de mere overraskende m\u00e5der, hvorp\u00e5 MarineTraffic bruges, er som redskab til at hj\u00e6lpe <strong>redningstjenester med at f\u00e5 en fornemmelse for situationen, og bist\u00e5 ved unders\u00f8gelsen af ulykker<\/strong>. Desuden er platformen ogs\u00e5 blevet brugt af nogle nationale regeringer til sikkerhedsm\u00e6ssige form\u00e5l, fordi den giver dem mulighed for at overv\u00e5ge aktivitet i og omkring deres kystomr\u00e5der.<\/p>\r\n\r\n    \r\n\r\n    <h3>Andre brugere<\/h3>\r\n    <p style=\"text-align: justify;\">Udover de n\u00e6vnte brugergrupper, er MarineTraffic ogs\u00e5 et vigtigt redskab for <strong>journalister og medieorganisationer<\/strong>, som bruger platformen til at lave reportager om ISIS og migrantkrisen. Derudover er der ogs\u00e5 lejlighedsvise brugere, som bruger MarineTraffic til at spore venner eller familiemedlemmer ombord p\u00e5 et skib eller et fart\u00f8j.<\/p>\r\n\r\n\r\n    <h2>Hvordan bruger du MarineTraffic?<\/h2>\r\n    <p style=\"text-align: justify;\">Hvis alt dette virker meget kompliceret og alt for teknisk, er den gode nyhed, at MarineTraffic er <strong>meget nemt at bruge<\/strong>, selv for dem, som ikke kender til AIS-teknologien. Derudover kan man f\u00e5 adgang til kernefunktionerne <strong>fra en r\u00e6kke forskellige platforme<\/strong>. Hovedsiden er i sig selv tjenestens platform, og derfra kan brugerne s\u00f8ge efter, identificere og spore fart\u00f8jer. Der findes dog ogs\u00e5 to separate apps. Den f\u00f8rste app er sammenligneligt med de tjenester man har adgang til p\u00e5 platformen, mens den anden er beregnet til b\u00e5d- og hobbyfolk.<\/p>\r\n\r\n    <h3>Webplatform<\/h3>\r\n    <p style=\"text-align: justify;\">Hovedsiden af MarineTraffics webplatform <strong>indeholder et live kort<\/strong> som viser fart\u00f8jernes position. Brugerne kan klikke og tr\u00e6kke i kortet for at se hele verden, fremh\u00e6ve fart\u00f8jer p\u00e5 kortet for at f\u00e5 yderligere informationer, eller bruge &#8220;+&#8221; og &#8220;-&#8221; symbolerne til at zoome ind og ud, mens den venstre side af sk\u00e6rmen har en r\u00e6kke avancerede muligheder.<\/p>\r\n    <div itemscope itemtype=\"https:\/\/schema.org\/ImageObject\">\r\n        <img decoding=\"async\" loading=\"lazy\" class=\"\" style=\"display: block; margin: 20px auto;\" src=\"\/wp-content\/uploads\/2023\/12\/marinetraffic_map_interface.webp\" alt=\"Interactive MarineTraffic Map: Live Vessel Tracking, Advanced Features &#038; User Options\" width=\"640\" height=\"366\" itemprop=\"contentUrl\" \/>\r\n        <meta itemprop=\"name\" content=\"Interactive MarineTraffic Map\" \/>\r\n        <meta itemprop=\"description\" content=\"Live Vessel Tracking, Advanced Features &#038; User Options\" \/>\r\n    <\/div>\r\n    <p style=\"text-align: justify;\">I toppen \u00e5bner <strong>forst\u00f8rrelsesglasset<\/strong> s\u00f8gefunktionen, hvor brugerne kan s\u00f8ge efter et fart\u00f8j eller en <a href=\"\/sea-ports-of-the-world\/\">havn<\/a>, eller s\u00f8ge efter et specielt sted p\u00e5 kortet. <strong>Filtersymbolet<\/strong> giver brugerne mulighed for at filtrere de skibe, der vises p\u00e5 kortet, baseret p\u00e5 skibstype, kapacitet, nuv\u00e6rende status og mere.<\/p>\r\n    <p style=\"text-align: justify;\">Symbolet med de tre skibe er &#8220;My fleets&#8221;-optionen. I denne menu kan brugerne oprette en fl\u00e5de og tilf\u00f8je skibe. Dette g\u00f8r det nemmere at spore flere skibe p\u00e5 samme tid.<\/p>\r\n    <p style=\"text-align: justify;\">En <strong>basis MarineTraffic-konto er gratis<\/strong> og kan bruges p\u00e5 ubestemt tid. MarineTraffic kategoriseres dog som en <strong>freemium-tjeneste<\/strong>, da et abonnement \u00e5bner op for en r\u00e6kke ekstra funktioner. Her er der bl.a. mulighed for at oprette st\u00f8rre fl\u00e5der, bruge brugerdefinerede fl\u00e5deikoner, se vejrudsigter og en 30-dages rejsehistorik.<\/p>\r\n\r\n    \r\n\r\n    <h3>Mobile apps<\/h3>\r\n    <p style=\"text-align: justify;\">Bortset fra hovedplatformen, best\u00e5r MarineTraffic ogs\u00e5 af <strong>to separate mobilapps<\/strong>, som kan bruges p\u00e5 <a target=\"_blank\" rel=\"noopener nofollow\" href=\"https:\/\/play.google.com\/\">Android<\/a> og <a target=\"_blank\" rel=\"noopener nofollow\" href=\"https:\/\/www.apple.com\/app-store\/\">iOS<\/a>. Den f\u00f8rste <strong>MarineTraffic Ship Positions<\/strong>, kan sammenlignes med webplatformen, men er mere anvendeligt til mobiltelefoner end at bruge websiden p\u00e5 mobilens browser.<\/p>\r\n    <p style=\"text-align: justify;\">Alle kontoindehavere kan bruge appen, b\u00e5de dem med en gratis basis konto, dem med en betalt premium konto eller dem med en s\u00e6rlig forskningskonto eller akademisk konto. Appen er dog ikke gratis og man skal betale et lille gebyr for at downloade den. De tilg\u00e6ngelige funktioner i appen afh\u00e6nger af brugerens kontotype.<\/p>\r\n    <p style=\"text-align: justify;\">Udover en MarineTraffic-mobilapp, har platformen ogs\u00e5 en anden separat mobilapp <strong>MarineTraffic OnCourse<\/strong> Denne app er beregnet til dem, der er interesseret i sejlads, eller dem som er ansvarlige for st\u00f8rre fart\u00f8jer, og den har en mere avanceret vifte af funktioner. Appen giver f.eks. sejlere mulighed for selv at indrapportere deres position fra appen og nemt at uploade billeder og andre informationer om deres fart\u00f8j.<\/p>\r\n\r\n    <script async>\r\n        jQuery(document).ready(function ($) {\r\n            $(\"#showradar-shiptracker\").click(function () {\r\n                $(\"#showhere-shiptracker\").html('<iframe loading=\"lazy\" id=\"marinetraffic\" name=\"marinetraffic\" scrolling=\"no\" class=\"shiptracker-mapsize\" width=\"100%\" height=\"600\" src=\"https:\/\/www.marinetraffic.com\/da\/ais\/embed\/zoom:4\/centery:42\/centerx:6.7\/maptype:1\/shownames:false\/mmsi:0\/shipid:0\/fleet:\/fleet_id:\/vtypes:\/showmenu:\/remember:false\"><\/iframe>');\r\n                $(\"#framesize-shiptracker\").css(\"height\", \"600px\");\r\n                $(\"#shiptracker-wrapper\").addClass(\"shiptracker-mapsize\");\r\n                $(\"#showradar-shiptracker\").hide();\r\n                $(\".shiptracker-backgroundimage\").hide();\r\n                $(\".shiptracker.draw-white\").hide();\r\n            });\r\n        });\r\n    <\/script>\r\n\r\n<\/div>\r\n","protected":false},"excerpt":{"rendered":"<p>S T A R T Altid opdateret \u2013 skibssporing med MarineTraffic MarineTraffic er en skibssporings- og maritim informationstjeneste som blev<\/p>\n","protected":false},"author":1,"featured_media":0,"parent":0,"menu_order":1,"comment_status":"closed","ping_status":"closed","template":"","meta":{"colormag_page_container_layout":"default_layout","colormag_page_sidebar_layout":"default_layout","footnotes":""},"class_list":["post-24127","page","type-page","status-publish","hentry"],"_links":{"self":[{"href":"https:\/\/shiptracker.live\/da\/wp-json\/wp\/v2\/pages\/24127","targetHints":{"allow":["GET"]}}],"collection":[{"href":"https:\/\/shiptracker.live\/da\/wp-json\/wp\/v2\/pages"}],"about":[{"href":"https:\/\/shiptracker.live\/da\/wp-json\/wp\/v2\/types\/page"}],"author":[{"embeddable":true,"href":"https:\/\/shiptracker.live\/da\/wp-json\/wp\/v2\/users\/1"}],"replies":[{"embeddable":true,"href":"https:\/\/shiptracker.live\/da\/wp-json\/wp\/v2\/comments?post=24127"}],"version-history":[{"count":3,"href":"https:\/\/shiptracker.live\/da\/wp-json\/wp\/v2\/pages\/24127\/revisions"}],"predecessor-version":[{"id":24131,"href":"https:\/\/shiptracker.live\/da\/wp-json\/wp\/v2\/pages\/24127\/revisions\/24131"}],"wp:attachment":[{"href":"https:\/\/shiptracker.live\/da\/wp-json\/wp\/v2\/media?parent=24127"}],"curies":[{"name":"wp","href":"https:\/\/api.w.org\/{rel}","templated":true}]}}