{"id":23114,"date":"2021-06-21T00:46:21","date_gmt":"2021-06-20T22:46:21","guid":{"rendered":"https:\/\/shiptracker.live\/vesselfinder\/"},"modified":"2023-12-07T17:06:25","modified_gmt":"2023-12-07T15:06:25","slug":"vesselfinder","status":"publish","type":"page","link":"https:\/\/shiptracker.live\/da\/vesselfinder\/","title":{"rendered":"VesselFinder"},"content":{"rendered":"\r\n<!-- META\r\n\t<title>VesselFinder - Global Skibs- og Yachtsporing i Realtid<\/title>\r\n\t<meta name=\"description\" content=\"VesselFinder \u2705 til sporing af skibe og yachter med live kort baseret p\u00e5 globalt AIS-netv\u00e6rksdata \u2705 Info om skibstyper og ruter.\" \/>\r\n-->\r\n<link rel=\"preconnect\" href=\"https:\/\/ads.themoneytizer.com\">\r\n<script src=\"\/js\/youtubelazyload.js\"><\/script>\r\n<style>\r\n    .google-ad {\r\n        margin: 30px 0px;\r\n    }\r\n\r\n    .full-width {\r\n        margin-left: calc(50% - 50vw);\r\n        margin-right: calc(50% - 50vw);\r\n        margin-top: 15px;\r\n        margin-bottom: 15px;\r\n        max-width: unset;\r\n    }\r\n\r\n    .container {\r\n        position: relative;\r\n        width: 100%\r\n    }\r\n\r\n    .container .btn {\r\n        position: absolute;\r\n        top: 50%;\r\n        left: 50%;\r\n        transform: translate(-50%, -50%);\r\n        -ms-transform: translate(-50%, -50%);\r\n        background-color: #e6d250;\r\n        color: #000;\r\n        font-weight: 700;\r\n        font-size: 18px;\r\n        padding: 24px 48px;\r\n        border: none;\r\n        cursor: pointer;\r\n        border-radius: 5px\r\n    }\r\n\r\n    .container .btn:hover {\r\n        background-color: #b5a21a\r\n    }\r\n\r\n    @media only screen and (max-width: 768px) {\r\n        .show-on-desktop {\r\n            display: none;\r\n\r\n        }\r\n    }\r\n\r\n    @media only screen and (min-width: 768px) {\r\n        .show-on-mobile {\r\n            display: none;\r\n\r\n        }\r\n    }\r\n\r\n    .youtube-player {\r\n        position: relative;\r\n        padding-bottom: 56.25%;\r\n        height: 0;\r\n        overflow: hidden;\r\n        max-width: 100%;\r\n        background: #000;\r\n        margin: 0px;\r\n        border-radius: 25px;\r\n    }\r\n\r\n    .youtube-player iframe {\r\n        position: absolute;\r\n        top: 0;\r\n        left: 0;\r\n        width: 100%;\r\n        height: 100%;\r\n        z-index: 100;\r\n        background: transparent;\r\n    }\r\n\r\n    .youtube-player img {\r\n        object-fit: cover;\r\n        display: block;\r\n        left: 0;\r\n        bottom: 0;\r\n        margin: auto;\r\n        max-width: 100%;\r\n        width: 100%;\r\n        position: absolute;\r\n        right: 0;\r\n        top: 0;\r\n        border: none;\r\n        height: auto;\r\n        cursor: pointer;\r\n        -webkit-transition: 0.4s all;\r\n        -moz-transition: 0.4s all;\r\n        transition: 0.4s all;\r\n    }\r\n\r\n    .youtube-player img:hover {\r\n        -webkit-filter: brightness(75%);\r\n        -moz-filter: brightness(75%);\r\n        filter: brightness(75%);\r\n    }\r\n\r\n    .youtube-player .play {\r\n        height: 72px;\r\n        width: 72px;\r\n        left: 50%;\r\n        top: 50%;\r\n        margin-left: -36px;\r\n        margin-top: -36px;\r\n        position: absolute;\r\n        background: url(\"https:\/\/upload.wikimedia.org\/wikipedia\/commons\/b\/b8\/YouTube_play_button_icon_(2013%E2%80%932017).svg\") no-repeat;\r\n        cursor: pointer;\r\n    }\r\n\r\n    .video-container-wrapper {\r\n        display: block;\r\n        margin: 25px auto;\r\n        box-shadow: 0 4px 8px 0 rgb(0 0 0 \/ 20%), 0 6px 20px 0 rgb(0 0 0 \/ 19%);\r\n        border-radius: 25px;\r\n        max-width: 640px;\r\n    }\r\n<\/style>\r\n\r\n<div class=\"show-on-desktop\">\r\n    <script>\r\n        jQuery(document).ready(function ($) {\r\n            $(\"#showradar\").click(function () {\r\n\r\n                $(\"#showhere\").html('<iframe loading=\"lazy\" class=\"iframe-class\" src=\"https:\/\/shiptracker.live\/vesselfinder-iframe.html\" width=\"100%\" height=\"600\" frameborder=\"0\" scrolling=\"no\"><\/iframe>');\r\n                $(\"#framesize\").css(\"height\", \"600px\");\r\n                $(\"#showradar\").hide();\r\n                $(\"#img\").hide();\r\n\r\n            });\r\n        });\r\n    <\/script>\r\n    <div class=\"full-width\">\r\n        <div class=\"container\" id=\"framesize\">\r\n            <div id=\"img\" style=\"overflow: hidden!important; height: 350px; background: #fff url(https:\/\/shiptracker.live\/wp-content\/uploads\/2020\/06\/shiptracker-placeholder-min.jpg.webp) center center no-repeat;\"><\/div>\r\n            <div id=\"showhere\"><\/div>\r\n            <div style=\"margin:0 auto;width:241px;margin-top:110px;\"><span class=\"btn\" id=\"showradar\" rel=\"nofollow\">S T A R T<\/span><\/div>\r\n        <\/div>\r\n    <\/div>\r\n<\/div>\r\n\r\n<div class=\"show-on-mobile\">\r\n    <script>\r\n        jQuery(document).ready(function ($) {\r\n            $(\"#showradar-mob\").click(function () {\r\n\r\n                $(\"#showhere-mob\").html('<iframe loading=\"lazy\" class=\"iframe-class\" src=\"https:\/\/shiptracker.live\/vesselfinder-iframe.html\" width=\"100%\" height=\"600\" frameborder=\"0\" scrolling=\"no\"><\/iframe>');\r\n                $(\"#framesize-mob\").css(\"height\", \"600px\");\r\n                $(\"#showradar-mob\").hide();\r\n                $(\"#img-mob\").hide();\r\n\r\n            });\r\n        });\r\n    <\/script>\r\n    <div style=\"margin:15px 0;\">\r\n        <div class=\"container\" id=\"framesize-mob\">\r\n            <div id=\"img-mob\" style=\"overflow: hidden!important; height: 350px; background: #fff url(https:\/\/shiptracker.live\/wp-content\/uploads\/2020\/06\/shiptracker-placeholder-min.jpg.webp) center center no-repeat;\"><\/div>\r\n            <div id=\"showhere-mob\"><\/div>\r\n            <div style=\"margin:0 auto;width:241px;margin-top:110px;\"><span class=\"btn\" id=\"showradar-mob\" rel=\"nofollow\">S T A R T<\/span><\/div>\r\n        <\/div>\r\n    <\/div>\r\n<\/div>\r\n\r\n<div class='code-block code-block-5' style='margin: 8px auto; text-align: center; display: block; clear: both;'>\n<div class=\"themoneytizer\" style=\"min-height: 150px;display:block;\">\n<div id=\"99140-1\">\n<script async src=\"https:\/\/ads.themoneytizer.com\/s\/gen.js?type=1\"><\/script>\n<script async src=\"https:\/\/ads.themoneytizer.com\/s\/requestform.js?siteId=99140&formatId=1\"><\/script>\n<\/div>\n<\/div><\/div>\n\r\n\r\n\r\n<div>\r\n    <h1>Hvad er historien bag VesselFinder?<\/h1>\r\n    <h2>Hvad var problemet<\/h2>\r\n    <p style=\"text-align: justify;\">For l\u00e6nge, l\u00e6nge siden, for mange \u00e5rhundreder siden &#8211; ja, okay, f\u00f8r 2011 &#8211; var VesselFinder ikke opfundet. Det er n\u00e6sten ikke til at tro! <strong>Hvis man havde behov for at finde skibe et sted p\u00e5 kloden<\/strong>, var der ikke et oplagt sted at lede, eller man skulle betale horrible summer for ufleksible tjenester. Man kunne enten give det et skud, med de ressourcer man havde til r\u00e5dighed, eller man kunne give op. Ingen af disse muligheder var s\u00e6rlig gode. Derfor besluttede nogle dedikerede mennesker at der skulle g\u00f8res noget.<\/p>\r\n    <img decoding=\"async\" loading=\"lazy\" class=\"\" style=\"display: block; margin: 20px auto;\" src=\"https:\/\/shiptracker.live\/wp-content\/uploads\/2023\/12\/cargo-ship-on-the-ocean.webp\" alt=\"Fully loaded cargo ship on the ocean\" max-width=\"640\" \/>\r\n\r\n    <h3>VesselFinder bliver til<\/h3>\r\n    <p style=\"text-align: justify;\">Disse mennesker havde en vision om at opn\u00e5 noget stort. Noget der kunne l\u00f8se problemet. Og de udrettede noget helt s\u00e6rligt: De udviklede Vesselfinder. Helt fra begyndelsen vidste disse mennesker: at tjenesten skulle v\u00e6re helt i top, at tjenesten skulle yde noget ekstraordin\u00e6rt, som ingen eksisterende tjeneste kunne tilbyde, at den skulle v\u00e6re nem og intuitiv at bruge. Og s\u00e5 skulle den selvf\u00f8lgelig v\u00e6re trov\u00e6rdig og p\u00e5lidelig. Intet pres, eller noget&#8230;<\/p>\r\n\r\n    <div class='code-block code-block-14' style='margin: 8px auto; text-align: center; display: block; clear: both;'>\n    <!-- Begin themoneytizer BOTTOM MEDIUM RECTANGLE code -->\n    <div class=\"themoneytizer\" style=\"min-height: 250px; margin: 20px auto;\">\n        <div id=\"99140-19\">\n            <script src=\"\/\/ads.themoneytizer.com\/s\/gen.js?type=19\"><\/script>\n            <script src=\"\/\/ads.themoneytizer.com\/s\/requestform.js?siteId=99140&formatId=19\"><\/script>\n        <\/div>\n    <\/div>\n    <!-- End themoneytizer BOTTOM MEDIUM RECTANGLE code --><\/div>\n\r\n\r\n    <h3>Hvem st\u00e5r bag tjenesten?<\/h3>\r\n    <p style=\"text-align: justify;\">Helt fra start inds\u00e5 menneskerne bag VesselFinder, at der var stor fare for burnout, hvis de pr\u00f8vede p\u00e5 at udvikle tjenesten p\u00e5 egen h\u00e5nd. Derfor gjorde de det rigtige. De fortalte andre, som delte deres passion for ekspertise og service, om deres projekt. Inden l\u00e6nge havde de <strong>en stor gruppe specialister<\/strong> fra softwareudvikling til maritimt design med om bord. Disse specialister har arbejdet med alle aspekter af VesselFinder.<\/p>\r\n\r\n    <h2>Hvordan fungerer VesselFinder?<\/h2>\r\n    <p style=\"text-align: justify;\">Du har sikkert kigget p\u00e5 VesselFinder og t\u00e6nkt&#8230;m\u00e5ske var din f\u00f8rste indskydelse ogs\u00e5 bare &#8220;wow&#8221;! Det kan vi virkelig godt forst\u00e5, der er meget at se. N\u00e5r du s\u00e5 er kommet dig over at se alle de fantastiske sm\u00e5 cirkler og pile p\u00e5 verdenskortet, dukker der m\u00e5ske et andet sp\u00f8rgsm\u00e5l op. Sp\u00f8rgsm\u00e5let kunne lyde: &#8220;Hvordan g\u00f8r de det&#8221;?<\/p>\r\n\r\n    <div class=\"video-container-wrapper\">\r\n        <div class=\"youtube-player\" data-id=\"m1b58yelh_c\" itemprop=\"video\" itemscope itemtype=\"http:\/\/schema.org\/VideoObject\">\r\n            <meta itemprop=\"name\" content=\"Movements of Container Ship ACX CRYSTAL involved in a Collision with USS Fitzgerald\" \/>\r\n            <meta itemprop=\"description\" content=\"Movements of Philippine-flagged Container ship ACX CRYSTAL, which collided with US Destroyer USS Fitzgerald south of Tokyo Bay in Japan in a rare incident on busy waterway. USS Fitzgerald (DDG 62) was involved in a collision with the container ship ACX Crystal, while operating about 56 nautical miles southwest of Yokosuka, Japan. The US Navy has identified seven sailors who were killed when their destroyer collided with the container ship. The coastguard said none of the 20 crew members on board the container ship ACX Crystal were injured. Full story of the collision: https:\/\/www.vesselfinder.com\/news\/9510-USS-Fitzgerald-in-collision-with-containership-ACX-CRYSTAL-off-Yokosuka-Japan-Seven-US-sailors-missing-Video ACX CRYSTAL ship details: https:\/\/www.vesselfinder.com\/vessels\/ACX-CRYSTAL-IMO-9360611-MMSI-548789000 Current position of ACX CRYSTAL: https:\/\/www.vesselfinder.com\/?imo=9360611 Place of the collision: https:\/\/www.vesselfinder.com\/?lat=34.52366&#038;lon=139.06950&#038;zoom=9 Video copyrighted by: https:\/\/www.vesselfinder.com\/ and can not be distributed without an appropriate accreditation to www.vesselfinder.com For AIS position data inquiries: https:\/\/www.vesselfinder.com\/historical-ais-data Connect with VesselFinder Web: https:\/\/www.vesselfinder.com\/ Email: info@vesselfinder.com Facebook: https:\/\/www.facebook.com\/VesselFinder Twitter: https:\/\/twitter.com\/VesselFinder\" \/>\r\n            <meta itemprop=\"thumbnailUrl\" content=\"https:\/\/i.ytimg.com\/vi_webp\/m1b58yelh_c\/hq1.webp\" \/>\r\n            <meta itemprop=\"uploadDate\" content=\"2017-06-19T13:30:40Z\" \/>\r\n            <meta itemprop=\"duration\" content=\"PT4M30S\" \/>\r\n            <meta itemprop=\"embedUrl\" content=\"https:\/\/www.youtube.com\/embed\/m1b58yelh_c\" \/>\r\n        <\/div>\r\n    <\/div>\r\n\r\n    <h3>S\u00e5, hvordan g\u00f8r vi?<\/h3>\r\n    <p style=\"text-align: justify;\">Overraskende nok involverer svaret p\u00e5 dette sp\u00f8rgsm\u00e5l ikke, at millioner af mennesker sv\u00f8mmer rundt efter skibene og nedskriver lokationer p\u00e5 vandt\u00e6tte iPads. Det ville v\u00e6re fantastisk, men det kr\u00e6ver rigtig, rigtig mange mennesker. Det handler i bund og grund om smart teknologi. For vores venner er Vesselfinder.com <strong>bygget op p\u00e5 AIS (automatiske identifikationssystem)<\/strong>. Ja, du er en af vores venner! Et stort netv\u00e6rk af modtagere over hele kloden transmitterer konstant signaler, som VesselFinder-tjenesten afkoder og omdanner til det, du ser p\u00e5 webstedet.<\/p>\r\n\r\n    \r\n\r\n    <h2>Hvad kan du bruge VesselFinder til?<\/h2>\r\n    <p style=\"text-align: justify;\">Se, dette sp\u00f8rgsm\u00e5l kr\u00e6ver svar s\u00e5 langt som et tov. Et meget, meget langt tov. Men det korte svar er &#8220;til stort set alt&#8221;. Med tiden har VessselFinder-teamet tilf\u00f8jet flere og flere ydelser og optioner. Derfor er det nu stedet for alle, der har brug for hurtige og p\u00e5lidelige oplysninger. Uanset om brugerne g\u00f8r brug af hjemmesiden, de sociale medier eller en app, er drivkraften at levere den bedste tjeneste.<\/p>\r\n    <img decoding=\"async\" loading=\"lazy\" class=\"\" style=\"display: block; margin: 20px auto;\" src=\"https:\/\/shiptracker.live\/wp-content\/uploads\/2023\/12\/sea-dream-yacht-club.webp\" alt=\"Sea Dream Yacht Club on the ocean and surrounded by jet skies\" max-width=\"640\" \/>\r\n\r\n    <h3>Hvilke tjenesteydelser leveres?<\/h3>\r\n    <p style=\"text-align: justify;\">Vesselfinder.com <strong>holder styr p\u00e5 flere end 100.000 skibe<\/strong>. De kan befinde sig alle steder p\u00e5 kloden, fra det Indiske Ocean til Canadas store s\u00f8er. Disse <strong>positioner opdateres regelm\u00e6ssigt<\/strong>, hver eneste dag. Du kan se, hvilke havne skibet har anl\u00f8bet, og detaljerne om dets rejse. Du kan ogs\u00e5 se, hvor skibet har v\u00e6ret, og hvor det er p\u00e5 vej hen, med pr\u00e6cise og n\u00f8jagtige kurs- og hastighedsoplysninger.<\/p>\r\n\r\n    \r\n\r\n    <h3>Kan VesselFinder virkelig tilbyde s\u00e5 meget?<\/h3>\r\n    <p style=\"text-align: justify;\">Ja &#8211; og der er meget mere! My Fleet facility i VesselFinder Premium giver brugerne mulighed for at <strong>tilpasse data fra udvalgte skibe p\u00e5 et splitsekund<\/strong>. Der er flotte <strong>farvebilleder af titusindvis af skibe<\/strong>, samt praktiske billeder der viser <strong>havnens infrastruktur<\/strong>. Tid er penge i s\u00f8fartsbranchen, s\u00e5 evnen til at analysere trafikt\u00e6theden er afg\u00f8rende &#8211; dette tilbyder VesselFinder ligeledes. For ikke at n\u00e6vne en omfattende maritim nyhedsservice.<\/p>\r\n\r\n\r\n    <h2>Hvordan bruger man VesselFinder?<\/h2>\r\n    <p style=\"text-align: justify;\">Lige som du har lyst til! VesselFinders <strong>filosofi er netop ikke at fort\u00e6lle brugerne, hvad de skal bruge oplysningerne til<\/strong>, men at give dem alle de v\u00e6rkt\u00f8jer, de har brug for, for selv at afg\u00f8re, hvordan de \u00f8nsker at bruge dem. Nogle mennesker har brug for at holde n\u00f8je \u00f8je med nogle f\u00e5 fart\u00f8jer, mens andre har brug for et st\u00f8rre perspektiv. I mange tilf\u00e6lde vil brugerne gerne have adgang til tjenesten p\u00e5 farten, og derfor tilbyder VesselFinder nemme og hurtige apps til b\u00e5de iOS og Android.<\/p>\r\n\r\n    <h3>Fleksible s\u00f8gemuligheder<\/h3>\r\n    <p style=\"text-align: justify;\">Nogle gange er det nemmere at finde et skib, hvis du <strong>s\u00f8ger efter dets navn<\/strong> &#8211; men ikke altid. M\u00e5ske har du kun skibets <strong><a href=\"https:\/\/de.wikipedia.org\/wiki\/Maritime_Mobile_Service_Identity\" target=\"_blank\" rel=\"noopener\">Maritime Mobile Service Identity (MMSI)<\/a> eller ISO-nummer<\/strong>. Men g\u00e6t engang. Det kan du ogs\u00e5 g\u00f8re med VesselFinder. Du kan ogs\u00e5 kontrollere fart\u00f8jets oplysninger for at sikre dig, at du har fundet det rigtige. Flag, tonnage, konstruktions\u00e5r, dybdegang, rute, antal knob, antal af bes\u00e6tningsmedlemmer ved navn Hans&#8230; okay, m\u00e5ske ikke lige det sidste. Men hey, hvis der er nok eftersp\u00f8rgsel, arbejder de m\u00e5ske p\u00e5 sagen!<\/p>\r\n\r\n    <h3>Realtidssporing og advarsler<\/h3>\r\n    <p style=\"text-align: justify;\">Hold dig opdateret med VesselFinders sporingsfunktion i realtid. Uanset om det er af personlige interesser, maritime forretninger eller sikkerhedsm\u00e6ssige \u00e5rsager, kan brugere spore fart\u00f8jer i realtid, og se deres n\u00f8jagtige placering p\u00e5 kortet. Denne funktion er praktisk for logistikvirksomheder, der overv\u00e5ger lasten, familier der holder styr p\u00e5 en s\u00f8mands rejse eller entusiaster, der f\u00f8lger ikoniske skibe. Samt <strong>advarsler, s\u00e5 du f\u00e5r besked om specifikke fart\u00f8jsbev\u00e6gelser<\/strong>, s\u00e5 du aldrig g\u00e5r glip af en vigtig opdatering.<\/p>\r\n\r\n    \r\n\r\n    <h3>Historiske data og rejseanalyse<\/h3>\r\n    <p style=\"text-align: justify;\">Dyk ned i fortiden med VesselFinders omfattende historiske data. Denne funktion er en sand guldgrube for forskere, maritime historikere eller enhver, der \u00f8nsker flere oplysninger om et fart\u00f8js tidligere rejser. <strong>Analyse af ruter, knob, anl\u00f8bshavne og forskellige tidsrammer<\/strong>. Virksomheder kan bruge disse oplysninger til markedsanalyser eller for at forbedre driftseffektiviteten.<\/p>\r\n\r\n    <h3>Oplysninger om havne<\/h3>\r\n    <p style=\"text-align: justify;\">F\u00e5 indsigt i den globale havneaktivitet med VesselFinders detaljerede havneinformation. Dette uvurderlige v\u00e6rkt\u00f8j er afg\u00f8rende for logistikledere, rederier og maritime entusiaster. <strong>Brugere kan f\u00e5 adgang til at ajourf\u00f8rte oplysninger om ankomster og afgange fra havne, ansl\u00e5ede anl\u00f8b og den aktuelle havnestatus<\/strong>. Denne funktion indeholder ogs\u00e5 historiske data, som giver indsigt i tendenser for havnetrafikken og s\u00e6sonm\u00e6ssige variationer. Uanset om du planl\u00e6gger en forsendelse, analyserer markedstrends eller blot er nysgerrig p\u00e5 havnedriften, er VesselFinders havneinformationssektion en omfattende ressource til at forst\u00e5 dynamikken i den maritime handel og logistik.<\/p>\r\n\r\n    <h2>Hvem finder VesselFinder interessant?<\/h2>\r\n    <p style=\"text-align: justify;\">Det korte svar er: <strong>alle<\/strong>! Mange brugere sp\u00f8rg ofte: &#8220;Er VesselFinder gratis?&#8221; og svaret er ja, da siden tilbyder en lang r\u00e6kke vigtige funktioner uden omkostninger, hvilket sikrer fri adgang til dets v\u00e6rdifulde, maritime sporingstjenester. Der er s\u00e5 meget p\u00e5 VesselFinder, at du er n\u00e6sten sikker p\u00e5 at finde alt, hvad du har brug for fra din skibssporings- og informationstjeneste. For eksempel:<\/p>\r\n    <img decoding=\"async\" loading=\"lazy\" class=\"\" style=\"display: block; margin: 20px auto;\" src=\"https:\/\/shiptracker.live\/wp-content\/uploads\/2023\/12\/cruise-ship-seven-seas-mariner.webp\" alt=\"Cruise Ship Seven Seas Mariner in a harbour with some fishing boats in the foreground\" max-width=\"640\" \/>\r\n\r\n    <h3>Skibsspottere<\/h3>\r\n    <p style=\"text-align: justify;\">Vesselfinder.com er en <strong>fantastisk ressource for folk, der elsker skibe og havet<\/strong>. Uanset om du holder af at f\u00f8lge gigantiske containerskibe rundt om i verden, holder \u00f8je med supertankskibes ruter, mens deres olieleverancer holder verdens industri k\u00f8rende, eller blot opdager skibe, du aldrig vidste eksisterede, giver VesselFinder dig mulighed for at g\u00e5 p\u00e5 opdagelse.<\/p>\r\n\r\n    \r\n\r\n    <h3>Rejsende<\/h3>\r\n    <p style=\"text-align: justify;\">Hvis du elsker at rejse rundt i verden, er VesselFinder et oplagt v\u00e6rkt\u00f8j. Overvejer du at tage p\u00e5 krydstogt? Her kan du se, hvor rejsen vil f\u00f8re dig hen, og l\u00e6se om de eksotiske havne skibet anl\u00f8ber. Spekulerer du p\u00e5, hvad du mon kan se, hvis du sejler ned ad Den Engelske Kanal eller St. Lawrence Seaway? Vessel Finder fort\u00e6ller dig det.<\/p>\r\n\r\n    <h3>Skibsejere<\/h3>\r\n    <p style=\"text-align: justify;\">VesselFinder er den nemmeste m\u00e5de at <strong>holde \u00f8je med dine skibe<\/strong> &#8211; og ikke kun dine egne. Du kan med det samme se, om dine konkurrenter har brugt mere effektive ruter eller har anl\u00f8bet nye havne for at str\u00f8mline deres ruter. Sammenlign dine skibe i forhold til st\u00f8rrelse, tonnage og alder med andre i din branche. Brug billedbiblioteket for at se, hvordan din fl\u00e5de ligner eller adskiller sig fra virksomheder i samme branche.<\/p>\r\n\r\n    <h3>Virksomhedsledere<\/h3>\r\n    <p style=\"text-align: justify;\">Du beh\u00f8ver ikke at arbejde i s\u00f8fartsbranchen, for at VesselFinder kan arbejde for dig. Der transporteres s\u00e5 mange varer ad s\u00f8vejen, at enhver der handler internationalt, vil drage fordel af at holde styr p\u00e5 dem. Du vil v\u00e6re i stand til at bed\u00f8mme, hvor lang tid leveringen vil tage, om dine konkurrenter f\u00e5r dem hurtigere, og om du b\u00f8r overveje at skifte forsendelses- og destinationshavn.<\/p>\r\n\r\n\r\n    <h2>Hvor ellers bruges sammenlignelig teknologi?<\/h2>\r\n    <p style=\"text-align: justify;\">Vesselfinder.com er en meget imponerende tjeneste. Det er ogs\u00e5 noget, der bliver bem\u00e6rket af flere og flere mennesker i andre brancher over hele verden. Det er derfor ikke overraskende, at der er stor interesse for at bruge lignende teknologi p\u00e5 andre omr\u00e5der. For eksempel:<\/p>\r\n\r\n    <h3>Flightradar24<\/h3>\r\n    <p style=\"text-align: justify;\">Denne fremragende flysporingsside fungerer stort set p\u00e5 samme m\u00e5de som VesselFinder. Siden har eksisteret siden 2006, og har udviklet sig fra en sjov hobby til en af verdens mest bruge sporingssider. <strong>ADS-B (Automatic Detection Surveillance &#8211; Broadcast)<\/strong> -teknologien, som hjemmesiden g\u00f8r brug af, arbejder stort set p\u00e5 samme m\u00e5de som AIS g\u00f8r for VesselFinder, hvilket betyder, at den ogs\u00e5 kan tilbyde en enorm n\u00f8jagtighed og p\u00e5lidelighed. <a href=\"https:\/\/flightradar.live\/en\/\">Flightradar24<\/a> er s\u00e5 god, at store akt\u00f8rer i luftfartsindustrien bruger den.<\/p>\r\n\r\n    <h3>Rail radar<\/h3>\r\n    <p style=\"text-align: justify;\">Sporingsteknologi kan ogs\u00e5 v\u00e6re nyttig p\u00e5 land, og <a href=\"https:\/\/zugradar.info\/\" target=\"_blank\" rel=\"noopener\">Rail radar<\/a> bruges til jernbanenettet i Storbritannien. Tjenesten giver et <strong>fremragende overblik over tog<\/strong> i hele landet. Der er et overskueligt kort, der giver dig et hurtigt overblik over, hvor togene er, og hvilken operat\u00f8r der driver dem. Bladringen gemmen gr\u00e6nsefladen giver dig \u00f8jeblikkelig adgang til oplysninger, herunder en timer til den n\u00f8jagtige ankomst ved stationen, samt eventuelle forsinkelser.<\/p>\r\n\r\n<\/div>\r\n\r\n","protected":false},"excerpt":{"rendered":"<p>S T A R T S T A R T Hvad er historien bag VesselFinder? Hvad var problemet For l\u00e6nge,<\/p>\n","protected":false},"author":1,"featured_media":0,"parent":0,"menu_order":2,"comment_status":"closed","ping_status":"closed","template":"","meta":{"colormag_page_container_layout":"default_layout","colormag_page_sidebar_layout":"default_layout","footnotes":""},"class_list":["post-23114","page","type-page","status-publish","hentry"],"_links":{"self":[{"href":"https:\/\/shiptracker.live\/da\/wp-json\/wp\/v2\/pages\/23114","targetHints":{"allow":["GET"]}}],"collection":[{"href":"https:\/\/shiptracker.live\/da\/wp-json\/wp\/v2\/pages"}],"about":[{"href":"https:\/\/shiptracker.live\/da\/wp-json\/wp\/v2\/types\/page"}],"author":[{"embeddable":true,"href":"https:\/\/shiptracker.live\/da\/wp-json\/wp\/v2\/users\/1"}],"replies":[{"embeddable":true,"href":"https:\/\/shiptracker.live\/da\/wp-json\/wp\/v2\/comments?post=23114"}],"version-history":[{"count":0,"href":"https:\/\/shiptracker.live\/da\/wp-json\/wp\/v2\/pages\/23114\/revisions"}],"wp:attachment":[{"href":"https:\/\/shiptracker.live\/da\/wp-json\/wp\/v2\/media?parent=23114"}],"curies":[{"name":"wp","href":"https:\/\/api.w.org\/{rel}","templated":true}]}}